{"id":14666,"date":"2019-10-25T19:00:07","date_gmt":"2019-10-25T19:00:07","guid":{"rendered":"https:\/\/helsingborgmarathon.se\/marathon\/"},"modified":"2026-02-20T11:43:29","modified_gmt":"2026-02-20T11:43:29","slug":"marathon","status":"publish","type":"page","link":"https:\/\/helsingborgmarathon.se\/da\/marathon\/","title":{"rendered":"Marathon"},"content":{"rendered":"<div class=\"wpb-content-wrapper\"><p>[vc_row css=&#8221;.vc_custom_1696601880029{padding-bottom: 60px !important;}&#8221;][vc_column]\n\t\t\t<!-- START Marathon Dan REVOLUTION SLIDER 6.7.38 --><p class=\"rs-p-wp-fix\"><\/p>\n\t\t\t<rs-module-wrap id=\"rev_slider_33_1_wrapper\" data-source=\"gallery\" style=\"visibility:hidden;background:transparent;padding:0;\">\n\t\t\t\t<rs-module id=\"rev_slider_33_1\" style=\"\" data-version=\"6.7.38\">\n\t\t\t\t\t<rs-slides style=\"overflow: hidden; position: absolute;\">\n\t\t\t\t\t\t<rs-slide style=\"position: absolute;\" data-key=\"rs-54\" data-title=\"Slide\" data-anim=\"ms:10;\" data-in=\"o:1;\" data-out=\"a:false;\">\n\t\t\t\t\t\t\t<img decoding=\"async\" src=\"\/\/helsingborgmarathon.se\/wp-content\/plugins\/revslider\/sr6\/assets\/assets\/dummy.png\" alt=\"\" title=\"slider-marathon-26\" width=\"1920\" height=\"1139\" class=\"rev-slidebg tp-rs-img rs-lazyload\" data-lazyload=\"\/\/helsingborgmarathon.se\/wp-content\/uploads\/2025\/09\/slider-marathon-26.jpg\" data-parallax=\"off\" data-no-retina>\n<!--\n\t\t\t\t\t\t\t--><rs-layer\n\t\t\t\t\t\t\t\tid=\"slider-33-slide-54-layer-4\" \n\t\t\t\t\t\t\t\tdata-type=\"image\"\n\t\t\t\t\t\t\t\tdata-rsp_ch=\"on\"\n\t\t\t\t\t\t\t\tdata-xy=\"x:c;yo:198px,35px,49px,86px;\"\n\t\t\t\t\t\t\t\tdata-text=\"w:normal;s:20,12,9,4;l:0,15,11,6;\"\n\t\t\t\t\t\t\t\tdata-dim=\"w:300px,250px,250px,200px;h:224px,187px,187px,149px;\"\n\t\t\t\t\t\t\t\tdata-frame_999=\"o:0;st:w;\"\n\t\t\t\t\t\t\t\tstyle=\"z-index:9;\"\n\t\t\t\t\t\t\t><img decoding=\"async\" src=\"\/\/helsingborgmarathon.se\/wp-content\/plugins\/revslider\/sr6\/assets\/assets\/dummy.png\" alt=\"\" class=\"tp-rs-img rs-lazyload\" width=\"500\" height=\"373\" data-lazyload=\"\/\/helsingborgmarathon.se\/wp-content\/uploads\/2025\/09\/logo-marathon-26.png\" data-no-retina> \n\t\t\t\t\t\t\t<\/rs-layer><!--\n\n\t\t\t\t\t\t\t--><rs-layer\n\t\t\t\t\t\t\t\tid=\"slider-33-slide-54-layer-12\" \n\t\t\t\t\t\t\t\tdata-type=\"image\"\n\t\t\t\t\t\t\t\tdata-rsp_ch=\"on\"\n\t\t\t\t\t\t\t\tdata-xy=\"x:c;y:b;yo:50px;\"\n\t\t\t\t\t\t\t\tdata-text=\"l:22;a:inherit;\"\n\t\t\t\t\t\t\t\tdata-dim=\"w:[&#039;13px&#039;,&#039;13px&#039;,&#039;13px&#039;,&#039;13px&#039;];h:[&#039;33px&#039;,&#039;33px&#039;,&#039;33px&#039;,&#039;33px&#039;];\"\n\t\t\t\t\t\t\t\tdata-frame_1=\"sR:10;\"\n\t\t\t\t\t\t\t\tdata-frame_999=\"o:0;st:w;sR:2690;\"\n\t\t\t\t\t\t\t\tstyle=\"z-index:5;\"\n\t\t\t\t\t\t\t><img decoding=\"async\" src=\"\/\/helsingborgmarathon.se\/wp-content\/plugins\/revslider\/sr6\/assets\/assets\/dummy.png\" alt=\"\" class=\"tp-rs-img rs-lazyload\" width=\"33\" height=\"83\" data-lazyload=\"\/\/helsingborgmarathon.se\/wp-content\/uploads\/2017\/10\/arrow-down.png\" data-no-retina> \n\t\t\t\t\t\t\t<\/rs-layer><!--\n\n\t\t\t\t\t\t\t--><rs-layer\n\t\t\t\t\t\t\t\tid=\"slider-33-slide-54-layer-14\" \n\t\t\t\t\t\t\t\tclass=\"revslideMeter\"\n\t\t\t\t\t\t\t\tdata-type=\"text\"\n\t\t\t\t\t\t\t\tdata-rsp_ch=\"on\"\n\t\t\t\t\t\t\t\tdata-xy=\"x:c;y:b;yo:330px,137px,225px,170px;\"\n\t\t\t\t\t\t\t\tdata-text=\"w:nowrap,nowrap,nowrap,normal;s:50,40,40,40;l:50,50,40,40;ls:2px;a:inherit,inherit,inherit,center;\"\n\t\t\t\t\t\t\t\tdata-dim=\"w:auto,auto,auto,290px;\"\n\t\t\t\t\t\t\t\tdata-frame_1=\"sR:10;\"\n\t\t\t\t\t\t\t\tdata-frame_999=\"o:0;st:w;sR:2690;\"\n\t\t\t\t\t\t\t\tstyle=\"z-index:6;font-family:'Josefin Sans';text-transform:uppercase;\"\n\t\t\t\t\t\t\t>42 195 meter \n\t\t\t\t\t\t\t<\/rs-layer><!--\n\n\t\t\t\t\t\t\t--><rs-layer\n\t\t\t\t\t\t\t\tid=\"slider-33-slide-54-layer-17\" \n\t\t\t\t\t\t\t\tclass=\"revslideReadMore\"\n\t\t\t\t\t\t\t\tdata-type=\"text\"\n\t\t\t\t\t\t\t\tdata-rsp_ch=\"on\"\n\t\t\t\t\t\t\t\tdata-xy=\"x:c;y:b;yo:90px;\"\n\t\t\t\t\t\t\t\tdata-text=\"s:14;l:22;ls:1px;a:inherit;\"\n\t\t\t\t\t\t\t\tdata-frame_1=\"sR:10;\"\n\t\t\t\t\t\t\t\tdata-frame_999=\"o:0;st:w;sR:2690;\"\n\t\t\t\t\t\t\t\tstyle=\"z-index:8;font-family:'Josefin Sans';text-transform:uppercase;\"\n\t\t\t\t\t\t\t>L\u00e6s mer \n\t\t\t\t\t\t\t<\/rs-layer><!--\n-->\t\t\t\t\t<\/rs-slide>\n\t\t\t\t\t<\/rs-slides>\n\t\t\t\t<\/rs-module>\n\t\t\t\t<script>\n\t\t\t\t\tsetREVStartSize({c: 'rev_slider_33_1',rl:[1240,1024,778,480],el:[865,453,550,545],gw:[1300,800,600,300],gh:[865,453,550,545],type:'hero',justify:'',layout:'fullscreen',offsetContainer:'.touch .mkdf-mobile-header',offset:'',mh:\"0\"});if (window.RS_MODULES!==undefined && window.RS_MODULES.modules!==undefined && window.RS_MODULES.modules[\"revslider331\"]!==undefined) {window.RS_MODULES.modules[\"revslider331\"].once = false;window.revapi33 = undefined;if (window.RS_MODULES.checkMinimal!==undefined) window.RS_MODULES.checkMinimal()}\n\t\t\t\t<\/script>\n\t\t\t<\/rs-module-wrap>\n\t\t\t<!-- END REVOLUTION SLIDER -->\n[\/vc_column][\/vc_row][vc_row css=&#8221;.vc_custom_1556733613775{padding-bottom: 50px !important;}&#8221; anchor=&#8221;readMore&#8221;][vc_column width=&#8221;3\/4&#8243;][vc_column_text el_class=&#8221;hbgmbread&#8221;]<\/p>\n<h5>Helsingborg Marathon 42 195 meter<\/h5>\n<p>[\/vc_column_text][vc_column_text]<\/p>\n<h1>L\u00f8b Helsingborg Marathon \u2013 oplev byen ved havet<\/h1>\n<p>[\/vc_column_text][vc_separator color=&#8221;black&#8221; align=&#8221;align_left&#8221; border_width=&#8221;2&#8243; el_width=&#8221;10&#8243; css=&#8221;.vc_custom_1509374538687{padding-top: 15px !important;padding-bottom: 15px !important;}&#8221;][vc_column_text]Helsingborg Marathon er maratonl\u00f8bet, der tager dig forbi og igennem 21 bydele i byen ved havet. I hjertet af Helsingborg g\u00e5r starten og f\u00f8rer dig 42.195 meter langs havet, gennem naturreservater, forbi gr\u00e6ssende dyr, gennem villakvarterer og forbi slotte. Alt afsluttes med et opl\u00f8b langs Strandpromenaden med en utroligt smuk m\u00e5lgang. L\u00f8b Helsingborg Marathon \u2013 det famili\u00e6re maratonl\u00f8b i byen ved havet.<\/p>\n<p>Velkommen til Helsingborg Marathon!<\/p>\n<p>Vil du tilmelde en gruppe? Download vores enkle formular <a href=\"https:\/\/helsingborgmarathon.se\/wp-content\/uploads\/2026\/02\/group_registration_hbgm_26_2.xlsx\">HER<\/a>[\/vc_column_text][\/vc_column][vc_column width=&#8221;1\/4&#8243;][\/vc_column][\/vc_row][vc_row css=&#8221;.vc_custom_1509462834528{padding-bottom: 50px !important;}&#8221;][vc_column width=&#8221;1\/4&#8243;][vc_column_text]<\/p>\n<h5>Startgebyr<\/h5>\n<p>1050 SEK[\/vc_column_text][\/vc_column][vc_column width=&#8221;1\/4&#8243;][vc_column_text]<\/p>\n<h5>Dato<\/h5>\n<p>5. september 2026 kl. 10:00[\/vc_column_text][\/vc_column][vc_column width=&#8221;1\/4&#8243;][vc_column_text]<\/p>\n<h5>Tilmelding<\/h5>\n<p class=\"p1\">Ordin\u00e6r tilmelding indtil 23. august 2026 eller indtil alle 2.500 pladser er udsolgt.<\/p>\n<p>[\/vc_column_text][\/vc_column][vc_column width=&#8221;1\/4&#8243; css=&#8221;.vc_custom_1509462861452{padding-top: 30px !important;}&#8221;]<a itemprop=\"url\" href=\"https:\/\/helsingborgmarathon.se\/registration\/marathon\/?lang=den\" target=\"_self\"  class=\"mkdf-btn mkdf-btn-medium mkdf-btn-solid pageanmalbutton\"  >\n    \t<span class=\"mkdf-btn-text\">Tilmeld dig her!<\/span>\n\t        \t<\/a>[\/vc_column][\/vc_row][vc_row css=&#8221;.vc_custom_1552649770439{padding-bottom: 50px !important;}&#8221;][vc_column][vc_single_image image=&#8221;23179&#8243; img_size=&#8221;full&#8221;][vc_custom_heading text=&#8221;Giv et barn en dag til at klare flere!&#8221; use_theme_fonts=&#8221;yes&#8221;][vc_column_text]Sammen med jer, vores l\u00f8bere og ambassad\u00f8rer, vil vi bruge l\u00f8bens kraft til noget st\u00f8rre end blot kilometer og sluttider. N\u00e5r du tilmelder dig Helsingborg Marathon har du mulighed for at give et valgfrit bidrag til <a href=\"https:\/\/minstoradag.org\/\" target=\"_blank\" rel=\"noopener\">Min Stora Dag<\/a>.<\/p>\n<p>Du kan ogs\u00e5 donere direkte via vores hjemmeside. Hver gave, stor som lille, er med til at skabe magiske \u00f8jeblikke for b\u00f8rn, der har allermest brug for det.<\/p>\n<p>Sammen giver vi flere b\u00f8rn en dag til at klare flere. <a href=\"https:\/\/helsingborgmarathon.se\/da\/min-stora-dag\/\" target=\"_blank\" rel=\"noopener noreferrer\">L\u00e6s mere om indsamlingen her!<\/a>[\/vc_column_text][\/vc_column][\/vc_row][vc_row css=&#8221;.vc_custom_1585213971223{padding-bottom: 0px !important;}&#8221;][vc_column][vc_single_image image=&#8221;15516&#8243; img_size=&#8221;full&#8221;][vc_custom_heading text=&#8221;Helsingborg Marathon \u2013 et maraton med ekstra af det hele&#8221; use_theme_fonts=&#8221;yes&#8221;][vc_separator color=&#8221;black&#8221; align=&#8221;align_left&#8221; border_width=&#8221;2&#8243; el_width=&#8221;10&#8243; css=&#8221;.vc_custom_1509374538687{padding-top: 15px !important;padding-bottom: 15px !important;}&#8221;][\/vc_column][\/vc_row][vc_row css=&#8221;.vc_custom_1585213981853{padding-top: 0px !important;padding-bottom: 50px !important;}&#8221;][vc_column width=&#8221;1\/3&#8243;][vc_column_text]<\/p>\n<h5>Service f\u00f8r l\u00f8bet<\/h5>\n<p>Pr\u00f8vel\u00f8b af <a href=\"https:\/\/helsingborgmarathon.se\/da\/proeveloeb\/\" target=\"_blank\" rel=\"noopener\">ruten<\/a><\/p>\n<p>Gratis <a href=\"https:\/\/helsingborgmarathon.se\/da\/trana-mot-hbgm\/\">tr\u00e6ningsprogrammer<\/a> til l\u00f8bet<\/p>\n<p>Tr\u00e6nings- og ern\u00e6ringstips fra <a href=\"https:\/\/umarasports.com\" target=\"_blank\" rel=\"noopener\">Umara<\/a><\/p>\n<p>Rabat hos <a href=\"http:\/\/www.loplabbet.se\">L\u00f6plabbet<\/a>[\/vc_column_text][\/vc_column][vc_column width=&#8221;1\/3&#8243;][vc_column_text]<\/p>\n<h5>Service under l\u00f8bet<\/h5>\n<p>L\u00f6plabbet HBGM Pacers med sluttider fra 3:00 \u2013 5:30<\/p>\n<p>Sportsdrik fra <a href=\"https:\/\/umarasports.com\/\">Umara<\/a><\/p>\n<p>Frugt fra <a href=\"https:\/\/dolenordic.com\/\">Dole<\/a><\/p>\n<p>Pepsi, Battery energidrik, chips og syltede agurker<\/p>\n<p>14 v\u00e6ske- og energistationer<\/p>\n<p>DJs og livebands<\/p>\n<p>Livetracking og livestream p\u00e5 nettet<\/p>\n<p>Sundhedspersonale<\/p>\n<p>Transport ved afbrudt l\u00f8b[\/vc_column_text][\/vc_column][vc_column width=&#8221;1\/3&#8243;][vc_column_text]<\/p>\n<h5>Service efter l\u00f8bet<\/h5>\n<p>\u00c6gte forgyldt medalje<\/p>\n<p>PB-kasket<\/p>\n<p>Gratis massage<\/p>\n<p>Sauna &amp; bruser i koldbadehuset <a href=\"https:\/\/helsingborg.se\/uppleva-och-gora\/kallbadhus\/kallis-helsingborgs-kallbadhus\/\" target=\"_blank\" rel=\"noopener\">Kallis Helsingborg<\/a><\/p>\n<p>Raml\u00f6sa, alkoholfri \u00f8l fra <a href=\"https:\/\/www.helsingborgsbryggeri.se\/\">Helsingborgs Bryggeri<\/a>, frugt fra <a href=\"https:\/\/dolenordic.com\/\" target=\"_blank\" rel=\"noopener\">Dole<\/a>, KitKat, LION, slik, chips og meget mere<\/p>\n<p>Tusindvis af indekserede <a href=\"https:\/\/helsingborgmarathon.se\/da\/media\/\">billeder<\/a> fra l\u00f8bet<\/p>\n<p>Personligt digitalt diplom<\/p>\n<p>Personlig m\u00e5lgangsfilm[\/vc_column_text][\/vc_column][\/vc_row][vc_row css=&#8221;.vc_custom_1552649770439{padding-bottom: 50px !important;}&#8221;][vc_column][vc_custom_heading text=&#8221;Ruten for Helsingborg Marathon&#8221; use_theme_fonts=&#8221;yes&#8221;][vc_column_text]P\u00e5 kortet nedenfor ser du ruten samt positioner for start, m\u00e5l, mellemtider og v\u00e6skestationer (og hvad der tilbydes d\u00e9r). Derudover finder du caf\u00e9er, toiletter, sev\u00e6rdigheder, parkeringspladser og til sidst alle hotspots, som engagerede partnere, foreninger og privatpersoner skaber langs ruten.[\/vc_column_text][vc_column_text]<div class=\"almbay-map layer-map\" id=\"almbay-map\" data-lang=\"da\" data-url=\"https:\/\/helsingborgmarathon.se\/wp-content\/plugins\/almbay-map\/\" data-type=\"marathon\">\n    <div class=\"layer-map__map\" id=\"layer-map\">\n        <!-- Dynamic map here -->\n    <\/div>\n    \n    <div class=\"layer-map__toggles\">\n        <button class=\"layer-map__toggle\" data-type=\"start_end\" data-toggled=\"true\">\n            <img decoding=\"async\" src=\"https:\/\/helsingborgmarathon.se\/wp-content\/plugins\/almbay-map\/include\/img\/toggles\/start_end.png\" alt=\"Toggle\" \/> Start \/ Finish        <\/button>\n    \n            \n        <button class=\"layer-map__toggle\" data-type=\"video\" data-toggled=\"false\">\n            <img decoding=\"async\" src=\"https:\/\/helsingborgmarathon.se\/wp-content\/plugins\/almbay-map\/include\/img\/toggles\/video.png\" alt=\"Toggle\" \/> Video        <\/button>\n    \n        <button class=\"layer-map__toggle\" data-type=\"cafe\" data-toggled=\"false\">\n            <img decoding=\"async\" src=\"https:\/\/helsingborgmarathon.se\/wp-content\/plugins\/almbay-map\/include\/img\/toggles\/cafe.png\" alt=\"Toggle\" \/> Caf\u00e9        <\/button>\n    \n        <button class=\"layer-map__toggle\" data-type=\"water\" data-toggled=\"false\">\n            <img decoding=\"async\" src=\"https:\/\/helsingborgmarathon.se\/wp-content\/plugins\/almbay-map\/include\/img\/toggles\/water.png\" alt=\"Toggle\" \/> Water        <\/button>\n    \n        <button class=\"layer-map__toggle\" data-type=\"split\" data-toggled=\"false\">\n            <img decoding=\"async\" src=\"https:\/\/helsingborgmarathon.se\/wp-content\/plugins\/almbay-map\/include\/img\/toggles\/split.png\" alt=\"Toggle\" \/> Split        <\/button>\n    \n        <button class=\"layer-map__toggle\" data-type=\"toilet\" data-toggled=\"false\">\n            <img decoding=\"async\" src=\"https:\/\/helsingborgmarathon.se\/wp-content\/plugins\/almbay-map\/include\/img\/toggles\/toilet.png\" alt=\"Toggle\" \/> WC        <\/button>\n    \n        <button class=\"layer-map__toggle\" data-type=\"attraction\" data-toggled=\"false\">\n            <img decoding=\"async\" src=\"https:\/\/helsingborgmarathon.se\/wp-content\/plugins\/almbay-map\/include\/img\/toggles\/sevardheter.png\" alt=\"Toggle\" \/> Attractions        <\/button>\n    \n        <button class=\"layer-map__toggle\" data-type=\"districtparty\" data-toggled=\"false\">\n            <img decoding=\"async\" src=\"https:\/\/helsingborgmarathon.se\/wp-content\/plugins\/almbay-map\/include\/img\/toggles\/stadsdel.png\" alt=\"Toggle\" \/> Hotspots        <\/button>\n\t\n\t    <button class=\"layer-map__toggle\" data-type=\"parking\" data-toggled=\"false\">\n\t\t    <img decoding=\"async\" src=\"https:\/\/helsingborgmarathon.se\/wp-content\/plugins\/almbay-map\/include\/img\/toggles\/parking.png\" alt=\"Toggle\" \/> Parking\t    <\/button>\n    <\/div>\n<\/div>[\/vc_column_text][\/vc_column][\/vc_row][vc_row css=&#8221;.vc_custom_1552649770439{padding-bottom: 50px !important;}&#8221;][vc_column][vc_custom_heading text=&#8221;Baneinformation Helsingborg Marathon&#8221; use_theme_fonts=&#8221;yes&#8221;][vc_column_text]Ruten for Helsingborg Marathon blev skabt ud fra id\u00e9en om at vise s\u00e5 meget som muligt af smukke Helsingborg. Byen har et forholdsvis lille centrum, men fantastiske udsigter og steder rundt omkring.<\/p>\n<p>L\u00f8bet starter i hjertet af Helsingborg p\u00e5 Sundstorget foran Dunkers Kulturhus. Ruten f\u00f8rer dig ud p\u00e5 en flad syvkilometersstr\u00e6kning til R\u00e5\u00e5 sm\u00e5b\u00e5dshavn og videre op mod \u00c4ttekulla naturreservat via Raus S\u00f6dra. Kort efter venter to fantastiske naturoplevelser lige efter hinanden: Raml\u00f6sa brunnspark og Jordbodalen.<\/p>\n<p>Herefter l\u00f8ber du gennem de sk\u00f8nne Fredriksdal museer og haver \u2013 en bondeg\u00e5rd midt i byen \u2013 for derefter at opleve store kontraster, n\u00e5r du p\u00e5 samme kilometer passerer gennem bydelen Olympia fra begyndelsen af forrige \u00e5rhundrede.<\/p>\n<p>I den anden halvdel af ruten ser du alt fra middelalderborgen K\u00e4rnan til naturreservatet P\u00e5lsj\u00f6 skog, Maria Park og Lar\u00f6d, inden du l\u00f8ber ned ad den lange Tinkarpsbacken og ind p\u00e5 det lange opl\u00f8b.<\/p>\n<p>De sidste 3300 meter af Helsingborg Marathon har permanente markeringer i asfalten for hver 100 meter. 33 linjer, der t\u00e6ller ned mod m\u00e5let \u2013 Gr\u00f6ningen. Opl\u00f8bet langs havet prydes af et smukt flagspil over dit hoved de sidste 200 meter, og efter m\u00e5lstregen fejrer du din indsats p\u00e5 tr\u00e6d\u00e6kket mod \u00d8resund.<\/p>\n<p>Ruten er unik med sine varierede milj\u00f8er og h\u00f8jdepunkter i \u00e9t stort rundl\u00f8b p\u00e5 42.195 meter. Alle, der l\u00f8ber, siger det samme efter m\u00e5lstregen \u2013 det her skal jeg g\u00f8re igen![\/vc_column_text][vc_separator color=&#8221;black&#8221; align=&#8221;align_left&#8221; border_width=&#8221;2&#8243; el_width=&#8221;10&#8243; css=&#8221;.vc_custom_1509374538687{padding-top: 15px !important;padding-bottom: 15px !important;}&#8221;][vc_column_text]<strong>L\u00e6ngde:<\/strong> 42.195 meter<\/p>\n<p><strong>H\u00f8jdemeter:<\/strong> Total stigning p\u00e5 135 meter. 270 meter i alt (op &amp; ned)<\/p>\n<p><strong>Underlag:<\/strong> ca. 89% asfalt, 10% h\u00e5rdtpakket grus, 1% andet<\/p>\n<p><strong>H\u00f8jdepunkter:<\/strong> Centrum, R\u00e5\u00e5 havn, Raml\u00f6sa brunnspark, Jordbodalen, Fredriksdal, K\u00e4rnan, Maria Park, P\u00e5lsj\u00f6 skov, Lar\u00f6d, Strandpromenaden<\/p>\n<p><strong>Bydele:<\/strong> Centrum, S\u00f6der, Planteringen, Miatorp, H\u00f6gasten, R\u00e5\u00e5, \u00c4ttekulla, Raml\u00f6sa, Elineberg, N\u00e4rlunda, F\u00e4ltabacken, Wilson Park, Eneborg, Olympia, Slottsh\u00f6jden, T\u00e5gaborg S, T\u00e5gaborg N, Norr, Ringstorp, Mariastaden, Hittarp-Lar\u00f6d<\/p>\n<p>Ruten som film kilometer for kilometer finder du her (opdateres snart).<\/p>\n<p><a href=\"https:\/\/helsingborgmarathon.se\/runner_media\/gpx\/helsingborgmarathon.gpx\"><strong>GPX-fil til ruten finder du her.<\/strong><\/a>[\/vc_column_text][\/vc_column][\/vc_row][vc_row css=&#8221;.vc_custom_1509387944389{padding-bottom: 100px !important;}&#8221;][vc_column][vc_custom_heading text=&#8221;Ruteprofil for Helsingborg Marathon.&#8221; use_theme_fonts=&#8221;yes&#8221;][vc_single_image image=&#8221;21795&#8243; img_size=&#8221;full&#8221; onclick=&#8221;img_link_large&#8221; img_link_target=&#8221;_blank&#8221;][\/vc_column][\/vc_row][vc_row css=&#8221;.vc_custom_1509376937466{padding-bottom: 100px !important;}&#8221;][vc_column width=&#8221;1\/2&#8243;][vc_single_image image=&#8221;16771&#8243; img_size=&#8221;full&#8221; alignment=&#8221;center&#8221; onclick=&#8221;custom_link&#8221; link=&#8221;https:\/\/helsingborgmarathon.se\/da\/resultat\/&#8221; css=&#8221;.vc_custom_1663662257303{padding-bottom: 50px !important;}&#8221;][vc_column_text]<\/p>\n<h1 style=\"text-align: center;\"><a href=\"https:\/\/helsingborgmarathon.se\/da\/resultat\/\">Resultat<\/a><\/h1>\n<p>[\/vc_column_text][\/vc_column][vc_column width=&#8221;1\/2&#8243;][vc_single_image image=&#8221;14686&#8243; img_size=&#8221;full&#8221; alignment=&#8221;center&#8221; onclick=&#8221;custom_link&#8221; css=&#8221;.vc_custom_1534332772112{padding-bottom: 50px !important;}&#8221; link=&#8221;https:\/\/helsingborgmarathon.se\/da\/media\/&#8221;][vc_column_text]<\/p>\n<h1 style=\"text-align: center;\"><a href=\"https:\/\/helsingborgmarathon.se\/da\/media\/\" rel=\"noopener\">Billeder<\/a><\/h1>\n<p>[\/vc_column_text][\/vc_column][\/vc_row][vc_row full_width=&#8221;stretch_row_content_no_spaces&#8221; css=&#8221;.vc_custom_1509407137632{padding-bottom: 60px !important;background-color: #35b6b4 !important;}&#8221; el_class=&#8221;qbotcontainer&#8221;][vc_column width=&#8221;1\/3&#8243;][\/vc_column][vc_column width=&#8221;1\/3&#8243; el_class=&#8221;qs-bot-center&#8221;][vc_column_text]<\/p>\n<h3 style=\"text-align: center;\">De mest almindelige sp\u00f8rgsm\u00e5l<\/h3>\n<p>[\/vc_column_text][vc_separator color=&#8221;white&#8221; border_width=&#8221;2&#8243; el_width=&#8221;10&#8243;][vc_column_text]<\/p>\n<p style=\"text-align: center;\">Hvorn\u00e5r er l\u00f8bet??<\/p>\n<p style=\"text-align: center;\">Hvordan er ruten?<\/p>\n<p style=\"text-align: center;\">Har i fartholdere?<\/p>\n<p style=\"text-align: center;\">Hvad indg\u00e5r i tilmeldingen??<\/p>\n<p>[\/vc_column_text]<a itemprop=\"url\" href=\"\/faq\" target=\"_self\" style=\"color: #35b6b4;background-color: #ffffff;border-color: #ffffff;margin: 40px 0px 0px 0px\" class=\"mkdf-btn mkdf-btn-medium mkdf-btn-solid mkdf-btn-custom-hover-bg mkdf-btn-custom-border-hover mkdf-btn-custom-hover-color\" data-hover-color=\"#ffffff\" data-hover-bg-color=\"#0a0a0a\" data-hover-border-color=\"#0a0202\" >\n    \t<span class=\"mkdf-btn-text\">G\u00e5 till alla fr\u00e5gor &amp; svar<\/span>\n\t        \t<\/a>[\/vc_column][vc_column width=&#8221;1\/3&#8243;][\/vc_column][\/vc_row]<\/p>\n<\/div>","protected":false},"excerpt":{"rendered":"<p>[vc_row css=&#8221;.vc_custom_1696601880029{padding-bottom: 60px !important;}&#8221;][vc_column][\/vc_column][\/vc_row][vc_row css=&#8221;.vc_custom_1556733613775{padding-bottom: 50px !important;}&#8221; anchor=&#8221;readMore&#8221;][vc_column width=&#8221;3\/4&#8243;][vc_column_text el_class=&#8221;hbgmbread&#8221;] Helsingborg Marathon 42 195 meter [\/vc_column_text][vc_column_text] L\u00f8b Helsingborg Marathon \u2013 oplev byen ved havet [\/vc_column_text][vc_separator color=&#8221;black&#8221; align=&#8221;align_left&#8221; border_width=&#8221;2&#8243; el_width=&#8221;10&#8243; css=&#8221;.vc_custom_1509374538687{padding-top: 15px !important;padding-bottom: 15px !important;}&#8221;][vc_column_text]Helsingborg Marathon er maratonl\u00f8bet, der tager dig [&hellip;]<\/p>\n","protected":false},"author":1,"featured_media":0,"parent":0,"menu_order":0,"comment_status":"closed","ping_status":"closed","template":"","meta":{"footnotes":""},"class_list":["post-14666","page","type-page","status-publish","hentry"],"_links":{"self":[{"href":"https:\/\/helsingborgmarathon.se\/da\/wp-json\/wp\/v2\/pages\/14666","targetHints":{"allow":["GET"]}}],"collection":[{"href":"https:\/\/helsingborgmarathon.se\/da\/wp-json\/wp\/v2\/pages"}],"about":[{"href":"https:\/\/helsingborgmarathon.se\/da\/wp-json\/wp\/v2\/types\/page"}],"author":[{"embeddable":true,"href":"https:\/\/helsingborgmarathon.se\/da\/wp-json\/wp\/v2\/users\/1"}],"replies":[{"embeddable":true,"href":"https:\/\/helsingborgmarathon.se\/da\/wp-json\/wp\/v2\/comments?post=14666"}],"version-history":[{"count":144,"href":"https:\/\/helsingborgmarathon.se\/da\/wp-json\/wp\/v2\/pages\/14666\/revisions"}],"predecessor-version":[{"id":23223,"href":"https:\/\/helsingborgmarathon.se\/da\/wp-json\/wp\/v2\/pages\/14666\/revisions\/23223"}],"wp:attachment":[{"href":"https:\/\/helsingborgmarathon.se\/da\/wp-json\/wp\/v2\/media?parent=14666"}],"curies":[{"name":"wp","href":"https:\/\/api.w.org\/{rel}","templated":true}]}}