{"id":14782,"date":"2019-12-05T14:17:28","date_gmt":"2019-12-05T14:17:28","guid":{"rendered":"https:\/\/helsingborgmarathon.se\/?page_id=14782"},"modified":"2026-03-23T11:39:36","modified_gmt":"2026-03-23T11:39:36","slug":"halvmaraton","status":"publish","type":"page","link":"https:\/\/helsingborgmarathon.se\/da\/halvmaraton\/","title":{"rendered":"Halvmaraton"},"content":{"rendered":"<div class=\"wpb-content-wrapper\"><p>[vc_row css=&#8221;.vc_custom_1696602168965{padding-bottom: 60px !important;}&#8221;][vc_column]\n\t\t\t<!-- START Half Marathon Dan REVOLUTION SLIDER 6.7.38 --><p class=\"rs-p-wp-fix\"><\/p>\n\t\t\t<rs-module-wrap id=\"rev_slider_32_1_wrapper\" data-source=\"gallery\" style=\"visibility:hidden;background:transparent;padding:0;\">\n\t\t\t\t<rs-module id=\"rev_slider_32_1\" style=\"\" data-version=\"6.7.38\">\n\t\t\t\t\t<rs-slides style=\"overflow: hidden; position: absolute;\">\n\t\t\t\t\t\t<rs-slide style=\"position: absolute;\" data-key=\"rs-53\" data-title=\"Slide\" data-anim=\"ms:10;\" data-in=\"o:1;\" data-out=\"a:false;\">\n\t\t\t\t\t\t\t<img decoding=\"async\" src=\"\/\/helsingborgmarathon.se\/wp-content\/plugins\/revslider\/sr6\/assets\/assets\/dummy.png\" alt=\"\" title=\"slider-half-26\" width=\"1728\" height=\"1280\" class=\"rev-slidebg tp-rs-img rs-lazyload\" data-lazyload=\"\/\/helsingborgmarathon.se\/wp-content\/uploads\/2025\/09\/slider-half-26.jpg\" data-parallax=\"off\" data-no-retina>\n<!--\n\t\t\t\t\t\t\t--><rs-layer\n\t\t\t\t\t\t\t\tid=\"slider-32-slide-53-layer-4\" \n\t\t\t\t\t\t\t\tdata-type=\"image\"\n\t\t\t\t\t\t\t\tdata-rsp_ch=\"on\"\n\t\t\t\t\t\t\t\tdata-xy=\"x:c;yo:200px,35px,49px,58px;\"\n\t\t\t\t\t\t\t\tdata-text=\"w:normal;s:20,12,9,4;l:0,15,11,6;\"\n\t\t\t\t\t\t\t\tdata-dim=\"w:350px,250px,250px,200px;h:209px,151px,151px,120px;\"\n\t\t\t\t\t\t\t\tdata-frame_999=\"o:0;st:w;\"\n\t\t\t\t\t\t\t\tstyle=\"z-index:9;\"\n\t\t\t\t\t\t\t><img decoding=\"async\" src=\"\/\/helsingborgmarathon.se\/wp-content\/plugins\/revslider\/sr6\/assets\/assets\/dummy.png\" alt=\"\" class=\"tp-rs-img rs-lazyload\" width=\"500\" height=\"299\" data-lazyload=\"\/\/helsingborgmarathon.se\/wp-content\/uploads\/2025\/09\/logo-half-26.png\" data-no-retina> \n\t\t\t\t\t\t\t<\/rs-layer><!--\n\n\t\t\t\t\t\t\t--><rs-layer\n\t\t\t\t\t\t\t\tid=\"slider-32-slide-53-layer-12\" \n\t\t\t\t\t\t\t\tdata-type=\"image\"\n\t\t\t\t\t\t\t\tdata-rsp_ch=\"on\"\n\t\t\t\t\t\t\t\tdata-xy=\"x:c;y:b;yo:50px;\"\n\t\t\t\t\t\t\t\tdata-text=\"l:22;a:inherit;\"\n\t\t\t\t\t\t\t\tdata-dim=\"w:[&#039;13px&#039;,&#039;13px&#039;,&#039;13px&#039;,&#039;13px&#039;];h:[&#039;33px&#039;,&#039;33px&#039;,&#039;33px&#039;,&#039;33px&#039;];\"\n\t\t\t\t\t\t\t\tdata-frame_1=\"sR:10;\"\n\t\t\t\t\t\t\t\tdata-frame_999=\"o:0;st:w;sR:2690;\"\n\t\t\t\t\t\t\t\tstyle=\"z-index:5;\"\n\t\t\t\t\t\t\t><img decoding=\"async\" src=\"\/\/helsingborgmarathon.se\/wp-content\/plugins\/revslider\/sr6\/assets\/assets\/dummy.png\" alt=\"\" class=\"tp-rs-img rs-lazyload\" width=\"33\" height=\"83\" data-lazyload=\"\/\/helsingborgmarathon.se\/wp-content\/uploads\/2017\/10\/arrow-down.png\" data-no-retina> \n\t\t\t\t\t\t\t<\/rs-layer><!--\n\n\t\t\t\t\t\t\t--><rs-layer\n\t\t\t\t\t\t\t\tid=\"slider-32-slide-53-layer-14\" \n\t\t\t\t\t\t\t\tclass=\"revslideMeter\"\n\t\t\t\t\t\t\t\tdata-type=\"text\"\n\t\t\t\t\t\t\t\tdata-rsp_ch=\"on\"\n\t\t\t\t\t\t\t\tdata-xy=\"x:c;y:b;yo:330px,177px,225px,221px;\"\n\t\t\t\t\t\t\t\tdata-text=\"w:nowrap,nowrap,nowrap,normal;s:65,55,65,40;l:65,65,65,45;ls:2px;a:inherit,inherit,inherit,center;\"\n\t\t\t\t\t\t\t\tdata-dim=\"w:auto,auto,auto,290px;\"\n\t\t\t\t\t\t\t\tdata-frame_1=\"sR:10;\"\n\t\t\t\t\t\t\t\tdata-frame_999=\"o:0;st:w;sR:2690;\"\n\t\t\t\t\t\t\t\tstyle=\"z-index:6;font-family:'Josefin Sans';text-transform:uppercase;\"\n\t\t\t\t\t\t\t>21 097,5 meter \n\t\t\t\t\t\t\t<\/rs-layer><!--\n\n\t\t\t\t\t\t\t--><rs-layer\n\t\t\t\t\t\t\t\tid=\"slider-32-slide-53-layer-17\" \n\t\t\t\t\t\t\t\tclass=\"revslideReadMore\"\n\t\t\t\t\t\t\t\tdata-type=\"text\"\n\t\t\t\t\t\t\t\tdata-rsp_ch=\"on\"\n\t\t\t\t\t\t\t\tdata-xy=\"x:c;y:b;yo:90px;\"\n\t\t\t\t\t\t\t\tdata-text=\"s:14;l:22;ls:1px;a:inherit;\"\n\t\t\t\t\t\t\t\tdata-frame_1=\"sR:10;\"\n\t\t\t\t\t\t\t\tdata-frame_999=\"o:0;st:w;sR:2690;\"\n\t\t\t\t\t\t\t\tstyle=\"z-index:8;font-family:'Josefin Sans';text-transform:uppercase;\"\n\t\t\t\t\t\t\t>L\u00e6s mer \n\t\t\t\t\t\t\t<\/rs-layer><!--\n-->\t\t\t\t\t<\/rs-slide>\n\t\t\t\t\t<\/rs-slides>\n\t\t\t\t<\/rs-module>\n\t\t\t\t<script>\n\t\t\t\t\tsetREVStartSize({c: 'rev_slider_32_1',rl:[1240,1024,778,480],el:[865,453,550,545],gw:[1300,800,600,300],gh:[865,453,550,545],type:'hero',justify:'',layout:'fullscreen',offsetContainer:'.touch .mkdf-mobile-header',offset:'',mh:\"0\"});if (window.RS_MODULES!==undefined && window.RS_MODULES.modules!==undefined && window.RS_MODULES.modules[\"revslider321\"]!==undefined) {window.RS_MODULES.modules[\"revslider321\"].once = false;window.revapi32 = undefined;if (window.RS_MODULES.checkMinimal!==undefined) window.RS_MODULES.checkMinimal()}\n\t\t\t\t<\/script>\n\t\t\t<\/rs-module-wrap>\n\t\t\t<!-- END REVOLUTION SLIDER -->\n[\/vc_column][\/vc_row][vc_row css=&#8221;.vc_custom_1509388328030{padding-bottom: 50px !important;}&#8221;][vc_column width=&#8221;3\/4&#8243;][vc_column_text el_class=&#8221;hbgmbread&#8221;]<\/p>\n<h5><strong>HOKA Helsingborg Half Marathon 21 097,5 meter<\/strong><\/h5>\n<p>[\/vc_column_text][vc_column_text]<\/p>\n<h1>Oplev Sveriges smukkeste finish<\/h1>\n<p>[\/vc_column_text][vc_separator color=&#8221;black&#8221; align=&#8221;align_left&#8221; border_width=&#8221;2&#8243; el_width=&#8221;10&#8243; css=&#8221;.vc_custom_1509374538687{padding-top: 15px !important;padding-bottom: 15px !important;}&#8221;][vc_column_text]HOKA Helsingborg Half Marathon er et l\u00f8b, der har t\u00e6ndt en ny stjerne p\u00e5 l\u00f8bs-kortet (eller i l\u00f8bskalenderen). L\u00f8bet som overg\u00e5r dine forventninger og \u00e5bner vejen til en af Helsingborgs hurtigst voksende bydele. Starten g\u00e5r i hjertet af Helsingborg og f\u00f8rer dig igennem 21.097,5 meter langs med havet, igennem naturreservat og med opl\u00f8b p\u00e5 strandpromenaden. Byen byder dig velkommen med \u00e5bne arme og hj\u00e6lper dig, hvert skridt p\u00e5 vejen. Vi st\u00e5r aldrig stille, og r\u00f8r os altid fremad.<\/p>\n<p>Velkommen til Helsingborg og HOKA Helsingborg Half Marathon!<\/p>\n<p class=\"p1\">Vil du tilmelde en gruppe? Download vores enkle formular <a href=\"https:\/\/helsingborgmarathon.se\/wp-content\/uploads\/2026\/02\/group_registration_hbgm_26_2.xlsx\">her<\/a>!<\/p>\n<p>[\/vc_column_text][\/vc_column][vc_column width=&#8221;1\/4&#8243;][\/vc_column][\/vc_row][vc_row css=&#8221;.vc_custom_1509376953936{padding-bottom: 50px !important;}&#8221;][vc_column width=&#8221;1\/4&#8243;][vc_column_text]<\/p>\n<h5>Startgebyr<\/h5>\n<p>800 SEK[\/vc_column_text][\/vc_column][vc_column width=&#8221;1\/4&#8243;][vc_column_text]<\/p>\n<h5>Dato<\/h5>\n<p>5 september 2026 kl. 09:30 &amp; 09:33[\/vc_column_text][\/vc_column][vc_column width=&#8221;1\/4&#8243;][vc_column_text]<\/p>\n<h5>Tilmeldingen er lukket!<\/h5>\n<p class=\"p1\">L\u00f8bet er udsolgt. Vil du p\u00e5 vores venteliste, s\u00e5 send os en <a href=\"mailto:hello@hbgm.se?subject=Reservlista HOKA Helsingborg Half Marathon\">mail!<\/a>[\/vc_column_text][\/vc_column][vc_column width=&#8221;1\/4&#8243; css=&#8221;.vc_custom_1509462861452{padding-top: 30px !important;}&#8221;]<a itemprop=\"url\" href=\"mailto:hello@hbgm.se?subject=Venteliste%20HOKA%20Helsingborg%20Half%20Marathon\" target=\"_self\"  class=\"mkdf-btn mkdf-btn-medium mkdf-btn-solid pageanmalbutton\"  >\n    \t<span class=\"mkdf-btn-text\">Venteliste!<\/span>\n\t        \t<\/a>[\/vc_column][\/vc_row][vc_row css=&#8221;.vc_custom_1663674945799{padding-bottom: 40px !important;}&#8221;][vc_column][vc_single_image image=&#8221;23179&#8243; img_size=&#8221;full&#8221;][vc_custom_heading text=&#8221;Giv et barn en dag til at klare flere!&#8221; use_theme_fonts=&#8221;yes&#8221;][vc_column_text]Sammen med jer, vores l\u00f8bere og ambassad\u00f8rer, vil vi bruge l\u00f8bens kraft til noget st\u00f8rre end blot kilometer og sluttider. N\u00e5r du tilmelder dig HOKA Helsingborg Half Marathon har du mulighed for at give et valgfrit bidrag til <a href=\"https:\/\/minstoradag.org\/\" target=\"_blank\" rel=\"noopener\">Min Stora Dag<\/a>.<\/p>\n<p>Du kan ogs\u00e5 donere direkte via vores hjemmeside. Hver gave, stor som lille, er med til at skabe magiske \u00f8jeblikke for b\u00f8rn, der har allermest brug for det.<\/p>\n<p>Sammen giver vi flere b\u00f8rn en dag til at klare flere. <a href=\"https:\/\/helsingborgmarathon.se\/da\/min-stora-dag\/\">L\u00e6s mere om indsamlingen her!<\/a>[\/vc_column_text][\/vc_column][\/vc_row][vc_row css=&#8221;.vc_custom_1585217183191{padding-bottom: 0px !important;}&#8221;][vc_column][vc_single_image image=&#8221;15516&#8243; img_size=&#8221;full&#8221;][vc_custom_heading text=&#8221;HOKA Helsingborg Half Marathon \u2013 en halvmaraton med ekstra alt&#8221; use_theme_fonts=&#8221;yes&#8221;][vc_separator color=&#8221;black&#8221; align=&#8221;align_left&#8221; border_width=&#8221;2&#8243; el_width=&#8221;10&#8243; css=&#8221;.vc_custom_1509374538687{padding-top: 15px !important;padding-bottom: 15px !important;}&#8221;][\/vc_column][\/vc_row][vc_row css=&#8221;.vc_custom_1509376953936{padding-bottom: 50px !important;}&#8221;][vc_column width=&#8221;1\/3&#8243;][vc_column_text]<\/p>\n<h5>Service f\u00f8r l\u00f8bet<\/h5>\n<p>Testl\u00f8b af <a href=\"https:\/\/helsingborgmarathon.se\/da\/proeveloeb\/\" target=\"_blank\" rel=\"noopener\">banen<\/a><br \/>\nGratis <a href=\"https:\/\/helsingborgmarathon.se\/da\/trana-mot-hbgm\/\">tr\u00e6ningsprogram<\/a> til l\u00f8bet<br \/>\nTr\u00e6nings- og ern\u00e6ringstips fra <a href=\"https:\/\/umarasports.com\" target=\"_blank\" rel=\"noopener\">Umara<\/a><br \/>\nTilbud pa <a href=\"http:\/\/www.loplabbet.se\" target=\"_blank\" rel=\"noopener\">L\u00f6plabbet<\/a>[\/vc_column_text][\/vc_column][vc_column width=&#8221;1\/3&#8243;][vc_column_text]<\/p>\n<h5>Service under l\u00f8bet<\/h5>\n<p>L\u00f6plabbet HBGM Pacers med sluttider fra 1:20 \u2013 2:20<br \/>\nSportsdrink fra <a href=\"https:\/\/umarasports.com\/\" target=\"_blank\" rel=\"noopener\">Umara<\/a><br \/>\nFrugt fra <a href=\"https:\/\/dolenordic.com\/\" target=\"_blank\" rel=\"noopener\">Dole<\/a><br \/>\nCola, Battery energy drink, chips og pickle<br \/>\n8 Forplejningszoner<br \/>\nLivetracking og livestream p\u00e5 nettet<br \/>\nHealthcare<br \/>\nTransport i tilf\u00e6lde af brudt l\u00f8b[\/vc_column_text][\/vc_column][vc_column width=&#8221;1\/3&#8243;][vc_column_text]<\/p>\n<h5>Service efter l\u00f8bet<\/h5>\n<p>\u00c6gte forgyldt medalje<br \/>\nPB-Cap<br \/>\nGratis massage<br \/>\nSauna og bruser p\u00e5 <a href=\"https:\/\/helsingborg.se\/uppleva-och-gora\/kallbadhus\/kallis-helsingborgs-kallbadhus\/\" target=\"_blank\" rel=\"noopener\">Kallis Helsingborg<\/a><br \/>\nRaml\u00f6sa mineralvand, alkoholfri \u00f8l <a href=\"https:\/\/www.helsingborgsbryggeri.se\/\">Helsingborgs bryggeri<\/a>, frugt (<a href=\"https:\/\/dolenordic.com\/\">Dole<\/a>), Kitkat, slik, chips og meget mere.<br \/>\nTusinder af\u00a0<a href=\"https:\/\/helsingborgmarathon.se\/da\/media\/\">billeder<\/a>\u00a0fra l\u00f8bet<br \/>\nPersonligt digitalt diplom<br \/>\nPersonlig m\u00e5lstregen film[\/vc_column_text][\/vc_column][\/vc_row][vc_row css=&#8221;.vc_custom_1576748311390{padding-bottom: 50px !important;}&#8221;][vc_column][vc_custom_heading text=&#8221;Ruten for HOKA Helsingborg Half Marathon&#8221; use_theme_fonts=&#8221;yes&#8221;][vc_column_text]P\u00e5 nedenst\u00e5ende kort ser du ruten samt positioner for start, m\u00e5l, mellemtider, drikkestationer (og hvad som tilbydes der). Desuden kan du ses cafeer, toiletter, sev\u00e6rdigheder, p-pladser og ikke mindst Stadsdelsfesten, hvor engagerede foreninger og privatpersoner finder p\u00e5 sjove indslag langs med ruten.[\/vc_column_text][vc_column_text]<div class=\"almbay-map layer-map\" id=\"almbay-map\" data-lang=\"da\" data-url=\"https:\/\/helsingborgmarathon.se\/wp-content\/plugins\/almbay-map\/\" data-type=\"half_marathon\">\n    <div class=\"layer-map__map\" id=\"layer-map\">\n        <!-- Dynamic map here -->\n    <\/div>\n    \n    <div class=\"layer-map__toggles\">\n        <button class=\"layer-map__toggle\" data-type=\"start_end\" data-toggled=\"true\">\n            <img decoding=\"async\" src=\"https:\/\/helsingborgmarathon.se\/wp-content\/plugins\/almbay-map\/include\/img\/toggles\/start_end.png\" alt=\"Toggle\" \/> Start \/ Finish        <\/button>\n    \n            \n        <button class=\"layer-map__toggle\" data-type=\"video\" data-toggled=\"false\">\n            <img decoding=\"async\" src=\"https:\/\/helsingborgmarathon.se\/wp-content\/plugins\/almbay-map\/include\/img\/toggles\/video.png\" alt=\"Toggle\" \/> Video        <\/button>\n    \n        <button class=\"layer-map__toggle\" data-type=\"cafe\" data-toggled=\"false\">\n            <img decoding=\"async\" src=\"https:\/\/helsingborgmarathon.se\/wp-content\/plugins\/almbay-map\/include\/img\/toggles\/cafe.png\" alt=\"Toggle\" \/> Caf\u00e9        <\/button>\n    \n        <button class=\"layer-map__toggle\" data-type=\"water\" data-toggled=\"false\">\n            <img decoding=\"async\" src=\"https:\/\/helsingborgmarathon.se\/wp-content\/plugins\/almbay-map\/include\/img\/toggles\/water.png\" alt=\"Toggle\" \/> Water        <\/button>\n    \n        <button class=\"layer-map__toggle\" data-type=\"split\" data-toggled=\"false\">\n            <img decoding=\"async\" src=\"https:\/\/helsingborgmarathon.se\/wp-content\/plugins\/almbay-map\/include\/img\/toggles\/split.png\" alt=\"Toggle\" \/> Split        <\/button>\n    \n        <button class=\"layer-map__toggle\" data-type=\"toilet\" data-toggled=\"false\">\n            <img decoding=\"async\" src=\"https:\/\/helsingborgmarathon.se\/wp-content\/plugins\/almbay-map\/include\/img\/toggles\/toilet.png\" alt=\"Toggle\" \/> WC        <\/button>\n    \n        <button class=\"layer-map__toggle\" data-type=\"attraction\" data-toggled=\"false\">\n            <img decoding=\"async\" src=\"https:\/\/helsingborgmarathon.se\/wp-content\/plugins\/almbay-map\/include\/img\/toggles\/sevardheter.png\" alt=\"Toggle\" \/> Attractions        <\/button>\n    \n        <button class=\"layer-map__toggle\" data-type=\"districtparty\" data-toggled=\"false\">\n            <img decoding=\"async\" src=\"https:\/\/helsingborgmarathon.se\/wp-content\/plugins\/almbay-map\/include\/img\/toggles\/stadsdel.png\" alt=\"Toggle\" \/> Hotspots        <\/button>\n\t\n\t    <button class=\"layer-map__toggle\" data-type=\"parking\" data-toggled=\"false\">\n\t\t    <img decoding=\"async\" src=\"https:\/\/helsingborgmarathon.se\/wp-content\/plugins\/almbay-map\/include\/img\/toggles\/parking.png\" alt=\"Toggle\" \/> Parking\t    <\/button>\n    <\/div>\n<\/div>[\/vc_column_text][\/vc_column][\/vc_row][vc_row css=&#8221;.vc_custom_1576748311390{padding-bottom: 50px !important;}&#8221;][vc_column][vc_custom_heading text=&#8221;Ruteinformation HOKA Helsingborg Half Marathon&#8221; use_theme_fonts=&#8221;yes&#8221;][vc_column_text]Starten for halvmaratonl\u00f8bet finder sted i tilslutning til starten for maraton og stafet udenfor Dunkers Kulturhus. Banens unikke str\u00e6kning inkluderer tre kilometer gennem vores gamle og smukke centrum. Du vil opleve historiske kvarterer og Stortorget, middelalderborgen K\u00e4rnan, naturreservatet P\u00e5lsj\u00f6 skov og Lar\u00f6d. Halvmaratonl\u00f8bets rute deler de f\u00f8rste og de sidste 17 kilometer med maratonl\u00f8bet, med en afslutning langs havet, hvor du l\u00f8ber under et smukt flagdisplay mod m\u00e5lstregen ved den smukke Gr\u00f6ningen. Du fejrer din pr\u00e6station ude p\u00e5 bryggen ved \u00d8resund og g\u00e5r derefter ind i vores eventomr\u00e5de med aktiviteter for familie, p\u00e5r\u00f8rende og supportere. Banen har omkring 170 h\u00f8jdemeter med en stigning mod K\u00e4rnan efter 2 kilometer og en lang nedadg\u00e5ende str\u00e6kning mod havet efter 19 kilometer. Den inkluderer alt fra by, skov og hav og har varierende underlag, dog prim\u00e6rt asfalt.[\/vc_column_text][vc_separator color=&#8221;black&#8221; align=&#8221;align_left&#8221; border_width=&#8221;2&#8243; el_width=&#8221;10&#8243; css=&#8221;.vc_custom_1509374538687{padding-top: 15px !important;padding-bottom: 15px !important;}&#8221;][vc_column_text]<strong>Distance:<\/strong>\u00a021 097,5 meter<\/p>\n<p><strong>H\u00f8jdeforskel: <\/strong>Samlet stigning p\u00e5 95 meter. I alt 190 meter (op og ned).<\/p>\n<p><strong>Underlag:<\/strong> ca. 93,5% asfalt, 7% h\u00e5rdt pakket grus, 0,5% \u00f8vrigt<\/p>\n<p><strong>H\u00f8jdepunkter:<\/strong> City, Bergaliden, Slottshagen, K\u00e4rnan, Mariastaden, Maria Park, P\u00e5lsj\u00f6 skog, Lar\u00f6d, Tinkarsbacken &amp; Strandpromenaden<\/p>\n<p><strong>Bydele:<\/strong> City, S\u00f6der, Slottsh\u00f6jden, T\u00e5gaborg S, T\u00e5gaborg N, Norr, Ringstorp, Mariastaden, Hittarp-Lar\u00f6d<\/p>\n<p><strong>Banen p\u00e5 film kilometer for kilometer finder du her. Opdateres snart.<\/strong><\/p>\n<p><a href=\"https:\/\/helsingborgmarathon.se\/runner_media\/gpx\/helsingborghalfmarathon.gpx\"><strong>GPX-filen af \u200b\u200bbanen kan findes her.<\/strong><\/a>[\/vc_column_text][\/vc_column][\/vc_row][vc_row css=&#8221;.vc_custom_1509387944389{padding-bottom: 100px !important;}&#8221;][vc_column][vc_custom_heading text=&#8221;Ruteprofil for HOKA Helsingborg Half Marathon&#8221; use_theme_fonts=&#8221;yes&#8221;][vc_single_image image=&#8221;21806&#8243; img_size=&#8221;full&#8221; onclick=&#8221;img_link_large&#8221;][\/vc_column][\/vc_row][vc_row css=&#8221;.vc_custom_1509376937466{padding-bottom: 100px !important;}&#8221;][vc_column width=&#8221;1\/2&#8243;][vc_single_image image=&#8221;14687&#8243; img_size=&#8221;full&#8221; alignment=&#8221;center&#8221; onclick=&#8221;custom_link&#8221; link=&#8221;https:\/\/helsingborgmarathon.se\/da\/resultat\/&#8221; css=&#8221;.vc_custom_1576842610481{padding-bottom: 50px !important;}&#8221;][vc_column_text]<\/p>\n<h1 style=\"text-align: center;\"><a href=\"https:\/\/helsingborgmarathon.se\/da\/resultat\/\">Resultat<\/a><\/h1>\n<p>[\/vc_column_text][\/vc_column][vc_column width=&#8221;1\/2&#8243;][vc_single_image image=&#8221;14686&#8243; img_size=&#8221;full&#8221; alignment=&#8221;center&#8221; onclick=&#8221;custom_link&#8221; link=&#8221;https:\/\/helsingborgmarathon.se\/da\/media\/&#8221; css=&#8221;.vc_custom_1576842666809{padding-bottom: 50px !important;}&#8221;][vc_column_text]<\/p>\n<h1 style=\"text-align: center;\"><a href=\"https:\/\/helsingborgmarathon.se\/da\/media\/\" rel=\"noopener noreferrer\">Billeder<\/a><\/h1>\n<p>[\/vc_column_text][\/vc_column][\/vc_row][vc_row full_width=&#8221;stretch_row_content_no_spaces&#8221; css=&#8221;.vc_custom_1509407137632{padding-bottom: 60px !important;background-color: #35b6b4 !important;}&#8221; el_class=&#8221;qbotcontainer&#8221;][vc_column width=&#8221;1\/3&#8243;][\/vc_column][vc_column width=&#8221;1\/3&#8243; el_class=&#8221;qs-bot-center&#8221;][vc_column_text]<\/p>\n<h3 style=\"text-align: center;\">De mest almindelige sp\u00f8rgsm\u00e5l<\/h3>\n<p>[\/vc_column_text][vc_separator color=&#8221;white&#8221; border_width=&#8221;2&#8243; el_width=&#8221;10&#8243;][vc_column_text]<\/p>\n<p style=\"text-align: center;\">Hvorn\u00e5r er l\u00f8bet?<\/p>\n<p style=\"text-align: center;\">Hvordan er ruten?<\/p>\n<p style=\"text-align: center;\">Har i fartholdere?<\/p>\n<p style=\"text-align: center;\">Hvad indg\u00e5r i tilmeldingen?<\/p>\n<p>[\/vc_column_text]<a itemprop=\"url\" href=\"https:\/\/helsingborgmarathon.se\/da\/faq\/\" target=\"_self\" style=\"color: #35b6b4;background-color: #ffffff;border-color: #ffffff;margin: 40px 0px 0px 0px\" class=\"mkdf-btn mkdf-btn-medium mkdf-btn-solid mkdf-btn-custom-hover-bg mkdf-btn-custom-border-hover mkdf-btn-custom-hover-color\" data-hover-color=\"#ffffff\" data-hover-bg-color=\"#0a0a0a\" data-hover-border-color=\"#0a0202\" >\n    \t<span class=\"mkdf-btn-text\">G\u00c5 TIL ALLE SP\u00d8RGSM\u00c5L &amp; SVAR<\/span>\n\t        \t<\/a>[\/vc_column][vc_column width=&#8221;1\/3&#8243;][\/vc_column][\/vc_row]<\/p>\n<\/div>","protected":false},"excerpt":{"rendered":"<p>[vc_row css=&#8221;.vc_custom_1696602168965{padding-bottom: 60px !important;}&#8221;][vc_column][\/vc_column][\/vc_row][vc_row css=&#8221;.vc_custom_1509388328030{padding-bottom: 50px !important;}&#8221;][vc_column width=&#8221;3\/4&#8243;][vc_column_text el_class=&#8221;hbgmbread&#8221;] HOKA Helsingborg Half Marathon 21 097,5 meter [\/vc_column_text][vc_column_text] Oplev Sveriges smukkeste finish [\/vc_column_text][vc_separator color=&#8221;black&#8221; align=&#8221;align_left&#8221; border_width=&#8221;2&#8243; el_width=&#8221;10&#8243; css=&#8221;.vc_custom_1509374538687{padding-top: 15px !important;padding-bottom: 15px !important;}&#8221;][vc_column_text]HOKA Helsingborg Half Marathon er et l\u00f8b, der har t\u00e6ndt [&hellip;]<\/p>\n","protected":false},"author":1,"featured_media":0,"parent":0,"menu_order":0,"comment_status":"closed","ping_status":"closed","template":"","meta":{"footnotes":""},"class_list":["post-14782","page","type-page","status-publish","hentry"],"_links":{"self":[{"href":"https:\/\/helsingborgmarathon.se\/da\/wp-json\/wp\/v2\/pages\/14782","targetHints":{"allow":["GET"]}}],"collection":[{"href":"https:\/\/helsingborgmarathon.se\/da\/wp-json\/wp\/v2\/pages"}],"about":[{"href":"https:\/\/helsingborgmarathon.se\/da\/wp-json\/wp\/v2\/types\/page"}],"author":[{"embeddable":true,"href":"https:\/\/helsingborgmarathon.se\/da\/wp-json\/wp\/v2\/users\/1"}],"replies":[{"embeddable":true,"href":"https:\/\/helsingborgmarathon.se\/da\/wp-json\/wp\/v2\/comments?post=14782"}],"version-history":[{"count":109,"href":"https:\/\/helsingborgmarathon.se\/da\/wp-json\/wp\/v2\/pages\/14782\/revisions"}],"predecessor-version":[{"id":23256,"href":"https:\/\/helsingborgmarathon.se\/da\/wp-json\/wp\/v2\/pages\/14782\/revisions\/23256"}],"wp:attachment":[{"href":"https:\/\/helsingborgmarathon.se\/da\/wp-json\/wp\/v2\/media?parent=14782"}],"curies":[{"name":"wp","href":"https:\/\/api.w.org\/{rel}","templated":true}]}}