{"id":14789,"date":"2017-10-30T08:38:35","date_gmt":"2017-10-30T08:38:35","guid":{"rendered":"https:\/\/helsingborgmarathon.se\/stafett\/"},"modified":"2026-01-29T12:25:19","modified_gmt":"2026-01-29T12:25:19","slug":"stafett","status":"publish","type":"page","link":"https:\/\/helsingborgmarathon.se\/da\/stafett\/","title":{"rendered":"Stafet"},"content":{"rendered":"<div class=\"wpb-content-wrapper\"><p>[vc_row css=&#8221;.vc_custom_1696602571120{padding-bottom: 60px !important;}&#8221;][vc_column]\n\t\t\t<!-- START Relay Dan REVOLUTION SLIDER 6.7.38 --><p class=\"rs-p-wp-fix\"><\/p>\n\t\t\t<rs-module-wrap id=\"rev_slider_29_1_wrapper\" data-source=\"gallery\" style=\"visibility:hidden;background:transparent;padding:0;\">\n\t\t\t\t<rs-module id=\"rev_slider_29_1\" style=\"\" data-version=\"6.7.38\">\n\t\t\t\t\t<rs-slides style=\"overflow: hidden; position: absolute;\">\n\t\t\t\t\t\t<rs-slide style=\"position: absolute;\" data-key=\"rs-50\" data-title=\"Slide\" data-anim=\"ms:10;\" data-in=\"o:1;\" data-out=\"a:false;\">\n\t\t\t\t\t\t\t<img decoding=\"async\" src=\"\/\/helsingborgmarathon.se\/wp-content\/plugins\/revslider\/sr6\/assets\/assets\/dummy.png\" alt=\"\" title=\"slider-relay-26-5\" width=\"1920\" height=\"1411\" class=\"rev-slidebg tp-rs-img rs-lazyload\" data-lazyload=\"\/\/helsingborgmarathon.se\/wp-content\/uploads\/2025\/09\/slider-relay-26-5.jpg\" data-parallax=\"off\" data-no-retina>\n<!--\n\t\t\t\t\t\t\t--><rs-layer\n\t\t\t\t\t\t\t\tid=\"slider-29-slide-50-layer-8\" \n\t\t\t\t\t\t\t\tdata-type=\"image\"\n\t\t\t\t\t\t\t\tdata-rsp_ch=\"on\"\n\t\t\t\t\t\t\t\tdata-xy=\"x:c;yo:150px,45px,65px,120px;\"\n\t\t\t\t\t\t\t\tdata-text=\"w:normal;s:20,12,9,4;l:0,15,11,6;\"\n\t\t\t\t\t\t\t\tdata-dim=\"w:300px,200px,200px,150px;h:233px,156px,156px,117px;\"\n\t\t\t\t\t\t\t\tdata-frame_999=\"o:0;st:w;\"\n\t\t\t\t\t\t\t\tstyle=\"z-index:11;\"\n\t\t\t\t\t\t\t><img decoding=\"async\" src=\"\/\/helsingborgmarathon.se\/wp-content\/plugins\/revslider\/sr6\/assets\/assets\/dummy.png\" alt=\"\" class=\"tp-rs-img rs-lazyload\" width=\"500\" height=\"389\" data-lazyload=\"\/\/helsingborgmarathon.se\/wp-content\/uploads\/2025\/09\/logo-relay-26.png\" data-no-retina> \n\t\t\t\t\t\t\t<\/rs-layer><!--\n\n\t\t\t\t\t\t\t--><rs-layer\n\t\t\t\t\t\t\t\tid=\"slider-29-slide-50-layer-12\" \n\t\t\t\t\t\t\t\tdata-type=\"image\"\n\t\t\t\t\t\t\t\tdata-rsp_ch=\"on\"\n\t\t\t\t\t\t\t\tdata-xy=\"x:c;y:b;yo:50px;\"\n\t\t\t\t\t\t\t\tdata-text=\"l:22;a:inherit;\"\n\t\t\t\t\t\t\t\tdata-dim=\"w:[&#039;13px&#039;,&#039;13px&#039;,&#039;13px&#039;,&#039;13px&#039;];h:[&#039;33px&#039;,&#039;33px&#039;,&#039;33px&#039;,&#039;33px&#039;];\"\n\t\t\t\t\t\t\t\tdata-frame_1=\"sR:10;\"\n\t\t\t\t\t\t\t\tdata-frame_999=\"o:0;st:w;sR:2690;\"\n\t\t\t\t\t\t\t\tstyle=\"z-index:5;\"\n\t\t\t\t\t\t\t><img decoding=\"async\" src=\"\/\/helsingborgmarathon.se\/wp-content\/plugins\/revslider\/sr6\/assets\/assets\/dummy.png\" alt=\"\" class=\"tp-rs-img rs-lazyload\" width=\"33\" height=\"83\" data-lazyload=\"\/\/helsingborgmarathon.se\/wp-content\/uploads\/2017\/10\/arrow-down.png\" data-no-retina> \n\t\t\t\t\t\t\t<\/rs-layer><!--\n\n\t\t\t\t\t\t\t--><rs-layer\n\t\t\t\t\t\t\t\tid=\"slider-29-slide-50-layer-14\" \n\t\t\t\t\t\t\t\tclass=\"revslideMeter\"\n\t\t\t\t\t\t\t\tdata-type=\"text\"\n\t\t\t\t\t\t\t\tdata-rsp_ch=\"on\"\n\t\t\t\t\t\t\t\tdata-xy=\"x:c;y:b;yo:324px,136px,198px,129px;\"\n\t\t\t\t\t\t\t\tdata-text=\"w:normal;s:50,40,40,40;l:50,50,40,40;ls:2px;a:center;\"\n\t\t\t\t\t\t\t\tdata-dim=\"w:auto,auto,590px,290px;\"\n\t\t\t\t\t\t\t\tdata-frame_1=\"sR:10;\"\n\t\t\t\t\t\t\t\tdata-frame_999=\"o:0;st:w;sR:2690;\"\n\t\t\t\t\t\t\t\tstyle=\"z-index:6;font-family:'Josefin Sans';text-transform:uppercase;\"\n\t\t\t\t\t\t\t>21,1 \/ 42,2 kilometer \n\t\t\t\t\t\t\t<\/rs-layer><!--\n\n\t\t\t\t\t\t\t--><rs-layer\n\t\t\t\t\t\t\t\tid=\"slider-29-slide-50-layer-17\" \n\t\t\t\t\t\t\t\tclass=\"revslideReadMore\"\n\t\t\t\t\t\t\t\tdata-type=\"text\"\n\t\t\t\t\t\t\t\tdata-rsp_ch=\"on\"\n\t\t\t\t\t\t\t\tdata-xy=\"x:c;y:b;yo:90px;\"\n\t\t\t\t\t\t\t\tdata-text=\"s:14;l:22;ls:1px;a:inherit;\"\n\t\t\t\t\t\t\t\tdata-frame_1=\"sR:10;\"\n\t\t\t\t\t\t\t\tdata-frame_999=\"o:0;st:w;sR:2690;\"\n\t\t\t\t\t\t\t\tstyle=\"z-index:8;font-family:'Josefin Sans';text-transform:uppercase;\"\n\t\t\t\t\t\t\t>L\u00e6s mer \n\t\t\t\t\t\t\t<\/rs-layer><!--\n-->\t\t\t\t\t<\/rs-slide>\n\t\t\t\t\t<\/rs-slides>\n\t\t\t\t<\/rs-module>\n\t\t\t\t<script>\n\t\t\t\t\tsetREVStartSize({c: 'rev_slider_29_1',rl:[1240,1024,778,480],el:[865,453,550,545],gw:[1300,800,600,300],gh:[865,453,550,545],type:'hero',justify:'',layout:'fullscreen',offsetContainer:'.touch .mkdf-mobile-header',offset:'',mh:\"0\"});if (window.RS_MODULES!==undefined && window.RS_MODULES.modules!==undefined && window.RS_MODULES.modules[\"revslider291\"]!==undefined) {window.RS_MODULES.modules[\"revslider291\"].once = false;window.revapi29 = undefined;if (window.RS_MODULES.checkMinimal!==undefined) window.RS_MODULES.checkMinimal()}\n\t\t\t\t<\/script>\n\t\t\t<\/rs-module-wrap>\n\t\t\t<!-- END REVOLUTION SLIDER -->\n[\/vc_column][\/vc_row][vc_row css=&#8221;.vc_custom_1509388328030{padding-bottom: 50px !important;}&#8221;][vc_column width=&#8221;3\/4&#8243;][vc_column_text el_class=&#8221;hbgmbread&#8221;]<\/p>\n<h5><strong>Lydinge Resort Stafet 21,1 km \/ 42,2 km p\u00e5 hold med 2-4 personer<\/strong><\/h5>\n<p>[\/vc_column_text][vc_column_text]<\/p>\n<h1>Vi l\u00f8ber med hjertet og k\u00e6mper som et hold.<\/h1>\n<p>[\/vc_column_text][vc_separator color=&#8221;black&#8221; align=&#8221;align_left&#8221; border_width=&#8221;2&#8243; el_width=&#8221;10&#8243; css=&#8221;.vc_custom_1509374538687{padding-top: 15px !important;padding-bottom: 15px !important;}&#8221;][vc_column_text]Lydinge Resort Stafet er en holdkonkurrence p\u00e5 21,1 km eller 42,2 km med fire forskellige kategorier \u2013 herrer, damer, mix og \u2013 firmaer.<\/p>\n<p>Lydinge Resort Stafet 21,1 km f\u00f8rer dig og dit hold hele vejen igennem HOKA Helsingborg Half Marathon banan. Starten er p\u00e5 Sundstorget i Helsingborg, og du f\u00e5r opleve alt fra Centrum, K\u00e4rnan, T\u00e5gaborg, P\u00e5lsj\u00f6 skov, Lar\u00f6d og Sveriges smukkeste finish langs strandpromenaden. Med etaper p\u00e5 mellem 3,6 og 6 kilometer i hold p\u00e5 2, 3 eller 4 personer er der en afstand, der passer til alle.<\/p>\n<p>Lydinge Resort Stafet 42,2 km f\u00f8rer dit hold forbi og gennem 21 bydele i byen ved havet. Starten g\u00e5r i hjertet af Helsingborg og f\u00f8rer jer p\u00e5 41.195 meter langs hav, gennem naturreservat, forbi sportsarenaer og med opl\u00f8b langs strandpromenaden. Med fire etaper p\u00e5 mellem 9-12 kilometer kan i l\u00f8be p\u00e5 hold med 2,3 eller 4 personer, der deler str\u00e6kningerne mellem jer.<\/p>\n<p>Med tydelige skiftezoner p\u00e5 ruten, hj\u00e6lper vi dig langs ruten, n\u00e5r du skifter til din holdkammerat. Det er nu hold\u00e5nden skal skabes!<\/p>\n<p>Psst. Vil du tilmelde et hold. Download vores tilmeldingsblanket <a href=\"https:\/\/helsingborgmarathon.se\/wp-content\/uploads\/2025\/09\/group_registration_hbgm_26.xlsx\" target=\"_blank\" rel=\"noopener noreferrer\">HER<\/a>[\/vc_column_text][\/vc_column][vc_column width=&#8221;1\/4&#8243;][\/vc_column][\/vc_row][vc_row css=&#8221;.vc_custom_1509376953936{padding-bottom: 50px !important;}&#8221;][vc_column width=&#8221;1\/4&#8243;][vc_column_text]<\/p>\n<h5>Tilmeldingsgebyr<\/h5>\n<p>1600 SEK[\/vc_column_text][\/vc_column][vc_column width=&#8221;1\/4&#8243;][vc_column_text]<\/p>\n<h5>Dato<\/h5>\n<p>5 september 2026<br \/>\n21,1 km kl. 09:40<br \/>\n42,2 km kl. 10:30[\/vc_column_text][\/vc_column][vc_column width=&#8221;1\/4&#8243;][vc_column_text]<\/p>\n<h5>Tilmelding<\/h5>\n<p class=\"p1\">Ordin\u00e6r tilmelding indtil 23. august 2026.[\/vc_column_text][\/vc_column][vc_column width=&#8221;1\/4&#8243; css=&#8221;.vc_custom_1509462869103{padding-top: 30px !important;}&#8221;]<a itemprop=\"url\" href=\"https:\/\/helsingborgmarathon.se\/registration\/relay\/?lang=den\" target=\"_self\"  class=\"mkdf-btn mkdf-btn-medium mkdf-btn-solid pageanmalbutton\"  >\n    \t<span class=\"mkdf-btn-text\">Tilmeld dig her!<\/span>\n\t        \t<\/a>[\/vc_column][\/vc_row][vc_row css=&#8221;.vc_custom_1769689517704{padding-bottom: 50px !important;}&#8221;][vc_column][vc_single_image image=&#8221;23179&#8243; img_size=&#8221;full&#8221;][vc_custom_heading text=&#8221;Giv et barn en dag til at klare flere!&#8221; use_theme_fonts=&#8221;yes&#8221;][vc_column_text]Sammen med jer, vores l\u00f8bere og ambassad\u00f8rer, vil vi bruge l\u00f8bens kraft til noget st\u00f8rre end blot kilometer og sluttider. N\u00e5r du tilmelder dig Helsingborg Marathon har du mulighed for at give et valgfrit bidrag til\u00a0<a href=\"https:\/\/minstoradag.org\/\" target=\"_blank\" rel=\"noopener\">Min Stora Dag<\/a>.<\/p>\n<p>Du kan ogs\u00e5 donere direkte via vores hjemmeside. Hver gave, stor som lille, er med til at skabe magiske \u00f8jeblikke for b\u00f8rn, der har allermest brug for det.<\/p>\n<p>Sammen giver vi flere b\u00f8rn en dag til at klare flere.\u00a0<a href=\"https:\/\/helsingborgmarathon.se\/da\/min-stora-dag\/\" target=\"_blank\" rel=\"noopener noreferrer\">L\u00e6s mere om indsamlingen her!<\/a>[\/vc_column_text][\/vc_column][\/vc_row][vc_row css=&#8221;.vc_custom_1585218662950{padding-bottom: 00px !important;}&#8221;][vc_column][vc_single_image image=&#8221;15516&#8243; img_size=&#8221;full&#8221;][vc_custom_heading text=&#8221;Lydinge Resort Stafet \u2013 stafetten med ekstra alt&#8221; use_theme_fonts=&#8221;yes&#8221;][vc_separator color=&#8221;black&#8221; align=&#8221;align_left&#8221; border_width=&#8221;2&#8243; el_width=&#8221;10&#8243; css=&#8221;.vc_custom_1509374538687{padding-top: 15px !important;padding-bottom: 15px !important;}&#8221;][\/vc_column][\/vc_row][vc_row css=&#8221;.vc_custom_1509376953936{padding-bottom: 50px !important;}&#8221;][vc_column width=&#8221;1\/3&#8243;][vc_column_text]<\/p>\n<h5>Service f\u00f8r l\u00f8bet<\/h5>\n<p>Testl\u00f8b af <a href=\"https:\/\/helsingborgmarathon.se\/da\/proeveloeb\/\" target=\"_blank\" rel=\"noopener\">banen<\/a><br \/>\nGratis <a href=\"https:\/\/helsingborgmarathon.se\/da\/trana-mot-hbgm\/\">tr\u00e6ningsprogram<\/a> til l\u00f8bet<br \/>\nTr\u00e6nings- og ern\u00e6ringstips fra <a href=\"https:\/\/umarasports.com\" target=\"_blank\" rel=\"noopener\">Umara<\/a><br \/>\nTilbud pa <a href=\"http:\/\/www.loplabbet.se\" target=\"_blank\" rel=\"noopener\">L\u00f6plabbet<\/a>[\/vc_column_text][\/vc_column][vc_column width=&#8221;1\/3&#8243;][vc_column_text]<\/p>\n<h5>Service under l\u00f8bet<\/h5>\n<p>Sportsdrink fra <a href=\"https:\/\/umarasports.com\/\" target=\"_blank\" rel=\"noopener\">Umara<\/a><br \/>\nFrugt fra <a href=\"https:\/\/dolenordic.com\/\" target=\"_blank\" rel=\"noopener\">Dole<\/a><br \/>\nPepsi, Battery energy drink, chips og pickle<br \/>\n14 Forplejningszoner<br \/>\nLivetracking og livestream p\u00e5 nettet<br \/>\nHealthcare<br \/>\nTransport i tilf\u00e6lde af brudt l\u00f8b[\/vc_column_text][\/vc_column][vc_column width=&#8221;1\/3&#8243;][vc_column_text]<\/p>\n<h5>Service efter l\u00f8bet<\/h5>\n<p>\u00c6gte forgyldt medalje<br \/>\nPB-Cap<br \/>\nGratis massage<br \/>\nSauna og bruser p\u00e5 <a href=\"https:\/\/helsingborg.se\/uppleva-och-gora\/kallbadhus\/kallis-helsingborgs-kallbadhus\/\" target=\"_blank\" rel=\"noopener\">Kallis Helsingborg<\/a><br \/>\nRaml\u00f6sa mineralvand, Raml\u00f6sa funktionelt vand, alkoholfri \u00f8l <a href=\"https:\/\/www.helsingborgsbryggeri.se\/\">Helsingborgs bryggeri<\/a>, frugt <a href=\"https:\/\/dolenordic.com\/\" target=\"_blank\" rel=\"noopener\">Dole<\/a>, chokolade <a href=\"https:\/\/chocolatte.se\/\" target=\"_blank\" rel=\"noopener\">Chocolatte<\/a>, Kitkat, slik, chips og meget mere.<br \/>\nTusinder af\u00a0<a href=\"https:\/\/helsingborgmarathon.se\/da\/media\/\">billeder<\/a>\u00a0fra l\u00f8bet Digitalt team diplom<br \/>\nM\u00e5lstregen film[\/vc_column_text][\/vc_column][\/vc_row][vc_row css=&#8221;.vc_custom_1576748399754{padding-bottom: 50px !important;}&#8221;][vc_column][vc_custom_heading text=&#8221;Ruten for Lydinge Resort Stafet&#8221; use_theme_fonts=&#8221;yes&#8221;][vc_column_text]P\u00e5 nedenst\u00e5ende kort ser du ruten samt positioner for start, m\u00e5l, mellemtider, drikkestationer (og hvad som tilbydes der). Udover dette finder du cafeer, toiletter, sev\u00e6rdigheder, p-pladser og sidst men ikke mindst Stadsdelsfesten, hvor engagerede foreninger og private finder p\u00e5 festlige indslag langs ruten.[\/vc_column_text][vc_column_text]<div class=\"almbay-map layer-map\" id=\"almbay-map\" data-lang=\"da\" data-url=\"https:\/\/helsingborgmarathon.se\/wp-content\/plugins\/almbay-map\/\" data-type=\"relay\">\n    <div class=\"layer-map__map\" id=\"layer-map\">\n        <!-- Dynamic map here -->\n    <\/div>\n    \n    <div class=\"layer-map__toggles\">\n        <button class=\"layer-map__toggle\" data-type=\"start_end\" data-toggled=\"true\">\n            <img decoding=\"async\" src=\"https:\/\/helsingborgmarathon.se\/wp-content\/plugins\/almbay-map\/include\/img\/toggles\/start_end.png\" alt=\"Toggle\" \/> Start \/ Finish        <\/button>\n    \n                    <button class=\"layer-map__toggle\" data-type=\"relay\" data-toggled=\"true\">\n                <img decoding=\"async\" src=\"https:\/\/helsingborgmarathon.se\/wp-content\/plugins\/almbay-map\/include\/img\/toggles\/relay.png\" alt=\"Toggle\" \/> Relay            <\/button>\n            \n        <button class=\"layer-map__toggle\" data-type=\"video\" data-toggled=\"false\">\n            <img decoding=\"async\" src=\"https:\/\/helsingborgmarathon.se\/wp-content\/plugins\/almbay-map\/include\/img\/toggles\/video.png\" alt=\"Toggle\" \/> Video        <\/button>\n    \n        <button class=\"layer-map__toggle\" data-type=\"cafe\" data-toggled=\"false\">\n            <img decoding=\"async\" src=\"https:\/\/helsingborgmarathon.se\/wp-content\/plugins\/almbay-map\/include\/img\/toggles\/cafe.png\" alt=\"Toggle\" \/> Caf\u00e9        <\/button>\n    \n        <button class=\"layer-map__toggle\" data-type=\"water\" data-toggled=\"false\">\n            <img decoding=\"async\" src=\"https:\/\/helsingborgmarathon.se\/wp-content\/plugins\/almbay-map\/include\/img\/toggles\/water.png\" alt=\"Toggle\" \/> Water        <\/button>\n    \n        <button class=\"layer-map__toggle\" data-type=\"split\" data-toggled=\"false\">\n            <img decoding=\"async\" src=\"https:\/\/helsingborgmarathon.se\/wp-content\/plugins\/almbay-map\/include\/img\/toggles\/split.png\" alt=\"Toggle\" \/> Split        <\/button>\n    \n        <button class=\"layer-map__toggle\" data-type=\"toilet\" data-toggled=\"false\">\n            <img decoding=\"async\" src=\"https:\/\/helsingborgmarathon.se\/wp-content\/plugins\/almbay-map\/include\/img\/toggles\/toilet.png\" alt=\"Toggle\" \/> WC        <\/button>\n    \n        <button class=\"layer-map__toggle\" data-type=\"attraction\" data-toggled=\"false\">\n            <img decoding=\"async\" src=\"https:\/\/helsingborgmarathon.se\/wp-content\/plugins\/almbay-map\/include\/img\/toggles\/sevardheter.png\" alt=\"Toggle\" \/> Attractions        <\/button>\n    \n        <button class=\"layer-map__toggle\" data-type=\"districtparty\" data-toggled=\"false\">\n            <img decoding=\"async\" src=\"https:\/\/helsingborgmarathon.se\/wp-content\/plugins\/almbay-map\/include\/img\/toggles\/stadsdel.png\" alt=\"Toggle\" \/> Hotspots        <\/button>\n\t\n\t    <button class=\"layer-map__toggle\" data-type=\"parking\" data-toggled=\"false\">\n\t\t    <img decoding=\"async\" src=\"https:\/\/helsingborgmarathon.se\/wp-content\/plugins\/almbay-map\/include\/img\/toggles\/parking.png\" alt=\"Toggle\" \/> Parking\t    <\/button>\n    <\/div>\n<\/div>[\/vc_column_text][\/vc_column][\/vc_row][vc_row css=&#8221;.vc_custom_1576748399754{padding-bottom: 50px !important;}&#8221;][vc_column][vc_custom_heading text=&#8221;Ruteinformation Lydinge Resort Stafet&#8221; use_theme_fonts=&#8221;yes&#8221;][vc_column_text]Ambitionen med Helsingborg Marathon har altid v\u00e6ret, at alle skal kunne deltage. Lydinge Resort Stafet tillader hold p\u00e5 2-4 personer at dele vores smukke og oplevelsesrige halvmaraton- og maratonruter med skiftestationer p\u00e5 \u00c4ttekulla, uden for Fredriksdal, og p\u00e5 P\u00e5lsj\u00f6 skog for maratonstafetten, og P\u00e5lsj\u00f6 kiosk, P\u00e5lsj\u00f6 skog og Tinkarpsbacken for halvmaratonstafetten. Med fire forskellige og varierede ruter b\u00e5de i natur og l\u00e6ngde er der noget for alle.[\/vc_column_text][vc_separator color=&#8221;black&#8221; align=&#8221;align_left&#8221; border_width=&#8221;2&#8243; el_width=&#8221;10&#8243; css=&#8221;.vc_custom_1509374538687{padding-top: 15px !important;padding-bottom: 15px !important;}&#8221;][vc_column_text]<\/p>\n<h4>Lydinge Resort Stafet 21,1 km<\/h4>\n<p><strong>Distance:<\/strong> 21 097,5 meter<\/p>\n<p><strong>Delstr\u00e6kning 1:<\/strong> 4,8 km (start ved Dunkers Kulturhus 0 km og skift ved P\u00e5lsj\u00f6 tennis 4,8 km)<br \/>\n<strong>Delstr\u00e6kning 2:<\/strong> 6,3 km (start ved P\u00e5lj\u00f6 tennis 4,8 km. Og skift ved P\u00e5lsj\u00f6 skog 11,1 km)<br \/>\n<strong>Delstr\u00e6kning 3:<\/strong> 5,7 km (start ved P\u00e5lsj\u00f6 skog 11,1 km. Og skift ved Tinkarpsbacken 16,8 km)<br \/>\n<strong>Delstr\u00e6kning 4:<\/strong> 4,3 km (start ved Tinkarpsbacken 16,8 km og m\u00e5l ved Gr\u00f6ningen 21,1 km)<\/p>\n<p><strong>Klasser:<\/strong> Herrer, Damer, Mix og firma<\/p>\n<p><strong>H\u00f8jdeforskel:<\/strong> Samlet stigning p\u00e5 95 meter. I alt 190 meter (op og ned).<\/p>\n<p><strong>Underlag:<\/strong> ca. 89% asfalt, 10% h\u00e5rdt pakket grus og 1% \u00f8vrigt[\/vc_column_text][vc_column_text]<\/p>\n<h4>Lydinge Resort Stafet 42,2 km<\/h4>\n<p><strong>Distance:<\/strong> 42 195 meter<\/p>\n<p><strong>Delstr\u00e6kning 1:<\/strong> 11,3 km (start ved Dunkers Kulturhus 0 km og skift ved \u00c4ttekulla 11,3 km)<br \/>\n<strong>Delstr\u00e6kning 2:<\/strong> 10,3 km (start ved \u00c4ttekulla 11,3 km. Og skift ved Fredriksdal 21,6 km)<br \/>\n<strong>Delstr\u00e6kning 3:<\/strong> 9,5 km (start ved Fredriksdal 21,6 km. Og skift ved P\u00e5lsj\u00f6 skog 31,1 km)<br \/>\n<strong>Delstr\u00e6kning 4:<\/strong> 11,1 km (start ved P\u00e5lsj\u00f6 skog 31,1 km og m\u00e5l ved Gr\u00f6ningen 42,2 km)<\/p>\n<p><strong>Klasser:<\/strong> Herrer, Damer, Mix og firma<\/p>\n<p><strong>H\u00f8jdeforskel:<\/strong> Samlet stigning p\u00e5 135 m. 270 meter (op og ned).<\/p>\n<p><strong>Underlag:<\/strong> ca. 89% asfalt, 10% h\u00e5rdt pakket grus og 1% \u00f8vrigt[\/vc_column_text][\/vc_column][\/vc_row][vc_row css=&#8221;.vc_custom_1509387944389{padding-bottom: 100px !important;}&#8221;][vc_column][vc_custom_heading text=&#8221;Ruteprofil for Lydinge Resort Stafet 21,1&#8243; use_theme_fonts=&#8221;yes&#8221;][vc_single_image image=&#8221;21806&#8243; img_size=&#8221;full&#8221;][vc_empty_space][vc_custom_heading text=&#8221;Ruteprofil for Lydinge Resort Stafet 42,2&#8243; use_theme_fonts=&#8221;yes&#8221;][vc_single_image image=&#8221;21795&#8243; img_size=&#8221;full&#8221;][\/vc_column][\/vc_row][vc_row css=&#8221;.vc_custom_1509376937466{padding-bottom: 100px !important;}&#8221;][vc_column width=&#8221;1\/2&#8243;][vc_single_image image=&#8221;14687&#8243; img_size=&#8221;full&#8221; alignment=&#8221;center&#8221; onclick=&#8221;custom_link&#8221; link=&#8221;https:\/\/helsingborgmarathon.se\/da\/resultat\/&#8221; css=&#8221;.vc_custom_1576842774391{padding-bottom: 50px !important;}&#8221;][vc_column_text]<\/p>\n<h1 style=\"text-align: center;\"><a href=\"https:\/\/helsingborgmarathon.se\/da\/resultat\/\">Resultat<\/a><\/h1>\n<p>[\/vc_column_text][\/vc_column][vc_column width=&#8221;1\/2&#8243;][vc_single_image image=&#8221;14686&#8243; img_size=&#8221;full&#8221; alignment=&#8221;center&#8221; onclick=&#8221;custom_link&#8221; link=&#8221;https:\/\/helsingborgmarathon.se\/da\/media\/&#8221; css=&#8221;.vc_custom_1576842818289{padding-bottom: 50px !important;}&#8221;][vc_column_text]<\/p>\n<h1 style=\"text-align: center;\"><a href=\"https:\/\/helsingborgmarathon.se\/da\/media\/\" rel=\"noopener noreferrer\">Billeder<\/a><\/h1>\n<p>[\/vc_column_text][\/vc_column][\/vc_row][vc_row full_width=&#8221;stretch_row_content_no_spaces&#8221; css=&#8221;.vc_custom_1509407137632{padding-bottom: 60px !important;background-color: #35b6b4 !important;}&#8221; el_class=&#8221;qbotcontainer&#8221;][vc_column width=&#8221;1\/3&#8243;][\/vc_column][vc_column width=&#8221;1\/3&#8243; el_class=&#8221;qs-bot-center&#8221;][vc_column_text]<\/p>\n<h3 style=\"text-align: center;\">De mest almindelige sp\u00f8rgsm\u00e5l<\/h3>\n<p>[\/vc_column_text][vc_separator color=&#8221;white&#8221; border_width=&#8221;2&#8243; el_width=&#8221;10&#8243;][vc_column_text]<\/p>\n<p style=\"text-align: center;\">Hvorn\u00e5r er l\u00f8bet?<\/p>\n<p style=\"text-align: center;\">Hvordan er ruten?<\/p>\n<p style=\"text-align: center;\">Har i fartholdere?<\/p>\n<p style=\"text-align: center;\">Hvad indg\u00e5r i tilmeldingen?<\/p>\n<p>[\/vc_column_text]<a itemprop=\"url\" href=\"https:\/\/helsingborgmarathon.se\/da\/faq\/\" target=\"_self\" style=\"color: #35b6b4;background-color: #ffffff;border-color: #ffffff;margin: 40px 0px 0px 0px\" class=\"mkdf-btn mkdf-btn-medium mkdf-btn-solid mkdf-btn-custom-hover-bg mkdf-btn-custom-border-hover mkdf-btn-custom-hover-color\" data-hover-color=\"#ffffff\" data-hover-bg-color=\"#0a0a0a\" data-hover-border-color=\"#0a0202\" >\n    \t<span class=\"mkdf-btn-text\">G\u00e5 til alle sp\u00f8rgsm\u00e5l &amp; svar<\/span>\n\t        \t<\/a>[\/vc_column][vc_column width=&#8221;1\/3&#8243;][\/vc_column][\/vc_row]<\/p>\n<\/div>","protected":false},"excerpt":{"rendered":"<p>[vc_row css=&#8221;.vc_custom_1696602571120{padding-bottom: 60px !important;}&#8221;][vc_column][\/vc_column][\/vc_row][vc_row css=&#8221;.vc_custom_1509388328030{padding-bottom: 50px !important;}&#8221;][vc_column width=&#8221;3\/4&#8243;][vc_column_text el_class=&#8221;hbgmbread&#8221;] Lydinge Resort Stafet 21,1 km \/ 42,2 km p\u00e5 hold med 2-4 personer [\/vc_column_text][vc_column_text] Vi l\u00f8ber med hjertet og k\u00e6mper som et hold. [\/vc_column_text][vc_separator color=&#8221;black&#8221; align=&#8221;align_left&#8221; border_width=&#8221;2&#8243; el_width=&#8221;10&#8243; css=&#8221;.vc_custom_1509374538687{padding-top: 15px !important;padding-bottom: [&hellip;]<\/p>\n","protected":false},"author":1,"featured_media":0,"parent":0,"menu_order":0,"comment_status":"closed","ping_status":"closed","template":"","meta":{"footnotes":""},"class_list":["post-14789","page","type-page","status-publish","hentry"],"_links":{"self":[{"href":"https:\/\/helsingborgmarathon.se\/da\/wp-json\/wp\/v2\/pages\/14789","targetHints":{"allow":["GET"]}}],"collection":[{"href":"https:\/\/helsingborgmarathon.se\/da\/wp-json\/wp\/v2\/pages"}],"about":[{"href":"https:\/\/helsingborgmarathon.se\/da\/wp-json\/wp\/v2\/types\/page"}],"author":[{"embeddable":true,"href":"https:\/\/helsingborgmarathon.se\/da\/wp-json\/wp\/v2\/users\/1"}],"replies":[{"embeddable":true,"href":"https:\/\/helsingborgmarathon.se\/da\/wp-json\/wp\/v2\/comments?post=14789"}],"version-history":[{"count":79,"href":"https:\/\/helsingborgmarathon.se\/da\/wp-json\/wp\/v2\/pages\/14789\/revisions"}],"predecessor-version":[{"id":23205,"href":"https:\/\/helsingborgmarathon.se\/da\/wp-json\/wp\/v2\/pages\/14789\/revisions\/23205"}],"wp:attachment":[{"href":"https:\/\/helsingborgmarathon.se\/da\/wp-json\/wp\/v2\/media?parent=14789"}],"curies":[{"name":"wp","href":"https:\/\/api.w.org\/{rel}","templated":true}]}}