{"id":14843,"date":"2017-10-30T08:39:34","date_gmt":"2017-10-30T08:39:34","guid":{"rendered":"https:\/\/helsingborgmarathon.se\/kids-run\/"},"modified":"2026-02-20T11:45:39","modified_gmt":"2026-02-20T11:45:39","slug":"kids-run","status":"publish","type":"page","link":"https:\/\/helsingborgmarathon.se\/da\/kids-run\/","title":{"rendered":"Kids Run"},"content":{"rendered":"<div class=\"wpb-content-wrapper\"><p>[vc_row css=&#8221;.vc_custom_1696602941427{padding-bottom: 60px !important;}&#8221;][vc_column]\n\t\t\t<!-- START Kids run Dan REVOLUTION SLIDER 6.7.38 --><p class=\"rs-p-wp-fix\"><\/p>\n\t\t\t<rs-module-wrap id=\"rev_slider_30_1_wrapper\" data-source=\"gallery\" style=\"visibility:hidden;background:transparent;padding:0;\">\n\t\t\t\t<rs-module id=\"rev_slider_30_1\" style=\"\" data-version=\"6.7.38\">\n\t\t\t\t\t<rs-slides style=\"overflow: hidden; position: absolute;\">\n\t\t\t\t\t\t<rs-slide style=\"position: absolute;\" data-key=\"rs-51\" data-title=\"Slide\" data-anim=\"ms:10;\" data-in=\"o:1;\" data-out=\"a:false;\">\n\t\t\t\t\t\t\t<img decoding=\"async\" src=\"\/\/helsingborgmarathon.se\/wp-content\/plugins\/revslider\/sr6\/assets\/assets\/dummy.png\" alt=\"\" title=\"Juan Gaete A\" width=\"1921\" height=\"1411\" class=\"rev-slidebg tp-rs-img rs-lazyload\" data-lazyload=\"\/\/helsingborgmarathon.se\/wp-content\/uploads\/2025\/09\/slider-kids-26-2.jpg\" data-parallax=\"off\" data-no-retina>\n<!--\n\t\t\t\t\t\t\t--><rs-layer\n\t\t\t\t\t\t\t\tid=\"slider-30-slide-51-layer-4\" \n\t\t\t\t\t\t\t\tdata-type=\"image\"\n\t\t\t\t\t\t\t\tdata-rsp_ch=\"on\"\n\t\t\t\t\t\t\t\tdata-xy=\"x:c;yo:150px,45px,65px,120px;\"\n\t\t\t\t\t\t\t\tdata-text=\"w:normal;s:20,12,9,4;l:0,15,11,6;\"\n\t\t\t\t\t\t\t\tdata-dim=\"w:300px,200px,200px,150px;h:216px,144px,144px,108px;\"\n\t\t\t\t\t\t\t\tdata-frame_999=\"o:0;st:w;\"\n\t\t\t\t\t\t\t\tstyle=\"z-index:9;\"\n\t\t\t\t\t\t\t><img decoding=\"async\" src=\"\/\/helsingborgmarathon.se\/wp-content\/plugins\/revslider\/sr6\/assets\/assets\/dummy.png\" alt=\"\" class=\"tp-rs-img rs-lazyload\" width=\"500\" height=\"360\" data-lazyload=\"\/\/helsingborgmarathon.se\/wp-content\/uploads\/2026\/01\/logo-kids-26-new.png\" data-no-retina> \n\t\t\t\t\t\t\t<\/rs-layer><!--\n\n\t\t\t\t\t\t\t--><rs-layer\n\t\t\t\t\t\t\t\tid=\"slider-30-slide-51-layer-12\" \n\t\t\t\t\t\t\t\tdata-type=\"image\"\n\t\t\t\t\t\t\t\tdata-rsp_ch=\"on\"\n\t\t\t\t\t\t\t\tdata-xy=\"x:c;y:b;yo:50px;\"\n\t\t\t\t\t\t\t\tdata-text=\"l:22;a:inherit;\"\n\t\t\t\t\t\t\t\tdata-dim=\"w:[&#039;13px&#039;,&#039;13px&#039;,&#039;13px&#039;,&#039;13px&#039;];h:[&#039;33px&#039;,&#039;33px&#039;,&#039;33px&#039;,&#039;33px&#039;];\"\n\t\t\t\t\t\t\t\tdata-frame_1=\"sR:10;\"\n\t\t\t\t\t\t\t\tdata-frame_999=\"o:0;st:w;sR:2690;\"\n\t\t\t\t\t\t\t\tstyle=\"z-index:5;\"\n\t\t\t\t\t\t\t><img decoding=\"async\" src=\"\/\/helsingborgmarathon.se\/wp-content\/plugins\/revslider\/sr6\/assets\/assets\/dummy.png\" alt=\"\" class=\"tp-rs-img rs-lazyload\" width=\"33\" height=\"83\" data-lazyload=\"\/\/helsingborgmarathon.se\/wp-content\/uploads\/2017\/10\/arrow-down.png\" data-no-retina> \n\t\t\t\t\t\t\t<\/rs-layer><!--\n\n\t\t\t\t\t\t\t--><rs-layer\n\t\t\t\t\t\t\t\tid=\"slider-30-slide-51-layer-14\" \n\t\t\t\t\t\t\t\tclass=\"revslideMeter\"\n\t\t\t\t\t\t\t\tdata-type=\"text\"\n\t\t\t\t\t\t\t\tdata-rsp_ch=\"on\"\n\t\t\t\t\t\t\t\tdata-xy=\"x:c;y:b;yo:380px,188px,240px,200px;\"\n\t\t\t\t\t\t\t\tdata-text=\"w:nowrap,nowrap,nowrap,normal;s:50,40,40,40;l:50,50,40,40;ls:2px;a:inherit,inherit,inherit,center;\"\n\t\t\t\t\t\t\t\tdata-dim=\"w:auto,auto,auto,290px;\"\n\t\t\t\t\t\t\t\tdata-frame_1=\"sR:10;\"\n\t\t\t\t\t\t\t\tdata-frame_999=\"o:0;st:w;sR:2690;\"\n\t\t\t\t\t\t\t\tstyle=\"z-index:6;font-family:'Josefin Sans';text-transform:uppercase;\"\n\t\t\t\t\t\t\t>650\/1600 meter \n\t\t\t\t\t\t\t<\/rs-layer><!--\n\n\t\t\t\t\t\t\t--><rs-layer\n\t\t\t\t\t\t\t\tid=\"slider-30-slide-51-layer-17\" \n\t\t\t\t\t\t\t\tclass=\"revslideReadMore\"\n\t\t\t\t\t\t\t\tdata-type=\"text\"\n\t\t\t\t\t\t\t\tdata-rsp_ch=\"on\"\n\t\t\t\t\t\t\t\tdata-xy=\"x:c;y:b;yo:90px;\"\n\t\t\t\t\t\t\t\tdata-text=\"s:14;l:22;ls:1px;a:inherit;\"\n\t\t\t\t\t\t\t\tdata-frame_1=\"sR:10;\"\n\t\t\t\t\t\t\t\tdata-frame_999=\"o:0;st:w;sR:2690;\"\n\t\t\t\t\t\t\t\tstyle=\"z-index:8;font-family:'Josefin Sans';text-transform:uppercase;\"\n\t\t\t\t\t\t\t>L\u00e6s mer \n\t\t\t\t\t\t\t<\/rs-layer><!--\n-->\t\t\t\t\t<\/rs-slide>\n\t\t\t\t\t<\/rs-slides>\n\t\t\t\t<\/rs-module>\n\t\t\t\t<script>\n\t\t\t\t\tsetREVStartSize({c: 'rev_slider_30_1',rl:[1240,1024,778,480],el:[865,453,550,545],gw:[1300,800,600,300],gh:[865,453,550,545],type:'hero',justify:'',layout:'fullscreen',offsetContainer:'.touch .mkdf-mobile-header',offset:'',mh:\"0\"});if (window.RS_MODULES!==undefined && window.RS_MODULES.modules!==undefined && window.RS_MODULES.modules[\"revslider301\"]!==undefined) {window.RS_MODULES.modules[\"revslider301\"].once = false;window.revapi30 = undefined;if (window.RS_MODULES.checkMinimal!==undefined) window.RS_MODULES.checkMinimal()}\n\t\t\t\t<\/script>\n\t\t\t<\/rs-module-wrap>\n\t\t\t<!-- END REVOLUTION SLIDER -->\n[\/vc_column][\/vc_row][vc_row css=&#8221;.vc_custom_1509388328030{padding-bottom: 50px !important;}&#8221;][vc_column width=&#8221;3\/4&#8243;][vc_column_text el_class=&#8221;hbgmbread&#8221;]<\/p>\n<h5><strong>Cheap Energy Kids Run 650-1600 meter<\/strong><\/h5>\n<p>[\/vc_column_text][vc_column_text]<\/p>\n<h1>Alle er vindere, med hjerte og passion.<\/h1>\n<p>[\/vc_column_text][vc_separator color=&#8221;black&#8221; align=&#8221;align_left&#8221; border_width=&#8221;2&#8243; el_width=&#8221;10&#8243; css=&#8221;.vc_custom_1509374538687{padding-top: 15px !important;padding-bottom: 15px !important;}&#8221;][vc_column_text]Under Helsingborg Marathon vil vi, at all skal have mulighed for at v\u00e6re med, ta del af m\u00e5lgangen, f\u00e5 en medalje og f\u00f8le sig som en vinder. Under Cheap Energy Kids run f\u00e5r de yngste l\u00f8bere (3-12 \u00e5r) l\u00f8be p\u00e5 opl\u00f8bsstr\u00e6kningen, r\u00e6kke h\u00e6nderne i vejret og modtage medaljen ved m\u00e5let, enten uden tidtagning p\u00e5 650 meter eller med tidtagning p\u00e5 1600 meter. Uanset hvad, s\u00e5 er alle vindere.<\/p>\n<p>Velkommen til Cheap Energy Kids Run!<\/p>\n<p><span style=\"font-weight: 400;\">Psst. Vil du tilmelde en gruppe? Download vores blanket <a href=\"https:\/\/helsingborgmarathon.se\/wp-content\/uploads\/2026\/02\/group_registration_hbgm_26_2.xlsx\">HER<\/a><\/span>[\/vc_column_text][\/vc_column][vc_column width=&#8221;1\/4&#8243;][\/vc_column][\/vc_row][vc_row css=&#8221;.vc_custom_1509462834528{padding-bottom: 50px !important;}&#8221;][vc_column width=&#8221;1\/4&#8243;][vc_column_text]<\/p>\n<h5>Startgebyr<\/h5>\n<p>150 SEK[\/vc_column_text][\/vc_column][vc_column width=&#8221;1\/4&#8243;][vc_column_text]<\/p>\n<h5>Dato<\/h5>\n<p>5 september 2026<br \/>\n1600 m kl. 08:30 (uden for\u00e6ldre)<br \/>\n650 m kl. 08:40 (uden for\u00e6ldre)<br \/>\n650 m kl. 08:50 (med for\u00e6ldre)[\/vc_column_text][\/vc_column][vc_column width=&#8221;1\/4&#8243;][vc_column_text]<\/p>\n<h5>Tilmelding<\/h5>\n<p class=\"p1\">Ordin\u00e6r tilmelding indtil 23. august 2026 eller indtil alle 1.000 pladser er udsolgt.[\/vc_column_text][\/vc_column][vc_column width=&#8221;1\/4&#8243; css=&#8221;.vc_custom_1509462861452{padding-top: 30px !important;}&#8221;]<a itemprop=\"url\" href=\"https:\/\/helsingborgmarathon.se\/registration\/kids\/?lang=den\" target=\"_self\"  class=\"mkdf-btn mkdf-btn-medium mkdf-btn-solid pageanmalbutton\"  >\n    \t<span class=\"mkdf-btn-text\">Tilmeld dig her!<\/span>\n\t        \t<\/a>[\/vc_column][\/vc_row][vc_row css=&#8221;.vc_custom_1509387944389{padding-bottom: 100px !important;}&#8221;][vc_column][vc_custom_heading text=&#8221;Ruten for Cheap Energy Kids Run&#8221; use_theme_fonts=&#8221;yes&#8221;][vc_gmaps link=&#8221;#E-8_JTNDaWZyYW1lJTIwc3JjJTNEJTIyaHR0cHMlM0ElMkYlMkZ3d3cuZ29vZ2xlLmNvbSUyRm1hcHMlMkZkJTJGdSUyRjElMkZlbWJlZCUzRm1pZCUzRDF6X3VqaTQ3X2N3RnJUVUwteHhiYXc5VnBUUjAlMjIlMjB3aWR0aCUzRCUyMjY0MCUyMiUyMGhlaWdodCUzRCUyMjQ4MCUyMiUzRSUzQyUyRmlmcmFtZSUzRQ==&#8221;][\/vc_column][\/vc_row][vc_row css=&#8221;.vc_custom_1509387944389{padding-bottom: 100px !important;}&#8221;][vc_column][vc_custom_heading text=&#8221;Ruteinformation Cheap Energy Kids Run&#8221; use_theme_fonts=&#8221;yes&#8221;][vc_column_text]<\/p>\n<p>Cheap Energy Kids Run er l\u00f8bet, hvor de yngste f\u00e5r mulighed for at opleve vinderf\u00f8lelsen n\u00e5r de l\u00f8ber i m\u00e5l med armene i vejret under den store m\u00e5l bue for Helsingborg Marathon. Starten for begge distancer g\u00e5r 650 meter nord for m\u00e5let til Helsingborg Marathon p\u00e5 Gr\u00f6ningen. De yngste kan opleve hvordan det er at l\u00f8be den sidste lige str\u00e6kning af opl\u00f8bet under flagspildet af hvide og turkise flag. De lidt \u00e6ldre b\u00f8rn som l\u00f8ber 1.600 meter starter yderligere 150 meter mod nord og sigter f\u00f8rst mod statuen af Helsingborgs ikon Henrik Larsson, der st\u00e5r ca. 1.200 meter nord for m\u00e5let til Helsingborg Marathon. Vel oppe ved statuen vender de i en bue og k\u00e6mper de sidste 1.200 meter langs \u00d8resund og strandpromenaden in mod m\u00e5llinjen. En oplevelse som giver et minde for livet!<\/p>\n<p>[\/vc_column_text][vc_separator color=&#8221;black&#8221; align=&#8221;align_left&#8221; border_width=&#8221;2&#8243; el_width=&#8221;10&#8243; css=&#8221;.vc_custom_1509374538687{padding-top: 15px !important;padding-bottom: 15px !important;}&#8221;][vc_column_text]<strong>Distance:<\/strong> 650 eller 1600 meter<\/p>\n<p><strong>Timing:<\/strong> 1600 meter (ingen officielle resultater)<\/p>\n<p><strong>H\u00f8jdeforskel:<\/strong> 2 meter<\/p>\n<p><strong>Underlag:<\/strong> 100% asfalt[\/vc_column_text][\/vc_column][\/vc_row][vc_row css=&#8221;.vc_custom_1509376937466{padding-bottom: 100px !important;}&#8221;][vc_column width=&#8221;1\/2&#8243;][vc_single_image image=&#8221;14687&#8243; img_size=&#8221;full&#8221; alignment=&#8221;center&#8221; onclick=&#8221;custom_link&#8221; link=&#8221;https:\/\/helsingborgmarathon.se\/da\/resultat\/&#8221; css=&#8221;.vc_custom_1575970023869{padding-bottom: 50px !important;}&#8221;][vc_column_text]<\/p>\n<h1 style=\"text-align: center;\"><a href=\"https:\/\/helsingborgmarathon.se\/da\/resultat\/\">Resultat<\/a><\/h1>\n<p>[\/vc_column_text][\/vc_column][vc_column width=&#8221;1\/2&#8243;][vc_single_image image=&#8221;14686&#8243; img_size=&#8221;full&#8221; alignment=&#8221;center&#8221; onclick=&#8221;custom_link&#8221; link=&#8221;https:\/\/helsingborgmarathon.se\/da\/media\/&#8221; css=&#8221;.vc_custom_1575970058352{padding-bottom: 50px !important;}&#8221;][vc_column_text]<\/p>\n<h1 style=\"text-align: center;\"><a href=\"https:\/\/helsingborgmarathon.se\/da\/media\/\" rel=\"noopener noreferrer\">Billeder<\/a><\/h1>\n<p>[\/vc_column_text][\/vc_column][\/vc_row][vc_row full_width=&#8221;stretch_row_content_no_spaces&#8221; css=&#8221;.vc_custom_1509407137632{padding-bottom: 60px !important;background-color: #35b6b4 !important;}&#8221; el_class=&#8221;qbotcontainer&#8221;][vc_column width=&#8221;1\/3&#8243;][\/vc_column][vc_column width=&#8221;1\/3&#8243; el_class=&#8221;qs-bot-center&#8221;][vc_column_text]<\/p>\n<h3 style=\"text-align: center;\">De mest almindelige sp\u00f8rgsm\u00e5l<\/h3>\n<p>[\/vc_column_text][vc_separator color=&#8221;white&#8221; border_width=&#8221;2&#8243; el_width=&#8221;10&#8243;][vc_column_text]<\/p>\n<p style=\"text-align: center;\">Hvorn\u00e5r er l\u00f8bet?<\/p>\n<p style=\"text-align: center;\">Hvordan er ruten?<\/p>\n<p style=\"text-align: center;\">Har i fartholdere?<\/p>\n<p style=\"text-align: center;\">Hvad indg\u00e5r i tilmeldingen?<\/p>\n<p>[\/vc_column_text]<a itemprop=\"url\" href=\"https:\/\/helsingborgmarathon.se\/da\/faq\/\" target=\"_self\" style=\"color: #35b6b4;background-color: #ffffff;border-color: #ffffff;margin: 40px 0px 0px 0px\" class=\"mkdf-btn mkdf-btn-medium mkdf-btn-solid mkdf-btn-custom-hover-bg mkdf-btn-custom-border-hover mkdf-btn-custom-hover-color\" data-hover-color=\"#ffffff\" data-hover-bg-color=\"#0a0a0a\" data-hover-border-color=\"#0a0202\" >\n    \t<span class=\"mkdf-btn-text\">G\u00e5 til alle sp\u00f8rgsm\u00e5l &amp; svar<\/span>\n\t        \t<\/a>[\/vc_column][vc_column width=&#8221;1\/3&#8243;][\/vc_column][\/vc_row]<\/p>\n<\/div>","protected":false},"excerpt":{"rendered":"<p>[vc_row css=&#8221;.vc_custom_1696602941427{padding-bottom: 60px !important;}&#8221;][vc_column][\/vc_column][\/vc_row][vc_row css=&#8221;.vc_custom_1509388328030{padding-bottom: 50px !important;}&#8221;][vc_column width=&#8221;3\/4&#8243;][vc_column_text el_class=&#8221;hbgmbread&#8221;] Cheap Energy Kids Run 650-1600 meter [\/vc_column_text][vc_column_text] Alle er vindere, med hjerte og passion. [\/vc_column_text][vc_separator color=&#8221;black&#8221; align=&#8221;align_left&#8221; border_width=&#8221;2&#8243; el_width=&#8221;10&#8243; css=&#8221;.vc_custom_1509374538687{padding-top: 15px !important;padding-bottom: 15px !important;}&#8221;][vc_column_text]Under Helsingborg Marathon vil vi, at all skal [&hellip;]<\/p>\n","protected":false},"author":1,"featured_media":0,"parent":0,"menu_order":0,"comment_status":"closed","ping_status":"closed","template":"","meta":{"footnotes":""},"class_list":["post-14843","page","type-page","status-publish","hentry"],"_links":{"self":[{"href":"https:\/\/helsingborgmarathon.se\/da\/wp-json\/wp\/v2\/pages\/14843","targetHints":{"allow":["GET"]}}],"collection":[{"href":"https:\/\/helsingborgmarathon.se\/da\/wp-json\/wp\/v2\/pages"}],"about":[{"href":"https:\/\/helsingborgmarathon.se\/da\/wp-json\/wp\/v2\/types\/page"}],"author":[{"embeddable":true,"href":"https:\/\/helsingborgmarathon.se\/da\/wp-json\/wp\/v2\/users\/1"}],"replies":[{"embeddable":true,"href":"https:\/\/helsingborgmarathon.se\/da\/wp-json\/wp\/v2\/comments?post=14843"}],"version-history":[{"count":48,"href":"https:\/\/helsingborgmarathon.se\/da\/wp-json\/wp\/v2\/pages\/14843\/revisions"}],"predecessor-version":[{"id":23231,"href":"https:\/\/helsingborgmarathon.se\/da\/wp-json\/wp\/v2\/pages\/14843\/revisions\/23231"}],"wp:attachment":[{"href":"https:\/\/helsingborgmarathon.se\/da\/wp-json\/wp\/v2\/media?parent=14843"}],"curies":[{"name":"wp","href":"https:\/\/api.w.org\/{rel}","templated":true}]}}