{"id":14910,"date":"2018-12-06T10:11:28","date_gmt":"2018-12-06T10:11:28","guid":{"rendered":"https:\/\/helsingborgmarathon.se\/hotell\/"},"modified":"2026-02-13T12:09:25","modified_gmt":"2026-02-13T12:09:25","slug":"hotell","status":"publish","type":"page","link":"https:\/\/helsingborgmarathon.se\/da\/hotell\/","title":{"rendered":"Res, bo &#038; oplev"},"content":{"rendered":"<div class=\"wpb-content-wrapper\"><p>[vc_row full_width=&#8221;stretch_row_content_no_spaces&#8221; disable_background_image=&#8221;&#8221; content_text_aligment=&#8221;center&#8221; css=&#8221;.vc_custom_1552572309795{margin-bottom: 60px !important;padding-bottom: 60px !important;}&#8221; simple_background_image=&#8221;3108&#8243; el_class=&#8221;radenmbackie&#8221;][vc_column][vc_empty_space height=&#8221;400px&#8221;][\/vc_column][\/vc_row][vc_row css=&#8221;.vc_custom_1522245032950{padding-bottom: 50px !important;}&#8221; el_class=&#8221;backie&#8221;][vc_column width=&#8221;3\/4&#8243;][vc_column_text el_class=&#8221;hbgmbread&#8221;]<\/p>\n<h5>Hotel<\/h5>\n<p>[\/vc_column_text][vc_column_text]<\/p>\n<h1>Overnat i Helsingborg under HBGM<\/h1>\n<p>[\/vc_column_text][vc_separator color=&#8221;black&#8221; align=&#8221;align_left&#8221; border_width=&#8221;2&#8243; el_width=&#8221;10&#8243; css=&#8221;.vc_custom_1509374538687{padding-top: 15px !important;padding-bottom: 15px !important;}&#8221;][vc_column_text]Benyt muligheden for at blive en nat eller to i vores smukke by under maratonweekenden. Du bor bedst p\u00e5 de officielle maratonhoteller Radisson Blu Metropol og Elite Hotel Marina Plaza. Her f\u00e5r du som l\u00f8ber specialpriser \u2013 ogs\u00e5 for familien. Morgenmad er inkluderet i prisen.<\/p>\n<p class=\"p1\">Du f\u00e5r 20% rabat p\u00e5 Radisson Blu Metropol p\u00e5 din overnatning med morgenmad den 1 &#8211; 11 september 2026med koden \u201cHELMAR26\u201d. Indtast rabatkoden under \u201cSpecialpriser\u201d, n\u00e5r du s\u00f8ger efter dit v\u00e6relse p\u00e5 hjemmesiden, eller oplys den, n\u00e5r du ringer for at booke.<\/p>\n<p class=\"p1\">Som deltager i HBGM f\u00e5r du 15% rabat p\u00e5 din overnatning p\u00e5 <a href=\"https:\/\/bookings.elite.se\/ibe\/details.aspx?propertyid=16741&amp;nights=1&amp;checkin=2025-09-04&amp;group=7168610&amp;lang=sv\">Elite Hotel Marina Plaza<\/a> &amp; <a href=\"https:\/\/bookings.elite.se\/ibe\/details.aspx?propertyid=16740&amp;nights=1&amp;checkin=2025-09-04&amp;group=4111946&amp;lang=sv\">Elite Hotel Mollberg<\/a> i weekenden den 5 \u2013 7 september 2025. Brug disse reservationslinks for at opn\u00e5 rabatten: <a href=\"https:\/\/bookings.elite.se\/ibe\/details.aspx?propertyid=16741&amp;nights=1&amp;checkin=2025-09-04&amp;group=7168610&amp;lang=sv\">Elite Hotel Marina Plaza<\/a> eller <a href=\"https:\/\/bookings.elite.se\/ibe\/details.aspx?propertyid=16740&amp;nights=1&amp;checkin=2025-09-04&amp;group=4111946&amp;lang=sv\">Elite Hotel Mollberg<\/a><\/p>\n<p class=\"p1\">Vi \u00f8nsker dig et dejligt ophold i Helsingborg![\/vc_column_text][\/vc_column][\/vc_row][vc_row css=&#8221;.vc_custom_1522245032950{padding-bottom: 50px !important;}&#8221; el_class=&#8221;backie&#8221;][vc_column width=&#8221;3\/4&#8243;][vc_column_text el_class=&#8221;hbgmbread&#8221;]<\/p>\n<h5>Rejse<\/h5>\n<p>[\/vc_column_text][vc_column_text]<\/p>\n<h1>Res til Helsingborg under HBGM<\/h1>\n<p>[\/vc_column_text][vc_separator color=&#8221;black&#8221; align=&#8221;align_left&#8221; border_width=&#8221;2&#8243; el_width=&#8221;10&#8243; css=&#8221;.vc_custom_1509374538687{padding-top: 15px !important;padding-bottom: 15px !important;}&#8221;][vc_column_text]En af de mange fordele ved HBGM, som mange mennesker kan lide, er tilg\u00e6ngeligheden. Med kun 5 minutters gang fra Helsingborg C til b\u00e5de start \/ slutning af HBGM, hoteller, restauranter og butikker, er det meget let at rejse her. S\u00e5 uanset om du kommer med tog, bus eller b\u00e5d, er du t\u00e6t p\u00e5 alt.<br \/>\nVi kan godt lide milj\u00f8venlige alternativer, s\u00e5 vi opfordrer dig til at tage toget. Hvorfor ikke booke din rejse nedenfor lige nu?[\/vc_column_text][vc_raw_js]JTNDZGl2JTIwaWQlM0QlMjJzai13aWRnZXQlMjIlM0UlM0MlMkZkaXYlM0UlMEElMEElM0NzY3JpcHQlMjB0eXBlJTNEJTIydGV4dCUyRmphdmFzY3JpcHQlMjIlMjBzcmMlM0QlMjJodHRwcyUzQSUyRiUyRnd3dy5zai5zZSUyRm1pY3Jvc2l0ZS13aWRnZXQlMkZtaWNyb3NpdGUtd2lkZ2V0Lm1pbi5qcyUyMiUzRSUzQyUyRnNjcmlwdCUzRSUwQSUwQSUzQ3NjcmlwdCUyMHR5cGUlM0QlMjJ0ZXh0JTJGamF2YXNjcmlwdCUyMiUzRSUwQSUwQSUyMCUyMCUyMCUyMCUyOGZ1bmN0aW9uJTI4cm9vdCUyOSUyMCU3QiUwQSUwQSUyMCUyMCUyMCUyMCUyMCUyMCUyMCUyMHZhciUyMFNKJTIwJTNEJTIwcm9vdC5TSiUzQiUwQSUwQSUyMCUyMCUyMCUyMCUyMCUyMCUyMCUyMHZhciUyMGNvbmZpZ3VyYXRpb24lMjAlM0QlMjAlN0IlMEElMEElMjAlMjAlMjAlMjAlMjAlMjAlMjAlMjAlMjAlMjAlMjAlMjBtaWNyb3NpdGVJZCUzQSUyMCUyMjJmNTlhZTcxLWY3OWItNDVhNC1iOTRmLTIwZjIyMzQ0ZDliOSUyMiUyQyUwQSUwQSUyMCUyMCUyMCUyMCUyMCUyMCUyMCUyMCUyMCUyMCUyMCUyMGxhbmd1YWdlJTNBJTIwJTIyZGslMjIlMEElMEElMjAlMjAlMjAlMjAlMjAlMjAlMjAlMjAlN0QlM0IlMEElMEElMjAlMjAlMjAlMjAlMjAlMjAlMjAlMjBTSi53aWRnZXQuaW5pdCUyOGNvbmZpZ3VyYXRpb24lMjklM0IlMEElMEElMjAlMjAlMjAlMjAlN0QlMjh0aGlzJTI5JTI5JTNCJTBBJTBBJTNDJTJGc2NyaXB0JTNF[\/vc_raw_js][\/vc_column][\/vc_row][vc_row css=&#8221;.vc_custom_1522245032950{padding-bottom: 50px !important;}&#8221; el_class=&#8221;backie&#8221;][vc_column width=&#8221;3\/4&#8243;][vc_column_text el_class=&#8221;hbgmbread&#8221;]<\/p>\n<h5>Oplev<\/h5>\n<p>[\/vc_column_text][vc_column_text]<\/p>\n<h1>Oplev Helsingborg under HBGM<\/h1>\n<p>[\/vc_column_text][vc_separator color=&#8221;black&#8221; align=&#8221;align_left&#8221; border_width=&#8221;2&#8243; el_width=&#8221;10&#8243; css=&#8221;.vc_custom_1509374538687{padding-top: 15px !important;padding-bottom: 15px !important;}&#8221;][vc_column_text]Helsingborg er en fantastisk by at feriere i. Der er masser at g\u00f8re for alle aldersgrupper og interesser. Hele byen bliver ikke kun involveret i at g\u00f8re HBGM til et parti, som vi har valgt at kalde Stadsdelsfesten. Stadsdelsfesten er en m\u00e5de for Helsingborgs indbyggere og foreninger at deltage i HBGM ved at g\u00f8re deres egne aktiviteter for at lokke skarer og l\u00f8bere langs vores smukke by.<\/p>\n<p>I Helsingborg er der ogs\u00e5 ting at g\u00f8re for dem, der er medrejsende og ikke skal l\u00f8be. P\u00e5 Helsingborgs <a href=\"https:\/\/helsingborg.se\/event\/?s=&amp;from=2020-09-04&amp;to=2020-09-06&amp;filter%5Bevent_categories%5D=-1\" target=\"_blank\" rel=\"noopener noreferrer\">placering og begivenhedskalender<\/a> finder du en masse sp\u00e6ndende ting at g\u00f8re i l\u00f8bet af HBGM-weekenden.[\/vc_column_text][vc_column_text]<iframe loading=\"lazy\" src=\"https:\/\/www.youtube.com\/embed\/dfMV75r3-j0\" width=\"560\" height=\"315\" frameborder=\"0\" allowfullscreen=\"allowfullscreen\"><\/iframe>[\/vc_column_text][\/vc_column][\/vc_row][vc_row full_width=&#8221;stretch_row_content_no_spaces&#8221; css=&#8221;.vc_custom_1509407137632{padding-bottom: 60px !important;background-color: #35b6b4 !important;}&#8221; el_class=&#8221;qbotcontainer&#8221;][vc_column width=&#8221;1\/3&#8243;][\/vc_column][vc_column width=&#8221;1\/3&#8243; el_class=&#8221;qs-bot-center&#8221;][vc_column_text]<\/p>\n<h3 style=\"text-align: center;\">De mest almindelige sp\u00f8rgsm\u00e5l<\/h3>\n<p>[\/vc_column_text][vc_separator color=&#8221;white&#8221; border_width=&#8221;2&#8243; el_width=&#8221;10&#8243;][vc_column_text]<\/p>\n<p style=\"text-align: center;\">Hvorn\u00e5r er l\u00f8bet?<\/p>\n<p style=\"text-align: center;\">Hvordan er ruten?<\/p>\n<p style=\"text-align: center;\">Har i fartholdere?<\/p>\n<p style=\"text-align: center;\">Hvad indg\u00e5r i tilmeldingen?<\/p>\n<p>[\/vc_column_text]<a itemprop=\"url\" href=\"https:\/\/helsingborgmarathon.se\/da\/faq\/\" target=\"_self\" style=\"color: #35b6b4;background-color: #ffffff;border-color: #ffffff;margin: 40px 0px 0px 0px\" class=\"mkdf-btn mkdf-btn-medium mkdf-btn-solid mkdf-btn-custom-hover-bg mkdf-btn-custom-border-hover mkdf-btn-custom-hover-color\" data-hover-color=\"#ffffff\" data-hover-bg-color=\"#0a0a0a\" data-hover-border-color=\"#0a0202\" >\n    \t<span class=\"mkdf-btn-text\">G\u00e5 til alle sp\u00f8rgsm\u00e5l &amp; svar<\/span>\n\t        \t<\/a>[\/vc_column][vc_column width=&#8221;1\/3&#8243;][\/vc_column][\/vc_row]<\/p>\n<\/div>","protected":false},"excerpt":{"rendered":"<p>[vc_row full_width=&#8221;stretch_row_content_no_spaces&#8221; disable_background_image=&#8221;&#8221; content_text_aligment=&#8221;center&#8221; css=&#8221;.vc_custom_1552572309795{margin-bottom: 60px !important;padding-bottom: 60px !important;}&#8221; simple_background_image=&#8221;3108&#8243; el_class=&#8221;radenmbackie&#8221;][vc_column][vc_empty_space height=&#8221;400px&#8221;][\/vc_column][\/vc_row][vc_row css=&#8221;.vc_custom_1522245032950{padding-bottom: 50px !important;}&#8221; el_class=&#8221;backie&#8221;][vc_column width=&#8221;3\/4&#8243;][vc_column_text el_class=&#8221;hbgmbread&#8221;] Hotel [\/vc_column_text][vc_column_text] Overnat i Helsingborg under HBGM [\/vc_column_text][vc_separator color=&#8221;black&#8221; align=&#8221;align_left&#8221; border_width=&#8221;2&#8243; el_width=&#8221;10&#8243; css=&#8221;.vc_custom_1509374538687{padding-top: 15px !important;padding-bottom: 15px !important;}&#8221;][vc_column_text]Benyt muligheden for at blive en [&hellip;]<\/p>\n","protected":false},"author":1,"featured_media":0,"parent":0,"menu_order":0,"comment_status":"closed","ping_status":"closed","template":"","meta":{"footnotes":""},"class_list":["post-14910","page","type-page","status-publish","hentry"],"_links":{"self":[{"href":"https:\/\/helsingborgmarathon.se\/da\/wp-json\/wp\/v2\/pages\/14910","targetHints":{"allow":["GET"]}}],"collection":[{"href":"https:\/\/helsingborgmarathon.se\/da\/wp-json\/wp\/v2\/pages"}],"about":[{"href":"https:\/\/helsingborgmarathon.se\/da\/wp-json\/wp\/v2\/types\/page"}],"author":[{"embeddable":true,"href":"https:\/\/helsingborgmarathon.se\/da\/wp-json\/wp\/v2\/users\/1"}],"replies":[{"embeddable":true,"href":"https:\/\/helsingborgmarathon.se\/da\/wp-json\/wp\/v2\/comments?post=14910"}],"version-history":[{"count":18,"href":"https:\/\/helsingborgmarathon.se\/da\/wp-json\/wp\/v2\/pages\/14910\/revisions"}],"predecessor-version":[{"id":23217,"href":"https:\/\/helsingborgmarathon.se\/da\/wp-json\/wp\/v2\/pages\/14910\/revisions\/23217"}],"wp:attachment":[{"href":"https:\/\/helsingborgmarathon.se\/da\/wp-json\/wp\/v2\/media?parent=14910"}],"curies":[{"name":"wp","href":"https:\/\/api.w.org\/{rel}","templated":true}]}}