{"id":14914,"date":"2019-03-15T11:38:31","date_gmt":"2019-03-15T11:38:31","guid":{"rendered":"https:\/\/helsingborgmarathon.se\/stadsdelsfesten\/"},"modified":"2020-04-28T11:09:03","modified_gmt":"2020-04-28T11:09:03","slug":"stadsdelsfesten","status":"publish","type":"page","link":"https:\/\/helsingborgmarathon.se\/da\/stadsdelsfesten\/","title":{"rendered":"Stadsdelsfesten"},"content":{"rendered":"<div class=\"wpb-content-wrapper\"><p>[vc_row full_width=&#8221;stretch_row_content_no_spaces&#8221; disable_background_image=&#8221;&#8221; content_text_aligment=&#8221;center&#8221; css=&#8221;.vc_custom_1553692933237{margin-bottom: 60px !important;padding-bottom: 60px !important;}&#8221; simple_background_image=&#8221;3230&#8243; el_class=&#8221;radenmbackie&#8221;][vc_column][vc_empty_space height=&#8221;400px&#8221;][\/vc_column][\/vc_row][vc_row css=&#8221;.vc_custom_1522245032950{padding-bottom: 50px !important;}&#8221; el_class=&#8221;backie&#8221;][vc_column width=&#8221;3\/4&#8243;][vc_column_text el_class=&#8221;hbgmbread&#8221;]<\/p>\n<h5>Stadsdelsfesten<\/h5>\n<p>[\/vc_column_text][vc_column_text]<\/p>\n<h1>Var en del av festen<\/h1>\n<p>[\/vc_column_text][vc_separator color=&#8221;black&#8221; align=&#8221;align_left&#8221; border_width=&#8221;2&#8243; el_width=&#8221;10&#8243; css=&#8221;.vc_custom_1509374538687{padding-top: 15px !important;padding-bottom: 15px !important;}&#8221;][vc_column_text]<\/p>\n<div class=\"page\" title=\"Page 4\">\n<div class=\"section\">\n<div class=\"layoutArea\">\n<div class=\"column\">\n<p>Helsingborg Marathon \u00e4r Helsingborgarnas lopp. Ett lopp som du som inv\u00e5nare i Helsingborg ska kunna k\u00e4nna dig stolt \u00f6ver. Den 31 augusti 2019 ska vi v\u00e4lkomna alla l\u00f6parna till en riktig fest genom v\u00e5r vackra stad!<\/p>\n<p>Helsingborg Marathon g\u00e5r genom 21 av Helsingborgs 29 stadsdelar och vi vill bjuda in hela staden till att delta p\u00e5 premi\u00e4ren av Stadsdelsfesten. Vi vill att du ska vara med och visa upp din stadsdel och g\u00f6ra\u00a0Helsingborgarnas lopp till en stor folkfest.<\/p>\n<p>Id\u00e9n med Stadsdelsfesten \u00e4r enkel. F\u00f6reningar och privatpersoner har m\u00f6jlighet att visa upp sin stadsdel genom att anordna en aktivitet eller happening l\u00e4ngs banan. Det kan vara allt fr\u00e5n att spela musik, ta hand om en av v\u00e5ra vattenstationer, skrika hejaramsor i en megafon, eller varf\u00f6r inte anordna ett eget event under dagen f\u00f6r \u00f6vriga inv\u00e5nare i publiken? M\u00f6jligheterna \u00e4r o\u00e4ndliga! Visste du f\u00f6rresten att en engagerad publik \u00e4r n\u00e5got av det viktigaste f\u00f6r en l\u00f6pare? Nu visar vi tillsammans vad Helsingborg g\u00e5r f\u00f6r!<\/p>\n<p>Som f\u00f6rening blir det dessutom en utomordentlig chans att ha en riktigt fin dag tillsammans och att synas \u00e4nnu mer bland inv\u00e5narna i staden. Samtliga aktiviteter l\u00e4ngs banan, stora som sm\u00e5, kommer sj\u00e4lvklart att uppm\u00e4rksammas i v\u00e5ra digitala kanaler.<\/p>\n<p>Nedan kan du fylla i vilken aktivitet du\/ni vill genomf\u00f6ra samt var l\u00e4ngs banan du\/ni vill st\u00e5. Fr\u00e5gor eller funderingar? V\u00e4nligen maila mikael@helsingborgmarathon.se<\/p>\n<p>Tillsammans skapar vi festen \u2013 Stadsdelsfesten!<\/p>\n<h2>Tre enkla steg f\u00f6r att registrera er aktivitet!<\/h2>\n<p>1. B\u00f6rja med att zooma in p\u00e5 kartan och placera markeringen p\u00e5 er exakta position f\u00f6r er grymma aktivitet. OBS! Positionen f\u00f6r er aktivitet m\u00e5ste vara n\u00e5gonstans l\u00e4ngs med maratonbanan s\u00e5 att b\u00e5de publik och l\u00f6pare kan njuta av den. Dock EJ startomr\u00e5det (utanf\u00f6r Dunkers kulturhus) eller m\u00e5lomr\u00e5det (Gr\u00f6ningen) d\u00e4r vi redan har aktiviteter.<\/p>\n<p>2. Fyll i formul\u00e4ret under kartan.<\/p>\n<p>3. S\u00e5d\u00e4r, d\u00e5 \u00e4r det bara att klicka p\u00e5 &#8220;Skicka&#8221;. OBS! Vi m\u00e5ste godk\u00e4nna din registrering innan du kan se den p\u00e5 <a href=\"https:\/\/helsingborgmarathon.se\/da\/marathon\/\">kartan<\/a> f\u00f6r maratonbanan.<\/p>\n<\/div>\n<\/div>\n<\/div>\n<\/div>\n<p>[\/vc_column_text][\/vc_column][vc_column width=&#8221;1\/4&#8243;][\/vc_column][\/vc_row][vc_row][vc_column][vc_column_text]<style type=\"text\/css\" src=\"https:\/\/helsingborgmarathon.se\/wp-content\/themes\/evently\/assets\/css\/style_dynamic.css\"><\/style>\n\n\n\n<style type=\"text\/css\">\n    \/* Base for label styling *\/\n\n    [type=\"checkbox\"]:not(:checked), [type=\"checkbox\"]:checked {\n        position: absolute;\n        left: -9999px;\n    }\n\n        [type=\"checkbox\"]:not(:checked) + label, [type=\"checkbox\"]:checked + label {\n            position: relative;\n            padding-left: 1.95em;\n            cursor: pointer;\n        }\n            \/* checkbox aspect *\/\n\n            [type=\"checkbox\"]:not(:checked) + label:before, [type=\"checkbox\"]:checked + label:before {\n                content: '';\n                position: absolute;\n                left: 0;\n                top: 0;\n                width: 1.25em;\n                height: 1.25em;\n                border: 2px solid #ccc;\n                background: #fff;\n                border-radius: 4px;\n                box-shadow: inset 0 1px 3px rgba(0,0,0,.1);\n            }\n            \/* checked mark aspect *\/\n\n            [type=\"checkbox\"]:not(:checked) + label:after, [type=\"checkbox\"]:checked + label:after {\n                content: '\u2714';\n                position: absolute;\n                top: .2em;\n                left: .275em;\n                font-size: 1.4em;\n                line-height: 0.8;\n                color: #09ad7e;\n                transition: all .2s;\n                font-family: Helvetica, Arial, sans-serif;\n            }\n            \/* checked mark aspect changes *\/\n\n            [type=\"checkbox\"]:not(:checked) + label:after {\n                opacity: 0;\n                transform: scale(0);\n            }\n\n            [type=\"checkbox\"]:checked + label:after {\n                opacity: 1;\n                transform: scale(1);\n            }\n    \/* disabled checkbox *\/\n\n    [type=\"checkbox\"]:disabled:not(:checked) + label:before, [type=\"checkbox\"]:disabled:checked + label:before {\n        box-shadow: none;\n        border-color: #bbb;\n        background-color: #ddd;\n    }\n\n    [type=\"checkbox\"]:disabled:checked + label:after {\n        color: #999;\n    }\n\n    [type=\"checkbox\"]:disabled + label {\n        color: #aaa;\n    }\n    \/* accessibility *\/\n\n    [type=\"checkbox\"]:checked:focus + label:before, [type=\"checkbox\"]:not(:checked):focus + label:before {\n        border: 2px dotted blue;\n    }\n    \/* hover style just for information *\/\n\n    label:hover:before {\n        border: 2px solid #4778d9 !important;\n    }\n\n    .fa_p {\n        color: Red;\n    }\n\n    .fa_area {\n        padding-left: 0px;\n    }\n\n        .fa_area select {\n            background: none repeat scroll 0 0 #FFFFFF;\n            border: 1px solid #E5E5E5;\n            border-radius: 5px 5px 5px 5px;\n            box-shadow: 0 0 10px #E8E8E8 inset;\n            height: 40px;\n            margin: 0 0 0 25px;\n            padding: 10px;\n            width: 110px;\n        }\n\n    .centercontent {\n        horizontal-align: center;\n    }\n\n    .error {\n        padding: 5px 9px;\n        border: 1px solid red;\n        color: red;\n        border-radius: 3px;\n    }\n\n    .success {\n        padding: 5px 9px;\n        border: 1px solid green;\n        color: green;\n        border-radius: 3px;\n    }\n\n    form span {\n        color: red;\n    }\n\n    .fa_table {\n        border: 0px;\n        border: none !important;\n        border-collapse: collapse;\n    }\n\n    .fa_tr {\n        border: 0px;\n        border: none !important;\n        border-collapse: collapse;\n    }\n\n    .fa_td_full {\n        border: 0px;\n        border: none !important;\n        border-collapse: collapse;\n        width: 100%;\n    }\n\n    .fa_td_left {\n        border: 0px;\n        border: none !important;\n        border-collapse: collapse;\n        width: 33%;\n    }\n\n    .fa_td_right {\n        border: 0px;\n        border: none !important;\n        border-collapse: collapse;\n        width: 33%;\n    }\n\n    .tdheader {\n        padding: 4px;\n        background-color: white;\n        color: #4fb6b6;\n        font-size: 18px;\n        text-align: left;\n        border-collapse: collapse;\n    }\n\n    .tdchoice {\n        padding: 6px;\n        font-size: 14px;\n        text-align: left;\n        border-collapse: collapse;\n    }\n\n    .reqdot {\n        color: #ff0000;\n    }\n\n\n    hr {\n        background-color: #35b6b2;\n        height: 1px;\n        border: 0px;\n    }\n\n    #mask {\n        position: absolute;\n        top: 0;\n        left: 0;\n        width: 100%;\n        height: 100%;\n        background-color: #fff;\n        display: none;\n        z-index: 10000;\n    }\n<\/style>\n\n\n<script>\n\n\n    jQuery(document).ready(function () {\n\n\n\n        var marker;\n\n        var layerContainer = [];\n\n        var markerContainer = [];\n\n        var kmlurl = \"https:\/\/helsingborgmarathon.se\/wp-content\/themes\/evently\/banan42195m.kml\";\n\n\n\n        var markerBounds = new google.maps.LatLngBounds();\n\n        var HQCenter = new google.maps.LatLng(56.029231, 12.725452);\n\n\n\n        var kmlOptions = {\n\n            suppressInfoWindows: true,\n            preserveViewport: false,\n            map: map\n\n        };\n\n\n        var kmlLayer = new google.maps.KmlLayer(kmlurl, kmlOptions);\n\n        function SetMapStyling(mapObject) {\n\n\n            \/\/ Create style:\n            var styles = [\n\n                {\n\n                    stylers: [\n\n                        { hue: \"#dbfeff\" },\n                        { saturation: -40 }\n\n                    ]\n\n                }, {\n\n                    featureType: \"road\",\n                    elementType: \"geometry\",\n                    stylers: [\n                        { lightness: 100 }\/\/,\n                        \/\/{ visibility: \"simplified\" }\n                    ]\n                }, {\n                    featureType: \"road\",\n                    elementType: \"labels\",\n                    stylers: [\n                        \/\/{ visibility: \"off\" }\n                    ]\n                }\n            ];\n\n\n\n            \/\/ Apply style:\n\n            mapObject.setOptions({\n                styles: styles\n            });\n\n\n        }\n        \n        var mapProp = {\n\n            center: HQCenter,\n            zoom: 11,\n            mapTypeId: google.maps.MapTypeId.ROADMAP\n        };\n\n\n        var map = new google.maps.Map(document.getElementById(\"googleMap\"), mapProp);\n\n        SetMapStyling(map);\n\n\n        function loadKmlLayer(src, map) {\n\n            var kmlLayer = new google.maps.KmlLayer(src, {\n\n                suppressInfoWindows: true,\n                preserveViewport: false,\n                map: map\n            });\n        }\n        \n        loadKmlLayer(kmlurl, map);\n        \n        \/*\n\n             marker = new google.maps.Marker({\n\n               map: map,\n\n               draggable: true,\n\n               animation: google.maps.Animation.DROP,\n\n               center: {lat: 56.029231, lng: 12.725452}\n\n             });\n\n\n\n          *\/\n\n\n\n        \/\/var markerPosition = new google.maps.LatLng(56.029231, 12.725452);\n\n\n\n        placeMarker(map);\n        marker.addListener('click', toggleBounce);\n        marker.setAnimation(google.maps.Animation.BOUNCE);\n\n\n\n        function placeMarker(map) {\n\n            marker = new google.maps.Marker({\n\n                position: { lat: 56.029231, lng: 12.725452 },\n\n                map: map,\n                draggable: true,\n                animation: google.maps.Animation.DROP,\n\n                icon: '\/wp-content\/themes\/evently\/hbgm_img\/markers\/districtparty.png'\n\n            });\n\n        }\n\n\n\n\n        function toggleBounce() {\n\n            if (marker.getAnimation() !== null) {\n                marker.setAnimation(null);\n            } else {\n                marker.setAnimation(google.maps.Animation.BOUNCE);\n            }\n        }\n        \n\t    jQuery('.req').focusout(function () {\n\n            if (jQuery(this).val().length == 0) {\n                jQuery(this).css(\"border-style\", \"solid\");\n                jQuery(this).css(\"border-width\", \"1px\");\n                jQuery(this).css(\"border-color\", \"#ff0000\");\n            } else {\n                jQuery(this).css(\"border-style\", \"none\");\n                jQuery(this).css(\"border-width\", \"0px\");\n                jQuery(this).css(\"border-color\", \"#ffffff\");\n            }\n        });\n\n\n        jQuery(\"#activity_email\").focusout(function () {\n\n\n            var emailReg = \/^([\\w-\\.]+@([\\w-]+\\.)+[\\w-]{2,4})?$\/;\n            var emailaddress = jQuery(\"#activity_email\").val();\n\n            if (!emailReg.test(emailaddress)) {\n\n                jQuery(this).css(\"border-style\", \"solid\");\n                jQuery(this).css(\"border-width\", \"1px\");\n                jQuery(this).css(\"border-color\", \"#ff0000\");\n\n            }\n\n            else {\n\n\n                if (jQuery(this).val().length == 0) {\n\n                    jQuery(this).css(\"border-style\", \"solid\");\n                    jQuery(this).css(\"border-width\", \"1px\");\n                    jQuery(this).css(\"border-color\", \"#ff0000\");\n\n                } else {\n\n                    jQuery(this).css(\"border-style\", \"none\");\n                    jQuery(this).css(\"border-width\", \"0px\");\n                    jQuery(this).css(\"border-color\", \"#ffffff\");\n\n                }\n            }\n        });\n\n\n        jQuery('#btnsave').click(function () {\n\n            \/\/ verifiera inmatningar\n            var req = '';\n            if (jQuery('#activity_activityname').val() == '') { req += 'Namn p\u00e5 aktiviteten, '; }\n            if (jQuery('#activity_name').val() == '') { req += 'Ditt namn, '; }\n            if (jQuery('#activity_email').val() == '') { req += 'E-post, '; }\n\t\t\tif (jQuery('#activity_desc').val()=='')     {req += 'Beskrivning, ';}\n\n\n\n            if (req != '') {\n\n                req = req.slice(0, -2);\n                alert('De h\u00e4r uppgifterna saknas f\u00f6r att fullf\u00f6lja registreringen: ' + req)\n                return;\n\n            }\n\n\n\n\n            jQuery(\"#mask\").fadeTo(500, 0.3);\n\n\n            var latitude = marker.position.lat();\n            var longitude = marker.position.lng();\n\n            var url = 'https:\/\/helsingborgmarathon.se\/wp-content\/themes\/evently\/acmap\/saveactivity.php';\n\n            jQuery.post(url, {\n\n\n                activity_latitude: latitude,\n\n                activity_longitude: longitude,\n\n                activity_activityname: jQuery('#activity_activityname').val(),\n                activity_name: jQuery('#activity_name').val(),\n                activity_email: jQuery('#activity_email').val(),\n                activity_fb: jQuery('#activity_fb').val(),\n                activity_desc: jQuery('#activity_desc').val()\n\n            }, function (response) {\n\n\n                \/\/alert(response);\n\n                jQuery('#register').hide();\n                jQuery('#mapparent').hide();\n                jQuery('#tack').show();\n\n\n                \/\/jQuery(\"#tack\").load(\"https:\/\/helsingborgmarathon.se\/wp-content\/themes\/evently\/ecsolutions\/assets\/views\/sv\/form_functionary_thankyou.html\");\n\n                jQuery(\"#mask\").hide();\n\n                jQuery('html,body').animate({ scrollTop: jQuery(\"#tack\").offset().top });\n\n            }\n\n            )\n\n        })\n\n    })\n\n    function ShowPosition() {\n\n\n        var latitude = marker.position.lat();\n        var longitude = marker.position.lng();\n\n        alert(latitude);\n\n    }\n\n\n\n<\/script>\n\n\n\n<div id=\"mapparent\" style=\"background-color:lightgrey;border:solid 1px black;width:100%;height:600px;\">\n    <div class=\"gmap3\" id=\"googleMap\" name=\"googleMap\" style=\"width:100%;height:100%;background-color:#fff ;\"><\/div>\n<\/div>\n\n\n\n\n\n<div style=\"height:20px;\"><\/div>\n\n<div id=\"register\">\n\n    <div class=\"fa_area\">\n\n\n\n        <div>\n            <p>F\u00e4lt markerade med <span class=\"reqdot\">*<\/span> \u00e4r obligatoriska<\/p>\n\n\n\n            <table border=0 class=\"fa_table\">\n\n\n                <tr style=\"border:none;\"><td colspan=\"2\"><hr><\/td><\/tr>\n\n                <tr class=\"fa_tr\">\n                    <td colspan=\"2\" class=\"fa_td_left\"><label for=\"name\" \/>Aktivitetsnamn<span class=\"reqdot\">*<\/span><\/td>\n                <\/tr>\n\n\n                <tr class=\"fa_tr\">\n                    <td colspan=\"2\" class=\"fa_td_left\"><input class=\"req\" type=\"text\" id=\"activity_activityname\" name=\"activity_activityname\" style=\"width:100%\"><\/td>\n                <\/tr>\n\n\n                <tr class=\"fa_tr\">\n\n                    <td class=\"fa_td_left\"><label for=\"name\" \/>Ditt namn<span class=\"reqdot\">*<\/span><\/td>\n                    <td class=\"fa_td_left\"><label for=\"name\" \/>E-post<span class=\"reqdot\">*<\/span><\/td>\n\n                <\/tr>\n\n\n\n                <tr class=\"fa_tr\">\n                    <td class=\"fa_td_left\"><input class=\"req\" type=\"text\" id=\"activity_name\" name=\"activity_name\" style=\"width:100%\"><\/td>\n                    <td class=\"fa_td_left\"><input class=\"req\" type=\"text\" id=\"activity_email\" name=\"activity_email\" style=\"width:100%\"><\/td>\n                <\/tr>\n\n                <tr class=\"fa_tr\">\n                    <td colspan=\"2\" class=\"fa_td_left\"><label for=\"name\" \/>Ev. Facebookl\u00e4nk till aktiviteten<\/td>\n                <\/tr>\n\n\n                <tr class=\"fa_tr\">\n                    <td colspan=\"2\" class=\"fa_td_left\"><input type=\"text\" id=\"activity_fb\" name=\"activity_fb\" style=\"width:100%\"><\/td>\n                <\/tr>\n\n                <tr class=\"fa_tr\">\n                    <td colspan=\"2\" class=\"fa_td_left\"><label for=\"name\" \/>Beskriv g\u00e4rna aktiviteten h\u00e4r<span class=\"reqdot\">*<\/span><\/td>\n                <\/tr>\n\n\n                <tr class=\"fa_tr\">\n                    <td colspan=\"2\" class=\"req\"><textarea style=\"height:200px;width:100%;\" type=\"text\" id=\"activity_desc\" name=\"activity_desc\" tooltip=\"\"><\/textarea><\/td>\n                <\/tr>\n\n            <\/table>\n\n            <br \/>\n\n            \n            <a id=\"btnsave\"  itemprop=\"url\" href=\"#\" target=\"_self\" class=\"mkdf-btn mkdf-btn-small mkdf-btn-outline\" style=\"float:right;\"><span class=\"mkdf-btn-text\">SKICKA<\/span><\/a>\n            \n\n\n        <\/div>\n\n\n    <\/div>\n\n\n<\/div>\n\n\n\n<div id=\"tack\" style=\"display:none;padding-left:4px;\">\n\n\n\n    Va roligt att ni ska vara med och visa upp er stadsdel! Inom kort kommer du f\u00e5 ett mail med mer information. Skulle det inte dyka upp s\u00e5 kolla i din skr\u00e4ppost. \u00c4r det inte \u00e4r s\u00e5 f\u00e5r du g\u00e4rna h\u00f6ra av dig till oss <a href='mailto:marathon@hbgm.se'>H\u00c4R<\/a><br \/>\n\n\n\n<\/div>\n\n\n\n<div id=\"errors\"><\/div>\n\n<div style=\"padding-bottom:150px;\">&nbsp;<\/div>\n\n\n<div id=\"mask\" style=\"text-align:center;padding-top:65%;\">\n\n    <img decoding=\"async\" src=\"https:\/\/helsingborgmarathon.se\/wp-content\/themes\/evently\/hbgm_img\/ajaxSpinner.gif\" alt=\"loading\" style=\"width:100px;height:100px;vertical-align:middle;\" \/>\n\n\n<\/div>\n\n\n\n[\/vc_column_text][\/vc_column][\/vc_row][vc_row full_width=&#8221;stretch_row_content_no_spaces&#8221; css=&#8221;.vc_custom_1509407137632{padding-bottom: 60px !important;background-color: #35b6b4 !important;}&#8221; el_class=&#8221;qbotcontainer&#8221;][vc_column width=&#8221;1\/3&#8243;][\/vc_column][vc_column width=&#8221;1\/3&#8243; el_class=&#8221;qs-bot-center&#8221;][vc_column_text]<\/p>\n<h3 style=\"text-align: center;\">Vanliga fr\u00e5gor<\/h3>\n<p>[\/vc_column_text][vc_separator color=&#8221;white&#8221; border_width=&#8221;2&#8243; el_width=&#8221;10&#8243;][vc_column_text]<\/p>\n<p style=\"text-align: center;\">N\u00e4r g\u00e5r loppet?<\/p>\n<p style=\"text-align: center;\">Hur g\u00e5r banan?<\/p>\n<p style=\"text-align: center;\">Vad h\u00e4nder l\u00e4ngs banan?<\/p>\n<p style=\"text-align: center;\">Vem arrangerar Helsingborg Marathon?<\/p>\n<p>[\/vc_column_text]<a itemprop=\"url\" href=\"\/faq\" target=\"_self\" style=\"color: #35b6b4;background-color: #ffffff;border-color: #ffffff;margin: 40px 0px 0px 0px\" class=\"mkdf-btn mkdf-btn-medium mkdf-btn-solid mkdf-btn-custom-hover-bg mkdf-btn-custom-border-hover mkdf-btn-custom-hover-color\" data-hover-color=\"#ffffff\" data-hover-bg-color=\"#0a0a0a\" data-hover-border-color=\"#0a0202\" >\n    \t<span class=\"mkdf-btn-text\">G\u00e5 till alla fr\u00e5gor &amp; svar<\/span>\n\t        \t<\/a>[\/vc_column][vc_column width=&#8221;1\/3&#8243;][\/vc_column][\/vc_row]<\/p>\n<\/div>","protected":false},"excerpt":{"rendered":"<p>[vc_row full_width=&#8221;stretch_row_content_no_spaces&#8221; disable_background_image=&#8221;&#8221; content_text_aligment=&#8221;center&#8221; css=&#8221;.vc_custom_1553692933237{margin-bottom: 60px !important;padding-bottom: 60px !important;}&#8221; simple_background_image=&#8221;3230&#8243; el_class=&#8221;radenmbackie&#8221;][vc_column][vc_empty_space height=&#8221;400px&#8221;][\/vc_column][\/vc_row][vc_row css=&#8221;.vc_custom_1522245032950{padding-bottom: 50px !important;}&#8221; el_class=&#8221;backie&#8221;][vc_column width=&#8221;3\/4&#8243;][vc_column_text el_class=&#8221;hbgmbread&#8221;] Stadsdelsfesten [\/vc_column_text][vc_column_text] Var en del av festen [\/vc_column_text][vc_separator color=&#8221;black&#8221; align=&#8221;align_left&#8221; border_width=&#8221;2&#8243; el_width=&#8221;10&#8243; css=&#8221;.vc_custom_1509374538687{padding-top: 15px !important;padding-bottom: 15px !important;}&#8221;][vc_column_text] Helsingborg Marathon \u00e4r Helsingborgarnas lopp. [&hellip;]<\/p>\n","protected":false},"author":1,"featured_media":0,"parent":0,"menu_order":0,"comment_status":"closed","ping_status":"closed","template":"","meta":{"footnotes":""},"class_list":["post-14914","page","type-page","status-publish","hentry"],"_links":{"self":[{"href":"https:\/\/helsingborgmarathon.se\/da\/wp-json\/wp\/v2\/pages\/14914","targetHints":{"allow":["GET"]}}],"collection":[{"href":"https:\/\/helsingborgmarathon.se\/da\/wp-json\/wp\/v2\/pages"}],"about":[{"href":"https:\/\/helsingborgmarathon.se\/da\/wp-json\/wp\/v2\/types\/page"}],"author":[{"embeddable":true,"href":"https:\/\/helsingborgmarathon.se\/da\/wp-json\/wp\/v2\/users\/1"}],"replies":[{"embeddable":true,"href":"https:\/\/helsingborgmarathon.se\/da\/wp-json\/wp\/v2\/comments?post=14914"}],"version-history":[{"count":2,"href":"https:\/\/helsingborgmarathon.se\/da\/wp-json\/wp\/v2\/pages\/14914\/revisions"}],"predecessor-version":[{"id":15823,"href":"https:\/\/helsingborgmarathon.se\/da\/wp-json\/wp\/v2\/pages\/14914\/revisions\/15823"}],"wp:attachment":[{"href":"https:\/\/helsingborgmarathon.se\/da\/wp-json\/wp\/v2\/media?parent=14914"}],"curies":[{"name":"wp","href":"https:\/\/api.w.org\/{rel}","templated":true}]}}