{"id":14918,"date":"2017-10-30T08:41:02","date_gmt":"2017-10-30T08:41:02","guid":{"rendered":"https:\/\/helsingborgmarathon.se\/funktionar\/"},"modified":"2020-03-25T14:21:35","modified_gmt":"2020-03-25T14:21:35","slug":"funktionar","status":"publish","type":"page","link":"https:\/\/helsingborgmarathon.se\/da\/funktionar\/","title":{"rendered":"Funktion\u00e4r"},"content":{"rendered":"<div class=\"wpb-content-wrapper\"><p>[vc_row full_width=&#8221;stretch_row_content_no_spaces&#8221; disable_background_image=&#8221;&#8221; content_text_aligment=&#8221;center&#8221; css=&#8221;.vc_custom_1522321118307{margin-bottom: 60px !important;padding-bottom: 60px !important;}&#8221; simple_background_image=&#8221;1252&#8243; el_class=&#8221;radenmbackie&#8221;][vc_column][vc_empty_space height=&#8221;400px&#8221;][\/vc_column][\/vc_row][vc_row css=&#8221;.vc_custom_1522245032950{padding-bottom: 50px !important;}&#8221; el_class=&#8221;backie&#8221;][vc_column width=&#8221;3\/4&#8243;][vc_column_text el_class=&#8221;hbgmbread&#8221;]<\/p>\n<h5>Funktion\u00e4r<\/h5>\n<p>[\/vc_column_text][vc_column_text]<\/p>\n<h1>Vi ska vara Sveriges b\u00e4sta funktion\u00e4rer<\/h1>\n<p>[\/vc_column_text][vc_separator color=&#8221;black&#8221; align=&#8221;align_left&#8221; border_width=&#8221;2&#8243; el_width=&#8221;10&#8243; css=&#8221;.vc_custom_1509374538687{padding-top: 15px !important;padding-bottom: 15px !important;}&#8221;][vc_column_text]N\u00e4r Helsingborg Marathon f\u00f6ddes var vi sl\u00e5ende \u00f6verens om speciellt en sak. Det skulle vara helsingborgarnas egna lopp. Ett \u00e5rligt evenemang som man skulle kunna k\u00e4nna sig stolt \u00f6ver som inv\u00e5nare och k\u00e4nna att man var delaktig i dess framg\u00e5ngar. Alla som vill ska kunna f\u00e5 vara med p\u00e5 resan och skapa\u00a0Helsingborg Marathon.<\/p>\n<p>Sedan f\u00f6rsta \u00e5ret har vi haft en tydlig ambition med v\u00e5rt funktion\u00e4rsarbete &#8211; vi ska bli Sveriges b\u00e4sta funktion\u00e4rer. Det inneb\u00e4r att vi alla andas och jobbar efter Helsingborg Marathons v\u00e4rderingar. Vi ska vara en service till l\u00f6pare och publik samtidigt som vi ger energi och har roligt. Vi vill visa upp v\u00e5r stad p\u00e5 b\u00e4sta s\u00e4tt och vara ambassad\u00f6rer f\u00f6r gl\u00e4djen i att r\u00f6ra p\u00e5 sig.<\/p>\n<p>G\u00e5 vidare till funktion\u00e4rsanm\u00e4lan och bli en del av maratonfamiljen genom att trycka p\u00e5 knappen nedan.<\/p>\n<p><strong>Anm\u00e4lan \u00f6ppnar i b\u00f6rjan av 2020.<\/strong><\/p>\n<p><strong>Har du redan registrerat dig som funktion\u00e4r och vill se dina uppgifter, tider m.m. hittar du det <a href=\"http:\/\/helsingborgmarathon.se\/funktionarslista\">h\u00e4r<\/a>.<\/strong>[\/vc_column_text][\/vc_column][vc_column width=&#8221;1\/4&#8243;][\/vc_column][\/vc_row][vc_row css=&#8221;.vc_custom_1522245032950{padding-bottom: 50px !important;}&#8221; el_class=&#8221;backie&#8221;][vc_column width=&#8221;3\/4&#8243;][\/vc_column][vc_column width=&#8221;1\/4&#8243;]<a itemprop=\"url\" href=\"https:\/\/helsingborgmarathon.se\/funktionarsanmalan\/\" target=\"_self\"  class=\"mkdf-btn mkdf-btn-medium mkdf-btn-solid pageanmalbutton\"  >\n    \t<span class=\"mkdf-btn-text\">Anm\u00e4l dig!<\/span>\n\t        \t<\/a>[\/vc_column][\/vc_row][vc_row css=&#8221;.vc_custom_1509449540326{padding-top: 50px !important;padding-bottom: 100px !important;}&#8221;][vc_column width=&#8221;1\/3&#8243;][vc_single_image image=&#8221;14689&#8243; img_size=&#8221;full&#8221; alignment=&#8221;center&#8221; onclick=&#8221;custom_link&#8221; link=&#8221;https:\/\/helsingborgmarathon.se\/da\/banan\/&#8221; css=&#8221;.vc_custom_1576843138911{padding-bottom: 50px !important;}&#8221;][vc_column_text]<\/p>\n<h1 style=\"text-align: center;\"><a href=\"https:\/\/helsingborgmarathon.se\/da\/banan\/\">Om ruten<\/a><\/h1>\n<p>[\/vc_column_text][\/vc_column][vc_column width=&#8221;1\/3&#8243;][vc_single_image image=&#8221;14687&#8243; img_size=&#8221;full&#8221; alignment=&#8221;center&#8221; onclick=&#8221;custom_link&#8221; link=&#8221;https:\/\/helsingborgmarathon.se\/da\/resultat\/&#8221; css=&#8221;.vc_custom_1576843158675{padding-bottom: 50px !important;}&#8221;][vc_column_text]<\/p>\n<h1 style=\"text-align: center;\"><a href=\"https:\/\/helsingborgmarathon.se\/da\/resultat\/\">Resultat<\/a><\/h1>\n<p>[\/vc_column_text][\/vc_column][vc_column width=&#8221;1\/3&#8243;][vc_single_image image=&#8221;14686&#8243; img_size=&#8221;full&#8221; alignment=&#8221;center&#8221; onclick=&#8221;custom_link&#8221; link=&#8221;https:\/\/helsingborgmarathon.se\/da\/media\/&#8221; css=&#8221;.vc_custom_1576843184085{padding-bottom: 50px !important;}&#8221;][vc_column_text]<\/p>\n<h1 style=\"text-align: center;\"><a href=\"https:\/\/helsingborgmarathon.se\/da\/media\/\" rel=\"noopener noreferrer\">Billeder<\/a><\/h1>\n<p>[\/vc_column_text][\/vc_column][\/vc_row][vc_row full_width=&#8221;stretch_row_content_no_spaces&#8221; css=&#8221;.vc_custom_1509407137632{padding-bottom: 60px !important;background-color: #35b6b4 !important;}&#8221; el_class=&#8221;qbotcontainer&#8221;][vc_column width=&#8221;1\/3&#8243;][\/vc_column][vc_column width=&#8221;1\/3&#8243; el_class=&#8221;qs-bot-center&#8221;][vc_column_text]<\/p>\n<h3 style=\"text-align: center;\">De mest almindelige sp\u00f8rgsm\u00e5l<\/h3>\n<p>[\/vc_column_text][vc_separator color=&#8221;white&#8221; border_width=&#8221;2&#8243; el_width=&#8221;10&#8243;][vc_column_text]<\/p>\n<p style=\"text-align: center;\">Hvorn\u00e5r er l\u00f8bet?<\/p>\n<p style=\"text-align: center;\">Hvordan er ruten?<\/p>\n<p style=\"text-align: center;\">Har i fartholdere?<\/p>\n<p style=\"text-align: center;\">Hvad indg\u00e5r i tilmeldingen??<\/p>\n<p>[\/vc_column_text]<a itemprop=\"url\" href=\"https:\/\/helsingborgmarathon.se\/da\/faq\/\" target=\"_self\" style=\"color: #35b6b4;background-color: #ffffff;border-color: #ffffff;margin: 40px 0px 0px 0px\" class=\"mkdf-btn mkdf-btn-medium mkdf-btn-solid mkdf-btn-custom-hover-bg mkdf-btn-custom-border-hover mkdf-btn-custom-hover-color\" data-hover-color=\"#ffffff\" data-hover-bg-color=\"#0a0a0a\" data-hover-border-color=\"#0a0202\" >\n    \t<span class=\"mkdf-btn-text\">G\u00e5 til alle sp\u00f8rgsm\u00e5l &amp; svar<\/span>\n\t        \t<\/a>[\/vc_column][vc_column width=&#8221;1\/3&#8243;][\/vc_column][\/vc_row]<\/p>\n<\/div>","protected":false},"excerpt":{"rendered":"<p>[vc_row full_width=&#8221;stretch_row_content_no_spaces&#8221; disable_background_image=&#8221;&#8221; content_text_aligment=&#8221;center&#8221; css=&#8221;.vc_custom_1522321118307{margin-bottom: 60px !important;padding-bottom: 60px !important;}&#8221; simple_background_image=&#8221;1252&#8243; el_class=&#8221;radenmbackie&#8221;][vc_column][vc_empty_space height=&#8221;400px&#8221;][\/vc_column][\/vc_row][vc_row css=&#8221;.vc_custom_1522245032950{padding-bottom: 50px !important;}&#8221; el_class=&#8221;backie&#8221;][vc_column width=&#8221;3\/4&#8243;][vc_column_text el_class=&#8221;hbgmbread&#8221;] Funktion\u00e4r [\/vc_column_text][vc_column_text] Vi ska vara Sveriges b\u00e4sta funktion\u00e4rer [\/vc_column_text][vc_separator color=&#8221;black&#8221; align=&#8221;align_left&#8221; border_width=&#8221;2&#8243; el_width=&#8221;10&#8243; css=&#8221;.vc_custom_1509374538687{padding-top: 15px !important;padding-bottom: 15px !important;}&#8221;][vc_column_text]N\u00e4r Helsingborg Marathon f\u00f6ddes var [&hellip;]<\/p>\n","protected":false},"author":1,"featured_media":0,"parent":0,"menu_order":0,"comment_status":"closed","ping_status":"closed","template":"","meta":{"footnotes":""},"class_list":["post-14918","page","type-page","status-publish","hentry"],"_links":{"self":[{"href":"https:\/\/helsingborgmarathon.se\/da\/wp-json\/wp\/v2\/pages\/14918","targetHints":{"allow":["GET"]}}],"collection":[{"href":"https:\/\/helsingborgmarathon.se\/da\/wp-json\/wp\/v2\/pages"}],"about":[{"href":"https:\/\/helsingborgmarathon.se\/da\/wp-json\/wp\/v2\/types\/page"}],"author":[{"embeddable":true,"href":"https:\/\/helsingborgmarathon.se\/da\/wp-json\/wp\/v2\/users\/1"}],"replies":[{"embeddable":true,"href":"https:\/\/helsingborgmarathon.se\/da\/wp-json\/wp\/v2\/comments?post=14918"}],"version-history":[{"count":5,"href":"https:\/\/helsingborgmarathon.se\/da\/wp-json\/wp\/v2\/pages\/14918\/revisions"}],"predecessor-version":[{"id":15502,"href":"https:\/\/helsingborgmarathon.se\/da\/wp-json\/wp\/v2\/pages\/14918\/revisions\/15502"}],"wp:attachment":[{"href":"https:\/\/helsingborgmarathon.se\/da\/wp-json\/wp\/v2\/media?parent=14918"}],"curies":[{"name":"wp","href":"https:\/\/api.w.org\/{rel}","templated":true}]}}