{"id":14942,"date":"2017-10-30T08:42:16","date_gmt":"2017-10-30T08:42:16","guid":{"rendered":"https:\/\/helsingborgmarathon.se\/banan\/"},"modified":"2024-08-26T06:41:13","modified_gmt":"2024-08-26T06:41:13","slug":"banan","status":"publish","type":"page","link":"https:\/\/helsingborgmarathon.se\/da\/banan\/","title":{"rendered":"Ruten"},"content":{"rendered":"<div class=\"wpb-content-wrapper\"><p>[vc_row full_width=&#8221;stretch_row_content_no_spaces&#8221; disable_background_image=&#8221;&#8221; css=&#8221;.vc_custom_1538644475561{margin-bottom: 60px !important;padding-bottom: 60px !important;}&#8221; el_class=&#8221;radenmbackie&#8221; simple_background_image=&#8221;2432&#8243;][vc_column][vc_empty_space height=&#8221;400px&#8221;][\/vc_column][\/vc_row][vc_row css=&#8221;.vc_custom_1509388328030{padding-bottom: 50px !important;}&#8221;][vc_column width=&#8221;3\/4&#8243;][vc_column_text el_class=&#8221;hbgmbread&#8221;]<\/p>\n<h5>42 195 meter<\/h5>\n<p>[\/vc_column_text][vc_column_text]<\/p>\n<h1>Helsingborg Marathon<\/h1>\n<p>[\/vc_column_text][vc_separator color=&#8221;black&#8221; align=&#8221;align_left&#8221; border_width=&#8221;2&#8243; el_width=&#8221;10&#8243; css=&#8221;.vc_custom_1509374538687{padding-top: 15px !important;padding-bottom: 15px !important;}&#8221;][vc_column_text]Ruten til Helsingborg Marathon udspringer af ideen om, at vise s\u00e5 meget som muligt af smukke Helsingborg. Byen har en ganske lille midtby, men fantastiske udsigter og pladser rundt omkring. Ruten begynder i hjertet af Helsingborg p\u00e5 Sundstorget ved Dunkers Kulturhus. Vejen f\u00f8rer dig ud p\u00e5 en flad 7 kilometerstr\u00e6kning til R\u00e5\u00e5 b\u00e5dehavn og videre op mod \u00c4ttekulla naturreservat. Herefter f\u00f8lger to fantastiske naturoplevelser lige efter hinanden i form af Raml\u00f6sa brunnspark og Jordbodalen. Ruten g\u00e5r videre gennem fantastiske \u201dFredriksdals museer och tr\u00e4dg\u00e5rdar\u201d, en bondeg\u00e5rd midt i byen, for derefter at byde p\u00e5 store kontraster, n\u00e5r man kort tid efter l\u00f8ber forbi Helsingborg Arena og Olympia (stadion). P\u00e5 rutens anden halvdel kan du se alt fra middelalder borgen K\u00e4rnan til naturreservatet P\u00e5lsj\u00f6skog og Sofiero slotspark, inden du l\u00f8ber ned af den lange Tinkarpsbackan og mod den lange opl\u00f8bsstr\u00e6kning. De sidste 3.300 meter af Helsingborg Marathon har permanente markeringer i bel\u00e6gningen hver 100. meter. 33 linjer med nedt\u00e6lling frem til m\u00e5let \u2013 Gr\u00f6ningen. Opl\u00f8bet langs med havet byder p\u00e5 smukke flag over dit hoved de sidste 200 meter, og efter m\u00e5let kan du fejre indsatsen p\u00e5 pladsen med udsigt over \u00d8resund. Ruten er unik med sine varierende milj\u00f8er og niveauforskelle og ved at v\u00e6re \u00e9n stor runde p\u00e5 41.195 meter. Dem der l\u00f8ber, plejer alle at sige efter m\u00e5let \u2013 dette skal jeg g\u00f8re igen![\/vc_column_text][\/vc_column][vc_column width=&#8221;1\/4&#8243;][\/vc_column][\/vc_row][vc_row full_width=&#8221;stretch_row_content&#8221; equal_height=&#8221;yes&#8221; css=&#8221;.vc_custom_1509489914425{background-color: #35b6b4 !important;}&#8221;][vc_column width=&#8221;1\/2&#8243; el_class=&#8221;onTurqBgLeft&#8221;][vc_column_text]<\/p>\n<h2>Info<\/h2>\n<p>[\/vc_column_text][vc_separator color=&#8221;white&#8221; align=&#8221;align_left&#8221; border_width=&#8221;2&#8243; el_width=&#8221;10&#8243; css=&#8221;.vc_custom_1509489856265{margin-bottom: 20px !important;}&#8221;][vc_column_text]Maratonl\u00f8bet som ikke er som de andre.<\/p>\n<p><strong>Distance:<\/strong>\u00a042 195 meter<\/p>\n<p><strong>H\u00f8jdemeter:<\/strong> ca. 370 meter ( totalt op og ned).<\/p>\n<p><strong>Underlag:<\/strong> ca. 70 % asfalt, 15% h\u00e5rdt pakket grus, 14% sti og 1% \u00f8vrigt.<\/p>\n<p><strong>H\u00f8jdepunkter:<\/strong> City, R\u00e5\u00e5, Raml\u00f6sa brunnspark, Jordbodalen, Fredriksdal, Helsingborg Arena, K\u00e4rnan, Maria Park, P\u00e5lsj\u00f6 slot, Sofiero slot og Strandpromenaden.<\/p>\n<p><strong>Bydele:<\/strong> Centrum, S\u00f6der, Planteringen, Miatorp, H\u00f6gasten, R\u00e5\u00e5, \u00c4ttekulla, Raml\u00f6sa, Elineberg, N\u00e4rlunde, F\u00e4ltabacken, Wilson Park, Eneborg, Olympia, Slottsh\u00f6jden, T\u00e5gaborg S, T\u00e5gaborg N, Norr, Ringstorp, Mariastaden og Hittarp-Lar\u00f6d.<\/p>\n<p><strong>Kort over ruten findes p\u00e5 l\u00f8bets <a href=\"https:\/\/helsingborgmarathon.se\/da\/marathon\/\">infoside<\/a><\/strong>.[\/vc_column_text][\/vc_column][vc_column width=&#8221;1\/2&#8243; css=&#8221;.vc_custom_1509449427700{padding-top: 0px !important;padding-right: 0px !important;padding-bottom: 0px !important;padding-left: 0px !important;}&#8221;][vc_single_image image=&#8221;14953&#8243; img_size=&#8221;full&#8221;][\/vc_column][\/vc_row][vc_row css=&#8221;.vc_custom_1509388328030{padding-bottom: 50px !important;}&#8221;][vc_column width=&#8221;3\/4&#8243;][vc_column_text el_class=&#8221;hbgmbread&#8221;]<\/p>\n<h5>21 097,5 meter<\/h5>\n<p>[\/vc_column_text][vc_column_text]<\/p>\n<h1>Hoka Helsingborg Halvmaraton<\/h1>\n<p>[\/vc_column_text][vc_separator color=&#8221;black&#8221; align=&#8221;align_left&#8221; border_width=&#8221;2&#8243; el_width=&#8221;10&#8243; css=&#8221;.vc_custom_1509374538687{padding-top: 15px !important;padding-bottom: 15px !important;}&#8221;][vc_column_text]Vi har haft en dr\u00f8m om et halvmaraton siden 2014. Ambitionen har v\u00e6ret, at ruten skal g\u00e5 gennem bydelen S\u00f6der i Helsingborg. Starten for halvmaratonet g\u00e5r i forbindelse med starten p\u00e5 maratonl\u00f8bet og stafetl\u00f8bet, foran Dunkers Kulturhus. Rutens unikke forl\u00f8b omfatter tre kilometer med den historiske og smukke Stadsparken samt fremtidssatsningen S\u00f6der. Du oplever det historiske Gustav Adolfs Torg, middelalderborgen K\u00e4rnan, naturreservatet P\u00e5lsj\u00f6 skog og Slotparken Sofiero. Ruten for halvmaratonl\u00f8bet deler de f\u00f8rste og sidste kilometer med maratonl\u00f8bet, og har opl\u00f8b langs havet, hvor man l\u00f8ber under et smuk flagall\u00e9 mod m\u00e5llinjen p\u00e5 smukke Gr\u00f6ningen. Du fejrer indsatsen ude p\u00e5 strandpromenaden mod \u00d8resund og g\u00e5r derefter ud p\u00e5 vores eventomr\u00e5de med aktiviteter for hele familien, sl\u00e6gtninge og supporters. Ruten har ca. 170 h\u00f8jdemeter med en bakke op mod K\u00e4rnan efter 3 kilometer og en lang bakke ned mod havet efter 19 kilometer. Ruten omfatter alt fra city, skog og hav samt har et varierende underlag, dog mest asfalt.[\/vc_column_text][\/vc_column][vc_column width=&#8221;1\/4&#8243;][\/vc_column][\/vc_row][vc_row full_width=&#8221;stretch_row_content&#8221; css=&#8221;.vc_custom_1509488705644{margin-top: 0px !important;margin-bottom: 0px !important;padding-top: 0px !important;padding-bottom: 0px !important;background-color: #35b6b4 !important;}&#8221;][vc_column width=&#8221;1\/2&#8243; css=&#8221;.vc_custom_1509449415149{padding-top: 0px !important;padding-right: 0px !important;padding-bottom: 0px !important;padding-left: 0px !important;}&#8221;][vc_single_image image=&#8221;14950&#8243; img_size=&#8221;full&#8221;][\/vc_column][vc_column width=&#8221;1\/2&#8243; el_class=&#8221;onTurqBgRight&#8221;][vc_column_text]<\/p>\n<h2>Info<\/h2>\n<p>[\/vc_column_text][vc_separator color=&#8221;white&#8221; align=&#8221;align_left&#8221; border_width=&#8221;2&#8243; el_width=&#8221;10&#8243; css=&#8221;.vc_custom_1509489856265{margin-bottom: 20px !important;}&#8221;][vc_column_text]Dr\u00f8mmen om et halvmaraton i Helsingborg var l\u00e6nge langt borte. Men nu er den g\u00e5et i opfyldelse. Den 1. september 2018 var der premiere for Hoka Helsingborg Halvmaraton.<\/p>\n<p><strong>Distance:<\/strong>\u00a021 097,5 meter<\/p>\n<p><strong>H\u00f8jdeforskel:<\/strong> ca 170 meter (i alt op og ned)<\/p>\n<p><strong>Underlag:<\/strong> ca. 80% asfalt, 10% h\u00e5rdt pakket grus, 9% sti og 1% \u00f8vrigt<\/p>\n<p><strong>H\u00f8jdepunkter:<\/strong> City, Stadsparken, Gustav Adolfs Torg, K\u00e4rnan, Maria Park, P\u00e5lsj\u00f6 slott, Sofiero slott, Strandpromenaden<\/p>\n<p><strong>Bydele:<\/strong> City, S\u00f6der, Slottsh\u00f6jden, T\u00e5gaborg S, T\u00e5gaborg N, Norr, Ringstorp, Mariastaden, Hittarp-Lar\u00f6d<\/p>\n<p><strong>Kort over ruten findes p\u00e5 l\u00f8bets <a href=\"https:\/\/helsingborgmarathon.se\/da\/halvmaraton\/\">infoside<\/a><\/strong>.[\/vc_column_text][\/vc_column][\/vc_row][vc_row css=&#8221;.vc_custom_1509388328030{padding-bottom: 50px !important;}&#8221;][vc_column width=&#8221;3\/4&#8243;][vc_column_text el_class=&#8221;hbgmbread&#8221;]<\/p>\n<h5>42 195 meter p\u00e5 hold af 2-4 personer<\/h5>\n<p>[\/vc_column_text][vc_column_text]<\/p>\n<h1>HBGM Stafett<\/h1>\n<p>[\/vc_column_text][vc_separator color=&#8221;black&#8221; align=&#8221;align_left&#8221; border_width=&#8221;2&#8243; el_width=&#8221;10&#8243; css=&#8221;.vc_custom_1509374538687{padding-top: 15px !important;padding-bottom: 15px !important;}&#8221;][vc_column_text]Ambitionen med Helsingborg Marathon har altid v\u00e6ret, at alle skal kunne v\u00e6re med. HBGM Stafett lader hold p\u00e5 2-4 personer dele den smukke og oplevelsesrige maratonstr\u00e6kning med skiftezoner i \u00c4ttekulla, udenfor Fredriksdal og ved P\u00e5lsj\u00f6 slot. Med fire forskellige og varierende str\u00e6kninger som varierer b\u00e5de hvad ang\u00e5r natur og l\u00e6ngde, er der noget for alle.[\/vc_column_text][\/vc_column][vc_column width=&#8221;1\/4&#8243;][\/vc_column][\/vc_row][vc_row full_width=&#8221;stretch_row_content&#8221; equal_height=&#8221;yes&#8221; css=&#8221;.vc_custom_1509489914425{background-color: #35b6b4 !important;}&#8221;][vc_column width=&#8221;1\/2&#8243; el_class=&#8221;onTurqBgLeft&#8221;][vc_column_text]<\/p>\n<h2>Info<\/h2>\n<p>[\/vc_column_text][vc_separator color=&#8221;white&#8221; align=&#8221;align_left&#8221; border_width=&#8221;2&#8243; el_width=&#8221;10&#8243; css=&#8221;.vc_custom_1509489856265{margin-bottom: 20px !important;}&#8221;][vc_column_text]Vinderne i dameklassen \u201dIS S\u00f6ta\u201d p\u00e5 vej i m\u00e5l i HBGM Stafett 2018.<\/p>\n<p><strong>Distance:<\/strong> 42 195 meter<\/p>\n<p><strong>Delstr\u00e6kning 1:<\/strong> 11,1 km (start ved Dunkers Kulturhus 0 km og skift ved \u00c4ttekulla 11,1 km)<br \/>\n<strong>Delstr\u00e6kning 2:<\/strong> 10,5 km (start ved \u00c4ttekulla 11,1 km. Og skift ved Fredriksdal 21,6 km)<br \/>\n<strong>Delstr\u00e6kning 3:<\/strong> 11,5 km (start ved Fredriksdal 21,6 km. Og skift ved P\u00e5lsj\u00f6 slot 33,1 km)<br \/>\n<strong>Delstr\u00e6kning 4:<\/strong> 9,1 km (start ved P\u00e5lsj\u00f6 slot og m\u00e5l ved Gr\u00f6ningen 42,2 km)<\/p>\n<p><strong>Klasser:<\/strong> Herrer, Damer, Mix og firma<\/p>\n<p><strong>H\u00f8jdeforskel:<\/strong> ca 370 meter (i alt op og ned)<\/p>\n<p><strong>Underlag:<\/strong> ca. 70% asfalt, 15% h\u00e5rdt pakket grus, 14% sti og 1% \u00f8vrigt<\/p>\n<p><strong>Kort over ruten findes p\u00e5 l\u00f8bets <a href=\"https:\/\/helsingborgmarathon.se\/da\/stafett\/\">infoside<\/a><\/strong>[\/vc_column_text][\/vc_column][vc_column width=&#8221;1\/2&#8243; css=&#8221;.vc_custom_1509449427700{padding-top: 0px !important;padding-right: 0px !important;padding-bottom: 0px !important;padding-left: 0px !important;}&#8221;][vc_single_image image=&#8221;14951&#8243; img_size=&#8221;full&#8221;][\/vc_column][\/vc_row][vc_row css=&#8221;.vc_custom_1509388328030{padding-bottom: 50px !important;}&#8221;][vc_column width=&#8221;3\/4&#8243;][vc_column_text el_class=&#8221;hbgmbread&#8221;]<\/p>\n<h5>650 eller 1600 meter<\/h5>\n<p>[\/vc_column_text][vc_column_text]<\/p>\n<h1>Bama Kids Run<\/h1>\n<p>[\/vc_column_text][vc_separator color=&#8221;black&#8221; align=&#8221;align_left&#8221; border_width=&#8221;2&#8243; el_width=&#8221;10&#8243; css=&#8221;.vc_custom_1509374538687{padding-top: 15px !important;padding-bottom: 15px !important;}&#8221;][vc_column_text]Bama Kids Run er l\u00f8bet, hvor de yngste f\u00e5r mulighed for at opleve vinderf\u00f8lelsen n\u00e5r de l\u00f8ber i m\u00e5l med armene i vejret under den store m\u00e5l bue for Helsingborg Marathon. Starten for begge distancer g\u00e5r 650 meter nord for m\u00e5let til Helsingborg Marathon p\u00e5 Gr\u00f6ningen. De yngste kan opleve hvordan det er at l\u00f8be den sidste lige str\u00e6kning af opl\u00f8bet under flagspildet af hvide og turkise flag. De lidt \u00e6ldre b\u00f8rn som l\u00f8ber 1.600 meter starter yderligere 150 meter mod nord og sigter f\u00f8rst mod statuen af Helsingborgs ikon Henrik Larsson, der st\u00e5r ca. 1.200 meter nord for m\u00e5let til Helsingborg Marathon. Vel oppe ved statuen vender de i en bue og k\u00e6mper de sidste 1.200 meter langs \u00d8resund og strandpromenaden in mod m\u00e5llinjen. En oplevelse som giver et minde for livet![\/vc_column_text][\/vc_column][vc_column width=&#8221;1\/4&#8243;][\/vc_column][\/vc_row][vc_row full_width=&#8221;stretch_row_content&#8221; css=&#8221;.vc_custom_1509488705644{margin-top: 0px !important;margin-bottom: 0px !important;padding-top: 0px !important;padding-bottom: 0px !important;background-color: #35b6b4 !important;}&#8221;][vc_column width=&#8221;1\/2&#8243; css=&#8221;.vc_custom_1509449415149{padding-top: 0px !important;padding-right: 0px !important;padding-bottom: 0px !important;padding-left: 0px !important;}&#8221;][vc_single_image image=&#8221;14952&#8243; img_size=&#8221;full&#8221;][\/vc_column][vc_column width=&#8221;1\/2&#8243; el_class=&#8221;onTurqBgRight&#8221;][vc_column_text]<\/p>\n<h2>Info<\/h2>\n<p>[\/vc_column_text][vc_separator color=&#8221;white&#8221; align=&#8221;align_left&#8221; border_width=&#8221;2&#8243; el_width=&#8221;10&#8243; css=&#8221;.vc_custom_1509489856265{margin-bottom: 20px !important;}&#8221;][vc_column_text]Bama Kids Runs maskot Billie p\u00e5 vej mod m\u00e5l sammen med b\u00f8rnene under den anden udgave af Bama Kids Run.<\/p>\n<p><strong>Distance:<\/strong> 650 eller 1600 meter<\/p>\n<p><strong>H\u00f8jdeforskel:<\/strong> 2 meter<\/p>\n<p><strong>Underlag:<\/strong> 100% asfalt<\/p>\n<p><strong>Kort over ruten findes p\u00e5 l\u00f8bets <a href=\"https:\/\/helsingborgmarathon.se\/da\/kids-run\/\">infoside<\/a><\/strong>[\/vc_column_text][\/vc_column][\/vc_row]<\/p>\n<\/div>","protected":false},"excerpt":{"rendered":"<p>[vc_row full_width=&#8221;stretch_row_content_no_spaces&#8221; disable_background_image=&#8221;&#8221; css=&#8221;.vc_custom_1538644475561{margin-bottom: 60px !important;padding-bottom: 60px !important;}&#8221; el_class=&#8221;radenmbackie&#8221; simple_background_image=&#8221;2432&#8243;][vc_column][vc_empty_space height=&#8221;400px&#8221;][\/vc_column][\/vc_row][vc_row css=&#8221;.vc_custom_1509388328030{padding-bottom: 50px !important;}&#8221;][vc_column width=&#8221;3\/4&#8243;][vc_column_text el_class=&#8221;hbgmbread&#8221;] 42 195 meter [\/vc_column_text][vc_column_text] Helsingborg Marathon [\/vc_column_text][vc_separator color=&#8221;black&#8221; align=&#8221;align_left&#8221; border_width=&#8221;2&#8243; el_width=&#8221;10&#8243; css=&#8221;.vc_custom_1509374538687{padding-top: 15px !important;padding-bottom: 15px !important;}&#8221;][vc_column_text]Ruten til Helsingborg Marathon udspringer af ideen om, at [&hellip;]<\/p>\n","protected":false},"author":1,"featured_media":0,"parent":0,"menu_order":0,"comment_status":"closed","ping_status":"closed","template":"","meta":{"footnotes":""},"class_list":["post-14942","page","type-page","status-publish","hentry"],"_links":{"self":[{"href":"https:\/\/helsingborgmarathon.se\/da\/wp-json\/wp\/v2\/pages\/14942","targetHints":{"allow":["GET"]}}],"collection":[{"href":"https:\/\/helsingborgmarathon.se\/da\/wp-json\/wp\/v2\/pages"}],"about":[{"href":"https:\/\/helsingborgmarathon.se\/da\/wp-json\/wp\/v2\/types\/page"}],"author":[{"embeddable":true,"href":"https:\/\/helsingborgmarathon.se\/da\/wp-json\/wp\/v2\/users\/1"}],"replies":[{"embeddable":true,"href":"https:\/\/helsingborgmarathon.se\/da\/wp-json\/wp\/v2\/comments?post=14942"}],"version-history":[{"count":10,"href":"https:\/\/helsingborgmarathon.se\/da\/wp-json\/wp\/v2\/pages\/14942\/revisions"}],"predecessor-version":[{"id":22050,"href":"https:\/\/helsingborgmarathon.se\/da\/wp-json\/wp\/v2\/pages\/14942\/revisions\/22050"}],"wp:attachment":[{"href":"https:\/\/helsingborgmarathon.se\/da\/wp-json\/wp\/v2\/media?parent=14942"}],"curies":[{"name":"wp","href":"https:\/\/api.w.org\/{rel}","templated":true}]}}