{"id":14964,"date":"2017-10-30T08:43:01","date_gmt":"2017-10-30T08:43:01","guid":{"rendered":"https:\/\/helsingborgmarathon.se\/om-oss\/"},"modified":"2025-12-10T09:39:28","modified_gmt":"2025-12-10T09:39:28","slug":"om-oss","status":"publish","type":"page","link":"https:\/\/helsingborgmarathon.se\/da\/om-oss\/","title":{"rendered":"Om Oss"},"content":{"rendered":"<div class=\"wpb-content-wrapper\"><p>[vc_row full_width=&#8221;stretch_row_content_no_spaces&#8221; disable_background_image=&#8221;&#8221; css=&#8221;.vc_custom_1745997313875{margin-bottom: 60px !important;padding-bottom: 60px !important;}&#8221; el_class=&#8221;radenmbackie&#8221; simple_background_image=&#8221;22619&#8243;][vc_column][vc_empty_space height=&#8221;400px&#8221;][\/vc_column][\/vc_row][vc_row css=&#8221;.vc_custom_1509388328030{padding-bottom: 50px !important;}&#8221;][vc_column width=&#8221;3\/4&#8243;][vc_column_text el_class=&#8221;hbgmbread&#8221;]<\/p>\n<h5>Om oss<\/h5>\n<p>[\/vc_column_text][vc_column_text]<\/p>\n<h1>V\u00e4rdskap och passion<\/h1>\n<p>[\/vc_column_text][vc_separator color=&#8221;black&#8221; align=&#8221;align_left&#8221; border_width=&#8221;2&#8243; el_width=&#8221;10&#8243; css=&#8221;.vc_custom_1509374538687{padding-top: 15px !important;padding-bottom: 15px !important;}&#8221;][vc_column_text]Id\u00e9n om ett maraton i Helsingborg f\u00f6ddes h\u00f6sten 2012 d\u00e5 initiativtagarna Andreas Moresco &amp; Simon Wikstrand f\u00f6rst b\u00f6rjade leka med tanken om ett nytt l\u00e5ngdistanslopp. Snabbt ins\u00e5g de b\u00e5da att Helsingborg erbjuder en stor variation i b\u00e5de underlag och milj\u00f6, samtidigt som stadens kuststr\u00e4cka och naturliga landborg \u00e4r unika i maratonsammanhang. S\u00e5 en s\u00f6ndagseftermiddag i centrala Helsingborg b\u00f6rjade arbetet med att bygga Sveriges nya maraton. Drygt tv\u00e5 \u00e5r senare gick f\u00f6rsta upplagan av Helsingborg Marathon med n\u00e4rmre 3300 l\u00f6pare p\u00e5 startlinjen. The rest is history.<\/p>\n<p><span style=\"font-weight: 400;\">Men HBGM \u00e4r s\u00e5 mycket mer \u00e4n personerna nedan. Vi t\u00e4nker p\u00e5 v\u00e5ra drygt 800 fantastiska funktion\u00e4rer som ser till att arrangemanget blir n\u00e5got ut\u00f6ver det vanliga och ett minne f\u00f6r livet. V\u00e4rdskap och passion \u00e4r begrepp som genomsyrar v\u00e5r verksamhet och alla deltagare ska k\u00e4nna sig v\u00e4lkomna och omh\u00e4ndertagna. Tillsammans med v\u00e5r engagerade publik g\u00f6r vi Helsingborg Marathon till en riktig folkfest!<\/span>[\/vc_column_text][\/vc_column][vc_column width=&#8221;1\/4&#8243;][\/vc_column][\/vc_row][vc_row css=&#8221;.vc_custom_1509388328030{padding-bottom: 50px !important;}&#8221;][vc_column width=&#8221;3\/4&#8243;][vc_column_text]<\/p>\n<h1>Fr\u00e5gor p\u00e5 det?<\/h1>\n<p>[\/vc_column_text][vc_separator color=&#8221;black&#8221; align=&#8221;align_left&#8221; border_width=&#8221;2&#8243; el_width=&#8221;10&#8243; css=&#8221;.vc_custom_1509374538687{padding-top: 15px !important;padding-bottom: 15px !important;}&#8221;][vc_column_text]F\u00f6r allm\u00e4nna fr\u00e5gor h\u00e4nvisar vi i f\u00f6rsta hand till v\u00e5r <a href=\"http:\/\/helsingborgmarathon.se\/faq\/\">FAQ<\/a>\u00a0och i andra hand till v\u00e5r l\u00f6parservice p\u00e5 <a href=\"mailto:hello@hbgm.se\">hello@hbgm.se<\/a>. Beh\u00f6ver du komma i kontakt direkt med n\u00e5gon i v\u00e5r dagliga verksamhet finner du kontaktuppgifter nedan.<\/p>\n<p>Runners Society Helsingborg \/ Helsingborg Marathon<br \/>\nCarl Krooks Gata 25 C<br \/>\n252 18 Helsingborg[\/vc_column_text][\/vc_column][vc_column width=&#8221;1\/4&#8243;][\/vc_column][\/vc_row][vc_row css=&#8221;.vc_custom_1509388328030{padding-bottom: 50px !important;}&#8221;][vc_column width=&#8221;1\/4&#8243;][vc_single_image image=&#8221;19232&#8243; img_size=&#8221;medium&#8221; onclick=&#8221;link_image&#8221;][vc_column_text]<\/p>\n<h2>Erik Alnervik<\/h2>\n<p>[\/vc_column_text][vc_separator color=&#8221;black&#8221; align=&#8221;align_left&#8221; border_width=&#8221;2&#8243; el_width=&#8221;10&#8243; css=&#8221;.vc_custom_1681716181654{margin-top: 10px !important;margin-bottom: 20px !important;}&#8221;][vc_column_text]<strong><em>Projektledare \u2013 Han den snabbe<\/em><\/strong><br \/>\n<strong>Familj:<\/strong> Frun Anna och barnen Agnes, August och Edith<br \/>\n<strong>Intressen:<\/strong> L\u00f6pning \/ jakt \/ skid\u00e5kning<br \/>\n<strong>Omr\u00e5den:<\/strong> Marknad \/ admin \/ funktion\u00e4rer \/ logistik<br \/>\n<strong>Mail:<\/strong>\u00a0<a href=\"mailto:erik@hbgm.se\">erik@hbgm.se<\/a><br \/>\n<strong>Instagram:<\/strong>\u00a0<a href=\"https:\/\/www.instagram.com\/erikalnervik\/\" target=\"_blank\" rel=\"noopener noreferrer\">@erikalnervik<\/a><br \/>\n<strong>LinkedIn:<\/strong>\u00a0<a href=\"https:\/\/www.linkedin.com\/in\/erik-alnervik-503085a2\/\" target=\"_blank\" rel=\"noopener noreferrer\">Erik Alnervik<\/a>[\/vc_column_text][\/vc_column][vc_column width=&#8221;1\/4&#8243;][vc_single_image image=&#8221;19235&#8243; img_size=&#8221;medium&#8221; onclick=&#8221;link_image&#8221;][vc_column_text]<\/p>\n<h2>Fredrik Wikerberg<\/h2>\n<p>[\/vc_column_text][vc_separator color=&#8221;black&#8221; align=&#8221;align_left&#8221; border_width=&#8221;2&#8243; el_width=&#8221;10&#8243; css=&#8221;.vc_custom_1681716186739{margin-top: 10px !important;margin-bottom: 20px !important;}&#8221;][vc_column_text]<strong><em>Projektledare \u2013 Han som inte springer<\/em><\/strong><br \/>\n<strong>Familj:<\/strong>\u00a0Frun Malin och barnen Ella, Petter, Charlie och Svante<br \/>\n<strong>Intressen:<\/strong>\u00a0Fotboll\/ mat\/ resa<br \/>\n<strong>Omr\u00e5den:<\/strong> Partners \/ ekonomi \/ admin<br \/>\n<strong>Mail:<\/strong>\u00a0<a href=\"mailto:fredrik@hbgm.se\">fredrik@hbgm.se<\/a><br \/>\n<strong>Instagram:<\/strong>\u00a0<a href=\"https:\/\/www.instagram.com\/fredrikwikerberg\" target=\"_blank\" rel=\"noopener noreferrer\">@fredrikwikerberg<\/a><br \/>\n<strong>LinkedIn:<\/strong>\u00a0<a href=\"https:\/\/www.linkedin.com\/in\/fredrik-wikerberg-8b61a6171\/\" target=\"_blank\" rel=\"noopener noreferrer\">Fredrik Wikerberg<\/a>[\/vc_column_text][\/vc_column][vc_column width=&#8221;1\/4&#8243;][vc_single_image image=&#8221;19222&#8243; img_size=&#8221;medium&#8221; onclick=&#8221;link_image&#8221;][vc_column_text]<\/p>\n<h2>Linn\u00e9a Ivarsson<\/h2>\n<p>[\/vc_column_text][vc_separator color=&#8221;black&#8221; align=&#8221;align_left&#8221; border_width=&#8221;2&#8243; el_width=&#8221;10&#8243; css=&#8221;.vc_custom_1681716195741{margin-top: 10px !important;margin-bottom: 20px !important;}&#8221;][vc_column_text]<strong><em>T\u00e4vlingsledning &#8211; hon som springer lagom<\/em><\/strong><br \/>\n<strong>Familj:<\/strong> Mannen Johannes och d\u00f6ttrarna Signe &amp; Ellen<br \/>\n<strong>Intressen:<\/strong> Tr\u00e4ning \/ matlagning \/ resa<br \/>\n<strong>Omr\u00e5den:<\/strong> Kommunikation \/ marknad<br \/>\n<strong>Mail:<\/strong> <a href=\"mailto:ulrika@helsingborgmarathon.se\" rel=\"noopener noreferrer\">linnea@hbgm.se<\/a><br \/>\n<strong>Instagram:<\/strong> <a href=\"https:\/\/www.instagram.com\/ulrikafridolf\/\" target=\"_blank\" rel=\"noopener noreferrer\">@linnea.ivarsson<\/a><br \/>\n<strong>LinkedIn:<\/strong> <a href=\"https:\/\/www.linkedin.com\/in\/linn%C3%A9a-ivarsson-08b283171\/\" target=\"_blank\" rel=\"noopener noreferrer\">Linn\u00e9a Ivarsson<\/a>[\/vc_column_text][\/vc_column][vc_column width=&#8221;1\/4&#8243;][vc_single_image image=&#8221;19238&#8243; img_size=&#8221;medium&#8221; onclick=&#8221;link_image&#8221;][vc_column_text]<\/p>\n<h2>Andreas Moresco<\/h2>\n<p>[\/vc_column_text][vc_separator color=&#8221;black&#8221; align=&#8221;align_left&#8221; border_width=&#8221;2&#8243; el_width=&#8221;10&#8243; css=&#8221;.vc_custom_1681716201607{margin-top: 10px !important;margin-bottom: 20px !important;}&#8221;][vc_column_text]<strong><em>Grundare\/R\u00e5dgivare \u2013 Han utan skor<\/em><\/strong><br \/>\n<strong>Familj:<\/strong>\u00a0Frun Johanna, barnen Lillo och Elsa samt katterna Monster och Kalis<br \/>\n<strong>Intressen:\u00a0<\/strong>L\u00f6pning \/ filma\u00a0\/ \u00e5ka longboard<br \/>\n<strong>Omr\u00e5den:\u00a0<\/strong>Utveckling \/ film \/ projektledning event<br \/>\n<strong>Mail:<\/strong>\u00a0<a href=\"mailto:andreas@hbgm.se\">andreas@hbgm.se<\/a><br \/>\n<strong>YouTube:<\/strong>\u00a0<a href=\"http:\/\/www.youtube.com\/andreasgartmyr\" target=\"_blank\" rel=\"noopener noreferrer\">andreasgartmyr<\/a><br \/>\n<strong>Instagram:<\/strong>\u00a0<a href=\"https:\/\/www.instagram.com\/andreasgartmyr\/\" target=\"_blank\" rel=\"noopener noreferrer\">@andreasgartmyr<\/a><br \/>\n<strong>LinkedIn:<\/strong>\u00a0<a href=\"https:\/\/www.linkedin.com\/in\/andreas-gartmyr-45b67347\/\" target=\"_blank\" rel=\"noopener noreferrer\">Andreas Gartmyr<\/a>[\/vc_column_text][\/vc_column][\/vc_row][vc_row css=&#8221;.vc_custom_1509388328030{padding-bottom: 50px !important;}&#8221;][vc_column width=&#8221;1\/4&#8243;][vc_single_image image=&#8221;14979&#8243; img_size=&#8221;medium&#8221; onclick=&#8221;link_image&#8221;][vc_column_text]<\/p>\n<h2>Sanne Carlsson<\/h2>\n<p>[\/vc_column_text][vc_separator color=&#8221;black&#8221; align=&#8221;align_left&#8221; border_width=&#8221;2&#8243; el_width=&#8221;10&#8243; css=&#8221;.vc_custom_1681716219901{margin-top: 10px !important;margin-bottom: 20px !important;}&#8221;][vc_column_text]<strong><em>T\u00e4vlingsledning \u2013 Hon som dansar<\/em><\/strong><br \/>\n<strong>Familj:<\/strong> en fin en!<br \/>\n<strong>Intressen:<\/strong> Foto \/ Dans \/ Styrketr\u00e4ning<br \/>\n<strong>Omr\u00e5den:<\/strong> Kommunikation<br \/>\n<strong>Mail:<\/strong> <a href=\"mailto:sanne@helsingborgmarathon.se\">sanne@helsingborgmarathon.se<\/a><br \/>\n<strong>Instagram:<\/strong> <a href=\"https:\/\/www.instagram.com\/sannecarlsson\">@sannecarlsson<\/a><br \/>\n<strong>LinkedIn:<\/strong> <a href=\"https:\/\/www.linkedin.com\/in\/sannecarlsson\">Sanne Carlsson<\/a>[\/vc_column_text][\/vc_column][vc_column width=&#8221;1\/4&#8243;][vc_single_image image=&#8221;14979&#8243; img_size=&#8221;medium&#8221; onclick=&#8221;link_image&#8221;][vc_column_text]<\/p>\n<h2>Mikael Hassel<\/h2>\n<p>[\/vc_column_text][vc_separator color=&#8221;black&#8221; align=&#8221;align_left&#8221; border_width=&#8221;2&#8243; el_width=&#8221;10&#8243; css=&#8221;.vc_custom_1681716226767{margin-top: 10px !important;margin-bottom: 20px !important;}&#8221;][vc_column_text]<strong><em>T\u00e4vlingsledning &#8211; Banchef<br \/>\n<\/em>Familj:<\/strong> Fru Filippa och barnen Lova, Essa och Abbe<br \/>\n<strong>Intresse:<\/strong>L\u00f6pning \/ Tr\u00e4ning \/ Surdeg \/ Mat &amp; Vin<br \/>\n<strong>Omr\u00e5den: <\/strong>Banan \/ v\u00e4xlingsstationer<br \/>\n<strong>Mail:<\/strong><br \/>\n<strong>Instagram:<\/strong> <a href=\"https:\/\/www.instagram.com\/mikaelhassel_\">@mikaelhassel_<\/a><br \/>\n<strong>LinkedIn: <\/strong><a href=\"https:\/\/www.linkedin.com\/in\/mikael-hassel-fd-svensson-381a3866\/\">Mikael Hassel<\/a>[\/vc_column_text][\/vc_column][vc_column width=&#8221;1\/4&#8243;][vc_single_image image=&#8221;14978&#8243; img_size=&#8221;medium&#8221; onclick=&#8221;link_image&#8221;][vc_column_text]<\/p>\n<h2>Anton Marmelid<\/h2>\n<p>[\/vc_column_text][vc_separator color=&#8221;black&#8221; align=&#8221;align_left&#8221; border_width=&#8221;2&#8243; el_width=&#8221;10&#8243; css=&#8221;.vc_custom_1681716233950{margin-top: 10px !important;margin-bottom: 20px !important;}&#8221;][vc_column_text]<strong><em>T\u00e4vlingsledning &#8211; Han med kartan<br \/>\n<\/em>Familj: <\/strong>Fru Kathery<br \/>\n<strong>Intressen: <\/strong>Orientering \/ springa ultral\u00e5ngt \/ datorspel<em><br \/>\n<\/em><strong>Omr\u00e5den:<\/strong> Logistik<br \/>\n<strong>Mail:<\/strong>\u00a0<a href=\"mailto:anton@helsingborgmarathon.se\">anton@helsingborgmarathon.se<\/a><br \/>\n<strong>Instagram:\u00a0<\/strong><a href=\"https:\/\/www.instagram.com\/marmeladen219\/\" target=\"_blank\" rel=\"noopener noreferrer\">@marmeladen219<\/a>[\/vc_column_text][\/vc_column][vc_column width=&#8221;1\/4&#8243;][vc_single_image image=&#8221;14979&#8243; img_size=&#8221;medium&#8221; onclick=&#8221;link_image&#8221;][vc_column_text]<\/p>\n<h2>Jens Andersson<\/h2>\n<p>[\/vc_column_text][vc_separator color=&#8221;black&#8221; align=&#8221;align_left&#8221; border_width=&#8221;2&#8243; el_width=&#8221;10&#8243; css=&#8221;.vc_custom_1681716239754{margin-top: 10px !important;margin-bottom: 20px !important;}&#8221;][vc_column_text]<strong><em>T\u00e4vlingsledning &#8211; Han som springer l\u00e5ngt<br \/>\n<\/em><\/strong><strong>Familj: <\/strong>Sambon Pia, hennes tre barn och katten Tyson<strong><br \/>\n<\/strong><strong>Intresse:\u00a0<\/strong>Ultral\u00f6pning \/ chiliodling \/ Padel<em><br \/>\n<\/em><strong>Omr\u00e5den:<\/strong> Cheap Energy Kids Run<br \/>\n<strong>Mail:<\/strong>\u00a0<a href=\"mailto:jens@helsingborgmarathon.se\">jens@helsingborgmarathon.se<\/a><br \/>\n<strong>Instagram:<\/strong> <a href=\"https:\/\/www.instagram.com\/ultrarunnerjens\/\" target=\"_blank\" rel=\"noopener noreferrer\">@ultrarunnerjens<\/a>[\/vc_column_text][\/vc_column][\/vc_row]<\/p>\n<\/div>","protected":false},"excerpt":{"rendered":"<p>[vc_row full_width=&#8221;stretch_row_content_no_spaces&#8221; disable_background_image=&#8221;&#8221; css=&#8221;.vc_custom_1745997313875{margin-bottom: 60px !important;padding-bottom: 60px !important;}&#8221; el_class=&#8221;radenmbackie&#8221; simple_background_image=&#8221;22619&#8243;][vc_column][vc_empty_space height=&#8221;400px&#8221;][\/vc_column][\/vc_row][vc_row css=&#8221;.vc_custom_1509388328030{padding-bottom: 50px !important;}&#8221;][vc_column width=&#8221;3\/4&#8243;][vc_column_text el_class=&#8221;hbgmbread&#8221;] Om oss [\/vc_column_text][vc_column_text] V\u00e4rdskap och passion [\/vc_column_text][vc_separator color=&#8221;black&#8221; align=&#8221;align_left&#8221; border_width=&#8221;2&#8243; el_width=&#8221;10&#8243; css=&#8221;.vc_custom_1509374538687{padding-top: 15px !important;padding-bottom: 15px !important;}&#8221;][vc_column_text]Id\u00e9n om ett maraton i Helsingborg f\u00f6ddes h\u00f6sten 2012 [&hellip;]<\/p>\n","protected":false},"author":1,"featured_media":0,"parent":0,"menu_order":0,"comment_status":"closed","ping_status":"closed","template":"","meta":{"footnotes":""},"class_list":["post-14964","page","type-page","status-publish","hentry"],"_links":{"self":[{"href":"https:\/\/helsingborgmarathon.se\/da\/wp-json\/wp\/v2\/pages\/14964","targetHints":{"allow":["GET"]}}],"collection":[{"href":"https:\/\/helsingborgmarathon.se\/da\/wp-json\/wp\/v2\/pages"}],"about":[{"href":"https:\/\/helsingborgmarathon.se\/da\/wp-json\/wp\/v2\/types\/page"}],"author":[{"embeddable":true,"href":"https:\/\/helsingborgmarathon.se\/da\/wp-json\/wp\/v2\/users\/1"}],"replies":[{"embeddable":true,"href":"https:\/\/helsingborgmarathon.se\/da\/wp-json\/wp\/v2\/comments?post=14964"}],"version-history":[{"count":22,"href":"https:\/\/helsingborgmarathon.se\/da\/wp-json\/wp\/v2\/pages\/14964\/revisions"}],"predecessor-version":[{"id":23103,"href":"https:\/\/helsingborgmarathon.se\/da\/wp-json\/wp\/v2\/pages\/14964\/revisions\/23103"}],"wp:attachment":[{"href":"https:\/\/helsingborgmarathon.se\/da\/wp-json\/wp\/v2\/media?parent=14964"}],"curies":[{"name":"wp","href":"https:\/\/api.w.org\/{rel}","templated":true}]}}