{"id":15220,"date":"2019-12-28T12:01:38","date_gmt":"2019-12-28T12:01:38","guid":{"rendered":"https:\/\/helsingborgmarathon.se\/integritetspolicy-og-cookies\/"},"modified":"2026-04-06T12:40:38","modified_gmt":"2026-04-06T12:40:38","slug":"integritetspolicy-og-cookies","status":"publish","type":"page","link":"https:\/\/helsingborgmarathon.se\/da\/integritetspolicy-og-cookies\/","title":{"rendered":"Integritetspolicy og Cookies"},"content":{"rendered":"<div class=\"wpb-content-wrapper\"><p>[vc_row full_width=&#8221;stretch_row_content_no_spaces&#8221; disable_background_image=&#8221;&#8221; css=&#8221;.vc_custom_1526994923123{margin-bottom: 60px !important;padding-bottom: 60px !important;}&#8221; el_class=&#8221;radenmbackie&#8221; simple_background_image=&#8221;1980&#8243;][vc_column][vc_empty_space height=&#8221;400px&#8221;][\/vc_column][\/vc_row][vc_row css=&#8221;.vc_custom_1509388328030{padding-bottom: 50px !important;}&#8221;][vc_column width=&#8221;3\/4&#8243;][vc_column_text el_class=&#8221;hbgmbread&#8221;]<\/p>\n<h5>Integritetspolicy og Cookies<\/h5>\n<p>[\/vc_column_text][vc_column_text]<\/p>\n<h1>Integritetspolicy<\/h1>\n<p>[\/vc_column_text][vc_separator color=&#8221;black&#8221; align=&#8221;align_left&#8221; border_width=&#8221;2&#8243; el_width=&#8221;10&#8243; css=&#8221;.vc_custom_1509374538687{padding-top: 15px !important;padding-bottom: 15px !important;}&#8221;][vc_column_text]<\/p>\n<p style=\"font-weight: 400;\"><span style=\"font-weight: 400;\">Helsingborgs Marathon AB (org. 556910-6970, Carl Krooks gata 25C, 252 18 Helsingborg),<\/span> er ansvarlig for personoplysningsansvarlig for personoplysninger som h\u00e5ndteres under Helsingborg Marathon. Personoplysningsansvarlig er ansvarlig for h\u00e5ndteringen af alle personoplysninger og at dette sker i overensstemmelse med g\u00e6ldende lovgivning.<\/p>\n<p style=\"font-weight: 400;\">Vi som organisation arbejder aktivt med og tager alle n\u00f8dvendige hensyn som kr\u00e6ves for at beskytte dine personoplysninger.<\/p>\n<p style=\"font-weight: 400;\">Har du sp\u00f8rgsm\u00e5l eller savner information er du velkommen til at kontakte os.<\/p>\n<p>[\/vc_column_text][\/vc_column][vc_column width=&#8221;1\/4&#8243;][\/vc_column][\/vc_row][vc_row css=&#8221;.vc_custom_1509388328030{padding-bottom: 50px !important;}&#8221;][vc_column width=&#8221;3\/4&#8243;][vc_column_text]<\/p>\n<h1>Hvem er personoplysningsansvarlig?<\/h1>\n<p>[\/vc_column_text][vc_separator color=&#8221;black&#8221; align=&#8221;align_left&#8221; border_width=&#8221;2&#8243; el_width=&#8221;10&#8243; css=&#8221;.vc_custom_1509374538687{padding-top: 15px !important;padding-bottom: 15px !important;}&#8221;][vc_column_text]<\/p>\n<p style=\"font-weight: 400;\"><span style=\"font-weight: 400;\">Helsingborgs Marathon<\/span><\/p>\n<p style=\"font-weight: 400;\"><span style=\"font-weight: 400;\">Carl Krooks gata 25C<\/span><\/p>\n<p style=\"font-weight: 400;\"><span style=\"font-weight: 400;\">252 18 Helsingborg<\/span><\/p>\n<p style=\"font-weight: 400;\"><a href=\"mailto:hello@hbgm.se\"><span style=\"font-weight: 400;\">hello@hbgm.se<\/span><\/a><\/p>\n<p>[\/vc_column_text][\/vc_column][vc_column width=&#8221;1\/4&#8243;][\/vc_column][\/vc_row][vc_row css=&#8221;.vc_custom_1509388328030{padding-bottom: 50px !important;}&#8221;][vc_column width=&#8221;3\/4&#8243;][vc_column_text]<\/p>\n<h1>Hvilke personoplysninger indsamler vi og hvorfor?<\/h1>\n<p>[\/vc_column_text][vc_separator color=&#8221;black&#8221; align=&#8221;align_left&#8221; border_width=&#8221;2&#8243; el_width=&#8221;10&#8243; css=&#8221;.vc_custom_1509374538687{padding-top: 15px !important;padding-bottom: 15px !important;}&#8221;][vc_column_text]Nedenfor oplister vi hvilke personoplysninger vi indsamler og h\u00e5ndterer, med hvilket form\u00e5l samt hvilket lovgrundlag dette hviler p\u00e5.<\/p>\n<p style=\"font-weight: 400;\"><b>Ved tilmelding til deltagelse i arrangementer\/tr\u00e6ningsgrupper<\/b><\/p>\n<p style=\"font-weight: 400;\">N\u00e5r du tilmelder dig til et af vores arrangementer (ogs\u00e5 som funktion\u00e6r) h\u00e5ndterer vi en del personoplysninger.<\/p>\n<p style=\"font-weight: 400;\">Form\u00e5let med behandlingen af personoplysninger er at kunne<\/p>\n<ul style=\"font-weight: 400;\">\n<li style=\"font-weight: 400;\">G\u00f8re klasseinddelinger.<\/li>\n<li style=\"font-weight: 400;\">Give deltagerne information om l\u00f8bet og startnummer.<\/li>\n<li style=\"font-weight: 400;\">Beregne hvor meget udstyr der skal k\u00f8bes til l\u00f8bene (f.eks. startnumre, tidstagningschips etc.).<\/li>\n<li style=\"font-weight: 400;\">Oprette og publicere resultatlister efter l\u00f8bene.<\/li>\n<li style=\"font-weight: 400;\">Administrere betaling for arrangementer<\/li>\n<li style=\"font-weight: 400;\">Kommunikere med kunden\/deltageren\/funktion\u00e6ren f\u00f8r, under og efter l\u00f8bene.<\/li>\n<\/ul>\n<p style=\"font-weight: 400;\">Vi h\u00e5ndterer f\u00f8lgende personoplysninger:<\/p>\n<ul style=\"font-weight: 400;\">\n<li style=\"font-weight: 400;\">Navn<\/li>\n<li style=\"font-weight: 400;\">Kontaktoplysninger (e-mail, adresse og evt. telefonnummer)<\/li>\n<li style=\"font-weight: 400;\">F\u00f8dselsdato (\u00e5r, m\u00e5ned og dag)<\/li>\n<li style=\"font-weight: 400;\">Evt. klubtilh\u00f8rsforhold<\/li>\n<li style=\"font-weight: 400;\">Evt. tr\u00f8jest\u00f8rrelse<\/li>\n<\/ul>\n<p style=\"font-weight: 400;\">Lovgrundlag:<\/p>\n<p style=\"font-weight: 400;\">Gennemf\u00f8relse af k\u00f8bsaftale.<\/p>\n<p style=\"font-weight: 400;\"><b>For at h\u00e5ndtere din konto hos os.<\/b><\/p>\n<p style=\"font-weight: 400;\">N\u00e5r du tilmelder dig et af vores arrangementer eller handler i vores shop er der mulighed for, at oprette en konto, for at skabe et hurtigt overblik over bestillinger, status og leveranse.<\/p>\n<p style=\"font-weight: 400;\">Form\u00e5let med behandlingen af personoplysninger er at kunne<\/p>\n<ul style=\"font-weight: 400;\">\n<li style=\"font-weight: 400;\">Levere produkter og tjenester<\/li>\n<li style=\"font-weight: 400;\">Have tilladelse til at logge ind p\u00e5 kontoen<\/li>\n<li style=\"font-weight: 400;\">Lave klasseinddelinger<\/li>\n<li style=\"font-weight: 400;\">Give eventuelle deltagere l\u00f8bsinformation og startnummer<\/li>\n<li style=\"font-weight: 400;\">H\u00e5ndtere betalinger for arrangementer<\/li>\n<li style=\"font-weight: 400;\">Kommunikere med kunden\/deltageren f\u00f8r, under og efter arrangementet<\/li>\n<\/ul>\n<p style=\"font-weight: 400;\">Vi h\u00e5ndterer f\u00f8lgende personoplysninger:<\/p>\n<ul style=\"font-weight: 400;\">\n<li style=\"font-weight: 400;\">Navn<\/li>\n<li style=\"font-weight: 400;\">Kontaktoplysninger (e-mail, adresse og evt. telefonnummer)<\/li>\n<li style=\"font-weight: 400;\">F\u00f8dselsdato (\u00e5r, m\u00e5ned og dag)<\/li>\n<li style=\"font-weight: 400;\">Evt. klubtilh\u00f8rsforhold<\/li>\n<li style=\"font-weight: 400;\">Evt. tr\u00f8jest\u00f8rrelse<\/li>\n<\/ul>\n<p style=\"font-weight: 400;\">Lovgrundlag:<\/p>\n<p style=\"font-weight: 400;\"><span style=\"font-weight: 400;\">Berettiget interesse.<\/span><\/p>\n<p style=\"font-weight: 400;\">OBS! Bem\u00e6rk, at det ikke er n\u00f8dvendigt at oprette en konto hos os, for at tilmelde sig til Helsingborg Marathons arrangementer.<\/p>\n<p style=\"font-weight: 400;\"><b>For markedsf\u00f8ring af arrangementer og tjenester<\/b><\/p>\n<p style=\"font-weight: 400;\">Form\u00e5let med behandlingen af personoplysninger er at kunne<\/p>\n<ul style=\"font-weight: 400;\">\n<li style=\"font-weight: 400;\">Markedsf\u00f8ring af forslag til relevante arrangementer og tjenester<\/li>\n<li style=\"font-weight: 400;\">Sende markedsf\u00f8ring via mail, f.eks. tilbud og indbydelser til arrangementer<\/li>\n<\/ul>\n<p style=\"font-weight: 400;\">Vi h\u00e5ndterer f\u00f8lgende personoplysninger:<\/p>\n<ul style=\"font-weight: 400;\">\n<li style=\"font-weight: 400;\">Navn<\/li>\n<li style=\"font-weight: 400;\">Kontaktoplysninger (e-mail, adresse og evt. telefonnummer)<\/li>\n<li style=\"font-weight: 400;\">F\u00f8dselsdato (\u00e5r, m\u00e5ned og dag)<\/li>\n<\/ul>\n<p style=\"font-weight: 400;\">Lovgrundlag:<\/p>\n<p style=\"font-weight: 400;\">Berettiget interesse. Vi h\u00e5ndterer oplysninger for at kunne sende relevant markedsf\u00f8ring til dig.<\/p>\n<p style=\"font-weight: 400;\"><b>For at h\u00e5ndtere kundehenvendelser<\/b><\/p>\n<p style=\"font-weight: 400;\">Form\u00e5let med behandlingen af personoplysninger er at kunne<\/p>\n<ul style=\"font-weight: 400;\">\n<li style=\"font-weight: 400;\">Hj\u00e6lpe dig som kunde\/deltager med henvendelser og support<\/li>\n<li style=\"font-weight: 400;\">Kommunikere med dig inden, under og efter arrangementer<\/li>\n<li style=\"font-weight: 400;\">Gennemf\u00f8re alderskontroller og lave klasseinddelinger<\/li>\n<li style=\"font-weight: 400;\">H\u00e5ndtere pr\u00e6mier i konkurrencer og kontakte vindere<\/li>\n<li style=\"font-weight: 400;\">Kommunikere omkring sp\u00f8rgsm\u00e5l som er fremf\u00f8rt i sociale medier<\/li>\n<li style=\"font-weight: 400;\">Identificere kunden\/deltageren<\/li>\n<\/ul>\n<p style=\"font-weight: 400;\"><span style=\"font-weight: 400;\">Vi h\u00e5ndterer f\u00f8lgende personoplysninger:<\/span><\/p>\n<ul style=\"font-weight: 400;\">\n<li style=\"font-weight: 400;\">Navn<\/li>\n<li style=\"font-weight: 400;\">Kontaktoplysninger (e-mail, adresse og evt. telefonnummer)<\/li>\n<li style=\"font-weight: 400;\">F\u00f8dselsdato (\u00e5r, m\u00e5ned og dag)<\/li>\n<li style=\"font-weight: 400;\">Oplysninger som kunden selv har givet (f.eks. svar i konkurrencer)<\/li>\n<li style=\"font-weight: 400;\">Resultater og tilmeldelseshistorik<\/li>\n<li style=\"font-weight: 400;\">Evt. klubtilh\u00f8rsforhold<\/li>\n<li style=\"font-weight: 400;\">Evt. tr\u00f8jest\u00f8rrelse<\/li>\n<li style=\"font-weight: 400;\">Eventuelle brugeroplysninger til in logning<\/li>\n<\/ul>\n<p style=\"font-weight: 400;\"><span style=\"font-weight: 400;\">Lovgrundlag:<\/span><\/p>\n<p style=\"font-weight: 400;\">Berettiget interesse. Vi h\u00e5ndterer oplysninger for at kunne hj\u00e6lpe dig med kundehenvendelser og supportsp\u00f8rgsm\u00e5l.<\/p>\n<p style=\"font-weight: 400;\"><b>For at f\u00f8lge retslige forpligtelser<\/b><\/p>\n<p style=\"font-weight: 400;\">For at f\u00f8lge svensk lovgivning skal vi i visse situationer h\u00e5ndtere personoplysninger, f.eks. lov om bogf\u00f8ring.<\/p>\n<p style=\"font-weight: 400;\">Form\u00e5let med behandlingen af personoplysninger er at kunne<\/p>\n<ul style=\"font-weight: 400;\">\n<li style=\"font-weight: 400;\">F\u00f8lge lovgivning og krav til virksomheden, (f.eks. bogf\u00f8ringsloven) som kr\u00e6ver at visse personoplysninger registreres i forbindelse med salg<\/li>\n<\/ul>\n<p style=\"font-weight: 400;\"><span style=\"font-weight: 400;\">Vi h\u00e5ndterer f\u00f8lgende personoplysninger:<\/span><\/p>\n<ul style=\"font-weight: 400;\">\n<li style=\"font-weight: 400;\">Navn<\/li>\n<li style=\"font-weight: 400;\">Kontaktoplysninger (e-mail, adresse og evt. telefonnummer)<\/li>\n<li style=\"font-weight: 400;\">F\u00f8dselsdato (\u00e5r, m\u00e5ned og dag)<\/li>\n<li style=\"font-weight: 400;\">Evt. betalingsinformation<\/li>\n<\/ul>\n<p style=\"font-weight: 400;\">Lovgrundlag:<\/p>\n<p style=\"font-weight: 400;\">Retslig forpligtigelse.<\/p>\n<p>[\/vc_column_text][\/vc_column][vc_column width=&#8221;1\/4&#8243;][\/vc_column][\/vc_row][vc_row css=&#8221;.vc_custom_1509388328030{padding-bottom: 50px !important;}&#8221;][vc_column width=&#8221;3\/4&#8243;][vc_column_text]<\/p>\n<h1>Dine rettigheder<\/h1>\n<p>[\/vc_column_text][vc_separator color=&#8221;black&#8221; align=&#8221;align_left&#8221; border_width=&#8221;2&#8243; el_width=&#8221;10&#8243; css=&#8221;.vc_custom_1509374538687{padding-top: 15px !important;padding-bottom: 15px !important;}&#8221;][vc_column_text]<\/p>\n<p style=\"font-weight: 400;\">Du har ret til at<\/p>\n<ul style=\"font-weight: 400;\">\n<li style=\"font-weight: 400;\">F\u00e5 adgang til et registerudtr\u00e6k. Dette omfatter hvilke personoplysninger som vi h\u00e5ndterer<\/li>\n<li style=\"font-weight: 400;\">Beg\u00e6re rettelser af fejlagtige eller ufuldst\u00e6ndige personoplysninger<\/li>\n<li style=\"font-weight: 400;\">F\u00e5 dine oplysninger slettet under visse omst\u00e6ndigheder, f.eks\n<ul>\n<li style=\"font-weight: 400;\">Hvis personoplysningerne er h\u00e5ndteret p\u00e5 en ulovlig m\u00e5de<\/li>\n<li style=\"font-weight: 400;\">Ikke l\u00e6ngere er n\u00f8dvendige for det form\u00e5l de er indsamlet til<\/li>\n<\/ul>\n<\/li>\n<li style=\"font-weight: 400;\">F\u00e5 dine oplysninger begr\u00e6nsede, f.eks. hvis du har indsigelser mod h\u00e5ndtering af dine oplysninger. Vi har dog mulighed for, at mods\u00e6tte os din beg\u00e6ring s\u00e5fremt vores hensyn er mere tungvejende end dine<\/li>\n<li style=\"font-weight: 400;\">Under visse omst\u00e6ndigheder f\u00e5 dine data flyttet (dataportering) og overf\u00f8rt til en anden personoplysningsansvarlig<\/li>\n<\/ul>\n<p>[\/vc_column_text][\/vc_column][vc_column width=&#8221;1\/4&#8243;][\/vc_column][\/vc_row][vc_row css=&#8221;.vc_custom_1509388328030{padding-bottom: 50px !important;}&#8221;][vc_column width=&#8221;3\/4&#8243;][vc_column_text]<\/p>\n<h1>Deling af personoplysninger<\/h1>\n<p>[\/vc_column_text][vc_separator color=&#8221;black&#8221; align=&#8221;align_left&#8221; border_width=&#8221;2&#8243; el_width=&#8221;10&#8243; css=&#8221;.vc_custom_1509374538687{padding-top: 15px !important;padding-bottom: 15px !important;}&#8221;][vc_column_text]<\/p>\n<p style=\"font-weight: 400;\">I forbindelse med visse af tjenesterne som er n\u00f8dvendige for tilmelding, betaling eller deltagelse i nogle af vores arrangementer samt i markedsf\u00f8ring form\u00e5l kan dine personoplysninger deles med en partner eller leverand\u00f8r. Dette kan f.eks. handle om vores leverand\u00f8r som forest\u00e5r tilmeldingstjenesten, vores leverand\u00f8r af betalingsl\u00f8sning eller vores leverand\u00f8r af teknologien til levering af nyhedsbrev.<\/p>\n<p style=\"font-weight: 400;\">Vi vil altid i videst muligt omfang, h\u00e5ndtere og lagre dine personoplysninger inden for EU\/EES og arbejde med leverand\u00f8re som lagrer dine personoplysninger p\u00e5 samme m\u00e5de. Er dette ikke muligt hos en af vores leverand\u00f8re vil vi sikre at overf\u00f8rslen er i overensstemmelse med Databeskyttelsesforordningens retningslinjer og bestemmelser.<\/p>\n<p>[\/vc_column_text][\/vc_column][vc_column width=&#8221;1\/4&#8243;][\/vc_column][\/vc_row][vc_row css=&#8221;.vc_custom_1509388328030{padding-bottom: 50px !important;}&#8221;][vc_column width=&#8221;3\/4&#8243;][vc_column_text]<\/p>\n<h1>Lagring af personoplysninger<\/h1>\n<p>[\/vc_column_text][vc_separator color=&#8221;black&#8221; align=&#8221;align_left&#8221; border_width=&#8221;2&#8243; el_width=&#8221;10&#8243; css=&#8221;.vc_custom_1509374538687{padding-top: 15px !important;padding-bottom: 15px !important;}&#8221;][vc_column_text]<\/p>\n<p style=\"font-weight: 400;\">Vi hverken lagrer eller h\u00e5ndterer personoplysninger l\u00e6ngere tid end h\u00f8jst n\u00f8dvendigt under hensyntagen til anledningen for lagringen. Vi f\u00f8lger g\u00e6ldende lovgivning, hvilket i praksis betyder at gennemf\u00f8rer en \u00e5rlig rensning af oplysninger som ikke l\u00e6ngere er aktuelle. Til markedsf\u00f8rings- og informationsform\u00e5l lagrer vi information i 3 \u00e5r. Information hvor lovgivningen kr\u00e6ver l\u00e6ngere lagring, f.eks. bogf\u00f8ringslovgivningen, f\u00f8lges den g\u00e6ldende lovgivning. Al h\u00e5ndtering og lagring sker under hensyntagen til de ber\u00f8rte personer og med h\u00f8j sikkerhed og sekretesse.<\/p>\n<p>[\/vc_column_text][\/vc_column][vc_column width=&#8221;1\/4&#8243;][\/vc_column][\/vc_row][vc_row css=&#8221;.vc_custom_1509388328030{padding-bottom: 50px !important;}&#8221;][vc_column width=&#8221;3\/4&#8243;][vc_column_text]<\/p>\n<h1><b>Om Cookies<\/b><\/h1>\n<p>[\/vc_column_text][vc_separator color=&#8221;black&#8221; align=&#8221;align_left&#8221; border_width=&#8221;2&#8243; el_width=&#8221;10&#8243; css=&#8221;.vc_custom_1509374538687{padding-top: 15px !important;padding-bottom: 15px !important;}&#8221;][vc_column_text]<\/p>\n<p style=\"font-weight: 400;\">For at visse funktioner skal fungere p\u00e5 vores hjemmeside anvender vi cookies. Cookies kan ogs\u00e5 indsamle information og statistik fra dit bes\u00f8g p\u00e5 vores side. Herunder uddybes det.<\/p>\n<p style=\"font-weight: 400;\"><b><br \/>\nHvad er en cookie?<\/b><\/p>\n<p style=\"font-weight: 400;\">En cookie er en lille tekstfil som lagres p\u00e5 din computer. Der findes forskellige typer af cookies. En permanent cookie lagres p\u00e5 computeren i en defineret periode. En session cookie lagres midlertidigt i computerens hukommelse medens du er inde p\u00e5 en hjemmeside. Sessionscookies forsvinder n\u00e5r du lukker din browser (Tekst oversat fra \u201ddatainspektionen.se\u201d).<\/p>\n<p style=\"font-weight: 400;\"><b><br \/>\nHvordan bruger vi cookies?<\/b><\/p>\n<p style=\"font-weight: 400;\">De cookies vi bruger h\u00e5ndterer ingen personlige oplysninger. De imod identificerer de den enhed\/computer du bruger din browser med. Vi bruger s\u00e5ledes ikke cookies, der indsamler personlige oplysninger om dig som bruger.<\/p>\n<p style=\"font-weight: 400;\">I indstillingerne i din browser har du valgt om du vil acceptere cookies eller ej. Har du valgt at acceptere cookies, giver du automatisk samtykke til brug af cookies n\u00e5r du g\u00e5r ind p\u00e5 vores hjemmeside. Hvis du ikke \u00f8nsker at acceptere cookies p\u00e5 vores hjemmeside skal du g\u00e5 ind i indstillingerne p\u00e5 din browser og frav\u00e6lge dette. Du har ogs\u00e5 mulighed for at slette de cookies som er blevet gemt p\u00e5 din computer efter dit bes\u00f8g p\u00e5 vores hjemmeside. Dette g\u00f8r du via indstillingerne p\u00e5 din browser. Hvis du v\u00e6lger ikke at acceptere cookies p\u00e5 vores hjemmeside kan visse funktioner p\u00e5 hjemmesiden v\u00e6re begr\u00e6nsede.<\/p>\n<p style=\"font-weight: 400;\">Vi benytter en h\u00e5ndfuld cookies, herunder Google Analytics, Facebook og WooCommerce.<\/p>\n<p>[\/vc_column_text][\/vc_column][vc_column width=&#8221;1\/4&#8243;][\/vc_column][\/vc_row][vc_row css=&#8221;.vc_custom_1509388328030{padding-bottom: 50px !important;}&#8221;][vc_column width=&#8221;3\/4&#8243;][vc_column_text]<\/p>\n<h1>Klager<\/h1>\n<p>[\/vc_column_text][vc_separator color=&#8221;black&#8221; align=&#8221;align_left&#8221; border_width=&#8221;2&#8243; el_width=&#8221;10&#8243; css=&#8221;.vc_custom_1509374538687{padding-top: 15px !important;padding-bottom: 15px !important;}&#8221;][vc_column_text]<\/p>\n<p style=\"font-weight: 400;\">Du har ret til at indgive klager til tilsynsmyndigheden Datainspektionen, <a style=\"font-weight: 400;\" href=\"http:\/\/www.datainspektionen.se\/\"><span style=\"font-weight: 400;\">http:\/\/www.datainspektionen.se<\/span><\/a><span style=\"font-weight: 400;\">. Vi \u00f8nsker dog, at dog at du f\u00f8rst kontakter os for at vi kan hj\u00e6lpe med din henvendelse.<br \/>\n<\/span><\/p>\n<p>[\/vc_column_text][\/vc_column][vc_column width=&#8221;1\/4&#8243;][\/vc_column][\/vc_row][vc_row css=&#8221;.vc_custom_1509388328030{padding-bottom: 50px !important;}&#8221;][vc_column width=&#8221;3\/4&#8243;][vc_column_text]<\/p>\n<h1><b>Kontakt<\/b><\/h1>\n<p>[\/vc_column_text][vc_separator color=&#8221;black&#8221; align=&#8221;align_left&#8221; border_width=&#8221;2&#8243; el_width=&#8221;10&#8243; css=&#8221;.vc_custom_1509374538687{padding-top: 15px !important;padding-bottom: 15px !important;}&#8221;][vc_column_text]<\/p>\n<p style=\"font-weight: 400;\"><span style=\"font-weight: 400;\">Helsingborgs Marathon<\/span><\/p>\n<p style=\"font-weight: 400;\"><span style=\"font-weight: 400;\">Carl Krooks gata 25C<\/span><\/p>\n<p style=\"font-weight: 400;\"><span style=\"font-weight: 400;\">252 18 Helsingborg<\/span><\/p>\n<p style=\"font-weight: 400;\"><a href=\"mailto:hello@hbgm.se\"><span style=\"font-weight: 400;\">hello@hbgm.se<\/span><\/a><\/p>\n<p>[\/vc_column_text][\/vc_column][vc_column width=&#8221;1\/4&#8243;][\/vc_column][\/vc_row]<\/p>\n<\/div>","protected":false},"excerpt":{"rendered":"<p>[vc_row full_width=&#8221;stretch_row_content_no_spaces&#8221; disable_background_image=&#8221;&#8221; css=&#8221;.vc_custom_1526994923123{margin-bottom: 60px !important;padding-bottom: 60px !important;}&#8221; el_class=&#8221;radenmbackie&#8221; simple_background_image=&#8221;1980&#8243;][vc_column][vc_empty_space height=&#8221;400px&#8221;][\/vc_column][\/vc_row][vc_row css=&#8221;.vc_custom_1509388328030{padding-bottom: 50px !important;}&#8221;][vc_column width=&#8221;3\/4&#8243;][vc_column_text el_class=&#8221;hbgmbread&#8221;] Integritetspolicy og Cookies [\/vc_column_text][vc_column_text] Integritetspolicy [\/vc_column_text][vc_separator color=&#8221;black&#8221; align=&#8221;align_left&#8221; border_width=&#8221;2&#8243; el_width=&#8221;10&#8243; css=&#8221;.vc_custom_1509374538687{padding-top: 15px !important;padding-bottom: 15px !important;}&#8221;][vc_column_text] Helsingborgs Marathon AB (org. 556910-6970, Carl Krooks gata 25C, [&hellip;]<\/p>\n","protected":false},"author":3,"featured_media":0,"parent":0,"menu_order":0,"comment_status":"closed","ping_status":"closed","template":"","meta":{"footnotes":""},"class_list":["post-15220","page","type-page","status-publish","hentry"],"_links":{"self":[{"href":"https:\/\/helsingborgmarathon.se\/da\/wp-json\/wp\/v2\/pages\/15220","targetHints":{"allow":["GET"]}}],"collection":[{"href":"https:\/\/helsingborgmarathon.se\/da\/wp-json\/wp\/v2\/pages"}],"about":[{"href":"https:\/\/helsingborgmarathon.se\/da\/wp-json\/wp\/v2\/types\/page"}],"author":[{"embeddable":true,"href":"https:\/\/helsingborgmarathon.se\/da\/wp-json\/wp\/v2\/users\/3"}],"replies":[{"embeddable":true,"href":"https:\/\/helsingborgmarathon.se\/da\/wp-json\/wp\/v2\/comments?post=15220"}],"version-history":[{"count":13,"href":"https:\/\/helsingborgmarathon.se\/da\/wp-json\/wp\/v2\/pages\/15220\/revisions"}],"predecessor-version":[{"id":23269,"href":"https:\/\/helsingborgmarathon.se\/da\/wp-json\/wp\/v2\/pages\/15220\/revisions\/23269"}],"wp:attachment":[{"href":"https:\/\/helsingborgmarathon.se\/da\/wp-json\/wp\/v2\/media?parent=15220"}],"curies":[{"name":"wp","href":"https:\/\/api.w.org\/{rel}","templated":true}]}}