{"id":16376,"date":"2020-10-28T07:36:51","date_gmt":"2020-10-28T07:36:51","guid":{"rendered":"https:\/\/helsingborgmarathon.se\/ellas-hjaltar\/"},"modified":"2026-01-29T13:57:32","modified_gmt":"2026-01-29T13:57:32","slug":"min-stora-dag","status":"publish","type":"page","link":"https:\/\/helsingborgmarathon.se\/da\/min-stora-dag\/","title":{"rendered":"Min Stora Dag"},"content":{"rendered":"<div class=\"wpb-content-wrapper\"><p>[vc_row full_width=&#8221;stretch_row_content_no_spaces&#8221; disable_background_image=&#8221;&#8221; css=&#8221;.vc_custom_1769677389344{margin-bottom: 60px !important;padding-bottom: 60px !important;}&#8221; el_class=&#8221;radenmbackie&#8221; simple_background_image=&#8221;23155&#8243;][vc_column][vc_empty_space height=&#8221;400px&#8221;][\/vc_column][\/vc_row][vc_row css=&#8221;.vc_custom_1509388328030{padding-bottom: 50px !important;}&#8221;][vc_column width=&#8221;3\/4&#8243;][vc_column_text el_class=&#8221;hbgmbread&#8221;]<\/p>\n<h5>Min Stora Dag<\/h5>\n<p>[\/vc_column_text][vc_column_text]<\/p>\n<h1>Giv et barn en dag til at klare flere!<\/h1>\n<p>[\/vc_column_text][vc_separator color=&#8221;black&#8221; align=&#8221;align_left&#8221; border_width=&#8221;2&#8243; el_width=&#8221;10&#8243; css=&#8221;.vc_custom_1509374538687{padding-top: 15px !important;padding-bottom: 15px !important;}&#8221;][vc_column_text]Nu har du mulighed for at g\u00f8re en reel forskel for b\u00f8rn, der lever med alvorlige sygdomme og diagnoser. Vi er stolte af vores samarbejde med stiftelsen <a href=\"https:\/\/minstoradag.org\/\" target=\"_blank\" rel=\"noopener\">Min Stora Dag<\/a>, som hvert \u00e5r opfylder \u00f8nsker og skaber uforglemmelige oplevelser for b\u00f8rn, hvis hverdag ofte er pr\u00e6get af behandlinger, hospitalsbes\u00f8g og medicin. Min Stora Dags arbejde giver livsvigtig gl\u00e6de, h\u00e5b og styrke \u2013 en dag, der kan b\u00e6res med l\u00e6nge.<\/p>\n<p>Sammen med jer, vores l\u00f8bere og ambassad\u00f8rer, vil vi bruge l\u00f8bens kraft til noget st\u00f8rre end blot kilometer og sluttider. N\u00e5r du tilmelder dig Helsingborg Marathon, HOKA Helsingborg Half Marathon eller Lydinge Resort Stafett, har du mulighed for at give et valgfrit bidrag til Min Stora Dag. Du kan ogs\u00e5 donere direkte via vores hjemmeside. Hver gave, stor som lille, er med til at skabe magiske \u00f8jeblikke for b\u00f8rn, der har allermest brug for det.<br \/>\nSammen giver vi flere b\u00f8rn en dag til at klare flere.[\/vc_column_text][vc_empty_space][vc_single_image image=&#8221;18149&#8243; img_size=&#8221;200&#215;50&#8243; onclick=&#8221;custom_link&#8221; img_link_target=&#8221;_blank&#8221; link=&#8221;https:\/\/shop.helsingborgmarathon.se\/produkt\/min-stora-dag\/&#8221;][vc_progress_bar values=&#8221;%5B%7B%22label%22%3A%22Indsamlet%22%2C%22value%22%3A%221250%22%2C%22color%22%3A%22custom%22%2C%22customcolor%22%3A%22%2335b6b4%22%2C%22customtxtcolor%22%3A%22%23ffffff%22%7D%2C%7B%22label%22%3A%22M%C3%A5ls%C3%A6tning%22%2C%22value%22%3A%22100000%22%7D%5D&#8221; bgcolor=&#8221;white&#8221; css_animation=&#8221;none&#8221; title=&#8221;Indsamlet hidtil til Min Stora Dag&#8221; units=&#8221;SEK&#8221;][vc_empty_space][\/vc_column][vc_column width=&#8221;1\/4&#8243;][\/vc_column][\/vc_row][vc_row css=&#8221;.vc_custom_1509388328030{padding-bottom: 50px !important;}&#8221;][vc_column width=&#8221;3\/4&#8243;][vc_column_text]<\/p>\n<h1>Om Min Stora Dag<\/h1>\n<p>[\/vc_column_text][vc_separator color=&#8221;black&#8221; align=&#8221;align_left&#8221; border_width=&#8221;2&#8243; el_width=&#8221;10&#8243; css=&#8221;.vc_custom_1509374538687{padding-top: 15px !important;padding-bottom: 15px !important;}&#8221;][vc_column_text]Min Stora Dag er en landsd\u00e6kkende stiftelse, der arbejder for at opfylde \u00f8nsker og skabe livsvigtig gl\u00e6de for b\u00f8rn og unge med alvorlige sygdomme og diagnoser. Gennem det, der kaldes Stora Dagar, f\u00e5r b\u00f8rn mellem 4 og 17 \u00e5r en uforglemmelig oplevelse at se frem til \u2013 en dag, der giver styrke, h\u00e5b og minder langt ud over hverdagens udfordrende behandlinger og hospitalsbes\u00f8g.<\/p>\n<p>Min Stora Dag blev grundlagt i \u00e5r 2000 og har siden givet tusindvis af b\u00f8rn s\u00e6rlige oplevelser \u2013 fra personligt tilpassede dr\u00f8mmedage til gruppeaktiviteter og familieoplevelser. Organisationen samarbejder med b\u00f8rnehospitaler og sundhedspersonale over hele Sverige for at n\u00e5 b\u00f8rn med behov for en pause, gl\u00e6de og ny energi.<\/p>\n<p>Donationer til Min Stora Dag bruges til at muligg\u00f8re disse oplevelser. De indsamlede midler g\u00e5r til planl\u00e6gning, gennemf\u00f8relse og tilpasning af Stora Dagar samt til at n\u00e5 flere b\u00f8rn gennem samarbejde med sundhedsv\u00e6senet rundt om i Sverige. Min Stora Dag er en non-profit stiftelse, og alle bidrag bruges til at skabe gl\u00e6de, h\u00e5b og livsvigtig energi for b\u00f8rn, der har allermest brug for det.[\/vc_column_text][vc_empty_space][vc_single_image image=&#8221;18149&#8243; img_size=&#8221;&#8221; onclick=&#8221;custom_link&#8221; img_link_target=&#8221;_blank&#8221; link=&#8221;https:\/\/shop.helsingborgmarathon.se\/produkt\/min-stora-dag\/&#8221;][\/vc_column][vc_column width=&#8221;1\/4&#8243;][\/vc_column][\/vc_row]<\/p>\n<\/div>","protected":false},"excerpt":{"rendered":"<p>[vc_row full_width=&#8221;stretch_row_content_no_spaces&#8221; disable_background_image=&#8221;&#8221; css=&#8221;.vc_custom_1769677389344{margin-bottom: 60px !important;padding-bottom: 60px !important;}&#8221; el_class=&#8221;radenmbackie&#8221; simple_background_image=&#8221;23155&#8243;][vc_column][vc_empty_space height=&#8221;400px&#8221;][\/vc_column][\/vc_row][vc_row css=&#8221;.vc_custom_1509388328030{padding-bottom: 50px !important;}&#8221;][vc_column width=&#8221;3\/4&#8243;][vc_column_text el_class=&#8221;hbgmbread&#8221;] Min Stora Dag [\/vc_column_text][vc_column_text] Giv et barn en dag til at klare flere! [\/vc_column_text][vc_separator color=&#8221;black&#8221; align=&#8221;align_left&#8221; border_width=&#8221;2&#8243; el_width=&#8221;10&#8243; css=&#8221;.vc_custom_1509374538687{padding-top: 15px !important;padding-bottom: 15px !important;}&#8221;][vc_column_text]Nu har [&hellip;]<\/p>\n","protected":false},"author":3,"featured_media":0,"parent":0,"menu_order":0,"comment_status":"closed","ping_status":"closed","template":"","meta":{"footnotes":""},"class_list":["post-16376","page","type-page","status-publish","hentry"],"_links":{"self":[{"href":"https:\/\/helsingborgmarathon.se\/da\/wp-json\/wp\/v2\/pages\/16376","targetHints":{"allow":["GET"]}}],"collection":[{"href":"https:\/\/helsingborgmarathon.se\/da\/wp-json\/wp\/v2\/pages"}],"about":[{"href":"https:\/\/helsingborgmarathon.se\/da\/wp-json\/wp\/v2\/types\/page"}],"author":[{"embeddable":true,"href":"https:\/\/helsingborgmarathon.se\/da\/wp-json\/wp\/v2\/users\/3"}],"replies":[{"embeddable":true,"href":"https:\/\/helsingborgmarathon.se\/da\/wp-json\/wp\/v2\/comments?post=16376"}],"version-history":[{"count":180,"href":"https:\/\/helsingborgmarathon.se\/da\/wp-json\/wp\/v2\/pages\/16376\/revisions"}],"predecessor-version":[{"id":23212,"href":"https:\/\/helsingborgmarathon.se\/da\/wp-json\/wp\/v2\/pages\/16376\/revisions\/23212"}],"wp:attachment":[{"href":"https:\/\/helsingborgmarathon.se\/da\/wp-json\/wp\/v2\/media?parent=16376"}],"curies":[{"name":"wp","href":"https:\/\/api.w.org\/{rel}","templated":true}]}}