{"id":17295,"date":"2021-04-14T08:58:09","date_gmt":"2021-04-14T08:58:09","guid":{"rendered":"https:\/\/helsingborgmarathon.se\/runner-t-shirt\/"},"modified":"2026-04-22T08:57:17","modified_gmt":"2026-04-22T08:57:17","slug":"runner-t-shirt","status":"publish","type":"page","link":"https:\/\/helsingborgmarathon.se\/da\/runner-t-shirt\/","title":{"rendered":"Runner t-shirt"},"content":{"rendered":"<div class=\"wpb-content-wrapper\"><p>[vc_row full_width=&#8221;stretch_row_content_no_spaces&#8221; disable_background_image=&#8221;&#8221; css=&#8221;.vc_custom_1663762082147{padding-bottom: 60px !important;}&#8221; el_class=&#8221;radenmbackie&#8221; simple_background_image=&#8221;18901&#8243;][vc_column][vc_empty_space height=&#8221;400px&#8221;][\/vc_column][\/vc_row][vc_row css=&#8221;.vc_custom_1509388328030{padding-bottom: 50px !important;}&#8221;][vc_column width=&#8221;3\/4&#8243;][vc_column_text el_class=&#8221;hbgmbread&#8221;]<\/p>\n<h5>Runner t-shirt<\/h5>\n<p>[\/vc_column_text][vc_column_text]<\/p>\n<h1>Oplysninger om Runner t-shirt<\/h1>\n<p>[\/vc_column_text][vc_separator color=&#8221;black&#8221; align=&#8221;align_left&#8221; border_width=&#8221;2&#8243; el_width=&#8221;10&#8243; css=&#8221;.vc_custom_1509374538687{padding-top: 15px !important;padding-bottom: 15px !important;}&#8221;][vc_column_text]Tidligere \u00e5r har en Runner t-shirt v\u00e6ret inkluderet i prisen for tilmeldingen, da vi har haft en partner, der har bidraget med denne. Det har v\u00e6ret dejligt at kunne tilbyde vores l\u00f8bere dette, men samtidig har det f\u00f8ltes forkert, n\u00e5r vi de \u00e5r har haft en overproduktion af tr\u00f8jer for at d\u00e6kke alle l\u00f8beres st\u00f8rrelser, og vi har ogs\u00e5 erfaret, at tr\u00f8jerne ikke altid er blevet brugt. I en mere b\u00e6redygtig \u00e5nd \u00f8nsker vi nu, at det skal v\u00e6re et aktivt valg for jer l\u00f8bere at k\u00f8be en t-shirt. Dette f\u00f8les godt for os og for kommende generationer.<\/p>\n<p>Hvis du v\u00e6lger at tilf\u00f8je en Runner t-shirt til din tilmelding (senest den 24. juni 2026), f\u00e5r du den udleveret, n\u00e5r du henter dit startnummer. Hvis du tilmelder dig efter den 24. juni 2026 og v\u00e6lger at tilf\u00f8je en Runner t-shirt, sender vi den til dig efter l\u00f8bet mod en fragtgebyr p\u00e5 79 kr. Nedenfor kan du se, hvordan Runner t-shirts fra 2026 ser ud.[\/vc_column_text][vc_empty_space][vc_column_text]<\/p>\n<h2>St\u00f8rrelsesguide<\/h2>\n<p>[\/vc_column_text][vc_column_text]Men Small \/ Men Medium \/ Men Large \/ Men X Large \/ Men XX Large \/ Men XXX Large<br \/>\nBrystvidde: 48 \/ 52 \/ 56 \/ 60 \/ 62 \/ 66<br \/>\nL\u00e6ngde: 68 \/ 70\u00a0 \/ 73 \/ 76\u00a0 \/ 78 \/ 80<\/p>\n<p>Dame Small \/ Dame Medium \/ Dame Large \/ Dame X Large \/ Dame XX Large<br \/>\nBrystvidde: 43 \/ 45 \/ 47 \/ 48 \/ 51<br \/>\nL\u00e6ngde: 60\u00a0 \/ 63 \/ 66\u00a0 \/ 69 \/ 72<\/p>\n<p>Kids 110-116 \/ Kids 128 \/ Kids 134 \/ Kids 146 \/ Kids 158 \/ Kids 164<br \/>\nBrystvidde: 37 \/ 38 \/ 42 \/ 44 \/ 46 \/ 48<br \/>\nL\u00e6ngde: 50 \/ 53 \/ 55 \/ 57 \/ 60 \/ 68[\/vc_column_text][vc_empty_space][vc_column_text]<\/p>\n<h2>Helsingborg Marathon<\/h2>\n<p>[\/vc_column_text][vc_single_image image=&#8221;23283&#8243; img_size=&#8221;full&#8221;][vc_column_text]<\/p>\n<h2>HOKA Helsingborg Half Marathon<\/h2>\n<p>[\/vc_column_text][vc_single_image image=&#8221;23289&#8243; img_size=&#8221;full&#8221;][vc_column_text]<\/p>\n<h2>Lydinge Resort Stafett<\/h2>\n<p>[\/vc_column_text][vc_single_image image=&#8221;23286&#8243; img_size=&#8221;full&#8221;][vc_column_text]<\/p>\n<h2>Cheap Energy Kids Run<\/h2>\n<p>[\/vc_column_text][vc_single_image image=&#8221;23280&#8243; img_size=&#8221;full&#8221;][\/vc_column][vc_column width=&#8221;1\/4&#8243;][\/vc_column][\/vc_row][vc_row full_width=&#8221;stretch_row_content_no_spaces&#8221; css=&#8221;.vc_custom_1509407137632{padding-bottom: 60px !important;background-color: #35b6b4 !important;}&#8221; el_class=&#8221;qbotcontainer&#8221;][vc_column width=&#8221;1\/3&#8243;][\/vc_column][vc_column width=&#8221;1\/3&#8243; el_class=&#8221;qs-bot-center&#8221;][vc_column_text]<\/p>\n<h3 style=\"text-align: center;\">De mest almindelige sp\u00f8rgsm\u00e5l<\/h3>\n<p>[\/vc_column_text][vc_separator color=&#8221;white&#8221; border_width=&#8221;2&#8243; el_width=&#8221;10&#8243;][vc_column_text]<\/p>\n<p style=\"text-align: center;\">Hvorn\u00e5r er l\u00f8bet?<\/p>\n<p style=\"text-align: center;\">Hvordan er ruten?<\/p>\n<p style=\"text-align: center;\">Har i fartholdere?<\/p>\n<p style=\"text-align: center;\">Hvad indg\u00e5r i tilmeldingen?<\/p>\n<p>[\/vc_column_text]<a itemprop=\"url\" href=\"\/faq\" target=\"_self\" style=\"color: #35b6b4;background-color: #ffffff;border-color: #ffffff;margin: 40px 0px 0px 0px\" class=\"mkdf-btn mkdf-btn-medium mkdf-btn-solid mkdf-btn-custom-hover-bg mkdf-btn-custom-border-hover mkdf-btn-custom-hover-color\" data-hover-color=\"#ffffff\" data-hover-bg-color=\"#0a0a0a\" data-hover-border-color=\"#0a0202\" >\n    \t<span class=\"mkdf-btn-text\">G\u00e5 till alla fr\u00e5gor &amp; svar<\/span>\n\t        \t<\/a>[\/vc_column][vc_column width=&#8221;1\/3&#8243;][\/vc_column][\/vc_row]<\/p>\n<\/div>","protected":false},"excerpt":{"rendered":"<p>[vc_row full_width=&#8221;stretch_row_content_no_spaces&#8221; disable_background_image=&#8221;&#8221; css=&#8221;.vc_custom_1663762082147{padding-bottom: 60px !important;}&#8221; el_class=&#8221;radenmbackie&#8221; simple_background_image=&#8221;18901&#8243;][vc_column][vc_empty_space height=&#8221;400px&#8221;][\/vc_column][\/vc_row][vc_row css=&#8221;.vc_custom_1509388328030{padding-bottom: 50px !important;}&#8221;][vc_column width=&#8221;3\/4&#8243;][vc_column_text el_class=&#8221;hbgmbread&#8221;] Runner t-shirt [\/vc_column_text][vc_column_text] Oplysninger om Runner t-shirt [\/vc_column_text][vc_separator color=&#8221;black&#8221; align=&#8221;align_left&#8221; border_width=&#8221;2&#8243; el_width=&#8221;10&#8243; css=&#8221;.vc_custom_1509374538687{padding-top: 15px !important;padding-bottom: 15px !important;}&#8221;][vc_column_text]Tidligere \u00e5r har en Runner t-shirt v\u00e6ret inkluderet i prisen [&hellip;]<\/p>\n","protected":false},"author":3,"featured_media":0,"parent":0,"menu_order":0,"comment_status":"closed","ping_status":"closed","template":"","meta":{"footnotes":""},"class_list":["post-17295","page","type-page","status-publish","hentry"],"_links":{"self":[{"href":"https:\/\/helsingborgmarathon.se\/da\/wp-json\/wp\/v2\/pages\/17295","targetHints":{"allow":["GET"]}}],"collection":[{"href":"https:\/\/helsingborgmarathon.se\/da\/wp-json\/wp\/v2\/pages"}],"about":[{"href":"https:\/\/helsingborgmarathon.se\/da\/wp-json\/wp\/v2\/types\/page"}],"author":[{"embeddable":true,"href":"https:\/\/helsingborgmarathon.se\/da\/wp-json\/wp\/v2\/users\/3"}],"replies":[{"embeddable":true,"href":"https:\/\/helsingborgmarathon.se\/da\/wp-json\/wp\/v2\/comments?post=17295"}],"version-history":[{"count":42,"href":"https:\/\/helsingborgmarathon.se\/da\/wp-json\/wp\/v2\/pages\/17295\/revisions"}],"predecessor-version":[{"id":23299,"href":"https:\/\/helsingborgmarathon.se\/da\/wp-json\/wp\/v2\/pages\/17295\/revisions\/23299"}],"wp:attachment":[{"href":"https:\/\/helsingborgmarathon.se\/da\/wp-json\/wp\/v2\/media?parent=17295"}],"curies":[{"name":"wp","href":"https:\/\/api.w.org\/{rel}","templated":true}]}}