{"id":17756,"date":"2021-08-13T12:45:21","date_gmt":"2021-08-13T12:45:21","guid":{"rendered":"https:\/\/helsingborgmarathon.se\/?page_id=17756"},"modified":"2025-09-01T14:14:22","modified_gmt":"2025-09-01T14:14:22","slug":"live","status":"publish","type":"page","link":"https:\/\/helsingborgmarathon.se\/da\/live\/","title":{"rendered":"Live"},"content":{"rendered":"<div class=\"wpb-content-wrapper\"><p>[vc_row full_width=&#8221;stretch_row_content_no_spaces&#8221; disable_background_image=&#8221;&#8221; content_text_aligment=&#8221;center&#8221; simple_background_image=&#8221;2071&#8243; el_class=&#8221;radenmbackie&#8221; css=&#8221;.vc_custom_1527773570941{margin-bottom: 60px !important;padding-bottom: 60px !important;}&#8221;][vc_column][vc_empty_space height=&#8221;400px&#8221;][\/vc_column][\/vc_row][vc_row css=&#8221;.vc_custom_1509388328030{padding-bottom: 50px !important;}&#8221;][vc_column width=&#8221;3\/4&#8243;][vc_column_text el_class=&#8221;hbgmbread&#8221;]<\/p>\n<h5>Live<\/h5>\n<p>[\/vc_column_text][vc_column_text]<\/p>\n<h1>Det er nu det sker!<\/h1>\n<p>[\/vc_column_text][vc_separator color=&#8221;black&#8221; align=&#8221;align_left&#8221; border_width=&#8221;2&#8243; el_width=&#8221;10&#8243; css=&#8221;.vc_custom_1509374538687{padding-top: 15px !important;padding-bottom: 15px !important;}&#8221;][vc_column_text css=&#8221;.vc_custom_1661419993000{padding-bottom: 0px !important;}&#8221;]Har du ikke mulighed for at v\u00e6re tilstede under Helsingborg Marathon? S\u00e5 kan du f\u00f8lge det<br \/>\nlive via vores live-video nedenfor. Du f\u00e5r alt fra interviews til livereportage langs ruten og<br \/>\nmeget, meget mere.<\/p>\n<p>Vil du v\u00e6re midt i det hele, s\u00e5 se p\u00e5 vores <a href=\"https:\/\/www.facebook.com\/HelsingborgMarathon\/\" target=\"_blank\" rel=\"noopener noreferrer\">Facebook<\/a>, der vi vil k\u00f8re korte livereportager hele<br \/>\ndagen.<\/p>\n<p>Har du nogle favoritl\u00f8bere som du gerne vil f\u00f8lge? S\u00e5 finder du live-resultater l\u00e6ngere nede p\u00e5<br \/>\nsiden eller ved at klikke p\u00e5 denne <a href=\"https:\/\/helsingborgmarathon.se\/da\/resultat\/\">LINK<\/a> for at komme til resultatsiden. Glem ikke, at du der<br \/>\nkan markere de l\u00f8bere du vil f\u00f8lge, for senere at kunne f\u00f8lge dem live p\u00e5 kortet.[\/vc_column_text][vc_column_text]<\/p>\n<h2>Produceret live video<\/h2>\n<p>[\/vc_column_text][vc_raw_html css=&#8221;.vc_custom_1756736003845{padding-bottom: 40px !important;}&#8221;]JTNDaWZyYW1lJTIwd2lkdGglM0QlMjI1NjAlMjIlMjBoZWlnaHQlM0QlMjIzMTUlMjIlMjBzcmMlM0QlMjJodHRwcyUzQSUyRiUyRnd3dy55b3V0dWJlLmNvbSUyRmVtYmVkJTJGZHNibEdGUW9qN2MlM0ZzaSUzRDkxdUJXMG12XzlOYnZIYWklMjIlMjB0aXRsZSUzRCUyMllvdVR1YmUlMjB2aWRlbyUyMHBsYXllciUyMiUyMGZyYW1lYm9yZGVyJTNEJTIyMCUyMiUyMGFsbG93JTNEJTIyYWNjZWxlcm9tZXRlciUzQiUyMGF1dG9wbGF5JTNCJTIwY2xpcGJvYXJkLXdyaXRlJTNCJTIwZW5jcnlwdGVkLW1lZGlhJTNCJTIwZ3lyb3Njb3BlJTNCJTIwcGljdHVyZS1pbi1waWN0dXJlJTNCJTIwd2ViLXNoYXJlJTIyJTIwcmVmZXJyZXJwb2xpY3klM0QlMjJzdHJpY3Qtb3JpZ2luLXdoZW4tY3Jvc3Mtb3JpZ2luJTIyJTIwYWxsb3dmdWxsc2NyZWVuJTNFJTNDJTJGaWZyYW1lJTNF[\/vc_raw_html][vc_column_text]<\/p>\n<h2>M\u00e5lg\u00e5ngen live!<\/h2>\n<p>[\/vc_column_text][vc_raw_html css=&#8221;.vc_custom_1756735988563{padding-bottom: 40px !important;}&#8221;]JTNDaWZyYW1lJTIwd2lkdGglM0QlMjI1NjAlMjIlMjBoZWlnaHQlM0QlMjIzMTUlMjIlMjBzcmMlM0QlMjJodHRwcyUzQSUyRiUyRnd3dy55b3V0dWJlLmNvbSUyRmVtYmVkJTJGV0dmZF9rcDY2SkklM0ZzaSUzRDFYajhDUnMxSEozZ0FfLWolMjIlMjB0aXRsZSUzRCUyMllvdVR1YmUlMjB2aWRlbyUyMHBsYXllciUyMiUyMGZyYW1lYm9yZGVyJTNEJTIyMCUyMiUyMGFsbG93JTNEJTIyYWNjZWxlcm9tZXRlciUzQiUyMGF1dG9wbGF5JTNCJTIwY2xpcGJvYXJkLXdyaXRlJTNCJTIwZW5jcnlwdGVkLW1lZGlhJTNCJTIwZ3lyb3Njb3BlJTNCJTIwcGljdHVyZS1pbi1waWN0dXJlJTNCJTIwd2ViLXNoYXJlJTIyJTIwcmVmZXJyZXJwb2xpY3klM0QlMjJzdHJpY3Qtb3JpZ2luLXdoZW4tY3Jvc3Mtb3JpZ2luJTIyJTIwYWxsb3dmdWxsc2NyZWVuJTNFJTNDJTJGaWZyYW1lJTNF[\/vc_raw_html][vc_column_text]<\/p>\n<h2>Live-resultat!<\/h2>\n<p>[\/vc_column_text][vc_raw_html]JTNDaWZyYW1lJTIwc3JjJTNEJTIyaHR0cHMlM0ElMkYlMkZyZXN1bHRzLm5lcHRyb24uc2UlMkZlJTJGaGJnbWFyYXRvbjIwMjUlMjIlMjB3aWR0aCUzRCUyMjEwMCUyNSUyMiUyMGhlaWdodCUzRCUyMjEwMDAlMjIlM0UlM0MlMkZpZnJhbWUlM0U=[\/vc_raw_html][\/vc_column][vc_column width=&#8221;1\/4&#8243;][\/vc_column][\/vc_row]<\/p>\n<\/div>","protected":false},"excerpt":{"rendered":"<p>[vc_row full_width=&#8221;stretch_row_content_no_spaces&#8221; disable_background_image=&#8221;&#8221; content_text_aligment=&#8221;center&#8221; simple_background_image=&#8221;2071&#8243; el_class=&#8221;radenmbackie&#8221; css=&#8221;.vc_custom_1527773570941{margin-bottom: 60px !important;padding-bottom: 60px !important;}&#8221;][vc_column][vc_empty_space height=&#8221;400px&#8221;][\/vc_column][\/vc_row][vc_row css=&#8221;.vc_custom_1509388328030{padding-bottom: 50px !important;}&#8221;][vc_column width=&#8221;3\/4&#8243;][vc_column_text el_class=&#8221;hbgmbread&#8221;] Live [\/vc_column_text][vc_column_text] Det er nu det sker! [\/vc_column_text][vc_separator color=&#8221;black&#8221; align=&#8221;align_left&#8221; border_width=&#8221;2&#8243; el_width=&#8221;10&#8243; css=&#8221;.vc_custom_1509374538687{padding-top: 15px !important;padding-bottom: 15px !important;}&#8221;][vc_column_text css=&#8221;.vc_custom_1661419993000{padding-bottom: 0px !important;}&#8221;]Har du ikke mulighed [&hellip;]<\/p>\n","protected":false},"author":1,"featured_media":0,"parent":0,"menu_order":0,"comment_status":"closed","ping_status":"closed","template":"","meta":{"footnotes":""},"class_list":["post-17756","page","type-page","status-publish","hentry"],"_links":{"self":[{"href":"https:\/\/helsingborgmarathon.se\/da\/wp-json\/wp\/v2\/pages\/17756","targetHints":{"allow":["GET"]}}],"collection":[{"href":"https:\/\/helsingborgmarathon.se\/da\/wp-json\/wp\/v2\/pages"}],"about":[{"href":"https:\/\/helsingborgmarathon.se\/da\/wp-json\/wp\/v2\/types\/page"}],"author":[{"embeddable":true,"href":"https:\/\/helsingborgmarathon.se\/da\/wp-json\/wp\/v2\/users\/1"}],"replies":[{"embeddable":true,"href":"https:\/\/helsingborgmarathon.se\/da\/wp-json\/wp\/v2\/comments?post=17756"}],"version-history":[{"count":12,"href":"https:\/\/helsingborgmarathon.se\/da\/wp-json\/wp\/v2\/pages\/17756\/revisions"}],"predecessor-version":[{"id":22794,"href":"https:\/\/helsingborgmarathon.se\/da\/wp-json\/wp\/v2\/pages\/17756\/revisions\/22794"}],"wp:attachment":[{"href":"https:\/\/helsingborgmarathon.se\/da\/wp-json\/wp\/v2\/media?parent=17756"}],"curies":[{"name":"wp","href":"https:\/\/api.w.org\/{rel}","templated":true}]}}