{"id":18993,"date":"2022-09-20T09:16:23","date_gmt":"2022-09-20T09:16:23","guid":{"rendered":"https:\/\/helsingborgmarathon.se\/generelle-vilkaar\/"},"modified":"2025-09-30T08:19:35","modified_gmt":"2025-09-30T08:19:35","slug":"generelle-vilkaar","status":"publish","type":"page","link":"https:\/\/helsingborgmarathon.se\/da\/generelle-vilkaar\/","title":{"rendered":"Generelle vilk\u00e5r"},"content":{"rendered":"<div class=\"wpb-content-wrapper\"><p>[vc_row full_width=&#8221;stretch_row_content_no_spaces&#8221; disable_background_image=&#8221;&#8221; content_text_aligment=&#8221;center&#8221; css=&#8221;.vc_custom_1663664909156{margin-bottom: 60px !important;padding-bottom: 60px !important;}&#8221; simple_background_image=&#8221;18987&#8243; el_class=&#8221;radenmbackie&#8221;][vc_column][vc_empty_space height=&#8221;400px&#8221;][\/vc_column][\/vc_row][vc_row css=&#8221;.vc_custom_1522245032950{padding-bottom: 50px !important;}&#8221; el_class=&#8221;backie&#8221;][vc_column width=&#8221;3\/4&#8243;][vc_column_text el_class=&#8221;hbgmbread&#8221;]<\/p>\n<h5>Generelle vilk\u00e5r<\/h5>\n<p>[\/vc_column_text][vc_column_text]<\/p>\n<h1>Helsingborg Marathons generelle vilk\u00e5r<\/h1>\n<p>[\/vc_column_text][vc_separator color=&#8221;black&#8221; align=&#8221;align_left&#8221; border_width=&#8221;2&#8243; el_width=&#8221;10&#8243; css=&#8221;.vc_custom_1509374538687{padding-top: 15px !important;padding-bottom: 15px !important;}&#8221;][vc_column_text]Ved at tilmelde dig, eller en anden, til et af vores arrangementer godkender du automatisk de generelle vilk\u00e5r som fremg\u00e5r herunder.<\/p>\n<p>Din tilmelding er bindende og betyder, at n\u00e5r du har betalt, har du indg\u00e5et en aftale med os. Ved betaling via faktura, skal betalingen ske indenfor den periode som fremg\u00e5r af fakturaen, for at din deltagelse kan garanteres. Din startplads\/startnummer er personlig og du m\u00e5 ikke lade en anden l\u00f8be i dit sted. Eventuel framelding skal ske senest 2 m\u00e5neder inden l\u00f8bets afvikling og det indbetalte startgebyr tilbagebetales kun mod indsendt l\u00e6geerkl\u00e6ring, der ligeledes skal v\u00e4re 2 m\u00e5neder inden l\u00f8bet. Startpladsen kan ikke overf\u00f8res til efterf\u00f8lgende \u00e5r.<\/p>\n<p>Der er en tidsgr\u00e6nse for vores l\u00f8b. Vi forbeholder os retten til at afbryde dit l\u00f8b inden du er kommet i m\u00e5l, hvis du ikke er indenfor l\u00f8bets tidsgr\u00e6nse.<\/p>\n<p>N\u00e5r du har betalt, f\u00e5r du en bekr\u00e6ftelse p\u00e5 din tilmelding til den mailadresse du har oplyst. Er der fejl i den ordrebekr\u00e6ftelse du modtager, kontakt os venligst p\u00e5 <a href=\"mailto:hello@hbgm.se\">hello@hbgm.se<\/a>.<\/p>\n<p>Du deltager i vores l\u00f8b (arrangementer) p\u00e5 eget ansvar, hvilket du godkender n\u00e5r du godkender de generelle vilk\u00e5r. Du deltager p\u00e5 egen risiko og vi tager ikke ansvar for eventuelle skader der kan opst\u00e5 under din deltagelse i l\u00f8bet. (inkluderer ogs\u00e5 teknisk udstyr og t\u00f8j).<\/p>\n<p>Startgebyret tilbagebetales ikke hvis l\u00f8bet aflyses p\u00e5 grund af forhold vi ikke kan kontrollere, det v\u00e6re sig at myndigheder bed\u00f8mmer at dette er n\u00f8dvendigt af hensyn til din og andre deltageres sikkerhed eller helbred, brand, oversv\u00f8mmelse, strejke eller lignende h\u00e6ndelser. Vi er i disse tilf\u00e6lde ikke skyldige at tilbagebetale erstatning eller anden kompensation til dig.<\/p>\n<p>Ved at tilmelde dig, giver du samtykke til, at dine tider, dit navn og din klub\/firma publiceres p\u00e5 nettet og sociale medier. Dette omfatter tillige billeder og film fra arrangementet hvorp\u00e5 du synes. Du giver tillige tilladelse til, at Helsingborg Marathon har ret til at anvende disse billeder og film i sin markedsf\u00f8ring, p\u00e5 sociala medier, p\u00e5 internettet og evt. i dagblade, uden at du har ret til betaling.<\/p>\n<p>Du godkender ogs\u00e5 at vi gemmer dine personoplysninger i overensstemmelse med retningslinjer og information som kan l\u00e6ses i vores integritetspolicy, som kan l\u00e6ses h\u00e4r.<\/p>\n<p>Helsingborg Marathon forbeholder sig retten til at aflyse, \u00e6ndre ruten eller \u00e6ndre faktorer s\u00e5som dato, starttid og\/eller \u00f8vrige forhold og betingelser, der vedr\u00f8rer Helsingborg Marathons l\u00f8b og arrangementer.<\/p>\n<p>Hvis Helsingborg Marathon m\u00e5 aflyses, har du ret til tilbagebetaling af dit deltagergebyr i henhold til nedenst\u00e5ende vilk\u00e5r. St\u00f8rrelsen p\u00e5 den tilbagebetaling, du har ret til, afh\u00e6nger af tidspunktet for aflysningen. Aflyses Helsingborg Marathon mere end 120 dage f\u00f8r l\u00f8bsdatoen, har du ret til 100 % tilbagebetaling af dit deltagergebyr.<br \/>\nAflyses l\u00f8bet 61\u2013120 dage f\u00f8r l\u00f8bsdatoen, har du ret til 50 % tilbagebetaling.<br \/>\nAflyses l\u00f8bet 30\u201360 dage f\u00f8r l\u00f8bsdatoen, har du ret til 25 % tilbagebetaling.<br \/>\nHvis aflysningen sker mindre end 30 dage f\u00f8r l\u00f8bsdatoen, har du ret til 10 % tilbagebetaling af dit deltagergebyr, eller alternativt mulighed for at overf\u00f8re din startplads til n\u00e6ste udgave af Helsingborg Marathon.<\/p>\n<p>Vi tager desuden forbehold for eventuelle taste- og stavefejl samt at alle pladser er solgte.[\/vc_column_text][\/vc_column][vc_column width=&#8221;1\/4&#8243;][\/vc_column][\/vc_row][vc_row css=&#8221;.vc_custom_1509449540326{padding-top: 50px !important;padding-bottom: 100px !important;}&#8221;][vc_column width=&#8221;1\/3&#8243;][vc_single_image image=&#8221;14689&#8243; img_size=&#8221;full&#8221; alignment=&#8221;center&#8221; onclick=&#8221;custom_link&#8221; link=&#8221;\/banan\/&#8221; css=&#8221;.vc_custom_1521630490110{padding-bottom: 50px !important;}&#8221;][vc_column_text]<\/p>\n<h1 style=\"text-align: center;\"><a href=\"https:\/\/helsingborgmarathon.se\/da\/banan\/\">Om banan<\/a><\/h1>\n<p>[\/vc_column_text][\/vc_column][vc_column width=&#8221;1\/3&#8243;][vc_single_image image=&#8221;14687&#8243; img_size=&#8221;full&#8221; alignment=&#8221;center&#8221; onclick=&#8221;custom_link&#8221; link=&#8221;\/resultat\/&#8221; css=&#8221;.vc_custom_1521630503698{padding-bottom: 50px !important;}&#8221;][vc_column_text]<\/p>\n<h1 style=\"text-align: center;\"><a href=\"https:\/\/helsingborgmarathon.se\/da\/resultat\/\">Resultat<\/a><\/h1>\n<p>[\/vc_column_text][\/vc_column][vc_column width=&#8221;1\/3&#8243;][vc_single_image image=&#8221;14686&#8243; img_size=&#8221;full&#8221; alignment=&#8221;center&#8221; onclick=&#8221;custom_link&#8221; link=&#8221;\/media\/&#8221; css=&#8221;.vc_custom_1552052760148{padding-bottom: 50px !important;}&#8221;][vc_column_text]<\/p>\n<h1 style=\"text-align: center;\"><a href=\"https:\/\/helsingborgmarathon.se\/da\/media\/\" rel=\"noopener noreferrer\">Bilder<\/a><\/h1>\n<p>[\/vc_column_text][\/vc_column][\/vc_row][vc_row full_width=&#8221;stretch_row_content_no_spaces&#8221; css=&#8221;.vc_custom_1509407137632{padding-bottom: 60px !important;background-color: #35b6b4 !important;}&#8221; el_class=&#8221;qbotcontainer&#8221;][vc_column width=&#8221;1\/3&#8243;][\/vc_column][vc_column width=&#8221;1\/3&#8243; el_class=&#8221;qs-bot-center&#8221;][vc_column_text]<\/p>\n<h3 style=\"text-align: center;\">Almindelige sp\u00f8rgsm\u00e5l<\/h3>\n<p>[\/vc_column_text][vc_separator color=&#8221;white&#8221; border_width=&#8221;2&#8243; el_width=&#8221;10&#8243;][vc_column_text]<\/p>\n<p style=\"text-align: center;\">Hvorn\u00e5r er l\u00f8bet?<\/p>\n<p style=\"text-align: center;\">Hvordan er banen?<\/p>\n<p style=\"text-align: center;\">Har du pacers?<\/p>\n<p style=\"text-align: center;\">Hvad er inkluderet i tilmeldingen?<\/p>\n<p>[\/vc_column_text]<a itemprop=\"url\" href=\"https:\/\/helsingborgmarathon.se\/da\/faq\/\" target=\"_self\" style=\"color: #35b6b4;background-color: #ffffff;border-color: #ffffff;margin: 40px 0px 0px 0px\" class=\"mkdf-btn mkdf-btn-medium mkdf-btn-solid mkdf-btn-custom-hover-bg mkdf-btn-custom-border-hover mkdf-btn-custom-hover-color\" data-hover-color=\"#ffffff\" data-hover-bg-color=\"#0a0a0a\" data-hover-border-color=\"#0a0202\" >\n    \t<span class=\"mkdf-btn-text\">G\u00e5 til alle sp\u00f8rgsm\u00e5l &amp; svar<\/span>\n\t        \t<\/a>[\/vc_column][vc_column width=&#8221;1\/3&#8243;][\/vc_column][\/vc_row]<\/p>\n<\/div>","protected":false},"excerpt":{"rendered":"<p>[vc_row full_width=&#8221;stretch_row_content_no_spaces&#8221; disable_background_image=&#8221;&#8221; content_text_aligment=&#8221;center&#8221; css=&#8221;.vc_custom_1663664909156{margin-bottom: 60px !important;padding-bottom: 60px !important;}&#8221; simple_background_image=&#8221;18987&#8243; el_class=&#8221;radenmbackie&#8221;][vc_column][vc_empty_space height=&#8221;400px&#8221;][\/vc_column][\/vc_row][vc_row css=&#8221;.vc_custom_1522245032950{padding-bottom: 50px !important;}&#8221; el_class=&#8221;backie&#8221;][vc_column width=&#8221;3\/4&#8243;][vc_column_text el_class=&#8221;hbgmbread&#8221;] Generelle vilk\u00e5r [\/vc_column_text][vc_column_text] Helsingborg Marathons generelle vilk\u00e5r [\/vc_column_text][vc_separator color=&#8221;black&#8221; align=&#8221;align_left&#8221; border_width=&#8221;2&#8243; el_width=&#8221;10&#8243; css=&#8221;.vc_custom_1509374538687{padding-top: 15px !important;padding-bottom: 15px !important;}&#8221;][vc_column_text]Ved at tilmelde dig, eller en [&hellip;]<\/p>\n","protected":false},"author":3,"featured_media":0,"parent":0,"menu_order":0,"comment_status":"closed","ping_status":"closed","template":"","meta":{"footnotes":""},"class_list":["post-18993","page","type-page","status-publish","hentry"],"_links":{"self":[{"href":"https:\/\/helsingborgmarathon.se\/da\/wp-json\/wp\/v2\/pages\/18993","targetHints":{"allow":["GET"]}}],"collection":[{"href":"https:\/\/helsingborgmarathon.se\/da\/wp-json\/wp\/v2\/pages"}],"about":[{"href":"https:\/\/helsingborgmarathon.se\/da\/wp-json\/wp\/v2\/types\/page"}],"author":[{"embeddable":true,"href":"https:\/\/helsingborgmarathon.se\/da\/wp-json\/wp\/v2\/users\/3"}],"replies":[{"embeddable":true,"href":"https:\/\/helsingborgmarathon.se\/da\/wp-json\/wp\/v2\/comments?post=18993"}],"version-history":[{"count":8,"href":"https:\/\/helsingborgmarathon.se\/da\/wp-json\/wp\/v2\/pages\/18993\/revisions"}],"predecessor-version":[{"id":22969,"href":"https:\/\/helsingborgmarathon.se\/da\/wp-json\/wp\/v2\/pages\/18993\/revisions\/22969"}],"wp:attachment":[{"href":"https:\/\/helsingborgmarathon.se\/da\/wp-json\/wp\/v2\/media?parent=18993"}],"curies":[{"name":"wp","href":"https:\/\/api.w.org\/{rel}","templated":true}]}}