{"id":20085,"date":"2023-06-04T06:24:59","date_gmt":"2023-06-04T06:24:59","guid":{"rendered":"https:\/\/helsingborgmarathon.se\/presse\/"},"modified":"2025-04-08T13:25:34","modified_gmt":"2025-04-08T13:25:34","slug":"presse","status":"publish","type":"page","link":"https:\/\/helsingborgmarathon.se\/da\/presse\/","title":{"rendered":"Presse"},"content":{"rendered":"<div class=\"wpb-content-wrapper\"><p>[vc_row full_width=&#8221;stretch_row_content_no_spaces&#8221; disable_background_image=&#8221;&#8221; css=&#8221;.vc_custom_1683357006907{margin-bottom: 60px !important;padding-bottom: 60px !important;}&#8221; el_class=&#8221;radenmbackie&#8221; simple_background_image=&#8221;2071&#8243;][vc_column][vc_empty_space height=&#8221;400px&#8221;][\/vc_column][\/vc_row][vc_row css=&#8221;.vc_custom_1509388328030{padding-bottom: 50px !important;}&#8221;][vc_column width=&#8221;3\/4&#8243;][vc_column_text el_class=&#8221;hbgmbread&#8221;]<\/p>\n<h5>Presse og medier<\/h5>\n<p>[\/vc_column_text][vc_column_text]<\/p>\n<h1>Alt hvad du skal v\u00e6re opm\u00e6rksom p\u00e5 f\u00f8r HBGM<\/h1>\n<p>[\/vc_column_text][vc_separator color=&#8221;black&#8221; align=&#8221;align_left&#8221; border_width=&#8221;2&#8243; el_width=&#8221;10&#8243; css=&#8221;.vc_custom_1509374538687{padding-top: 15px !important;padding-bottom: 15px !important;}&#8221;][vc_column_text]Vi \u00f8nsker, at du som arbejder med presse og medier, skal have de bedst mulige betingelser for at f\u00f8lge HBGM (Helsingborg Marathon), HOKA Helsingborg Half Marathon, HBGM Stafett og Cheap Energy Kids Run. Derfor har vi her samlet alt, som du muligvis har brug for. God forn\u00f8jelse![\/vc_column_text][\/vc_column][vc_column width=&#8221;1\/4&#8243;][\/vc_column][\/vc_row][vc_row css=&#8221;.vc_custom_1509388328030{padding-bottom: 50px !important;}&#8221;][vc_column width=&#8221;3\/4&#8243;][vc_column_text]<\/p>\n<h1>Pressackreditering<\/h1>\n<p>[\/vc_column_text][vc_separator color=&#8221;black&#8221; align=&#8221;align_left&#8221; border_width=&#8221;2&#8243; el_width=&#8221;10&#8243; css=&#8221;.vc_custom_1509374538687{padding-top: 15px !important;padding-bottom: 15px !important;}&#8221;][vc_column_text]Hvis du arbejder med presse og medier og har sp\u00f8rgsm\u00e5l om Helsingborg Marathon eller \u00f8nsker at deltage i vores arrangement, bedes du sende os en e-mail p\u00e5 <a href=\"mailto:hello@hbgm.se\">hello@hbgm.se<\/a>.[\/vc_column_text][\/vc_column][vc_column width=&#8221;1\/4&#8243;][\/vc_column][\/vc_row][vc_row full_width=&#8221;stretch_row_content&#8221; css=&#8221;.vc_custom_1585571865845{margin-top: 0px !important;margin-bottom: 0px !important;padding-top: 0px !important;padding-bottom: 0px !important;background-color: #ffffff !important;}&#8221;][vc_column width=&#8221;1\/2&#8243; css=&#8221;.vc_custom_1509449415149{padding-top: 0px !important;padding-right: 0px !important;padding-bottom: 0px !important;padding-left: 0px !important;}&#8221;][vc_single_image image=&#8221;19663&#8243; img_size=&#8221;full&#8221;][\/vc_column][vc_column width=&#8221;1\/2&#8243; el_class=&#8221;onWhiteBgLeft&#8221;][vc_column_text]<\/p>\n<h2>Foto &amp; video<\/h2>\n<p>[\/vc_column_text][vc_separator color=&#8221;black&#8221; align=&#8221;align_left&#8221; border_width=&#8221;2&#8243; el_width=&#8221;10&#8243; css=&#8221;.vc_custom_1585571981205{margin-bottom: 20px !important;}&#8221;][vc_column_text]Hvert \u00e5r tager vores fotografer tusindvis af billeder, og vi har en fantastisk billedsamling her p\u00e5 hjemmesiden fra starten i 2014 til og med 2022. Rettighederne til billederne deles mellem Helsingborgs Marathon AB og fotograferne. Billederne p\u00e5 vores hjemmeside kan frit anvendes til ikke-kommercielle form\u00e5l.<\/p>\n<p>Hvis du som medieperson har brug for at bruge billeder til kommercielle form\u00e5l, t\u00f8v ikke med at kontakte os, s\u00e5 kan vi levere dig h\u00f8jopl\u00f8ste billeder.<\/p>\n<p>Kontakt: <a href=\"mailto:hello@hbgm.se\">hello@hbgm.se<\/a>[\/vc_column_text][\/vc_column][\/vc_row][vc_row css=&#8221;.vc_custom_1509388328030{padding-bottom: 50px !important;}&#8221;][vc_column width=&#8221;3\/4&#8243;][vc_column_text]<\/p>\n<h1>Grafisk profil<\/h1>\n<p>[\/vc_column_text][vc_separator color=&#8221;black&#8221; align=&#8221;align_left&#8221; border_width=&#8221;2&#8243; el_width=&#8221;10&#8243; css=&#8221;.vc_custom_1509374538687{padding-top: 15px !important;padding-bottom: 15px !important;}&#8221;][vc_column_text]Vores grafiske profil er udviklet af Rikard Gartmyr Design, og vi er utroligt stolte af den. Du kan se den i hele vores visuelle udtryk med den turkise farve, vores skrifttyper, men is\u00e6r med vores symbol. Symbolet findes alt fra logoet p\u00e5 tryksager til medaljer, statuetter og vores eget t\u00f8jm\u00e6rke.<\/p>\n<p>Hvis du har behov for vores grafiske profil, bedes du sende os en e-mail til <a href=\"mailto:hello@hbgm.se\">hello@hbgm.se<\/a>.[\/vc_column_text][\/vc_column][vc_column width=&#8221;1\/4&#8243;][\/vc_column][\/vc_row][vc_row full_width=&#8221;stretch_row_content&#8221; equal_height=&#8221;yes&#8221; css=&#8221;.vc_custom_1509489914425{background-color: #35b6b4 !important;}&#8221;][vc_column width=&#8221;1\/2&#8243; css=&#8221;.vc_custom_1509449427700{padding-top: 0px !important;padding-right: 0px !important;padding-bottom: 0px !important;padding-left: 0px !important;}&#8221;][vc_single_image image=&#8221;18209&#8243; img_size=&#8221;full&#8221;][\/vc_column][vc_column width=&#8221;1\/2&#8243; el_class=&#8221;onTurqBgLeft&#8221;][vc_column_text]<\/p>\n<h2>Historie &amp; statistik<\/h2>\n<p>[\/vc_column_text][vc_separator color=&#8221;white&#8221; align=&#8221;align_left&#8221; border_width=&#8221;2&#8243; el_width=&#8221;10&#8243; css=&#8221;.vc_custom_1509489856265{margin-bottom: 20px !important;}&#8221;][vc_column_text]Vi elsker tal, og det har vi altid gjort og vil altid g\u00f8re. Derfor har vi oprettet vores &#8220;Hall of Fame&#8221;, hvor alle interesserede kan grave sig ned i alt fra banerekorder til gennemsnitstider og hvilke l\u00f8bere der har fuldf\u00f8rt alle udgaver af Helsingborg Marathon. Du kan ogs\u00e5 l\u00e6se om, hvordan det hele startede, hvordan det er g\u00e5et \u00e5r efter \u00e5r samt historier fra deltagere.<\/p>\n<p><a href=\"https:\/\/helsingborgmarathon.se\/da\/hall-of-fame\/\">G\u00e5 til vores Hall of Fame!<\/a>[\/vc_column_text][\/vc_column][\/vc_row][vc_row css=&#8221;.vc_custom_1683367767542{padding-bottom: 5px !important;}&#8221;][vc_column][vc_column_text]<\/p>\n<h1>Kontakt<\/h1>\n<p>[\/vc_column_text][vc_separator color=&#8221;black&#8221; align=&#8221;align_left&#8221; border_width=&#8221;2&#8243; el_width=&#8221;10&#8243; css=&#8221;.vc_custom_1683367721354{padding-top: 15px !important;padding-bottom: 0px !important;}&#8221;][\/vc_column][\/vc_row][vc_row css=&#8221;.vc_custom_1509388328030{padding-bottom: 50px !important;}&#8221;][vc_column width=&#8221;1\/2&#8243;][vc_column_text]<\/p>\n<h3>Presseansvarlig<\/h3>\n<p>Andreas Moresco<br \/>\n<a href=\"mailto:andreas@hbgm.se\">andreas@hbgm.se<\/a><br \/>\nRunners Society Helsingborg \/ Helsingborg Marathon<br \/>\nc\/o Hetch<br \/>\nRedaregatan 48<br \/>\n252 36 Helsingborg[\/vc_column_text][\/vc_column][vc_column width=&#8221;1\/2&#8243;][vc_column_text]<\/p>\n<h3>Marketingansvarlig<\/h3>\n<p>Erik Alnervik<br \/>\n<a href=\"mailto:erik@hbgm.se\">erik@hbgm.se<\/a>[\/vc_column_text][\/vc_column][\/vc_row]<\/p>\n<\/div>","protected":false},"excerpt":{"rendered":"<p>[vc_row full_width=&#8221;stretch_row_content_no_spaces&#8221; disable_background_image=&#8221;&#8221; css=&#8221;.vc_custom_1683357006907{margin-bottom: 60px !important;padding-bottom: 60px !important;}&#8221; el_class=&#8221;radenmbackie&#8221; simple_background_image=&#8221;2071&#8243;][vc_column][vc_empty_space height=&#8221;400px&#8221;][\/vc_column][\/vc_row][vc_row css=&#8221;.vc_custom_1509388328030{padding-bottom: 50px !important;}&#8221;][vc_column width=&#8221;3\/4&#8243;][vc_column_text el_class=&#8221;hbgmbread&#8221;] Presse og medier [\/vc_column_text][vc_column_text] Alt hvad du skal v\u00e6re opm\u00e6rksom p\u00e5 f\u00f8r HBGM [\/vc_column_text][vc_separator color=&#8221;black&#8221; align=&#8221;align_left&#8221; border_width=&#8221;2&#8243; el_width=&#8221;10&#8243; css=&#8221;.vc_custom_1509374538687{padding-top: 15px !important;padding-bottom: 15px !important;}&#8221;][vc_column_text]Vi \u00f8nsker, [&hellip;]<\/p>\n","protected":false},"author":1,"featured_media":0,"parent":0,"menu_order":0,"comment_status":"closed","ping_status":"closed","template":"","meta":{"footnotes":""},"class_list":["post-20085","page","type-page","status-publish","hentry"],"_links":{"self":[{"href":"https:\/\/helsingborgmarathon.se\/da\/wp-json\/wp\/v2\/pages\/20085","targetHints":{"allow":["GET"]}}],"collection":[{"href":"https:\/\/helsingborgmarathon.se\/da\/wp-json\/wp\/v2\/pages"}],"about":[{"href":"https:\/\/helsingborgmarathon.se\/da\/wp-json\/wp\/v2\/types\/page"}],"author":[{"embeddable":true,"href":"https:\/\/helsingborgmarathon.se\/da\/wp-json\/wp\/v2\/users\/1"}],"replies":[{"embeddable":true,"href":"https:\/\/helsingborgmarathon.se\/da\/wp-json\/wp\/v2\/comments?post=20085"}],"version-history":[{"count":4,"href":"https:\/\/helsingborgmarathon.se\/da\/wp-json\/wp\/v2\/pages\/20085\/revisions"}],"predecessor-version":[{"id":22550,"href":"https:\/\/helsingborgmarathon.se\/da\/wp-json\/wp\/v2\/pages\/20085\/revisions\/22550"}],"wp:attachment":[{"href":"https:\/\/helsingborgmarathon.se\/da\/wp-json\/wp\/v2\/media?parent=20085"}],"curies":[{"name":"wp","href":"https:\/\/api.w.org\/{rel}","templated":true}]}}