{"id":21053,"date":"2023-12-20T20:26:20","date_gmt":"2023-12-20T20:26:20","guid":{"rendered":"https:\/\/helsingborgmarathon.se\/proeveloeb\/"},"modified":"2025-11-18T13:21:18","modified_gmt":"2025-11-18T13:21:18","slug":"proeveloeb","status":"publish","type":"page","link":"https:\/\/helsingborgmarathon.se\/da\/proeveloeb\/","title":{"rendered":"Pr\u00f8vel\u00f8b"},"content":{"rendered":"<div class=\"wpb-content-wrapper\"><p>[vc_row full_width=&#8221;stretch_row_content_no_spaces&#8221; disable_background_image=&#8221;&#8221; css=&#8221;.vc_custom_1703079092511{margin-bottom: 60px !important;padding-bottom: 60px !important;}&#8221; el_class=&#8221;radenmbackie&#8221; simple_background_image=&#8221;21047&#8243;][vc_column][vc_empty_space height=&#8221;400px&#8221;][\/vc_column][\/vc_row][vc_row css=&#8221;.vc_custom_1509388328030{padding-bottom: 50px !important;}&#8221;][vc_column width=&#8221;3\/4&#8243;][vc_column_text el_class=&#8221;hbgmbread&#8221;]<\/p>\n<h5>Pr\u00f8vel\u00f8b af Helsingborg Marathon &amp; HOKA Helsingborg Half Marathon<\/h5>\n<p>[\/vc_column_text][vc_column_text]<\/p>\n<h1>Pr\u00f8vel\u00f8b &amp; After Run<\/h1>\n<p>[\/vc_column_text][vc_separator color=&#8221;black&#8221; align=&#8221;align_left&#8221; border_width=&#8221;2&#8243; el_width=&#8221;10&#8243; css=&#8221;.vc_custom_1509374538687{padding-top: 15px !important;padding-bottom: 15px !important;}&#8221;][vc_column_text]Hej og varmt velkommen til pr\u00f8vel\u00f8bet for Helsingborg Marathon og HOKA Helsingborg Half Marathon sammen med vores l\u00f8bef\u00e6llesskab Runners Club og vores L\u00f6plabbet HBGM Pacers. Traditionen med After Run er naturligvis tilbage, og vi byder p\u00e5 grillet p\u00f8lse fra SP Chark, alkoholfri \u00f8l fra Helsingborgs bryggeri og mineralvand fra Raml\u00f6sa.[\/vc_column_text][\/vc_column][vc_column width=&#8221;1\/4&#8243;][\/vc_column][\/vc_row][vc_row full_width=&#8221;stretch_row_content&#8221; equal_height=&#8221;yes&#8221; css=&#8221;.vc_custom_1509489914425{background-color: #35b6b4 !important;}&#8221;][vc_column width=&#8221;1\/2&#8243; css=&#8221;.vc_custom_1509449427700{padding-top: 0px !important;padding-right: 0px !important;padding-bottom: 0px !important;padding-left: 0px !important;}&#8221;][vc_single_image image=&#8221;21038&#8243; img_size=&#8221;full&#8221;][\/vc_column][vc_column width=&#8221;1\/2&#8243; el_class=&#8221;onTurqBgLeft&#8221;][vc_column_text]<\/p>\n<h2>Pr\u00f8vel\u00f8b 1 &amp; After Run \u2013 F\u00f8rste halvdel af maratonruten<\/h2>\n<p>[\/vc_column_text][vc_separator color=&#8221;white&#8221; align=&#8221;align_left&#8221; border_width=&#8221;2&#8243; el_width=&#8221;10&#8243; css=&#8221;.vc_custom_1509489856265{margin-bottom: 20px !important;}&#8221;][vc_column_text]\u2060<span style=\"font-weight: 400;\">Mis ikke pr\u00f8vel\u00f8bet af f\u00f8rste halvdel af maratonbanen, og ligesom tidligere \u00e5r tilbyder vi forskellige tempo-grupper, men alle l\u00f8ber hele ruten og f\u00f8lger banen til Fredriksdal museer och tr\u00e4dg\u00e5rdar.<\/span><\/p>\n<p><span style=\"font-weight: 400;\">Vi vil servere Umaras sportsdrik under pr\u00f8vel\u00f8bet, pr\u00e6cis den samme sportsdrik som serveres under l\u00f8bet. En perfekt lejlighed til at pr\u00f8ve drikken inden l\u00f8bet.<\/span><\/p>\n<p><span style=\"font-weight: 400;\">Efter pr\u00f8vel\u00f8bet vil der v\u00e6re After Run i Fredriksdalsskogen, kun et stenkast fra, hvor pr\u00f8vel\u00f8bet slutter. Der vil der v\u00e6re grillp\u00f8lser fra SP Chark, alkoholfri \u00f8l fra Helsingborgs bryggeri og mineralvand fra Raml\u00f6sa.<\/span><\/p>\n<p><b>Dag:<\/b><span style=\"font-weight: 400;\"> 18 April 2026<\/span><span style=\"font-weight: 400;\"><br \/>\n<\/span><b>Tid:<\/b><span style=\"font-weight: 400;\"> 09:00<\/span><span style=\"font-weight: 400;\"><br \/>\n<\/span><b>Samlingssted:<\/b> <a href=\"https:\/\/goo.gl\/maps\/QDBZWd63mZwE3VTE6\"><span style=\"font-weight: 400;\">Dunkers Kulturhus<\/span><span style=\"font-weight: 400;\"><br \/>\n<\/span><\/a><b>Tilmelding:<\/b><span style=\"font-weight: 400;\"> Ingen tilmelding p\u00e5kr\u00e6vet, men venligst mark\u00e9r &#8220;kommer&#8221; i vores Facebook-begivenhed<\/span><span style=\"font-weight: 400;\"><br \/>\n<\/span><b>Fartgrupper:<\/b><span style=\"font-weight: 400;\"> 4:45 min\/km, 5:00 min\/km, 5:30 min\/km, 6:00 min\/km, 6:30 min\/km og alle er velkomne.<\/span><\/p>\n<p><span style=\"font-weight: 400;\">Ruten for f\u00f8rste halvdel af Helsingborg Marathon kan findes <a href=\"https:\/\/helsingborgmarathon.se\/da\/marathon\/\">her<\/a>.<\/span><\/p>\n<p><span style=\"font-weight: 400;\">Hjertelig velkommen fra Runners Club og Helsingborg Marathon!<\/span>[\/vc_column_text][\/vc_column][\/vc_row][vc_row full_width=&#8221;stretch_row_content&#8221; css=&#8221;.vc_custom_1585571865845{margin-top: 0px !important;margin-bottom: 0px !important;padding-top: 0px !important;padding-bottom: 0px !important;background-color: #ffffff !important;}&#8221;][vc_column width=&#8221;1\/2&#8243; css=&#8221;.vc_custom_1509449415149{padding-top: 0px !important;padding-right: 0px !important;padding-bottom: 0px !important;padding-left: 0px !important;}&#8221;][vc_single_image image=&#8221;21041&#8243; img_size=&#8221;full&#8221;][\/vc_column][vc_column width=&#8221;1\/2&#8243; el_class=&#8221;onWhiteBgLeft&#8221;][vc_column_text]<\/p>\n<h2>Pr\u00f8vel\u00f8b 2 &amp; After Run &#8211; Anden halvdel af maratonrute<\/h2>\n<p>[\/vc_column_text][vc_separator color=&#8221;black&#8221; align=&#8221;align_left&#8221; border_width=&#8221;2&#8243; el_width=&#8221;10&#8243; css=&#8221;.vc_custom_1688494495641{margin-bottom: 20px !important;}&#8221;][vc_column_text]<span style=\"font-weight: 400;\">Vi har \u00e6ren af at byde dig og dine venner velkommen til vores \u00e5bne pr\u00f8vel\u00f8b af anden halvdel af Helsingborg Marathon-banen sammen med vores l\u00f8bef\u00e6llesskab Runners Club og vores L\u00f6plabbet HBGM Pacers. Pr\u00f8vel\u00f8bet er helt gratis og \u00e5bent for alle, uanset om du er tilmeldt vores l\u00f8b eller ej.<\/span><\/p>\n<p><span style=\"font-weight: 400;\">Precis som ved vores tidligere pr\u00f8vel\u00f8b, tilbyder vi forskellige tempo-grupper med hj\u00e6lp fra vores L\u00f6plabbet HBGM Pacers<\/span><\/p>\n<p><span style=\"font-weight: 400;\">Vi vil servere Umaras sportsdrik U Sport under pr\u00f8vel\u00f8bet &#8211; pr\u00e6cis den samme sportsdrik, som bliver serveret under selve l\u00f8bet.<\/span><\/p>\n<p><span style=\"font-weight: 400;\">Efter pr\u00f8vel\u00f8bet, der slutter ved m\u00e5lstregen p\u00e5 Gr\u00f6ningen, vil der v\u00e6re After Run, hvor SP Chark griller p\u00f8lser, og der vil blive serveret alkoholfri \u00f8l fra Helsingborgs bryggeri og mineralvand fra Raml\u00f6sa.<\/span><\/p>\n<p><b>Dag<\/b><span style=\"font-weight: 400;\">: 6 June 2026<\/span><span style=\"font-weight: 400;\"><br \/>\n<\/span><b>Tid<\/b><span style=\"font-weight: 400;\">: 09:00<\/span><span style=\"font-weight: 400;\"><br \/>\n<\/span><span style=\"font-weight: 400;\"><b>Samlingssted<\/b>: <\/span><a href=\"https:\/\/goo.gl\/maps\/EKxWDfZwEcdnWPea6\"><span style=\"font-weight: 400;\">Fredriksdals museer och tr\u00e4dg\u00e5rdar (huvudentr\u00e9n)<\/span><span style=\"font-weight: 400;\"><br \/>\n<\/span><\/a><span style=\"font-weight: 400;\"><strong><b>Tilmelding<\/b>:<\/strong> Ingen tilmelding p\u00e5kr\u00e6vet, men venligst mark\u00e9r &#8220;kommer&#8221; i vores Facebook-begivenhed.<\/span><span style=\"font-weight: 400;\"><br \/>\n<\/span><b>Fartgrupper<\/b><span style=\"font-weight: 400;\">: 4:45 min\/km, 5:00 min\/km, 5:30 min\/km, 6:00 min\/km, 6:30 min\/km och alla ska med.<\/span><\/p>\n<p><span style=\"font-weight: 400;\">Ruten for f\u00f8rste halvdel af Helsingborg Marathon kan findes <a href=\"https:\/\/helsingborgmarathon.se\/da\/marathon\/\">her<\/a>.<\/span><\/p>\n<p><span style=\"font-weight: 400;\">Se hele ruten fra sofaen ved at klikke her p\u00e5 YouTube.<\/span><\/p>\n<p><span style=\"font-weight: 400;\">Hjertelig velkommen fra Runners Club og Helsingborg Marathon!<\/span><\/p>\n<p>[\/vc_column_text][\/vc_column][\/vc_row][vc_row full_width=&#8221;stretch_row_content&#8221; equal_height=&#8221;yes&#8221; css=&#8221;.vc_custom_1509489914425{background-color: #35b6b4 !important;}&#8221;][vc_column width=&#8221;1\/2&#8243; css=&#8221;.vc_custom_1509449427700{padding-top: 0px !important;padding-right: 0px !important;padding-bottom: 0px !important;padding-left: 0px !important;}&#8221;][vc_single_image image=&#8221;21044&#8243; img_size=&#8221;full&#8221;][\/vc_column][vc_column width=&#8221;1\/2&#8243; el_class=&#8221;onTurqBgLeft&#8221;][vc_column_text]<\/p>\n<h2>Pr\u00f8vel\u00f8b HOKA Helsingborg Half Marathon &amp; After Run<\/h2>\n<p>[\/vc_column_text][vc_separator color=&#8221;white&#8221; align=&#8221;align_left&#8221; border_width=&#8221;2&#8243; el_width=&#8221;10&#8243; css=&#8221;.vc_custom_1509489856265{margin-bottom: 20px !important;}&#8221;][vc_column_text]<\/p>\n<p>HOKA Helsingborg Half Marathon byder dig og alle dine venner varmt velkommen til vores \u00e5bne pr\u00f8vel\u00f8b af HOKA Helsingborg Half Marathon-banen sammen med vores l\u00f8begruppe Runners Club.<\/p>\n<p>Under pr\u00f8vel\u00f8bet vil vi servere Umaras sportsdrik U Sport, pr\u00e6cis den samme sportsdrik, som bliver serveret under l\u00f8bet.<\/p>\n<p>Efter pr\u00f8vel\u00f8bet byder SP Chark p\u00e5 grillet p\u00f8lse ved Gr\u00f6ningen, hvor m\u00e5lstregen for HOKA Helsingborg Half Marathon er placeret. Der vil ogs\u00e5 blive serveret alkoholfri \u00f8l fra Helsingborgs bryggeri og mineralvand fra Raml\u00f6sa.<\/p>\n<p><b>Dag<\/b><span style=\"font-weight: 400;\">: 6 June 2026<\/span><span style=\"font-weight: 400;\"><br \/>\n<\/span><b>Tid<\/b><span style=\"font-weight: 400;\">: 09:00<\/span><span style=\"font-weight: 400;\"><br \/>\n<\/span><span style=\"font-weight: 400;\"><b>Samlingssted<\/b>: <\/span><a href=\"https:\/\/goo.gl\/maps\/QDBZWd63mZwE3VTE6\"><span style=\"font-weight: 400;\">Dunkars Kulturhus<\/span><span style=\"font-weight: 400;\"><br \/>\n<\/span><\/a><span style=\"font-weight: 400;\"><strong><b>Tilmelding<\/b>:<\/strong> Ingen tilmelding p\u00e5kr\u00e6vet, men venligst mark\u00e9r &#8220;kommer&#8221; i vores Facebook-begivenhed<\/span><span style=\"font-weight: 400;\"><br \/>\n<\/span><b>Fartgrupper<\/b><span style=\"font-weight: 400;\">: 4:45 min\/km, 5:00 min\/km, 5:30 min\/km, 6:00 min\/km, 6:30 min\/km och alla ska med.<\/span><\/p>\n<p><span style=\"font-weight: 400;\">Ruten for f\u00f8rste halvdel af Helsingborg Marathon kan findes <a href=\"https:\/\/helsingborgmarathon.se\/da\/halvmaraton\/\">her<\/a>.<\/span><\/p>\n<p><span style=\"font-weight: 400;\">Hjertelig velkommen fra Runners Club og Helsingborg Marathon!<\/span>[\/vc_column_text][\/vc_column][\/vc_row]<\/p>\n<\/div>","protected":false},"excerpt":{"rendered":"<p>[vc_row full_width=&#8221;stretch_row_content_no_spaces&#8221; disable_background_image=&#8221;&#8221; css=&#8221;.vc_custom_1703079092511{margin-bottom: 60px !important;padding-bottom: 60px !important;}&#8221; el_class=&#8221;radenmbackie&#8221; simple_background_image=&#8221;21047&#8243;][vc_column][vc_empty_space height=&#8221;400px&#8221;][\/vc_column][\/vc_row][vc_row css=&#8221;.vc_custom_1509388328030{padding-bottom: 50px !important;}&#8221;][vc_column width=&#8221;3\/4&#8243;][vc_column_text el_class=&#8221;hbgmbread&#8221;] Pr\u00f8vel\u00f8b af Helsingborg Marathon &amp; HOKA Helsingborg Half Marathon [\/vc_column_text][vc_column_text] Pr\u00f8vel\u00f8b &amp; After Run [\/vc_column_text][vc_separator color=&#8221;black&#8221; align=&#8221;align_left&#8221; border_width=&#8221;2&#8243; el_width=&#8221;10&#8243; css=&#8221;.vc_custom_1509374538687{padding-top: 15px !important;padding-bottom: 15px !important;}&#8221;][vc_column_text]Hej [&hellip;]<\/p>\n","protected":false},"author":3,"featured_media":0,"parent":0,"menu_order":0,"comment_status":"closed","ping_status":"closed","template":"","meta":{"footnotes":""},"class_list":["post-21053","page","type-page","status-publish","hentry"],"_links":{"self":[{"href":"https:\/\/helsingborgmarathon.se\/da\/wp-json\/wp\/v2\/pages\/21053","targetHints":{"allow":["GET"]}}],"collection":[{"href":"https:\/\/helsingborgmarathon.se\/da\/wp-json\/wp\/v2\/pages"}],"about":[{"href":"https:\/\/helsingborgmarathon.se\/da\/wp-json\/wp\/v2\/types\/page"}],"author":[{"embeddable":true,"href":"https:\/\/helsingborgmarathon.se\/da\/wp-json\/wp\/v2\/users\/3"}],"replies":[{"embeddable":true,"href":"https:\/\/helsingborgmarathon.se\/da\/wp-json\/wp\/v2\/comments?post=21053"}],"version-history":[{"count":8,"href":"https:\/\/helsingborgmarathon.se\/da\/wp-json\/wp\/v2\/pages\/21053\/revisions"}],"predecessor-version":[{"id":23054,"href":"https:\/\/helsingborgmarathon.se\/da\/wp-json\/wp\/v2\/pages\/21053\/revisions\/23054"}],"wp:attachment":[{"href":"https:\/\/helsingborgmarathon.se\/da\/wp-json\/wp\/v2\/media?parent=21053"}],"curies":[{"name":"wp","href":"https:\/\/api.w.org\/{rel}","templated":true}]}}