{"id":22984,"date":"2025-09-30T08:42:06","date_gmt":"2025-09-30T08:42:06","guid":{"rendered":"https:\/\/helsingborgmarathon.se\/svensk-mesterskab\/"},"modified":"2025-09-30T08:42:06","modified_gmt":"2025-09-30T08:42:06","slug":"svensk-mesterskab","status":"publish","type":"page","link":"https:\/\/helsingborgmarathon.se\/da\/svensk-mesterskab\/","title":{"rendered":"Svensk mesterskab"},"content":{"rendered":"<div class=\"wpb-content-wrapper\"><p>[vc_row full_width=&#8221;stretch_row_content_no_spaces&#8221; disable_background_image=&#8221;&#8221; css=&#8221;.vc_custom_1758009949000{margin-bottom: 60px !important;padding-bottom: 60px !important;}&#8221; el_class=&#8221;radenmbackie&#8221; simple_background_image=&#8221;22822&#8243;][vc_column][vc_empty_space height=&#8221;400px&#8221;][\/vc_column][\/vc_row][vc_row css=&#8221;.vc_custom_1509388328030{padding-bottom: 50px !important;}&#8221;][vc_column width=&#8221;3\/4&#8243;][vc_column_text el_class=&#8221;hbgmbread&#8221;]<\/p>\n<h5>Svenske mesterskaber 2026<\/h5>\n<p>\n[\/vc_column_text][vc_column_text]<\/p>\n<h1>L\u00f8b de Svenske Mesterskaber i Halvmaraton<\/h1>\n<p>\n[\/vc_column_text][vc_separator color=&#8221;black&#8221; align=&#8221;align_left&#8221; border_width=&#8221;2&#8243; el_width=&#8221;10&#8243; css=&#8221;.vc_custom_1509374538687{padding-top: 15px !important;padding-bottom: 15px !important;}&#8221;][vc_column_text]Vi har \u00e6ren af at v\u00e6re v\u00e6rt for de svenske mesterskaber i halvmaraton i forbindelse med HOKA Helsingborg Half Marathon 2026. For at deltage i SM i halvmaraton skal du repr\u00e6sentere en forening, der er medlem af det Svenske Atletikforbund.[\/vc_column_text][\/vc_column][vc_column width=&#8221;1\/4&#8243;][\/vc_column][\/vc_row][vc_row full_width=&#8221;stretch_row_content&#8221; equal_height=&#8221;yes&#8221; css=&#8221;.vc_custom_1509489914425{background-color: #35b6b4 !important;}&#8221;][vc_column css=&#8221;.vc_custom_1509449427700{padding-top: 0px !important;padding-right: 0px !important;padding-bottom: 0px !important;padding-left: 0px !important;}&#8221;][vc_single_image image=&#8221;22827&#8243; img_size=&#8221;full&#8221;][\/vc_column][\/vc_row][vc_row][vc_column css=&#8221;.vc_custom_1758110819991{padding-bottom: 20px !important;}&#8221;][vc_column_text]<\/p>\n<h2>Konkurrenceinformation<\/h2>\n<p>Runners Society Athletes Club Helsingborg st\u00e5r som v\u00e6rt for 2026-udgaven af de svenske mesterskaber i halvmaraton. Mesterskabet afvikles i forbindelse med HOKA Helsingborg Half Marathon den 5. september 2026.<\/p>\n<p><strong>Dato:<\/strong> 5. september 2026<\/p>\n<p><strong>Starttid:<\/strong> 09:30<\/p>\n<p><strong>Startsted:<\/strong> <a href=\"https:\/\/goo.gl\/maps\/mBUZPSvXneLMhB3A9\" target=\"_blank\" rel=\"noopener\">Kungsgatan<\/a> ved Sundstorget udenfor Dunkers Kulturhus<\/p>\n<p><strong>Rute:<\/strong> Enkelt rundstr\u00e6kning gennem Helsingborg. <a href=\"https:\/\/helsingborgmarathon.se\/da\/halvmaraton\/\">Se kort og rutebeskrivelse her.<\/a> Officielt opm\u00e5lt af forbundsm\u00e5ler Per M\u00e5nsson<\/p>\n<p><strong>V\u00e6ske- og energistationer:<\/strong> 6 stationer langs ruten med vand, sportsdrik fra Umara og frugt fra Dole. Derudover serveres Pepsi, Battery energidrik, chips og syltede agurker undervejs.<\/p>\n<p><strong>Langning:<\/strong> Egen langning m\u00e5 kun ske ved l\u00f8bets officielle v\u00e6ske- og energistationer, 30 meter f\u00f8r eller efter stationen. Overtr\u00e6delser kan medf\u00f8re diskvalifikation.<\/p>\n<p><strong>Bad &amp; Koldtvandsbad:<\/strong> Mulighed for omkl\u00e6dning, bad, sauna og koldtvandsbad p\u00e5 <a href=\"https:\/\/helsingborg.se\/uppleva-och-gora\/kallbadhus\/kallis-helsingborgs-kallbadhus\/\" target=\"_blank\" rel=\"noopener\">Kallis<\/a>, 300 meter nord for m\u00e5lomr\u00e5det. Gratis adgang ved fremvisning af startnummer.<\/p>\n<p><strong>Klassinddeling:<\/strong> M\u00e6nd &amp; Kvinder<\/p>\n<p><strong>Tilmelding:<\/strong> Tilmeld dig HOKA Helsingborg Half Marathon (tilmelding \u00e5bner snart). Opfylder du kravene for deltagelse, bliver du automatisk registreret til SM. Ordin\u00e6r tilmelding lukker den 27. august 2026 kl. 23:59.<\/p>\n<p><strong>Tilmelding med kvalifikationskrav:<\/strong> Send en mail til <a href=\"mailto:hello@hbgm.se\">hello@hbgm.se<\/a> med link til dine resultater.<\/p>\n<p><strong>Deltagergebyr:<\/strong> 280 SEK (hvis du opfylder kvalifikationskravene, ellers 800 SEK).<\/p>\n<p><strong>Krav for reduceret deltagergebyr SM M\u00e6nd:<\/strong> Halvmaraton: 1:12:00, 10.000m\/10km: 31:30, maraton: 2:32:00. <em>Bruttotid = fra startskud til passage af m\u00e5lstregen og er den tid, der registreres i al officiel statistik.<\/em><\/p>\n<p><strong>Krav for reduceret deltagergebyr SM Kvinder:<\/strong> Halvmaraton: 1:24:00, 10.000m\/10km: 37:00, maraton: 2:55:00. <em>Bruttotid = fra startskud til passage af m\u00e5lstregen og er den tid, der registreres i al officiel statistik.<\/em><\/p>\n<p><strong>Startliste:<\/strong> Du finder <a href=\"https:\/\/helsingborgmarathon.se\/da\/startlista\/\">startlisten her!<\/a><\/p>\n<p><strong>Startbevis:<\/strong> Sendes senest en uge f\u00f8r l\u00f8bet til den e-mailadresse, du angav ved tilmeldingen.<\/p>\n<p><strong>Startnumre:<\/strong> Startnummer med nummer, navn og chip b\u00e6res p\u00e5 brystet, og SM-startnummer b\u00e6res p\u00e5 ryggen.<\/p>\n<p><strong>Uddeling af startnumre:<\/strong> Startnummer hentes p\u00e5 <a href=\"https:\/\/maps.app.goo.gl\/FkqmbBSskoYkW5Ca6\">Dunkers Kulturhus<\/a>. \u00c5bningstider: torsdag 3. september 11:30\u201319:00, fredag 4. september 11:30\u201319:00 og l\u00f8rdag 5. september 07:30\u201309:00.<\/p>\n<p><strong>Tidtagning:<\/strong> Sker ved hj\u00e6lp af chip, som er fastgjort til startnummeret.<\/p>\n<p><strong>Bagageopbevaring:<\/strong> Du kan opbevare din taske i m\u00e5lomr\u00e5det ved Gr\u00f6ningen, ca. 600 meter nord for starten. Du f\u00e5r et klisterm\u00e6rke med dit startnummer i kuverten med dit startnummer, som skal s\u00e6ttes p\u00e5 tasken inden aflevering.<\/p>\n<p><strong>Medalje:<\/strong> Alle deltagere modtager medalje efter m\u00e5lgang.<\/p>\n<p><strong>Pr\u00e6mieoverr\u00e6kkelse:<\/strong> Officiel pr\u00e6mieoverr\u00e6kkelse finder sted kl. 11:15.<\/p>\n<p><strong>Konkurrenceregler:<\/strong> For at deltage skal du repr\u00e6sentere en forening, der er medlem af det Svenske Atletikforbund. Du skal l\u00f8be i din forenings officielle tr\u00f8je\/vest. Du m\u00e5 ikke l\u00f8be med h\u00f8retelefoner.<\/p>\n<p><strong>Udenlandske statsborgere:<\/strong> Udenlandske statsborgere er SM-berettigede, hvis nedenst\u00e5ende betingelser er opfyldt, og ans\u00f8gningen om konkurrencetilladelse er fuldst\u00e6ndig og indsendt til det Svenske Atletikforbund senest den 6. august 2026.<\/p>\n<p>&#8211; Skal v\u00e6re folkeregistreret og have haft hovedsagelig bop\u00e6l i Sverige i mindst \u00e9t \u00e5r inden l\u00f8bsdatoen.<\/p>\n<p>&#8211; Skal have tilladelse fra hjemlandets forbund til at repr\u00e6sentere en svensk forening.<\/p>\n<p>&#8211; M\u00e5 ikke deltage i et nationalt mesterskab i hjemlandet i 2026, heller ikke efter SM halvmaraton.<\/p>\n<p>Kontakt <a href=\"mailto:Daniel.Bergin@friidrott.se\">Daniel Bergin<\/a> for mere information om ans\u00f8gning om konkurrencetilladelse.<\/p>\n<p><strong>Resultater:<\/strong> Officielle <a href=\"https:\/\/helsingborgmarathon.se\/da\/resultat\/\">resultater pr\u00e6senteres her!<\/a> Liveresultater og livestream findes p\u00e5 <a href=\"https:\/\/hbgm.se\">hbgm.se<\/a> p\u00e5 l\u00f8bsdagen.<\/p>\n<p><a href=\"https:\/\/www.friidrott.se\/media\/lgxnjtl2\/regelboken2022.pdf\" target=\"_blank\" rel=\"noopener\">L\u00e6s \u00f8vrige konkurrenceregler her!<\/a>[\/vc_column_text][\/vc_column][\/vc_row]<\/p>\n<\/div>","protected":false},"excerpt":{"rendered":"<p>[vc_row full_width=&#8221;stretch_row_content_no_spaces&#8221; disable_background_image=&#8221;&#8221; css=&#8221;.vc_custom_1758009949000{margin-bottom: 60px !important;padding-bottom: 60px !important;}&#8221; el_class=&#8221;radenmbackie&#8221; simple_background_image=&#8221;22822&#8243;][vc_column][vc_empty_space height=&#8221;400px&#8221;][\/vc_column][\/vc_row][vc_row css=&#8221;.vc_custom_1509388328030{padding-bottom: 50px !important;}&#8221;][vc_column width=&#8221;3\/4&#8243;][vc_column_text el_class=&#8221;hbgmbread&#8221;] Svenske mesterskaber 2026 [\/vc_column_text][vc_column_text] L\u00f8b de Svenske Mesterskaber i Halvmaraton [\/vc_column_text][vc_separator color=&#8221;black&#8221; align=&#8221;align_left&#8221; border_width=&#8221;2&#8243; el_width=&#8221;10&#8243; css=&#8221;.vc_custom_1509374538687{padding-top: 15px !important;padding-bottom: 15px !important;}&#8221;][vc_column_text]Vi har \u00e6ren af at [&hellip;]<\/p>\n","protected":false},"author":3,"featured_media":0,"parent":0,"menu_order":0,"comment_status":"closed","ping_status":"closed","template":"","meta":{"footnotes":""},"class_list":["post-22984","page","type-page","status-publish","hentry"],"_links":{"self":[{"href":"https:\/\/helsingborgmarathon.se\/da\/wp-json\/wp\/v2\/pages\/22984","targetHints":{"allow":["GET"]}}],"collection":[{"href":"https:\/\/helsingborgmarathon.se\/da\/wp-json\/wp\/v2\/pages"}],"about":[{"href":"https:\/\/helsingborgmarathon.se\/da\/wp-json\/wp\/v2\/types\/page"}],"author":[{"embeddable":true,"href":"https:\/\/helsingborgmarathon.se\/da\/wp-json\/wp\/v2\/users\/3"}],"replies":[{"embeddable":true,"href":"https:\/\/helsingborgmarathon.se\/da\/wp-json\/wp\/v2\/comments?post=22984"}],"version-history":[{"count":3,"href":"https:\/\/helsingborgmarathon.se\/da\/wp-json\/wp\/v2\/pages\/22984\/revisions"}],"predecessor-version":[{"id":22987,"href":"https:\/\/helsingborgmarathon.se\/da\/wp-json\/wp\/v2\/pages\/22984\/revisions\/22987"}],"wp:attachment":[{"href":"https:\/\/helsingborgmarathon.se\/da\/wp-json\/wp\/v2\/media?parent=22984"}],"curies":[{"name":"wp","href":"https:\/\/api.w.org\/{rel}","templated":true}]}}