{"id":1472,"date":"2017-10-30T08:38:58","date_gmt":"2017-10-30T08:38:58","guid":{"rendered":"http:\/\/helsingborgmarathon.se\/halvmaraton\/"},"modified":"2026-03-23T11:41:08","modified_gmt":"2026-03-23T11:41:08","slug":"halvmaraton","status":"publish","type":"page","link":"https:\/\/helsingborgmarathon.se\/en\/halvmaraton\/","title":{"rendered":"Half Marathon"},"content":{"rendered":"<div class=\"wpb-content-wrapper\"><p>[vc_row css=&#8221;.vc_custom_1696602213250{padding-bottom: 60px !important;}&#8221;][vc_column]\n\t\t\t<!-- START Half Marathon Eng REVOLUTION SLIDER 6.7.38 --><p class=\"rs-p-wp-fix\"><\/p>\n\t\t\t<rs-module-wrap id=\"rev_slider_26_1_wrapper\" data-source=\"gallery\" style=\"visibility:hidden;background:transparent;padding:0;\">\n\t\t\t\t<rs-module id=\"rev_slider_26_1\" style=\"\" data-version=\"6.7.38\">\n\t\t\t\t\t<rs-slides style=\"overflow: hidden; position: absolute;\">\n\t\t\t\t\t\t<rs-slide style=\"position: absolute;\" data-key=\"rs-47\" data-title=\"Slide\" data-anim=\"ms:10;\" data-in=\"o:1;\" data-out=\"a:false;\">\n\t\t\t\t\t\t\t<img decoding=\"async\" src=\"\/\/helsingborgmarathon.se\/wp-content\/plugins\/revslider\/sr6\/assets\/assets\/dummy.png\" alt=\"\" title=\"slider-half-26\" width=\"1728\" height=\"1280\" class=\"rev-slidebg tp-rs-img rs-lazyload\" data-lazyload=\"\/\/helsingborgmarathon.se\/wp-content\/uploads\/2025\/09\/slider-half-26.jpg\" data-parallax=\"off\" data-no-retina>\n<!--\n\t\t\t\t\t\t\t--><rs-layer\n\t\t\t\t\t\t\t\tid=\"slider-26-slide-47-layer-4\" \n\t\t\t\t\t\t\t\tdata-type=\"image\"\n\t\t\t\t\t\t\t\tdata-rsp_ch=\"on\"\n\t\t\t\t\t\t\t\tdata-xy=\"x:c;yo:191px,34px,49px,59px;\"\n\t\t\t\t\t\t\t\tdata-text=\"w:normal;s:20,12,9,4;l:0,15,11,6;\"\n\t\t\t\t\t\t\t\tdata-dim=\"w:350px,250px,250px,200px;h:209px,152px,152px,120px;\"\n\t\t\t\t\t\t\t\tdata-frame_999=\"o:0;st:w;\"\n\t\t\t\t\t\t\t\tstyle=\"z-index:9;\"\n\t\t\t\t\t\t\t><img decoding=\"async\" src=\"\/\/helsingborgmarathon.se\/wp-content\/plugins\/revslider\/sr6\/assets\/assets\/dummy.png\" alt=\"\" class=\"tp-rs-img rs-lazyload\" width=\"500\" height=\"299\" data-lazyload=\"\/\/helsingborgmarathon.se\/wp-content\/uploads\/2025\/09\/logo-half-26.png\" data-no-retina> \n\t\t\t\t\t\t\t<\/rs-layer><!--\n\n\t\t\t\t\t\t\t--><rs-layer\n\t\t\t\t\t\t\t\tid=\"slider-26-slide-47-layer-12\" \n\t\t\t\t\t\t\t\tdata-type=\"image\"\n\t\t\t\t\t\t\t\tdata-rsp_ch=\"on\"\n\t\t\t\t\t\t\t\tdata-xy=\"x:c;y:b;yo:50px;\"\n\t\t\t\t\t\t\t\tdata-text=\"l:22;a:inherit;\"\n\t\t\t\t\t\t\t\tdata-dim=\"w:[&#039;13px&#039;,&#039;13px&#039;,&#039;13px&#039;,&#039;13px&#039;];h:[&#039;33px&#039;,&#039;33px&#039;,&#039;33px&#039;,&#039;33px&#039;];\"\n\t\t\t\t\t\t\t\tdata-frame_1=\"sR:10;\"\n\t\t\t\t\t\t\t\tdata-frame_999=\"o:0;st:w;sR:2690;\"\n\t\t\t\t\t\t\t\tstyle=\"z-index:5;\"\n\t\t\t\t\t\t\t><img decoding=\"async\" src=\"\/\/helsingborgmarathon.se\/wp-content\/plugins\/revslider\/sr6\/assets\/assets\/dummy.png\" alt=\"\" class=\"tp-rs-img rs-lazyload\" width=\"33\" height=\"83\" data-lazyload=\"\/\/helsingborgmarathon.se\/wp-content\/uploads\/2017\/10\/arrow-down.png\" data-no-retina> \n\t\t\t\t\t\t\t<\/rs-layer><!--\n\n\t\t\t\t\t\t\t--><rs-layer\n\t\t\t\t\t\t\t\tid=\"slider-26-slide-47-layer-14\" \n\t\t\t\t\t\t\t\tclass=\"revslideMeter\"\n\t\t\t\t\t\t\t\tdata-type=\"text\"\n\t\t\t\t\t\t\t\tdata-rsp_ch=\"on\"\n\t\t\t\t\t\t\t\tdata-xy=\"x:c;y:b;yo:330px,177px,269px,221px;\"\n\t\t\t\t\t\t\t\tdata-text=\"w:nowrap,normal,normal,normal;s:65,55,50,40;l:65,65,50,45;ls:2px;a:inherit,inherit,center,center;\"\n\t\t\t\t\t\t\t\tdata-dim=\"w:auto,auto,auto,290px;\"\n\t\t\t\t\t\t\t\tdata-frame_1=\"sR:10;\"\n\t\t\t\t\t\t\t\tdata-frame_999=\"o:0;st:w;sR:2690;\"\n\t\t\t\t\t\t\t\tstyle=\"z-index:6;font-family:'Josefin Sans';text-transform:uppercase;\"\n\t\t\t\t\t\t\t>21 097,5 meters \n\t\t\t\t\t\t\t<\/rs-layer><!--\n\n\t\t\t\t\t\t\t--><rs-layer\n\t\t\t\t\t\t\t\tid=\"slider-26-slide-47-layer-17\" \n\t\t\t\t\t\t\t\tclass=\"revslideReadMore\"\n\t\t\t\t\t\t\t\tdata-type=\"text\"\n\t\t\t\t\t\t\t\tdata-rsp_ch=\"on\"\n\t\t\t\t\t\t\t\tdata-xy=\"x:c;y:b;yo:90px;\"\n\t\t\t\t\t\t\t\tdata-text=\"s:14;l:22;ls:1px;a:inherit;\"\n\t\t\t\t\t\t\t\tdata-frame_1=\"sR:10;\"\n\t\t\t\t\t\t\t\tdata-frame_999=\"o:0;st:w;sR:2690;\"\n\t\t\t\t\t\t\t\tstyle=\"z-index:8;font-family:'Josefin Sans';text-transform:uppercase;\"\n\t\t\t\t\t\t\t>Read more \n\t\t\t\t\t\t\t<\/rs-layer><!--\n-->\t\t\t\t\t<\/rs-slide>\n\t\t\t\t\t<\/rs-slides>\n\t\t\t\t<\/rs-module>\n\t\t\t\t<script>\n\t\t\t\t\tsetREVStartSize({c: 'rev_slider_26_1',rl:[1240,1024,778,480],el:[865,453,550,545],gw:[1300,800,600,300],gh:[865,453,550,545],type:'hero',justify:'',layout:'fullscreen',offsetContainer:'.touch .mkdf-mobile-header',offset:'',mh:\"0\"});if (window.RS_MODULES!==undefined && window.RS_MODULES.modules!==undefined && window.RS_MODULES.modules[\"revslider261\"]!==undefined) {window.RS_MODULES.modules[\"revslider261\"].once = false;window.revapi26 = undefined;if (window.RS_MODULES.checkMinimal!==undefined) window.RS_MODULES.checkMinimal()}\n\t\t\t\t<\/script>\n\t\t\t<\/rs-module-wrap>\n\t\t\t<!-- END REVOLUTION SLIDER -->\n[\/vc_column][\/vc_row][vc_row css=&#8221;.vc_custom_1509388328030{padding-bottom: 50px !important;}&#8221;][vc_column width=&#8221;3\/4&#8243;][vc_column_text el_class=&#8221;hbgmbread&#8221;]<\/p>\n<h5><strong>HOKA Helsingborg Half Marathon 21 097,5 meter<\/strong><\/h5>\n<p>[\/vc_column_text][vc_column_text]<\/p>\n<h1>Run along Sweden\u2019s most beautiful finish!<\/h1>\n<p>[\/vc_column_text][vc_separator color=&#8221;black&#8221; align=&#8221;align_left&#8221; border_width=&#8221;2&#8243; el_width=&#8221;10&#8243; css=&#8221;.vc_custom_1509374538687{padding-top: 15px !important;padding-bottom: 15px !important;}&#8221;][vc_column_text]HOKA Helsingborg Half Marathon is the race that exceeds your expectations, offering fast roads through beautiful nature and a vibrant city life. The start is in the heart of Helsingborg, taking you 21,097.5 meters along the sea, through nature reserves, past castles, and finishing with a spectacular stretch along the Seaside Promenade \u2014 home to Sweden\u2019s most beautiful finish line. The city welcomes you with open arms, and we\u2019ll support you every step of the way.<\/p>\n<p>Welcome to Helsingborg and the HOKA Helsingborg Half Marathon!<\/p>\n<p class=\"p1\">Would you like to register a group? Download our simple form <a href=\"https:\/\/helsingborgmarathon.se\/wp-content\/uploads\/2026\/02\/group_registration_hbgm_26_2.xlsx\">here<\/a>!<\/p>\n<p>[\/vc_column_text][\/vc_column][vc_column width=&#8221;1\/4&#8243;][\/vc_column][\/vc_row][vc_row css=&#8221;.vc_custom_1509376953936{padding-bottom: 50px !important;}&#8221;][vc_column width=&#8221;1\/4&#8243;][vc_column_text]<\/p>\n<h5>Entry fee<\/h5>\n<p>800 SEK[\/vc_column_text][\/vc_column][vc_column width=&#8221;1\/4&#8243;][vc_column_text]<\/p>\n<h5>Date<\/h5>\n<p>5 September 2026 at 09:30 &amp; 09:33 a.m.[\/vc_column_text][\/vc_column][vc_column width=&#8221;1\/4&#8243;][vc_column_text]<\/p>\n<h5>Registration is closed!<\/h5>\n<p class=\"p1\">The race is sold out. If you\u2019d like to join our waiting list, please send us an <a href=\"mailto:hello@hbgm.se?subject=Reservlista HOKA Helsingborg Half Marathon\">email!<\/a>[\/vc_column_text][\/vc_column][vc_column width=&#8221;1\/4&#8243; css=&#8221;.vc_custom_1624913117331{padding-top: 30px !important;}&#8221;]<a itemprop=\"url\" href=\"mailto:hello@hbgm.se?subject=Waiting%20list%20HOKA%20Helsingborg%20Half%20Marathon\" target=\"_self\"  class=\"mkdf-btn mkdf-btn-medium mkdf-btn-solid pageanmalbutton\"  >\n    \t<span class=\"mkdf-btn-text\">Waiting list!<\/span>\n\t        \t<\/a>[\/vc_column][\/vc_row][vc_row css=&#8221;.vc_custom_1576748198679{padding-bottom: 50px !important;}&#8221;][vc_column][vc_single_image image=&#8221;23180&#8243; img_size=&#8221;full&#8221;][vc_custom_heading text=&#8221;Give a child a day to find the strength for many!&#8221; use_theme_fonts=&#8221;yes&#8221;][vc_column_text]<\/p>\n<p>Together with you, our runners and ambassadors, we want to use the power of running for something greater than just kilometres and finish times. When you register for HOKA Helsingborg Half Marathon you have the opportunity to donate a voluntary amount to <a href=\"https:\/\/minstoradag.org\/english\/\" target=\"_blank\" rel=\"noopener\">My Special Day<\/a>.<\/p>\n<p>You can also make a donation directly via our website. Every contribution, big or small, helps create magical moments for children who need them the most.<\/p>\n<p>Together, we give more children a day to find the strength for many.\u00a0<a href=\"https:\/\/helsingborgmarathon.se\/en\/my-special-day\/\" target=\"_blank\" rel=\"noopener noreferrer\">Read more about the fundraiser here!<\/a>[\/vc_column_text][\/vc_column][\/vc_row][vc_row css=&#8221;.vc_custom_1585217370480{padding-bottom: 0px !important;}&#8221;][vc_column][vc_single_image image=&#8221;15517&#8243; img_size=&#8221;full&#8221;][vc_custom_heading text=&#8221;HOKA Helsingborg Half Marathon \u2013 a half marathon with extra of everything&#8221; use_theme_fonts=&#8221;yes&#8221;][vc_separator color=&#8221;black&#8221; align=&#8221;align_left&#8221; border_width=&#8221;2&#8243; el_width=&#8221;10&#8243;][\/vc_column][\/vc_row][vc_row css=&#8221;.vc_custom_1509376953936{padding-bottom: 50px !important;}&#8221;][vc_column width=&#8221;1\/3&#8243;][vc_column_text]<\/p>\n<h5>Service before the race<\/h5>\n<p>Test run of the <a href=\"https:\/\/helsingborgmarathon.se\/en\/provlopning\/\" target=\"_blank\" rel=\"noopener\">course<\/a><br \/>\nFree <a href=\"https:\/\/helsingborgmarathon.se\/en\/train-against-hbgm\/\">training program<\/a> for the race<br \/>\nTraining and nutrition tips from <a href=\"https:\/\/umarasports.com\/\" target=\"_blank\" rel=\"noopener\">Umara<\/a><br \/>\nOffer from <a href=\"http:\/\/www.loplabbet.se\" target=\"_blank\" rel=\"noopener\">L\u00f6plabbet<\/a>[\/vc_column_text][\/vc_column][vc_column width=&#8221;1\/3&#8243;][vc_column_text]<\/p>\n<h5>Service during the race<\/h5>\n<p>L\u00f6plabbet HBGM Pacers with finish times on 1:20 \u2013 2:20<br \/>\nSportdrink from <a href=\"https:\/\/umarasports.com\/\" target=\"_blank\" rel=\"noopener\">Umara<\/a><br \/>\nFruits from <a href=\"https:\/\/dolenordic.com\/\">Dole<\/a><br \/>\nPepsi, Battery Energy drink, chips and pickles<br \/>\n8 water and energystations<br \/>\nDJs and live music<br \/>\nLivetracking and livestream on the web<br \/>\nHealthcare<br \/>\nTransport in case of broken race[\/vc_column_text][\/vc_column][vc_column width=&#8221;1\/3&#8243;][vc_column_text]<\/p>\n<h5>Service after the race<\/h5>\n<p>Real gold-plated medal<br \/>\nPB-Cap<br \/>\nFree massage<br \/>\nSauna &amp; shower at <a href=\"https:\/\/helsingborg.se\/uppleva-och-gora\/kallbadhus\/kallis-helsingborgs-kallbadhus\/\" target=\"_blank\" rel=\"noopener\">Kallis Helsingborg<\/a><br \/>\nRaml\u00f6sa mineral water, non-alcoholic beer <a href=\"https:\/\/www.helsingborgsbryggeri.se\/\">Helsingborgs bryggeri<\/a>, fruits (<a href=\"https:\/\/dolenordic.com\/\" target=\"_blank\" rel=\"noopener\">Dole<\/a>), Kitkat, candy, chips\u00a0och much more.<br \/>\nThousands images from the race<br \/>\nPersonal digital diploma<br \/>\nPersonal finish film[\/vc_column_text][\/vc_column][\/vc_row][vc_row css=&#8221;.vc_custom_1576748198679{padding-bottom: 50px !important;}&#8221;][vc_column][vc_custom_heading text=&#8221;The HOKA Helsingborg Half Marathon course&#8221; use_theme_fonts=&#8221;yes&#8221;][vc_column_text]On the map below you can see the marathon course and where to find start, finish, split times and fluid stations. You can also find caf\u00e9s, toilets, attractions, parking and last but not least the City district party, where associations and individuals organises fun activities along the course.[\/vc_column_text][vc_column_text]<div class=\"almbay-map layer-map\" id=\"almbay-map\" data-lang=\"en\" data-url=\"https:\/\/helsingborgmarathon.se\/wp-content\/plugins\/almbay-map\/\" data-type=\"half_marathon\">\n    <div class=\"layer-map__map\" id=\"layer-map\">\n        <!-- Dynamic map here -->\n    <\/div>\n    \n    <div class=\"layer-map__toggles\">\n        <button class=\"layer-map__toggle\" data-type=\"start_end\" data-toggled=\"true\">\n            <img decoding=\"async\" src=\"https:\/\/helsingborgmarathon.se\/wp-content\/plugins\/almbay-map\/include\/img\/toggles\/start_end.png\" alt=\"Toggle\" \/> Start \/ Finish        <\/button>\n    \n            \n        <button class=\"layer-map__toggle\" data-type=\"video\" data-toggled=\"false\">\n            <img decoding=\"async\" src=\"https:\/\/helsingborgmarathon.se\/wp-content\/plugins\/almbay-map\/include\/img\/toggles\/video.png\" alt=\"Toggle\" \/> Video        <\/button>\n    \n        <button class=\"layer-map__toggle\" data-type=\"cafe\" data-toggled=\"false\">\n            <img decoding=\"async\" src=\"https:\/\/helsingborgmarathon.se\/wp-content\/plugins\/almbay-map\/include\/img\/toggles\/cafe.png\" alt=\"Toggle\" \/> Caf\u00e9        <\/button>\n    \n        <button class=\"layer-map__toggle\" data-type=\"water\" data-toggled=\"false\">\n            <img decoding=\"async\" src=\"https:\/\/helsingborgmarathon.se\/wp-content\/plugins\/almbay-map\/include\/img\/toggles\/water.png\" alt=\"Toggle\" \/> Water        <\/button>\n    \n        <button class=\"layer-map__toggle\" data-type=\"split\" data-toggled=\"false\">\n            <img decoding=\"async\" src=\"https:\/\/helsingborgmarathon.se\/wp-content\/plugins\/almbay-map\/include\/img\/toggles\/split.png\" alt=\"Toggle\" \/> Split        <\/button>\n    \n        <button class=\"layer-map__toggle\" data-type=\"toilet\" data-toggled=\"false\">\n            <img decoding=\"async\" src=\"https:\/\/helsingborgmarathon.se\/wp-content\/plugins\/almbay-map\/include\/img\/toggles\/toilet.png\" alt=\"Toggle\" \/> WC        <\/button>\n    \n        <button class=\"layer-map__toggle\" data-type=\"attraction\" data-toggled=\"false\">\n            <img decoding=\"async\" src=\"https:\/\/helsingborgmarathon.se\/wp-content\/plugins\/almbay-map\/include\/img\/toggles\/sevardheter.png\" alt=\"Toggle\" \/> Attractions        <\/button>\n    \n        <button class=\"layer-map__toggle\" data-type=\"districtparty\" data-toggled=\"false\">\n            <img decoding=\"async\" src=\"https:\/\/helsingborgmarathon.se\/wp-content\/plugins\/almbay-map\/include\/img\/toggles\/stadsdel.png\" alt=\"Toggle\" \/> Hotspots        <\/button>\n\t\n\t    <button class=\"layer-map__toggle\" data-type=\"parking\" data-toggled=\"false\">\n\t\t    <img decoding=\"async\" src=\"https:\/\/helsingborgmarathon.se\/wp-content\/plugins\/almbay-map\/include\/img\/toggles\/parking.png\" alt=\"Toggle\" \/> Parking\t    <\/button>\n    <\/div>\n<\/div>[\/vc_column_text][\/vc_column][\/vc_row][vc_row css=&#8221;.vc_custom_1576748198679{padding-bottom: 50px !important;}&#8221;][vc_column][vc_custom_heading text=&#8221;Course information HOKA Helsingborg Half Marathon&#8221; use_theme_fonts=&#8221;yes&#8221;][vc_column_text]The start of the half marathon race takes place in connection with the start of the marathon and relay outside Dunkers Culture House. The route&#8217;s unique stretch includes three kilometers through our historic and beautiful city center. You will experience historic neighborhoods and Stortorget, the medieval castle K\u00e4rnan, the P\u00e5lsj\u00f6 forest nature reserve, and Lar\u00f6d. The half marathon route shares the first and last 17 kilometers with the marathon, with a finish along the sea where you run under a beautiful flag display towards the finish line at beautiful Gr\u00f6ningen. You celebrate your effort out on the pier facing the \u00d6resund and then move into our event area with activities for families, relatives, and supporters. The route has around 170 meters of elevation gain with an incline towards K\u00e4rnan after 2 kilometers and a long downhill stretch towards the sea after 19 kilometers. It includes everything from city, forest, and sea and has varied terrain, mostly asphalt.[\/vc_column_text][vc_separator color=&#8221;black&#8221; align=&#8221;align_left&#8221; border_width=&#8221;2&#8243; el_width=&#8221;10&#8243; css=&#8221;.vc_custom_1509374538687{padding-top: 15px !important;padding-bottom: 15px !important;}&#8221;][vc_column_text]The idea of a Half Marathon has been a dream far away. But not anymore, in 2018 the HOKA Helsingborg Half Marathon had its premiere.<\/p>\n<p><strong>Length:<\/strong>\u00a021 097,5 meters<\/p>\n<p><strong>Altitude difference:<\/strong> Total elevation gain of 95 meters. 190 meters in total (up and down).<\/p>\n<p><strong>Surface:<\/strong> Around 93,5% asphalt, 7% gravel, 0,5% other<\/p>\n<p><strong>Highlights:<\/strong> City, Bergaliden, Slottshagen, K\u00e4rnan, Mariastaden, Maria Park, P\u00e5lsj\u00f6 skog, Lar\u00f6d, Tinarpsbacken &amp; Strandpromenaden<\/p>\n<p><strong>Watch the course video here. Updated soon.<\/strong><\/p>\n<p><a href=\"https:\/\/helsingborgmarathon.se\/runner_media\/gpx\/helsingborghalfmarathon.gpx\"><strong>GPX file of the course will you find here.<\/strong><\/a>\u00a0[\/vc_column_text][\/vc_column][\/vc_row][vc_row css=&#8221;.vc_custom_1576748208353{padding-bottom: 100px !important;}&#8221;][vc_column][vc_custom_heading text=&#8221;Elevation profile for the HOKA Helsingborg Half Marathon course&#8221; use_theme_fonts=&#8221;yes&#8221;][vc_single_image image=&#8221;21807&#8243; img_size=&#8221;full&#8221; onclick=&#8221;img_link_large&#8221;][\/vc_column][\/vc_row][vc_row css=&#8221;.vc_custom_1509376937466{padding-bottom: 100px !important;}&#8221;][vc_column width=&#8221;1\/2&#8243;][vc_single_image image=&#8221;1310&#8243; img_size=&#8221;full&#8221; alignment=&#8221;center&#8221; onclick=&#8221;custom_link&#8221; link=&#8221;https:\/\/helsingborgmarathon.se\/en\/results\/&#8221; css=&#8221;.vc_custom_1546869301129{padding-bottom: 50px !important;}&#8221;][vc_column_text]<\/p>\n<h1 style=\"text-align: center;\"><a href=\"https:\/\/helsingborgmarathon.se\/en\/results\/\">Results<\/a><\/h1>\n<p>[\/vc_column_text][\/vc_column][vc_column width=&#8221;1\/2&#8243;][vc_single_image image=&#8221;1751&#8243; img_size=&#8221;full&#8221; alignment=&#8221;center&#8221; onclick=&#8221;custom_link&#8221; link=&#8221;https:\/\/helsingborgmarathon.se\/en\/media\/&#8221; css=&#8221;.vc_custom_1546869509786{padding-bottom: 50px !important;}&#8221;][vc_column_text]<\/p>\n<h1 style=\"text-align: center;\"><a href=\"https:\/\/helsingborgmarathon.se\/en\/media\/\" rel=\"noopener\">Photos<\/a><\/h1>\n<p>[\/vc_column_text][\/vc_column][\/vc_row][vc_row full_width=&#8221;stretch_row_content_no_spaces&#8221; css=&#8221;.vc_custom_1509407137632{padding-bottom: 60px !important;background-color: #35b6b4 !important;}&#8221; el_class=&#8221;qbotcontainer&#8221;][vc_column width=&#8221;1\/3&#8243;][\/vc_column][vc_column width=&#8221;1\/3&#8243; el_class=&#8221;qs-bot-center&#8221;][vc_column_text]<\/p>\n<h3 style=\"text-align: center;\">General questions<\/h3>\n<p>[\/vc_column_text][vc_separator color=&#8221;white&#8221; border_width=&#8221;2&#8243; el_width=&#8221;10&#8243;][vc_column_text]<\/p>\n<p style=\"text-align: center;\">When&#8217;s the race?<\/p>\n<p style=\"text-align: center;\">How&#8217;s the course?<\/p>\n<p style=\"text-align: center;\">Are there pacers?<\/p>\n<p style=\"text-align: center;\">What&#8217;s included in the registration?<\/p>\n<p>[\/vc_column_text]<a itemprop=\"url\" href=\"https:\/\/helsingborgmarathon.se\/en\/faq\/\" target=\"_self\" style=\"color: #35b6b4;background-color: #ffffff;border-color: #ffffff;margin: 40px 0px 0px 0px\" class=\"mkdf-btn mkdf-btn-medium mkdf-btn-solid mkdf-btn-custom-hover-bg mkdf-btn-custom-border-hover mkdf-btn-custom-hover-color\" data-hover-color=\"#ffffff\" data-hover-bg-color=\"#0a0a0a\" data-hover-border-color=\"#0a0202\" >\n    \t<span class=\"mkdf-btn-text\">Read all questions &amp; answers<\/span>\n\t        \t<\/a>[\/vc_column][vc_column width=&#8221;1\/3&#8243;][\/vc_column][\/vc_row]<\/p>\n<\/div>","protected":false},"excerpt":{"rendered":"<p>[vc_row css=&#8221;.vc_custom_1696602213250{padding-bottom: 60px !important;}&#8221;][vc_column][\/vc_column][\/vc_row][vc_row css=&#8221;.vc_custom_1509388328030{padding-bottom: 50px !important;}&#8221;][vc_column width=&#8221;3\/4&#8243;][vc_column_text el_class=&#8221;hbgmbread&#8221;] HOKA Helsingborg Half Marathon 21 097,5 meter [\/vc_column_text][vc_column_text] Run along Sweden\u2019s most beautiful finish! [\/vc_column_text][vc_separator color=&#8221;black&#8221; align=&#8221;align_left&#8221; border_width=&#8221;2&#8243; el_width=&#8221;10&#8243; css=&#8221;.vc_custom_1509374538687{padding-top: 15px !important;padding-bottom: 15px !important;}&#8221;][vc_column_text]HOKA Helsingborg Half Marathon is the race that [&hellip;]<\/p>\n","protected":false},"author":1,"featured_media":0,"parent":0,"menu_order":0,"comment_status":"closed","ping_status":"closed","template":"","meta":{"footnotes":""},"class_list":["post-1472","page","type-page","status-publish","hentry"],"_links":{"self":[{"href":"https:\/\/helsingborgmarathon.se\/en\/wp-json\/wp\/v2\/pages\/1472","targetHints":{"allow":["GET"]}}],"collection":[{"href":"https:\/\/helsingborgmarathon.se\/en\/wp-json\/wp\/v2\/pages"}],"about":[{"href":"https:\/\/helsingborgmarathon.se\/en\/wp-json\/wp\/v2\/types\/page"}],"author":[{"embeddable":true,"href":"https:\/\/helsingborgmarathon.se\/en\/wp-json\/wp\/v2\/users\/1"}],"replies":[{"embeddable":true,"href":"https:\/\/helsingborgmarathon.se\/en\/wp-json\/wp\/v2\/comments?post=1472"}],"version-history":[{"count":132,"href":"https:\/\/helsingborgmarathon.se\/en\/wp-json\/wp\/v2\/pages\/1472\/revisions"}],"predecessor-version":[{"id":23258,"href":"https:\/\/helsingborgmarathon.se\/en\/wp-json\/wp\/v2\/pages\/1472\/revisions\/23258"}],"wp:attachment":[{"href":"https:\/\/helsingborgmarathon.se\/en\/wp-json\/wp\/v2\/media?parent=1472"}],"curies":[{"name":"wp","href":"https:\/\/api.w.org\/{rel}","templated":true}]}}