{"id":1496,"date":"2017-10-29T08:36:48","date_gmt":"2017-10-29T08:36:48","guid":{"rendered":"http:\/\/helsingborgmarathon.se\/marathon\/"},"modified":"2026-02-20T11:43:40","modified_gmt":"2026-02-20T11:43:40","slug":"marathon","status":"publish","type":"page","link":"https:\/\/helsingborgmarathon.se\/en\/marathon\/","title":{"rendered":"Marathon"},"content":{"rendered":"<div class=\"wpb-content-wrapper\"><p>[vc_row css=&#8221;.vc_custom_1696601880029{padding-bottom: 60px !important;}&#8221;][vc_column]\n\t\t\t<!-- START Marathon Eng REVOLUTION SLIDER 6.7.38 --><p class=\"rs-p-wp-fix\"><\/p>\n\t\t\t<rs-module-wrap id=\"rev_slider_25_1_wrapper\" data-source=\"gallery\" style=\"visibility:hidden;background:transparent;padding:0;\">\n\t\t\t\t<rs-module id=\"rev_slider_25_1\" style=\"\" data-version=\"6.7.38\">\n\t\t\t\t\t<rs-slides style=\"overflow: hidden; position: absolute;\">\n\t\t\t\t\t\t<rs-slide style=\"position: absolute;\" data-key=\"rs-46\" data-title=\"Slide\" data-anim=\"ms:10;\" data-in=\"o:1;\" data-out=\"a:false;\">\n\t\t\t\t\t\t\t<img decoding=\"async\" src=\"\/\/helsingborgmarathon.se\/wp-content\/plugins\/revslider\/sr6\/assets\/assets\/dummy.png\" alt=\"\" title=\"slider-marathon-26\" width=\"1920\" height=\"1139\" class=\"rev-slidebg tp-rs-img rs-lazyload\" data-lazyload=\"\/\/helsingborgmarathon.se\/wp-content\/uploads\/2025\/09\/slider-marathon-26.jpg\" data-parallax=\"off\" data-no-retina>\n<!--\n\t\t\t\t\t\t\t--><rs-layer\n\t\t\t\t\t\t\t\tid=\"slider-25-slide-46-layer-5\" \n\t\t\t\t\t\t\t\tdata-type=\"image\"\n\t\t\t\t\t\t\t\tdata-rsp_ch=\"on\"\n\t\t\t\t\t\t\t\tdata-xy=\"x:c;yo:198px,35px,49px,86px;\"\n\t\t\t\t\t\t\t\tdata-text=\"w:normal;s:20,12,9,4;l:0,15,11,6;\"\n\t\t\t\t\t\t\t\tdata-dim=\"w:300px,250px,250px,200px;h:224px,187px,187px,149px;\"\n\t\t\t\t\t\t\t\tdata-frame_999=\"o:0;st:w;\"\n\t\t\t\t\t\t\t\tstyle=\"z-index:9;\"\n\t\t\t\t\t\t\t><img decoding=\"async\" src=\"\/\/helsingborgmarathon.se\/wp-content\/plugins\/revslider\/sr6\/assets\/assets\/dummy.png\" alt=\"\" class=\"tp-rs-img rs-lazyload\" width=\"500\" height=\"373\" data-lazyload=\"\/\/helsingborgmarathon.se\/wp-content\/uploads\/2025\/09\/logo-marathon-26.png\" data-no-retina> \n\t\t\t\t\t\t\t<\/rs-layer><!--\n\n\t\t\t\t\t\t\t--><rs-layer\n\t\t\t\t\t\t\t\tid=\"slider-25-slide-46-layer-12\" \n\t\t\t\t\t\t\t\tdata-type=\"image\"\n\t\t\t\t\t\t\t\tdata-rsp_ch=\"on\"\n\t\t\t\t\t\t\t\tdata-xy=\"x:c;y:b;yo:50px;\"\n\t\t\t\t\t\t\t\tdata-text=\"l:22;a:inherit;\"\n\t\t\t\t\t\t\t\tdata-dim=\"w:[&#039;13px&#039;,&#039;13px&#039;,&#039;13px&#039;,&#039;13px&#039;];h:[&#039;33px&#039;,&#039;33px&#039;,&#039;33px&#039;,&#039;33px&#039;];\"\n\t\t\t\t\t\t\t\tdata-frame_1=\"sR:10;\"\n\t\t\t\t\t\t\t\tdata-frame_999=\"o:0;st:w;sR:2690;\"\n\t\t\t\t\t\t\t\tstyle=\"z-index:5;\"\n\t\t\t\t\t\t\t><img decoding=\"async\" src=\"\/\/helsingborgmarathon.se\/wp-content\/plugins\/revslider\/sr6\/assets\/assets\/dummy.png\" alt=\"\" class=\"tp-rs-img rs-lazyload\" width=\"33\" height=\"83\" data-lazyload=\"\/\/helsingborgmarathon.se\/wp-content\/uploads\/2017\/10\/arrow-down.png\" data-no-retina> \n\t\t\t\t\t\t\t<\/rs-layer><!--\n\n\t\t\t\t\t\t\t--><rs-layer\n\t\t\t\t\t\t\t\tid=\"slider-25-slide-46-layer-14\" \n\t\t\t\t\t\t\t\tclass=\"revslideMeter\"\n\t\t\t\t\t\t\t\tdata-type=\"text\"\n\t\t\t\t\t\t\t\tdata-rsp_ch=\"on\"\n\t\t\t\t\t\t\t\tdata-xy=\"x:c;y:b;yo:330px,137px,225px,170px;\"\n\t\t\t\t\t\t\t\tdata-text=\"w:nowrap,nowrap,nowrap,normal;s:50,40,40,35;l:50,50,40,35;ls:2px;a:inherit,inherit,inherit,center;\"\n\t\t\t\t\t\t\t\tdata-dim=\"w:auto,auto,auto,290px;\"\n\t\t\t\t\t\t\t\tdata-frame_1=\"sR:10;\"\n\t\t\t\t\t\t\t\tdata-frame_999=\"o:0;st:w;sR:2690;\"\n\t\t\t\t\t\t\t\tstyle=\"z-index:6;font-family:'Josefin Sans';text-transform:uppercase;\"\n\t\t\t\t\t\t\t>42 195 meters \n\t\t\t\t\t\t\t<\/rs-layer><!--\n\n\t\t\t\t\t\t\t--><rs-layer\n\t\t\t\t\t\t\t\tid=\"slider-25-slide-46-layer-17\" \n\t\t\t\t\t\t\t\tclass=\"revslideReadMore\"\n\t\t\t\t\t\t\t\tdata-type=\"text\"\n\t\t\t\t\t\t\t\tdata-rsp_ch=\"on\"\n\t\t\t\t\t\t\t\tdata-xy=\"x:c;y:b;yo:90px;\"\n\t\t\t\t\t\t\t\tdata-text=\"s:14;l:22;ls:1px;a:inherit;\"\n\t\t\t\t\t\t\t\tdata-frame_1=\"sR:10;\"\n\t\t\t\t\t\t\t\tdata-frame_999=\"o:0;st:w;sR:2690;\"\n\t\t\t\t\t\t\t\tstyle=\"z-index:8;font-family:'Josefin Sans';text-transform:uppercase;\"\n\t\t\t\t\t\t\t>Read more \n\t\t\t\t\t\t\t<\/rs-layer><!--\n-->\t\t\t\t\t<\/rs-slide>\n\t\t\t\t\t<\/rs-slides>\n\t\t\t\t<\/rs-module>\n\t\t\t\t<script>\n\t\t\t\t\tsetREVStartSize({c: 'rev_slider_25_1',rl:[1240,1024,778,480],el:[865,453,550,545],gw:[1300,800,600,300],gh:[865,453,550,545],type:'hero',justify:'',layout:'fullscreen',offsetContainer:'.touch .mkdf-mobile-header',offset:'',mh:\"0\"});if (window.RS_MODULES!==undefined && window.RS_MODULES.modules!==undefined && window.RS_MODULES.modules[\"revslider251\"]!==undefined) {window.RS_MODULES.modules[\"revslider251\"].once = false;window.revapi25 = undefined;if (window.RS_MODULES.checkMinimal!==undefined) window.RS_MODULES.checkMinimal()}\n\t\t\t\t<\/script>\n\t\t\t<\/rs-module-wrap>\n\t\t\t<!-- END REVOLUTION SLIDER -->\n[\/vc_column][\/vc_row][vc_row css=&#8221;.vc_custom_1556733613775{padding-bottom: 50px !important;}&#8221; anchor=&#8221;readMore&#8221;][vc_column width=&#8221;3\/4&#8243;][vc_column_text el_class=&#8221;hbgmbread&#8221;]<\/p>\n<h5>Helsingborg Marathon 42 195 meter<\/h5>\n<p>[\/vc_column_text][vc_column_text]<\/p>\n<h1>Run Helsingborg Marathon \u2013 experience the city by the sea<\/h1>\n<p>[\/vc_column_text][vc_separator color=&#8221;black&#8221; align=&#8221;align_left&#8221; border_width=&#8221;2&#8243; el_width=&#8221;10&#8243; css=&#8221;.vc_custom_1509374538687{padding-top: 15px !important;padding-bottom: 15px !important;}&#8221;][vc_column_text]Helsingborg Marathon is the race that takes you through 21 districts in the city by the sea.<br \/>\nStarting in the heart of Helsingborg, you\u2019ll run 42,195 meters along the coastline, through nature reserves, past grazing animals, charming neighborhoods, and historic castles. Everything ends with a stunning seaside finish along the Strandpromenaden \u2013 one of Sweden\u2019s most beautiful finish lines. Run Helsingborg Marathon \u2013 the friendly marathon in the city by the sea.<\/p>\n<p>Welcome to Helsingborg Marathon!<\/p>\n<p>Want to register a group? Download our simple form <a href=\"https:\/\/helsingborgmarathon.se\/wp-content\/uploads\/2026\/02\/group_registration_hbgm_26_2.xlsx\">HERE<\/a>[\/vc_column_text][\/vc_column][vc_column width=&#8221;1\/4&#8243;][\/vc_column][\/vc_row][vc_row css=&#8221;.vc_custom_1509462834528{padding-bottom: 50px !important;}&#8221;][vc_column width=&#8221;1\/4&#8243;][vc_column_text]<\/p>\n<h5>Race fee<\/h5>\n<p>1050 SEK[\/vc_column_text][\/vc_column][vc_column width=&#8221;1\/4&#8243;][vc_column_text]<\/p>\n<h5>Date<\/h5>\n<p>5 September 2026 at 10:00 AM[\/vc_column_text][\/vc_column][vc_column width=&#8221;1\/4&#8243;][vc_column_text]<\/p>\n<h5>Registration<\/h5>\n<p class=\"p1\">Regular registration until 23 August 2026 or until all 2,500 entries are sold out.<\/p>\n<p>[\/vc_column_text][\/vc_column][vc_column width=&#8221;1\/4&#8243; css=&#8221;.vc_custom_1509462861452{padding-top: 30px !important;}&#8221;]<a itemprop=\"url\" href=\"https:\/\/helsingborgmarathon.se\/registration\/marathon\/?lang=eng\" target=\"_self\"  class=\"mkdf-btn mkdf-btn-medium mkdf-btn-solid pageanmalbutton\"  >\n    \t<span class=\"mkdf-btn-text\">Register here!<\/span>\n\t        \t<\/a>[\/vc_column][\/vc_row][vc_row css=&#8221;.vc_custom_1552649770439{padding-bottom: 50px !important;}&#8221;][vc_column][vc_single_image image=&#8221;23180&#8243; img_size=&#8221;full&#8221;][vc_custom_heading text=&#8221;Give a child a day to find the strength for many!&#8221; use_theme_fonts=&#8221;yes&#8221;][vc_column_text]Together with you, our runners and ambassadors, we want to use the power of running for something greater than just kilometres and finish times. When you register for Helsingborg Marathon you have the opportunity to donate a voluntary amount to <a href=\"https:\/\/minstoradag.org\/english\/\" target=\"_blank\" rel=\"noopener\">My Special Day<\/a>.<\/p>\n<p>You can also make a donation directly via our website. Every contribution, big or small, helps create magical moments for children who need them the most.<\/p>\n<p>Together, we give more children a day to find the strength for many. <a href=\"https:\/\/helsingborgmarathon.se\/en\/my-special-day\/\" target=\"_blank\" rel=\"noopener noreferrer\">Read more about the fundraiser here!<\/a>[\/vc_column_text][\/vc_column][\/vc_row][vc_row css=&#8221;.vc_custom_1585213971223{padding-bottom: 0px !important;}&#8221;][vc_column][vc_single_image image=&#8221;15517&#8243; img_size=&#8221;full&#8221;][vc_custom_heading text=&#8221;Helsingborg Marathon \u2013 a marathon with extra of everything&#8221; use_theme_fonts=&#8221;yes&#8221;][vc_separator color=&#8221;black&#8221; align=&#8221;align_left&#8221; border_width=&#8221;2&#8243; el_width=&#8221;10&#8243; css=&#8221;.vc_custom_1509374538687{padding-top: 15px !important;padding-bottom: 15px !important;}&#8221;][\/vc_column][\/vc_row][vc_row css=&#8221;.vc_custom_1585213981853{padding-top: 0px !important;padding-bottom: 50px !important;}&#8221;][vc_column width=&#8221;1\/3&#8243;][vc_column_text]<\/p>\n<h5>Pre-race services<\/h5>\n<p>Test run of the <a href=\"https:\/\/helsingborgmarathon.se\/en\/provlopning\/\" target=\"_blank\" rel=\"noopener\">course<\/a><\/p>\n<p>Free <a href=\"https:\/\/helsingborgmarathon.se\/en\/train-against-hbgm\/\">training plans<\/a> for the race<\/p>\n<p>Training and nutrition tips from <a href=\"https:\/\/umarasports.com\" target=\"_blank\" rel=\"noopener\">Umara<\/a><\/p>\n<p>Discounts at <a href=\"http:\/\/www.loplabbet.se\">L\u00f6plabbet<\/a>[\/vc_column_text][\/vc_column][vc_column width=&#8221;1\/3&#8243;][vc_column_text]<\/p>\n<h5>Service during the race<\/h5>\n<p>L\u00f6plabbet HBGM Pacers with finish times from 3:00 \u2013 5:30<\/p>\n<p>Sports drink from <a href=\"https:\/\/umarasports.com\/\">Umara<\/a><\/p>\n<p>Fruit from <a href=\"https:\/\/dolenordic.com\/\">Dole<\/a><\/p>\n<p>Pepsi, Battery energy drink, chips, and pickles<\/p>\n<p>14 hydration and energy stations<\/p>\n<p>DJs and live bands<\/p>\n<p>Live tracking and live streaming on the web<\/p>\n<p>Medical support<\/p>\n<p>Transport in case of injury[\/vc_column_text][\/vc_column][vc_column width=&#8221;1\/3&#8243;][vc_column_text]<\/p>\n<h5>Post-race services<\/h5>\n<p>Genuine gold-plated medal<\/p>\n<p>PB cap<\/p>\n<p>Free massage<\/p>\n<p>Sauna &amp; showers at the cold bathhouse <a href=\"https:\/\/helsingborg.se\/uppleva-och-gora\/kallbadhus\/kallis-helsingborgs-kallbadhus\/\" target=\"_blank\" rel=\"noopener\">Kallis Helsingborg<\/a><\/p>\n<p>Raml\u00f6sa, non-alcoholic beer from <a href=\"https:\/\/www.helsingborgsbryggeri.se\/\">Helsingborgs Bryggeri<\/a>, fruit from <a href=\"https:\/\/dolenordic.com\/\" target=\"_blank\" rel=\"noopener\">Dole<\/a>, KitKat, LION, candy, chips, and much more<\/p>\n<p>Thousands of indexed <a href=\"https:\/\/helsingborgmarathon.se\/en\/media\/\">photos<\/a> from the race<\/p>\n<p>Personal digital diploma<\/p>\n<p>Personal finish line video[\/vc_column_text][\/vc_column][\/vc_row][vc_row css=&#8221;.vc_custom_1552649770439{padding-bottom: 50px !important;}&#8221;][vc_column][vc_custom_heading text=&#8221;The Helsingborg Marathon course&#8221; use_theme_fonts=&#8221;yes&#8221;][vc_column_text]On the map below you can see the course route along with the locations for the start, finish, split times, and aid stations (including what is offered there). In addition, you\u2019ll find caf\u00e9s, toilets, points of interest, parking areas, and finally all the hotspots created by engaged partners, clubs, and individuals along the course.[\/vc_column_text][vc_column_text]<div class=\"almbay-map layer-map\" id=\"almbay-map\" data-lang=\"en\" data-url=\"https:\/\/helsingborgmarathon.se\/wp-content\/plugins\/almbay-map\/\" data-type=\"marathon\">\n    <div class=\"layer-map__map\" id=\"layer-map\">\n        <!-- Dynamic map here -->\n    <\/div>\n    \n    <div class=\"layer-map__toggles\">\n        <button class=\"layer-map__toggle\" data-type=\"start_end\" data-toggled=\"true\">\n            <img decoding=\"async\" src=\"https:\/\/helsingborgmarathon.se\/wp-content\/plugins\/almbay-map\/include\/img\/toggles\/start_end.png\" alt=\"Toggle\" \/> Start \/ Finish        <\/button>\n    \n            \n        <button class=\"layer-map__toggle\" data-type=\"video\" data-toggled=\"false\">\n            <img decoding=\"async\" src=\"https:\/\/helsingborgmarathon.se\/wp-content\/plugins\/almbay-map\/include\/img\/toggles\/video.png\" alt=\"Toggle\" \/> Video        <\/button>\n    \n        <button class=\"layer-map__toggle\" data-type=\"cafe\" data-toggled=\"false\">\n            <img decoding=\"async\" src=\"https:\/\/helsingborgmarathon.se\/wp-content\/plugins\/almbay-map\/include\/img\/toggles\/cafe.png\" alt=\"Toggle\" \/> Caf\u00e9        <\/button>\n    \n        <button class=\"layer-map__toggle\" data-type=\"water\" data-toggled=\"false\">\n            <img decoding=\"async\" src=\"https:\/\/helsingborgmarathon.se\/wp-content\/plugins\/almbay-map\/include\/img\/toggles\/water.png\" alt=\"Toggle\" \/> Water        <\/button>\n    \n        <button class=\"layer-map__toggle\" data-type=\"split\" data-toggled=\"false\">\n            <img decoding=\"async\" src=\"https:\/\/helsingborgmarathon.se\/wp-content\/plugins\/almbay-map\/include\/img\/toggles\/split.png\" alt=\"Toggle\" \/> Split        <\/button>\n    \n        <button class=\"layer-map__toggle\" data-type=\"toilet\" data-toggled=\"false\">\n            <img decoding=\"async\" src=\"https:\/\/helsingborgmarathon.se\/wp-content\/plugins\/almbay-map\/include\/img\/toggles\/toilet.png\" alt=\"Toggle\" \/> WC        <\/button>\n    \n        <button class=\"layer-map__toggle\" data-type=\"attraction\" data-toggled=\"false\">\n            <img decoding=\"async\" src=\"https:\/\/helsingborgmarathon.se\/wp-content\/plugins\/almbay-map\/include\/img\/toggles\/sevardheter.png\" alt=\"Toggle\" \/> Attractions        <\/button>\n    \n        <button class=\"layer-map__toggle\" data-type=\"districtparty\" data-toggled=\"false\">\n            <img decoding=\"async\" src=\"https:\/\/helsingborgmarathon.se\/wp-content\/plugins\/almbay-map\/include\/img\/toggles\/stadsdel.png\" alt=\"Toggle\" \/> Hotspots        <\/button>\n\t\n\t    <button class=\"layer-map__toggle\" data-type=\"parking\" data-toggled=\"false\">\n\t\t    <img decoding=\"async\" src=\"https:\/\/helsingborgmarathon.se\/wp-content\/plugins\/almbay-map\/include\/img\/toggles\/parking.png\" alt=\"Toggle\" \/> Parking\t    <\/button>\n    <\/div>\n<\/div>[\/vc_column_text][\/vc_column][\/vc_row][vc_row css=&#8221;.vc_custom_1552649770439{padding-bottom: 50px !important;}&#8221;][vc_column][vc_custom_heading text=&#8221;Course information Helsingborg Marathon&#8221; use_theme_fonts=&#8221;yes&#8221;][vc_column_text]The course of Helsingborg Marathon was created with the idea of showcasing as much as possible of beautiful Helsingborg. The city has a fairly small center, but offers fantastic views and landmarks all around.<\/p>\n<p>The race begins in the heart of Helsingborg at Sundstorget, right outside Dunkers Kulturhus. From there, the course takes you on a flat seven-kilometer stretch to R\u00e5\u00e5 Marina and then up towards \u00c4ttekulla Nature Reserve via Raus S\u00f6dra. Shortly after, two unique natural experiences await: the historic Raml\u00f6sa Well Park and the green valley of Jordbodalen.<\/p>\n<p>The course continues through the open-air Fredriksdal museums and gardens \u2014 a working farm right in the city \u2014 before delivering sharp contrasts as you pass the early-20th-century Olympia district.<\/p>\n<p>In the second half, you\u2019ll experience everything from the medieval tower K\u00e4rnan to the P\u00e5lsj\u00f6 Forest nature reserve, Maria Park, and Lar\u00f6d, before descending the long Tinkarpsbacken hill and heading into the final stretch. The last 3,300 meters of Helsingborg Marathon feature permanent markings every 100 meters \u2014 33 countdown lines leading you toward the finish at Gr\u00f6ningen. The seaside finish is framed by fluttering flags above your head during the last 200 meters, and after crossing the line you celebrate your achievement on the wooden deck overlooking the \u00d6resund.<\/p>\n<p>The course is truly unique, with diverse landscapes and highlights all contained within one 42,195-meter loop. And most runners say the same thing after finishing \u2013 I have to do this again![\/vc_column_text][vc_separator color=&#8221;black&#8221; align=&#8221;align_left&#8221; border_width=&#8221;2&#8243; el_width=&#8221;10&#8243; css=&#8221;.vc_custom_1509374538687{padding-top: 15px !important;padding-bottom: 15px !important;}&#8221;][vc_column_text]<strong>Distance:<\/strong> 42,195 meters<\/p>\n<p><strong>Elevation:<\/strong> Total ascent 135 meters. 270 meters in total (up &amp; down)<\/p>\n<p><strong>Surface:<\/strong> approx. 89% asphalt, 10% hard-packed gravel, 1% other<\/p>\n<p><strong>Highlights:<\/strong> City center, R\u00e5\u00e5 Marina, Raml\u00f6sa Well Park, Jordbodalen, Fredriksdal, K\u00e4rnan, Maria Park, P\u00e5lsj\u00f6 Forest, Lar\u00f6d, Seaside Promenade<\/p>\n<p><strong>Districts:<\/strong> Centrum, S\u00f6der, Planteringen, Miatorp, H\u00f6gasten, R\u00e5\u00e5, \u00c4ttekulla, Raml\u00f6sa, Elineberg, N\u00e4rlunda, F\u00e4ltabacken, Wilson Park, Eneborg, Olympia, Slottsh\u00f6jden, T\u00e5gaborg S, T\u00e5gaborg N, Norr, Ringstorp, Mariastaden, Hittarp-Lar\u00f6d<\/p>\n<p>The course film, kilometer by kilometer, will be available here soon.<\/p>\n<p><a href=\"https:\/\/helsingborgmarathon.se\/runner_media\/gpx\/helsingborgmarathon.gpx\"><strong>Download the GPX file of the course here.<\/strong><\/a>[\/vc_column_text][\/vc_column][\/vc_row][vc_row css=&#8221;.vc_custom_1509387944389{padding-bottom: 100px !important;}&#8221;][vc_column][vc_custom_heading text=&#8221;Elevation profile for the Helsingborg Marathon course&#8221; use_theme_fonts=&#8221;yes&#8221;][vc_single_image image=&#8221;21796&#8243; img_size=&#8221;full&#8221; onclick=&#8221;img_link_large&#8221; img_link_target=&#8221;_blank&#8221;][\/vc_column][\/vc_row][vc_row css=&#8221;.vc_custom_1509376937466{padding-bottom: 100px !important;}&#8221;][vc_column width=&#8221;1\/2&#8243;][vc_single_image image=&#8221;16772&#8243; img_size=&#8221;full&#8221; alignment=&#8221;center&#8221; onclick=&#8221;custom_link&#8221; link=&#8221;https:\/\/helsingborgmarathon.se\/en\/results\/&#8221; css=&#8221;.vc_custom_1663662257303{padding-bottom: 50px !important;}&#8221;][vc_column_text]<\/p>\n<h1 style=\"text-align: center;\"><a href=\"http:\/\/helsingborgmarathon.se\/en\/results\/\">Results<\/a><\/h1>\n<p>[\/vc_column_text][\/vc_column][vc_column width=&#8221;1\/2&#8243;][vc_single_image image=&#8221;1751&#8243; img_size=&#8221;full&#8221; alignment=&#8221;center&#8221; onclick=&#8221;custom_link&#8221; css=&#8221;.vc_custom_1534332772112{padding-bottom: 50px !important;}&#8221; link=&#8221;https:\/\/helsingborgmarathon.se\/en\/media\/&#8221;][vc_column_text]<\/p>\n<h1 style=\"text-align: center;\"><a href=\"https:\/\/helsingborgmarathon.se\/en\/media\/?tab=albums\" target=\"_blank\" rel=\"noopener\">Photos<\/a><\/h1>\n<p>[\/vc_column_text][\/vc_column][\/vc_row][vc_row full_width=&#8221;stretch_row_content_no_spaces&#8221; css=&#8221;.vc_custom_1509407137632{padding-bottom: 60px !important;background-color: #35b6b4 !important;}&#8221; el_class=&#8221;qbotcontainer&#8221;][vc_column width=&#8221;1\/3&#8243;][\/vc_column][vc_column width=&#8221;1\/3&#8243; el_class=&#8221;qs-bot-center&#8221;][vc_column_text]<\/p>\n<h3 style=\"text-align: center;\">General questions<\/h3>\n<p>[\/vc_column_text][vc_separator color=&#8221;white&#8221; border_width=&#8221;2&#8243; el_width=&#8221;10&#8243;][vc_column_text]<\/p>\n<p style=\"text-align: center;\">When\u2019s the race?<\/p>\n<p style=\"text-align: center;\">How\u2019s the course?<\/p>\n<p style=\"text-align: center;\">Are there pacers?<\/p>\n<p style=\"text-align: center;\">What\u2019s included in the registration?<\/p>\n<p>[\/vc_column_text]<a itemprop=\"url\" href=\"\/faq\" target=\"_self\" style=\"color: #35b6b4;background-color: #ffffff;border-color: #ffffff;margin: 40px 0px 0px 0px\" class=\"mkdf-btn mkdf-btn-medium mkdf-btn-solid mkdf-btn-custom-hover-bg mkdf-btn-custom-border-hover mkdf-btn-custom-hover-color\" data-hover-color=\"#ffffff\" data-hover-bg-color=\"#0a0a0a\" data-hover-border-color=\"#0a0202\" >\n    \t<span class=\"mkdf-btn-text\">G\u00e5 till alla fr\u00e5gor &amp; svar<\/span>\n\t        \t<\/a>[\/vc_column][vc_column width=&#8221;1\/3&#8243;][\/vc_column][\/vc_row]<\/p>\n<\/div>","protected":false},"excerpt":{"rendered":"<p>[vc_row css=&#8221;.vc_custom_1696601880029{padding-bottom: 60px !important;}&#8221;][vc_column][\/vc_column][\/vc_row][vc_row css=&#8221;.vc_custom_1556733613775{padding-bottom: 50px !important;}&#8221; anchor=&#8221;readMore&#8221;][vc_column width=&#8221;3\/4&#8243;][vc_column_text el_class=&#8221;hbgmbread&#8221;] Helsingborg Marathon 42 195 meter [\/vc_column_text][vc_column_text] Run Helsingborg Marathon \u2013 experience the city by the sea [\/vc_column_text][vc_separator color=&#8221;black&#8221; align=&#8221;align_left&#8221; border_width=&#8221;2&#8243; el_width=&#8221;10&#8243; css=&#8221;.vc_custom_1509374538687{padding-top: 15px !important;padding-bottom: 15px !important;}&#8221;][vc_column_text]Helsingborg Marathon is the race [&hellip;]<\/p>\n","protected":false},"author":1,"featured_media":0,"parent":0,"menu_order":0,"comment_status":"closed","ping_status":"closed","template":"","meta":{"footnotes":""},"class_list":["post-1496","page","type-page","status-publish","hentry"],"_links":{"self":[{"href":"https:\/\/helsingborgmarathon.se\/en\/wp-json\/wp\/v2\/pages\/1496","targetHints":{"allow":["GET"]}}],"collection":[{"href":"https:\/\/helsingborgmarathon.se\/en\/wp-json\/wp\/v2\/pages"}],"about":[{"href":"https:\/\/helsingborgmarathon.se\/en\/wp-json\/wp\/v2\/types\/page"}],"author":[{"embeddable":true,"href":"https:\/\/helsingborgmarathon.se\/en\/wp-json\/wp\/v2\/users\/1"}],"replies":[{"embeddable":true,"href":"https:\/\/helsingborgmarathon.se\/en\/wp-json\/wp\/v2\/comments?post=1496"}],"version-history":[{"count":169,"href":"https:\/\/helsingborgmarathon.se\/en\/wp-json\/wp\/v2\/pages\/1496\/revisions"}],"predecessor-version":[{"id":23224,"href":"https:\/\/helsingborgmarathon.se\/en\/wp-json\/wp\/v2\/pages\/1496\/revisions\/23224"}],"wp:attachment":[{"href":"https:\/\/helsingborgmarathon.se\/en\/wp-json\/wp\/v2\/media?parent=1496"}],"curies":[{"name":"wp","href":"https:\/\/api.w.org\/{rel}","templated":true}]}}