{"id":1502,"date":"2017-10-30T08:38:35","date_gmt":"2017-10-30T08:38:35","guid":{"rendered":"http:\/\/helsingborgmarathon.se\/stafett\/"},"modified":"2026-02-20T11:45:10","modified_gmt":"2026-02-20T11:45:10","slug":"relay","status":"publish","type":"page","link":"https:\/\/helsingborgmarathon.se\/en\/relay\/","title":{"rendered":"Relay"},"content":{"rendered":"<div class=\"wpb-content-wrapper\"><p>[vc_row css=&#8221;.vc_custom_1696602621681{padding-bottom: 60px !important;}&#8221;][vc_column]\n\t\t\t<!-- START Relay Eng REVOLUTION SLIDER 6.7.38 --><p class=\"rs-p-wp-fix\"><\/p>\n\t\t\t<rs-module-wrap id=\"rev_slider_27_1_wrapper\" data-source=\"gallery\" style=\"visibility:hidden;background:transparent;padding:0;\">\n\t\t\t\t<rs-module id=\"rev_slider_27_1\" style=\"\" data-version=\"6.7.38\">\n\t\t\t\t\t<rs-slides style=\"overflow: hidden; position: absolute;\">\n\t\t\t\t\t\t<rs-slide style=\"position: absolute;\" data-key=\"rs-48\" data-title=\"Slide\" data-anim=\"ms:10;\" data-in=\"o:1;\" data-out=\"a:false;\">\n\t\t\t\t\t\t\t<img decoding=\"async\" src=\"\/\/helsingborgmarathon.se\/wp-content\/plugins\/revslider\/sr6\/assets\/assets\/dummy.png\" alt=\"\" title=\"slider-relay-26-5\" width=\"1920\" height=\"1411\" class=\"rev-slidebg tp-rs-img rs-lazyload\" data-lazyload=\"\/\/helsingborgmarathon.se\/wp-content\/uploads\/2025\/09\/slider-relay-26-5.jpg\" data-parallax=\"off\" data-no-retina>\n<!--\n\t\t\t\t\t\t\t--><rs-layer\n\t\t\t\t\t\t\t\tid=\"slider-27-slide-48-layer-7\" \n\t\t\t\t\t\t\t\tdata-type=\"image\"\n\t\t\t\t\t\t\t\tdata-rsp_ch=\"on\"\n\t\t\t\t\t\t\t\tdata-xy=\"x:c;yo:150px,45px,65px,120px;\"\n\t\t\t\t\t\t\t\tdata-text=\"w:normal;s:20,12,9,4;l:0,15,11,6;\"\n\t\t\t\t\t\t\t\tdata-dim=\"w:300px,200px,200px,150px;h:233px,156px,156px,117px;\"\n\t\t\t\t\t\t\t\tdata-frame_999=\"o:0;st:w;\"\n\t\t\t\t\t\t\t\tstyle=\"z-index:10;\"\n\t\t\t\t\t\t\t><img decoding=\"async\" src=\"\/\/helsingborgmarathon.se\/wp-content\/plugins\/revslider\/sr6\/assets\/assets\/dummy.png\" alt=\"\" class=\"tp-rs-img rs-lazyload\" width=\"500\" height=\"389\" data-lazyload=\"\/\/helsingborgmarathon.se\/wp-content\/uploads\/2025\/09\/logo-relay-26.png\" data-no-retina> \n\t\t\t\t\t\t\t<\/rs-layer><!--\n\n\t\t\t\t\t\t\t--><rs-layer\n\t\t\t\t\t\t\t\tid=\"slider-27-slide-48-layer-12\" \n\t\t\t\t\t\t\t\tdata-type=\"image\"\n\t\t\t\t\t\t\t\tdata-rsp_ch=\"on\"\n\t\t\t\t\t\t\t\tdata-xy=\"x:c;y:b;yo:50px;\"\n\t\t\t\t\t\t\t\tdata-text=\"l:22;a:inherit;\"\n\t\t\t\t\t\t\t\tdata-dim=\"w:[&#039;13px&#039;,&#039;13px&#039;,&#039;13px&#039;,&#039;13px&#039;];h:[&#039;33px&#039;,&#039;33px&#039;,&#039;33px&#039;,&#039;33px&#039;];\"\n\t\t\t\t\t\t\t\tdata-frame_1=\"sR:10;\"\n\t\t\t\t\t\t\t\tdata-frame_999=\"o:0;st:w;sR:2690;\"\n\t\t\t\t\t\t\t\tstyle=\"z-index:5;\"\n\t\t\t\t\t\t\t><img decoding=\"async\" src=\"\/\/helsingborgmarathon.se\/wp-content\/plugins\/revslider\/sr6\/assets\/assets\/dummy.png\" alt=\"\" class=\"tp-rs-img rs-lazyload\" width=\"33\" height=\"83\" data-lazyload=\"\/\/helsingborgmarathon.se\/wp-content\/uploads\/2017\/10\/arrow-down.png\" data-no-retina> \n\t\t\t\t\t\t\t<\/rs-layer><!--\n\n\t\t\t\t\t\t\t--><rs-layer\n\t\t\t\t\t\t\t\tid=\"slider-27-slide-48-layer-14\" \n\t\t\t\t\t\t\t\tclass=\"revslideMeter\"\n\t\t\t\t\t\t\t\tdata-type=\"text\"\n\t\t\t\t\t\t\t\tdata-rsp_ch=\"on\"\n\t\t\t\t\t\t\t\tdata-xy=\"x:c;y:b;yo:324px,136px,198px,129px;\"\n\t\t\t\t\t\t\t\tdata-text=\"w:nowrap,nowrap,normal,normal;s:50,40,40,40;l:50,50,40,40;ls:2px;a:center,inherit,center,center;\"\n\t\t\t\t\t\t\t\tdata-dim=\"w:auto,auto,590px,290px;\"\n\t\t\t\t\t\t\t\tdata-frame_1=\"sR:10;\"\n\t\t\t\t\t\t\t\tdata-frame_999=\"o:0;st:w;sR:2690;\"\n\t\t\t\t\t\t\t\tstyle=\"z-index:6;font-family:'Josefin Sans';text-transform:uppercase;\"\n\t\t\t\t\t\t\t>21.1\/ 42.2 KILOMETERS \n\t\t\t\t\t\t\t<\/rs-layer><!--\n\n\t\t\t\t\t\t\t--><rs-layer\n\t\t\t\t\t\t\t\tid=\"slider-27-slide-48-layer-17\" \n\t\t\t\t\t\t\t\tclass=\"revslideReadMore\"\n\t\t\t\t\t\t\t\tdata-type=\"text\"\n\t\t\t\t\t\t\t\tdata-rsp_ch=\"on\"\n\t\t\t\t\t\t\t\tdata-xy=\"x:c;y:b;yo:90px;\"\n\t\t\t\t\t\t\t\tdata-text=\"s:14;l:22;ls:1px;a:inherit;\"\n\t\t\t\t\t\t\t\tdata-frame_1=\"sR:10;\"\n\t\t\t\t\t\t\t\tdata-frame_999=\"o:0;st:w;sR:2690;\"\n\t\t\t\t\t\t\t\tstyle=\"z-index:8;font-family:'Josefin Sans';text-transform:uppercase;\"\n\t\t\t\t\t\t\t>Read more \n\t\t\t\t\t\t\t<\/rs-layer><!--\n-->\t\t\t\t\t<\/rs-slide>\n\t\t\t\t\t<\/rs-slides>\n\t\t\t\t<\/rs-module>\n\t\t\t\t<script>\n\t\t\t\t\tsetREVStartSize({c: 'rev_slider_27_1',rl:[1240,1024,778,480],el:[865,453,550,545],gw:[1300,800,600,300],gh:[865,453,550,545],type:'hero',justify:'',layout:'fullscreen',offsetContainer:'.touch .mkdf-mobile-header',offset:'',mh:\"0\"});if (window.RS_MODULES!==undefined && window.RS_MODULES.modules!==undefined && window.RS_MODULES.modules[\"revslider271\"]!==undefined) {window.RS_MODULES.modules[\"revslider271\"].once = false;window.revapi27 = undefined;if (window.RS_MODULES.checkMinimal!==undefined) window.RS_MODULES.checkMinimal()}\n\t\t\t\t<\/script>\n\t\t\t<\/rs-module-wrap>\n\t\t\t<!-- END REVOLUTION SLIDER -->\n[\/vc_column][\/vc_row][vc_row css=&#8221;.vc_custom_1509388328030{padding-bottom: 50px !important;}&#8221;][vc_column width=&#8221;3\/4&#8243;][vc_column_text el_class=&#8221;hbgmbread&#8221;]<\/p>\n<h5><strong>Lydinge Resort Relay 21.1 K \/ 42.2 K in teams of 2-4 runners<\/strong><\/h5>\n<p>[\/vc_column_text][vc_column_text]<\/p>\n<h1>We run with heart and work as a team<\/h1>\n<p>[\/vc_column_text][vc_separator color=&#8221;black&#8221; align=&#8221;align_left&#8221; border_width=&#8221;2&#8243; el_width=&#8221;10&#8243; css=&#8221;.vc_custom_1509374538687{padding-top: 15px !important;padding-bottom: 15px !important;}&#8221;][vc_column_text]Lydinge Resort Relay is a team competition in two different distances and with four different categories &#8211; men, women, mixed and corporate.<\/p>\n<p>Lydinge Resort Relay 21.1 K will take you and your team through the hole HOKA Helsingborg Half Marathon course. The race start at Sundstorget and your will experience City, K\u00e4rnan, T\u00e5gaborg, P\u00e5lsj\u00f6 skog, Lar\u00f6d and Swedens most beautiful finish a long Strandpromenaden. With four stages between 3.6 &#8211; 6 kilometers long you and your team can run in groups by 2, 3 or 4 persons.<\/p>\n<p>Lydinge Resort Relay 42.2 K will take your team through 21 city districts in the city by the ocean. The race starts in the heart of Helsingborg and leads you 42 195 meters along the ocean, through nature reserves, past arenas and has a finish on the boardwalk. With four stages between 9-12 kilometers long you and your team can run in groups by 2, 3 or 4 persons and divide the course between each other.<\/p>\n<p>With distinct exchange stations along the course we will help you every step of the way and guide you as you hand over to your team-mate. Let&#8217;s build that team spirit!<\/p>\n<p>Psst. Would you like to register a group? Download our registration form <a href=\"https:\/\/helsingborgmarathon.se\/wp-content\/uploads\/2026\/02\/group_registration_hbgm_26_2.xlsx\" target=\"_blank\" rel=\"noopener\">here<\/a>.[\/vc_column_text][\/vc_column][vc_column width=&#8221;1\/4&#8243;][\/vc_column][\/vc_row][vc_row css=&#8221;.vc_custom_1509376953936{padding-bottom: 50px !important;}&#8221;][vc_column width=&#8221;1\/4&#8243;][vc_column_text]<\/p>\n<h5>Entry fee<\/h5>\n<p>1600 SEK[\/vc_column_text][\/vc_column][vc_column width=&#8221;1\/4&#8243;][vc_column_text]<\/p>\n<h5>Date<\/h5>\n<p>5 September 2026<br \/>\n21.1 K at 09:40 am<br \/>\n42.2 K at 10:30 am[\/vc_column_text][\/vc_column][vc_column width=&#8221;1\/4&#8243;][vc_column_text]<\/p>\n<h5>Registration<\/h5>\n<p class=\"p1\">Regular registration until 23 August 2026.[\/vc_column_text][\/vc_column][vc_column width=&#8221;1\/4&#8243; css=&#8221;.vc_custom_1509462869103{padding-top: 30px !important;}&#8221;]<a itemprop=\"url\" href=\"https:\/\/helsingborgmarathon.se\/registration\/relay\/?lang=eng\" target=\"_self\"  class=\"mkdf-btn mkdf-btn-medium mkdf-btn-solid pageanmalbutton\"  >\n    \t<span class=\"mkdf-btn-text\">Register here!<\/span>\n\t        \t<\/a>[\/vc_column][\/vc_row][vc_row css=&#8221;.vc_custom_1576748472649{padding-bottom: 50px !important;}&#8221;][vc_column][vc_single_image image=&#8221;23180&#8243; img_size=&#8221;full&#8221;][vc_custom_heading text=&#8221;Give a child a day to find the strength for many!&#8221; use_theme_fonts=&#8221;yes&#8221;][vc_column_text]Together with you, our runners and ambassadors, we want to use the power of running for something greater than just kilometres and finish times. When you register for Helsingborg Marathon you have the opportunity to donate a voluntary amount to <a href=\"https:\/\/minstoradag.org\/english\/\">My Special Day<\/a>.<\/p>\n<p>You can also make a donation directly via our website. Every contribution, big or small, helps create magical moments for children who need them the most.<\/p>\n<p>Together, we give more children a day to find the strength for many. <a href=\"https:\/\/helsingborgmarathon.se\/en\/my-special-day\/\">Read more about the fundraiser here!<\/a>[\/vc_column_text][\/vc_column][\/vc_row][vc_row css=&#8221;.vc_custom_1585218286904{padding-bottom: 0px !important;}&#8221;][vc_column][vc_single_image image=&#8221;15517&#8243; img_size=&#8221;full&#8221;][vc_custom_heading text=&#8221;Lydinge Resort Relay \u2013 the relay with extra everything&#8221; use_theme_fonts=&#8221;yes&#8221;][vc_separator color=&#8221;black&#8221; align=&#8221;align_left&#8221; border_width=&#8221;2&#8243; el_width=&#8221;10&#8243; css=&#8221;.vc_custom_1509374538687{padding-top: 15px !important;padding-bottom: 15px !important;}&#8221;][\/vc_column][\/vc_row][vc_row css=&#8221;.vc_custom_1509376953936{padding-bottom: 50px !important;}&#8221;][vc_column width=&#8221;1\/3&#8243;][vc_column_text]<\/p>\n<h5>Service before the race<\/h5>\n<p>Test run of the <a href=\"https:\/\/helsingborgmarathon.se\/en\/provlopning\/\" target=\"_blank\" rel=\"noopener\">course<\/a><br \/>\nFree <a href=\"https:\/\/helsingborgmarathon.se\/en\/train-against-hbgm\/\">training program<\/a> for the race<br \/>\nTraining and nutrition tips from <a href=\"https:\/\/umarasports.com\">Umara<\/a><br \/>\nOffer from <a href=\"http:\/\/www.loplabbet.se\" target=\"_blank\" rel=\"noopener\">L\u00f6plabbet<\/a>[\/vc_column_text][\/vc_column][vc_column width=&#8221;1\/3&#8243;][vc_column_text]<\/p>\n<h5>Service during the race<\/h5>\n<p>Sportdrink from <a href=\"https:\/\/umarasports.com\/\">Umara<\/a><br \/>\nFruit from <a href=\"https:\/\/dolenordic.com\/\">Dole<\/a><br \/>\nPepsi, Battery energy drink, chips and pickles<br \/>\n14 water and energystations<br \/>\nDJs and live music<br \/>\nLivetracking and livestream on the web<br \/>\nHealthcare<br \/>\nTransport in case of broken race[\/vc_column_text][\/vc_column][vc_column width=&#8221;1\/3&#8243;][vc_column_text]<\/p>\n<h5>Service after the race<\/h5>\n<p>Real gold-plated medal<br \/>\nPB-Cap<br \/>\nFree massage<br \/>\nSauna &amp; shower at <a href=\"https:\/\/helsingborg.se\/uppleva-och-gora\/kallbadhus\/kallis-helsingborgs-kallbadhus\/\" target=\"_blank\" rel=\"noopener\">Kallis Helsingborg<\/a><br \/>\nRaml\u00f6sa mineral water, Raml\u00f6sa funktion water, non-alcoholic beer <a href=\"https:\/\/www.helsingborgsbryggeri.se\/\">Helsingborgs Bryggeri<\/a>, fruits <a href=\"https:\/\/dolenordic.com\/\">Dole<\/a>, chocolate <a href=\"https:\/\/chocolatte.se\/\">Chocolatte<\/a>, Kitkat, candy, chips\u00a0och much more.<br \/>\nThousands images from the race<br \/>\nDigital team diploma<br \/>\nFinish film[\/vc_column_text][\/vc_column][\/vc_row][vc_row css=&#8221;.vc_custom_1576748472649{padding-bottom: 50px !important;}&#8221;][vc_column][vc_custom_heading text=&#8221;The Lydinge Resort Relay course&#8221; use_theme_fonts=&#8221;yes&#8221;][vc_column_text]On the map below you can see the marathon course and where to find start, finish, split times and fluid stations. You can also find caf\u00e9s, toilets, attractions, parking and last but not least the City district party, where associations and individuals organises fun activities along the course.[\/vc_column_text][vc_column_text]<div class=\"almbay-map layer-map\" id=\"almbay-map\" data-lang=\"en\" data-url=\"https:\/\/helsingborgmarathon.se\/wp-content\/plugins\/almbay-map\/\" data-type=\"relay\">\n    <div class=\"layer-map__map\" id=\"layer-map\">\n        <!-- Dynamic map here -->\n    <\/div>\n    \n    <div class=\"layer-map__toggles\">\n        <button class=\"layer-map__toggle\" data-type=\"start_end\" data-toggled=\"true\">\n            <img decoding=\"async\" src=\"https:\/\/helsingborgmarathon.se\/wp-content\/plugins\/almbay-map\/include\/img\/toggles\/start_end.png\" alt=\"Toggle\" \/> Start \/ Finish        <\/button>\n    \n                    <button class=\"layer-map__toggle\" data-type=\"relay\" data-toggled=\"true\">\n                <img decoding=\"async\" src=\"https:\/\/helsingborgmarathon.se\/wp-content\/plugins\/almbay-map\/include\/img\/toggles\/relay.png\" alt=\"Toggle\" \/> Relay            <\/button>\n            \n        <button class=\"layer-map__toggle\" data-type=\"video\" data-toggled=\"false\">\n            <img decoding=\"async\" src=\"https:\/\/helsingborgmarathon.se\/wp-content\/plugins\/almbay-map\/include\/img\/toggles\/video.png\" alt=\"Toggle\" \/> Video        <\/button>\n    \n        <button class=\"layer-map__toggle\" data-type=\"cafe\" data-toggled=\"false\">\n            <img decoding=\"async\" src=\"https:\/\/helsingborgmarathon.se\/wp-content\/plugins\/almbay-map\/include\/img\/toggles\/cafe.png\" alt=\"Toggle\" \/> Caf\u00e9        <\/button>\n    \n        <button class=\"layer-map__toggle\" data-type=\"water\" data-toggled=\"false\">\n            <img decoding=\"async\" src=\"https:\/\/helsingborgmarathon.se\/wp-content\/plugins\/almbay-map\/include\/img\/toggles\/water.png\" alt=\"Toggle\" \/> Water        <\/button>\n    \n        <button class=\"layer-map__toggle\" data-type=\"split\" data-toggled=\"false\">\n            <img decoding=\"async\" src=\"https:\/\/helsingborgmarathon.se\/wp-content\/plugins\/almbay-map\/include\/img\/toggles\/split.png\" alt=\"Toggle\" \/> Split        <\/button>\n    \n        <button class=\"layer-map__toggle\" data-type=\"toilet\" data-toggled=\"false\">\n            <img decoding=\"async\" src=\"https:\/\/helsingborgmarathon.se\/wp-content\/plugins\/almbay-map\/include\/img\/toggles\/toilet.png\" alt=\"Toggle\" \/> WC        <\/button>\n    \n        <button class=\"layer-map__toggle\" data-type=\"attraction\" data-toggled=\"false\">\n            <img decoding=\"async\" src=\"https:\/\/helsingborgmarathon.se\/wp-content\/plugins\/almbay-map\/include\/img\/toggles\/sevardheter.png\" alt=\"Toggle\" \/> Attractions        <\/button>\n    \n        <button class=\"layer-map__toggle\" data-type=\"districtparty\" data-toggled=\"false\">\n            <img decoding=\"async\" src=\"https:\/\/helsingborgmarathon.se\/wp-content\/plugins\/almbay-map\/include\/img\/toggles\/stadsdel.png\" alt=\"Toggle\" \/> Hotspots        <\/button>\n\t\n\t    <button class=\"layer-map__toggle\" data-type=\"parking\" data-toggled=\"false\">\n\t\t    <img decoding=\"async\" src=\"https:\/\/helsingborgmarathon.se\/wp-content\/plugins\/almbay-map\/include\/img\/toggles\/parking.png\" alt=\"Toggle\" \/> Parking\t    <\/button>\n    <\/div>\n<\/div>[\/vc_column_text][\/vc_column][\/vc_row][vc_row css=&#8221;.vc_custom_1576748472649{padding-bottom: 50px !important;}&#8221;][vc_column][vc_custom_heading text=&#8221;Course information Lydinge Resort Relay&#8221; use_theme_fonts=&#8221;yes&#8221;][vc_column_text]The ambition of Helsingborg Marathon has always been that everyone should be able to participate. Lydinge Resort Relay allows teams of 2-4 people to share our beautiful and experience-rich half marathon and marathon routes with relay stations at \u00c4ttekulla, outside Fredriksdal, and at P\u00e5lsj\u00f6 skog for the marathon relay, and P\u00e5lsj\u00f6 kiosk, P\u00e5lsj\u00f6 skog, and Tinkarpsbacken for the half marathon relay. With four different and varied routes in both nature and length, there is something for everyone[\/vc_column_text][vc_separator color=&#8221;black&#8221; align=&#8221;align_left&#8221; border_width=&#8221;2&#8243; el_width=&#8221;10&#8243; css=&#8221;.vc_custom_1509374538687{padding-top: 15px !important;padding-bottom: 15px !important;}&#8221;][vc_column_text]<\/p>\n<h4>Lydinge Resort Relay 21 K<\/h4>\n<p><strong>Length:<\/strong> 21 097,5 meters<\/p>\n<p><strong>Leg 1:<\/strong> 4,8 k (Start at Dunkers Kulturhus 0 k and exchange at P\u00e5lsj\u00f6 kiosk 4,8 k)<br \/>\n<strong>Leg 2:<\/strong> 6,3 k (Start at P\u00e5lsj\u00f6 kiosk 4,8 k and exchange at P\u00e5lsj\u00f6 skog 11,1 k)<br \/>\n<strong>Leg 3:<\/strong> 5.7 k (Start at P\u00e5lsj\u00f6 skog 11,1 k and exchange at Tinkarpsbacken 16,8 k)<br \/>\n<strong>Leg 4:<\/strong> 4,3 k (Start at Tinkarpsbacken 16,8 k and finish at Gr\u00f6ningen 21,1 k)<\/p>\n<p><strong>Categories:<\/strong> Men, Women, Mixed, Corporate<\/p>\n<p><strong>Altitude difference:<\/strong> Total elevation gain of 95 meters. 190 meters in total (up and down).<\/p>\n<p><strong>Surface:<\/strong> Around 89% asphalt, 10% gravel, 1% other[\/vc_column_text][vc_column_text]<\/p>\n<h4>Lydinge Resort Relay 42 K<\/h4>\n<p><strong>Length:<\/strong> 42 195 meters<\/p>\n<p><strong>Leg 1:<\/strong> 11,3 k (Start at Dunkers Kulturhus 0 km and exchange at \u00c4ttekulla 11,3 k)<br \/>\n<strong>Leg 2:<\/strong> 10,3 k (Start at \u00c4ttekulla 11,3 k and exchange at Fredriksdal 21,6 k)<br \/>\n<strong>Leg 3:<\/strong> 9,5 k (Start at Fredriksdal 21,6 k and exchange at P\u00e5lsj\u00f6 skog 31,1 k)<br \/>\n<strong>Leg 4:<\/strong> 11,1 k (Start at P\u00e5lsj\u00f6 skog 31,1 k and finish at Gr\u00f6ningen 42,2 k)<\/p>\n<p><strong>Categories:<\/strong> Men, Women, Mixed, Corporate<\/p>\n<p><strong>Altitude difference:<\/strong> Total elevation gain of 135 m. 270 meters total (up &amp; down).<\/p>\n<p><strong>Surface:<\/strong> Around 89% asphalt, 10% gravel, 1% other[\/vc_column_text][\/vc_column][\/vc_row][vc_row css=&#8221;.vc_custom_1509387944389{padding-bottom: 100px !important;}&#8221;][vc_column][vc_custom_heading text=&#8221;Elevation profile for the Lydinge Resort Relay 21,1&#8243; use_theme_fonts=&#8221;yes&#8221;][vc_single_image image=&#8221;21807&#8243; img_size=&#8221;full&#8221;][vc_empty_space][vc_custom_heading text=&#8221;Elevation profile for the Lydinge Resort Relay 42,2&#8243; use_theme_fonts=&#8221;yes&#8221;][vc_single_image image=&#8221;21796&#8243; img_size=&#8221;full&#8221;][\/vc_column][\/vc_row][vc_row css=&#8221;.vc_custom_1509376937466{padding-bottom: 100px !important;}&#8221;][vc_column width=&#8221;1\/2&#8243;][vc_single_image image=&#8221;1310&#8243; img_size=&#8221;full&#8221; alignment=&#8221;center&#8221; onclick=&#8221;custom_link&#8221; link=&#8221;\/en\/results&#8221; css=&#8221;.vc_custom_1553167368349{padding-bottom: 50px !important;}&#8221;][vc_column_text]<\/p>\n<h1 style=\"text-align: center;\"><a href=\"http:\/\/helsingborgmarathon.se\/en\/results\/\">Results<\/a><\/h1>\n<p>[\/vc_column_text][\/vc_column][vc_column width=&#8221;1\/2&#8243;][vc_single_image image=&#8221;1751&#8243; img_size=&#8221;full&#8221; alignment=&#8221;center&#8221; onclick=&#8221;custom_link&#8221; link=&#8221;\/en\/media&#8221; css=&#8221;.vc_custom_1553167427006{padding-bottom: 50px !important;}&#8221;][vc_column_text]<\/p>\n<h1 style=\"text-align: center;\"><a href=\"https:\/\/helsingborgmarathon.se\/en\/media\/\" rel=\"noopener noreferrer\">Photos<\/a><\/h1>\n<p>[\/vc_column_text][\/vc_column][\/vc_row][vc_row full_width=&#8221;stretch_row_content_no_spaces&#8221; css=&#8221;.vc_custom_1509407137632{padding-bottom: 60px !important;background-color: #35b6b4 !important;}&#8221; el_class=&#8221;qbotcontainer&#8221;][vc_column width=&#8221;1\/3&#8243;][\/vc_column][vc_column width=&#8221;1\/3&#8243; el_class=&#8221;qs-bot-center&#8221;][vc_column_text]<\/p>\n<h3 style=\"text-align: center;\">General questions<\/h3>\n<p>[\/vc_column_text][vc_separator color=&#8221;white&#8221; border_width=&#8221;2&#8243; el_width=&#8221;10&#8243;][vc_column_text]<\/p>\n<p style=\"text-align: center;\">When&#8217;s the race?<\/p>\n<p style=\"text-align: center;\">How&#8217;s the course<\/p>\n<p style=\"text-align: center;\">Where are the relay exchange stations?<\/p>\n<p style=\"text-align: center;\">How do the relay exchanges work?<\/p>\n<p>[\/vc_column_text]<a itemprop=\"url\" href=\"https:\/\/helsingborgmarathon.se\/en\/faq\/\" target=\"_self\" style=\"color: #35b6b4;background-color: #ffffff;border-color: #ffffff;margin: 40px 0px 0px 0px\" class=\"mkdf-btn mkdf-btn-medium mkdf-btn-solid mkdf-btn-custom-hover-bg mkdf-btn-custom-border-hover mkdf-btn-custom-hover-color\" data-hover-color=\"#ffffff\" data-hover-bg-color=\"#0a0a0a\" data-hover-border-color=\"#0a0202\" >\n    \t<span class=\"mkdf-btn-text\">Read all questions &amp; answers<\/span>\n\t        \t<\/a>[\/vc_column][vc_column width=&#8221;1\/3&#8243;][\/vc_column][\/vc_row]<\/p>\n<\/div>","protected":false},"excerpt":{"rendered":"<p>[vc_row css=&#8221;.vc_custom_1696602621681{padding-bottom: 60px !important;}&#8221;][vc_column][\/vc_column][\/vc_row][vc_row css=&#8221;.vc_custom_1509388328030{padding-bottom: 50px !important;}&#8221;][vc_column width=&#8221;3\/4&#8243;][vc_column_text el_class=&#8221;hbgmbread&#8221;] Lydinge Resort Relay 21.1 K \/ 42.2 K in teams of 2-4 runners [\/vc_column_text][vc_column_text] We run with heart and work as a team [\/vc_column_text][vc_separator color=&#8221;black&#8221; align=&#8221;align_left&#8221; border_width=&#8221;2&#8243; el_width=&#8221;10&#8243; css=&#8221;.vc_custom_1509374538687{padding-top: 15px !important;padding-bottom: [&hellip;]<\/p>\n","protected":false},"author":1,"featured_media":0,"parent":0,"menu_order":0,"comment_status":"closed","ping_status":"closed","template":"","meta":{"footnotes":""},"class_list":["post-1502","page","type-page","status-publish","hentry"],"_links":{"self":[{"href":"https:\/\/helsingborgmarathon.se\/en\/wp-json\/wp\/v2\/pages\/1502","targetHints":{"allow":["GET"]}}],"collection":[{"href":"https:\/\/helsingborgmarathon.se\/en\/wp-json\/wp\/v2\/pages"}],"about":[{"href":"https:\/\/helsingborgmarathon.se\/en\/wp-json\/wp\/v2\/types\/page"}],"author":[{"embeddable":true,"href":"https:\/\/helsingborgmarathon.se\/en\/wp-json\/wp\/v2\/users\/1"}],"replies":[{"embeddable":true,"href":"https:\/\/helsingborgmarathon.se\/en\/wp-json\/wp\/v2\/comments?post=1502"}],"version-history":[{"count":125,"href":"https:\/\/helsingborgmarathon.se\/en\/wp-json\/wp\/v2\/pages\/1502\/revisions"}],"predecessor-version":[{"id":23228,"href":"https:\/\/helsingborgmarathon.se\/en\/wp-json\/wp\/v2\/pages\/1502\/revisions\/23228"}],"wp:attachment":[{"href":"https:\/\/helsingborgmarathon.se\/en\/wp-json\/wp\/v2\/media?parent=1502"}],"curies":[{"name":"wp","href":"https:\/\/api.w.org\/{rel}","templated":true}]}}