{"id":1321,"date":"2025-11-20T13:33:46","date_gmt":"2025-11-20T13:33:46","guid":{"rendered":"https:\/\/helsingborgmarathon.se\/sites\/hbgm.se?page_id=1321"},"modified":"2026-03-16T14:46:21","modified_gmt":"2026-03-16T14:46:21","slug":"media","status":"publish","type":"page","link":"https:\/\/helsingborgmarathon.se\/sites\/hbgm.se\/media\/","title":{"rendered":"Media"},"content":{"rendered":"<p><div class=\"fusion-fullwidth fullwidth-box fusion-builder-row-1 fusion-flex-container has-pattern-background has-mask-background nonhundred-percent-fullwidth non-hundred-percent-height-scrolling\" style=\"--awb-border-radius-top-left:0px;--awb-border-radius-top-right:0px;--awb-border-radius-bottom-right:0px;--awb-border-radius-bottom-left:0px;--awb-padding-top:0px;--awb-padding-right:0px;--awb-padding-bottom:0px;--awb-padding-left:0px;--awb-flex-wrap:wrap;\" ><div class=\"fusion-builder-row fusion-row fusion-flex-align-items-flex-start fusion-flex-content-wrap\" style=\"max-width:1248px;margin-left: calc(-4% \/ 2 );margin-right: calc(-4% \/ 2 );\"><div class=\"fusion-layout-column fusion_builder_column fusion-builder-column-0 fusion_builder_column_1_1 1_1 fusion-flex-column\" style=\"--awb-padding-top:0px;--awb-padding-right:0px;--awb-padding-bottom:0px;--awb-padding-left:0px;--awb-bg-size:cover;--awb-width-large:100%;--awb-margin-top-large:0px;--awb-spacing-right-large:1.92%;--awb-margin-bottom-large:0px;--awb-spacing-left-large:1.92%;--awb-width-medium:100%;--awb-order-medium:0;--awb-spacing-right-medium:1.92%;--awb-spacing-left-medium:1.92%;--awb-width-small:100%;--awb-order-small:0;--awb-spacing-right-small:1.92%;--awb-spacing-left-small:1.92%;\" data-scroll-devices=\"small-visibility,medium-visibility,large-visibility\"><div class=\"fusion-column-wrapper fusion-column-has-shadow fusion-flex-justify-content-flex-start fusion-content-layout-column\">\n\t\t\t\t<p class=\"rs-p-wp-fix\"><\/p>\n\t\t\t\t<sr7-module data-alias=\"media\" data-id=\"30\" id=\"SR7_30_1\" class=\"rs-ov-hidden\" data-version=\"6.7.54\">\n\t\t\t\t\t<sr7-adjuster><\/sr7-adjuster>\n\t\t\t\t\t<sr7-content>\n\t\t\t\t\t\t<sr7-slide id=\"SR7_30_1-87\" data-key=\"87\">\n\t\t\t\t\t\t\t<sr7-bg id=\"SR7_30_1-87-1\" class=\"sr7-layer\"><noscript><img decoding=\"async\" src=\"https:\/\/helsingborgmarathon.se\/sites\/hbgm.se\/wp-content\/uploads\/2025\/11\/header-media-26.jpg\" alt=\"\" title=\"header-media-26\"><\/noscript><\/sr7-bg>\n\t\t\t\t\t\t<\/sr7-slide>\n\t\t\t\t\t\t<sr7-slide id=\"SR7_30_1-88\" data-key=\"88\">\n\t\t\t\t\t\t<\/sr7-slide>\n\t\t\t\t\t\t<sr7-slide id=\"SR7_30_1-89\" data-key=\"89\">\n\t\t\t\t\t\t<\/sr7-slide>\n\t\t\t\t\t<\/sr7-content>\n\t\t\t\t\t<image_lists style=\"display:none\">\n\t\t\t\t\t\t<img data-src=\"\/\/helsingborgmarathon.se\/sites\/hbgm.se\/wp-content\/uploads\/2025\/11\/header-media-26.jpg\" data-libid=\"1320\" data-lib=\"medialibrary\" title=\"header-media-26\" width=\"0\" height=\"0\" data-dbsrc=\"Ly9oZWxzaW5nYm9yZ21hcmF0aG9uLnNlL3NpdGVzL2hiZ20uc2Uvd3AtY29udGVudC91cGxvYWRzLzIwMjUvMTEvaGVhZGVyLW1lZGlhLTI2LmpwZw==\"\/>\n\t\t\t\t\t<\/image_lists>\n\t\t\t\t<\/sr7-module>\n\t\t\t\t<script>\n\t\t\t\t\twindow.SR7 ??={};SR7.PMH ??={}; SR7.PMH[\"SR7_30_1\"] = {cn:100,state:false,fn: function() { if (window._tpt!==undefined && window._tpt.prepareModuleHeight !== undefined) {  _tpt.prepareModuleHeight({id:\"SR7_30_1\",el:[800,800,743,960,1000],type:'standard',shdw:'0',gh:[800,800,743,960,1000],gw:[1240,1240,1024,778,480],vpt:['-200px&#039;,&#039;-200px&#039;,&#039;-200px&#039;,&#039;-200px&#039;,&#039;-200px'],size:{fullWidth:true, fullHeight:false},mh:'0',onh:0,onw:0,bg:{color:'{\"orig\":\"transparent\",\"type\":\"solid\",\"string\":\"transparent\"}'}});   SR7.PMH[\"SR7_30_1\"].state=true;} else if(SR7.PMH[\"SR7_30_1\"].cn-->0)\tsetTimeout( SR7.PMH[\"SR7_30_1\"].fn,19);}};SR7.PMH[\"SR7_30_1\" ].fn();\n\t\t\t\t<\/script>\n<\/div><\/div><\/div><\/div><div class=\"fusion-fullwidth fullwidth-box fusion-builder-row-2 fusion-flex-container has-pattern-background has-mask-background nonhundred-percent-fullwidth non-hundred-percent-height-scrolling fusion-no-small-visibility\" style=\"--awb-border-radius-top-left:0px;--awb-border-radius-top-right:0px;--awb-border-radius-bottom-right:0px;--awb-border-radius-bottom-left:0px;--awb-flex-wrap:wrap;\" ><div class=\"fusion-builder-row fusion-row fusion-flex-align-items-center fusion-flex-content-wrap\" style=\"max-width:1248px;margin-left: calc(-4% \/ 2 );margin-right: calc(-4% \/ 2 );\"><div class=\"fusion-layout-column fusion_builder_column fusion-builder-column-1 fusion_builder_column_1_1 1_1 fusion-flex-column\" style=\"--awb-padding-top:20px;--awb-bg-size:cover;--awb-width-large:100%;--awb-margin-top-large:0px;--awb-spacing-right-large:1.92%;--awb-margin-bottom-large:20px;--awb-spacing-left-large:1.92%;--awb-width-medium:100%;--awb-order-medium:0;--awb-spacing-right-medium:1.92%;--awb-spacing-left-medium:1.92%;--awb-width-small:100%;--awb-order-small:0;--awb-spacing-right-small:1.92%;--awb-spacing-left-small:1.92%;\" data-scroll-devices=\"small-visibility,medium-visibility,large-visibility\"><div class=\"fusion-column-wrapper fusion-column-has-shadow fusion-flex-justify-content-flex-start fusion-content-layout-column\"><div class=\"fusion-title title fusion-title-1 fusion-sep-none fusion-title-center fusion-title-text fusion-title-size-one\" style=\"--awb-margin-top:20px;--awb-margin-top-small:10px;--awb-margin-right-small:0px;--awb-margin-bottom-small:10px;--awb-margin-left-small:0px;\"><h1 class=\"fusion-title-heading title-heading-center\" style=\"margin:0;\">VI \u00c4LSKAR MINNEN!<\/h1><\/div><div class=\"fusion-text fusion-text-1\"><p>Vi \u00e4lskar minnen och vi vet att det \u00e4r m\u00e5nga fler d\u00e4r ute som \u00e4r som oss. H\u00e4r samlar vi alla era minnen i bild och film fr\u00e5n Helsingborg Marathon sedan starten 2014. Njut av vad du \u00e5stadkommit, och dela med alla du k\u00e4nner.<\/p>\n<p>H\u00e4r nedan kan du s\u00f6ka p\u00e5 ditt startnummer och f\u00e5 upp alla bilder p\u00e5 dig. Kommer du inte ih\u00e5g ditt startnummer kan du hitta det <a href=\"https:\/\/helsingborgmarathon.se\/sites\/hbgm.se\/resultat\/\"><u>h\u00e4r<\/u><\/a>.<\/p>\n<\/div><div class=\"fusion-text fusion-text-2\"><div class=\"media-gallery\" id=\"almbay-media-gallery\" ng-controller=\"AlmbayMediaGalleryController\" data-lang=\"sv\">\n\t\n\t<!-- Loading -->\n\t<div class=\"media-gallery__loading\" ng-if=\"loading\">\n\t\t<span us-spinner=\"{radius:16, width:5, length: 12, color: '#35b5b4'}\"><\/span>\n\t<\/div>\n\t\n\t<!-- Inner content -->\n\t<div class=\"media-gallery__inner\" ng-if=\"loading == false\">\n\t\t\n\t\t<div class=\"media-gallery__controls\">\n\t\t\t<div class=\"media-gallery__control media-gallery__control--type\">\n\t\t\t\t<span class=\"media-gallery__label\">Media type<\/span>\n\t\t\t\t<ul class=\"media-gallery__list\">\n\t\t\t\t\t<li class=\"{{ (mediaType == 'images') ? 'active' : '' }}\" ng-click=\"setMediaType('images')\">Images<\/li>\n\t\t\t\t\t<li class=\"{{ (mediaType == 'videos') ? 'active' : '' }}\" ng-click=\"setMediaType('videos')\">Videos<\/li>\n\t\t\t\t<\/ul>\n\t\t\t<\/div>\n\t\t\t\n\t\t\t<div class=\"media-gallery__control media-gallery__control--year\">\n\t\t\t\t<span class=\"media-gallery__label\">Year<\/span>\n\t\t\t\t<ul class=\"media-gallery__list\">\n\t\t\t\t\t<li class=\"{{ (selectedYear == 2025) ? 'active' : '' }}\" ng-click=\"setSelectedYear(2025)\">2025<\/li>\n          <li class=\"{{ (selectedYear == 2024) ? 'active' : '' }}\" ng-click=\"setSelectedYear(2024)\">2024<\/li>\n\t\t\t\t\t<li class=\"{{ (selectedYear == 2023) ? 'active' : '' }}\" ng-click=\"setSelectedYear(2023)\">2023<\/li>\n\t\t\t\t\t<li class=\"{{ (selectedYear == 2022) ? 'active' : '' }}\" ng-click=\"setSelectedYear(2022)\">2022<\/li>\n\t\t\t\t\t<li class=\"{{ (selectedYear == 2021) ? 'active' : '' }}\" ng-click=\"setSelectedYear(2021)\">2021<\/li>\n\t\t\t\t\t<li class=\"{{ (selectedYear == 2019) ? 'active' : '' }}\" ng-click=\"setSelectedYear(2019)\">2019<\/li>\n\t\t\t\t\t<li class=\"{{ (selectedYear == 2018) ? 'active' : '' }}\" ng-click=\"setSelectedYear(2018)\">2018<\/li>\n\t\t\t\t\t<li class=\"{{ (selectedYear == 2017) ? 'active' : '' }}\" ng-click=\"setSelectedYear(2017)\">2017<\/li>\n\t\t\t\t\t<li class=\"{{ (selectedYear == 2016) ? 'active' : '' }}\" ng-click=\"setSelectedYear(2016)\">2016<\/li>\n\t\t\t\t\t<li class=\"{{ (selectedYear == 2015) ? 'active' : '' }}\" ng-click=\"setSelectedYear(2015)\">2015<\/li>\n\t\t\t\t<\/ul>\n\t\t\t<\/div>\n\t\t<\/div>\n\t\t\n\t\t<div class=\"media-gallery__panel\" ng-show=\"mediaType == 'images' && !currentAlbum && images.length > 0\">\n\t\t\t<div class=\"media-gallery__form\">\n\t\t\t\t<p>Which images are you on?<\/p>\n\t\t\t\t<input type=\"text\" class=\"media-gallery__field\" ng-model=\"search.runner_id\" ng-change=\"attachFancybox()\" placeholder=\"Search for your bib number!\" \/>\n\t\t\t<\/div>\n\t\t<\/div>\n\t\t\n\t\t<!-- Image listing -->\n\t\t<div class=\"media-gallery__grid\" ng-if=\"mediaType == 'images' && !currentAlbum && search.runner_id\">\n\t\t\t<div class=\"media-gallery__item media-gallery__item--search\" ng-repeat=\"image in filtered = (images | filter: search:true)\">\n\t\t\t\t<a class=\"galleryModal\" href=\"{{ image.image_url }}\" rel=\"gallery{{ image.runner_id }}\">\n\t\t\t\t\t<img decoding=\"async\" src=\"{{ image.thumb_url }}\" alt=\"\" \/>\n\t\t\t\t<\/a>\n\t\t\t<\/div>\n\t\t\t\n\t\t\t<div class=\"media-gallery__placeholder\" ng-show=\"filtered.length == 0\">\n\t\t\t\t<p>There are no images matching the bib number that you searched for.<\/p>\n\t\t\t<\/div>\n\t\t\n\t\t<\/div>\n\t\t\n\t\t<!-- Album listing -->\n\t\t<div class=\"media-gallery__grid\" ng-if=\"albums && !currentAlbum && mediaType == 'images' && !search.runner_id\">\n\t\t\t\n\t\t\t<!-- Single album -->\n\t\t\t<div class=\"media-gallery__item media-gallery__item--album album-{{ album.id }}\" ng-repeat=\"album in albums\" ng-click=\"viewAlbum(album)\">\n\t\t\t\t<img decoding=\"async\" src=\"{{ album.album_images[0].thumb_url }}\" alt=\"{{ album.name }}\" \/>\n\t\t\t\t<h4>{{ album.name }}<\/h4>\n\t\t\t\t<span>{{ album.album_count }} images<\/span>\n\t\t\t<\/div>\n\t\t\n\t\t<\/div>\n\t\t\n\t\t<!-- Album header -->\n\t\t<div class=\"media-gallery__header\" ng-if=\"currentAlbum && mediaType == 'images'\">\n\t\t\t<p>Album: {{ currentAlbum.name }}<\/p>\n\t\t\t<a class=\"close\" ng-click=\"closeAlbum()\">Close album<\/a>\n\t\t<\/div>\n\t\t\n\t\t<!-- Album images display -->\n\t\t<div class=\"single-album\" ng-if=\"currentAlbum && mediaType == 'images'\">\n\t\t\t<div class=\"media-gallery__grid\">\n\t\t\t\t\n\t\t\t\t<!-- Single thumbnail -->\n\t\t\t\t<div class=\"media-gallery__item media-gallery__item--image\" dir-paginate=\"image in currentAlbum.album_images | itemsPerPage: 21\">\n\t\t\t\t\t<a class=\"galleryModal\" href=\"{{ image.image_url }}\" rel=\"gallery{{ currentAlbum.id }}\">\n\t\t\t\t\t\t<img decoding=\"async\" src=\"{{ image.thumb_url }}\" alt=\"{{ image.name }}\" \/>\n\t\t\t\t\t<\/a>\n\t\t\t\t<\/div>\n\t\t\t\t\n\t\t\t\t<dir-pagination-controls on-page-change=\"attachFancybox()\" template-url=\"https:\/\/helsingborgmarathon.se\/wp-content\/plugins\/almbay-media-gallery\/include\/views\/pagination.html\"><\/dir-pagination-controls>\n\t\t\t\t\n\t\t\t<\/div>\n\t\t<\/div>\n\t\t\n\t\t<!-- Video listing -->\n\t\t<div class=\"media-gallery__grid\" ng-if=\"videos && mediaType == 'videos'\">\n\t\t\t\n\t\t\t<!-- Single thumbnail -->\n\t\t\t<div class=\"media-gallery__item media-gallery__item--video video-{{ video.id }}\" ng-repeat=\"video in videos\">\n\t\t\t\t<a class=\"videoModal\" href=\"{{ video.embed_url }}\" rel=\"gallery\">\n\t\t\t\t\t<img decoding=\"async\" src=\"{{ video.thumb_url }}\" alt=\"{{ video.name }}\" \/>\n\t\t\t\t<\/a>\n\t\t\t\t<h4>{{ video.video_name }}<\/h4>\n\t\t\t\t<span>YouTube<\/span>\n\t\t\t<\/div>\n\t\t\n\t\t<\/div>\n\t\n\t<\/div>\n\n<\/div>\n<\/div><\/div><\/div><\/div><\/div><div class=\"fusion-fullwidth fullwidth-box fusion-builder-row-3 fusion-flex-container has-pattern-background has-mask-background nonhundred-percent-fullwidth non-hundred-percent-height-scrolling fusion-no-medium-visibility fusion-no-large-visibility\" style=\"--awb-border-radius-top-left:0px;--awb-border-radius-top-right:0px;--awb-border-radius-bottom-right:0px;--awb-border-radius-bottom-left:0px;--awb-flex-wrap:wrap;\" ><div class=\"fusion-builder-row fusion-row fusion-flex-align-items-center fusion-flex-content-wrap\" style=\"max-width:1248px;margin-left: calc(-4% \/ 2 );margin-right: calc(-4% \/ 2 );\"><div class=\"fusion-layout-column fusion_builder_column fusion-builder-column-2 fusion_builder_column_1_1 1_1 fusion-flex-column\" style=\"--awb-padding-top:20px;--awb-bg-size:cover;--awb-width-large:100%;--awb-margin-top-large:0px;--awb-spacing-right-large:1.92%;--awb-margin-bottom-large:20px;--awb-spacing-left-large:1.92%;--awb-width-medium:100%;--awb-order-medium:0;--awb-spacing-right-medium:1.92%;--awb-spacing-left-medium:1.92%;--awb-width-small:100%;--awb-order-small:0;--awb-spacing-right-small:1.92%;--awb-spacing-left-small:1.92%;\" data-scroll-devices=\"small-visibility,medium-visibility,large-visibility\"><div class=\"fusion-column-wrapper fusion-column-has-shadow fusion-flex-justify-content-flex-start fusion-content-layout-column\"><div class=\"fusion-title title fusion-title-2 fusion-sep-none fusion-title-center fusion-title-text fusion-title-size-four\" style=\"--awb-margin-top:20px;--awb-margin-top-small:10px;--awb-margin-right-small:0px;--awb-margin-bottom-small:10px;--awb-margin-left-small:0px;\"><h4 class=\"fusion-title-heading title-heading-center\" style=\"margin:0;\">VI \u00c4LSKAR MINNEN!<\/h4><\/div><div class=\"fusion-text fusion-text-3\"><p>Vi \u00e4lskar minnen och vi vet att det \u00e4r m\u00e5nga fler d\u00e4r ute som \u00e4r som oss. H\u00e4r samlar vi alla era minnen i bild och film fr\u00e5n Helsingborg Marathon sedan starten 2014. Njut av vad du \u00e5stadkommit, och dela med alla du k\u00e4nner.<\/p>\n<p>H\u00e4r nedan kan du s\u00f6ka p\u00e5 ditt startnummer och f\u00e5 upp alla bilder p\u00e5 dig. Kommer du inte ih\u00e5g ditt startnummer kan du hitta det <a href=\"https:\/\/helsingborgmarathon.se\/sites\/hbgm.se\/resultat\/\"><u>h\u00e4r<\/u><\/a>.<\/p>\n<\/div><div class=\"fusion-text fusion-text-4\"><div class=\"media-gallery\" id=\"almbay-media-gallery\" ng-controller=\"AlmbayMediaGalleryController\" data-lang=\"sv\">\n\t\n\t<!-- Loading -->\n\t<div class=\"media-gallery__loading\" ng-if=\"loading\">\n\t\t<span us-spinner=\"{radius:16, width:5, length: 12, color: '#35b5b4'}\"><\/span>\n\t<\/div>\n\t\n\t<!-- Inner content -->\n\t<div class=\"media-gallery__inner\" ng-if=\"loading == false\">\n\t\t\n\t\t<div class=\"media-gallery__controls\">\n\t\t\t<div class=\"media-gallery__control media-gallery__control--type\">\n\t\t\t\t<span class=\"media-gallery__label\">Media type<\/span>\n\t\t\t\t<ul class=\"media-gallery__list\">\n\t\t\t\t\t<li class=\"{{ (mediaType == 'images') ? 'active' : '' }}\" ng-click=\"setMediaType('images')\">Images<\/li>\n\t\t\t\t\t<li class=\"{{ (mediaType == 'videos') ? 'active' : '' }}\" ng-click=\"setMediaType('videos')\">Videos<\/li>\n\t\t\t\t<\/ul>\n\t\t\t<\/div>\n\t\t\t\n\t\t\t<div class=\"media-gallery__control media-gallery__control--year\">\n\t\t\t\t<span class=\"media-gallery__label\">Year<\/span>\n\t\t\t\t<ul class=\"media-gallery__list\">\n\t\t\t\t\t<li class=\"{{ (selectedYear == 2025) ? 'active' : '' }}\" ng-click=\"setSelectedYear(2025)\">2025<\/li>\n          <li class=\"{{ (selectedYear == 2024) ? 'active' : '' }}\" ng-click=\"setSelectedYear(2024)\">2024<\/li>\n\t\t\t\t\t<li class=\"{{ (selectedYear == 2023) ? 'active' : '' }}\" ng-click=\"setSelectedYear(2023)\">2023<\/li>\n\t\t\t\t\t<li class=\"{{ (selectedYear == 2022) ? 'active' : '' }}\" ng-click=\"setSelectedYear(2022)\">2022<\/li>\n\t\t\t\t\t<li class=\"{{ (selectedYear == 2021) ? 'active' : '' }}\" ng-click=\"setSelectedYear(2021)\">2021<\/li>\n\t\t\t\t\t<li class=\"{{ (selectedYear == 2019) ? 'active' : '' }}\" ng-click=\"setSelectedYear(2019)\">2019<\/li>\n\t\t\t\t\t<li class=\"{{ (selectedYear == 2018) ? 'active' : '' }}\" ng-click=\"setSelectedYear(2018)\">2018<\/li>\n\t\t\t\t\t<li class=\"{{ (selectedYear == 2017) ? 'active' : '' }}\" ng-click=\"setSelectedYear(2017)\">2017<\/li>\n\t\t\t\t\t<li class=\"{{ (selectedYear == 2016) ? 'active' : '' }}\" ng-click=\"setSelectedYear(2016)\">2016<\/li>\n\t\t\t\t\t<li class=\"{{ (selectedYear == 2015) ? 'active' : '' }}\" ng-click=\"setSelectedYear(2015)\">2015<\/li>\n\t\t\t\t<\/ul>\n\t\t\t<\/div>\n\t\t<\/div>\n\t\t\n\t\t<div class=\"media-gallery__panel\" ng-show=\"mediaType == 'images' && !currentAlbum && images.length > 0\">\n\t\t\t<div class=\"media-gallery__form\">\n\t\t\t\t<p>Which images are you on?<\/p>\n\t\t\t\t<input type=\"text\" class=\"media-gallery__field\" ng-model=\"search.runner_id\" ng-change=\"attachFancybox()\" placeholder=\"Search for your bib number!\" \/>\n\t\t\t<\/div>\n\t\t<\/div>\n\t\t\n\t\t<!-- Image listing -->\n\t\t<div class=\"media-gallery__grid\" ng-if=\"mediaType == 'images' && !currentAlbum && search.runner_id\">\n\t\t\t<div class=\"media-gallery__item media-gallery__item--search\" ng-repeat=\"image in filtered = (images | filter: search:true)\">\n\t\t\t\t<a class=\"galleryModal\" href=\"{{ image.image_url }}\" rel=\"gallery{{ image.runner_id }}\">\n\t\t\t\t\t<img decoding=\"async\" src=\"{{ image.thumb_url }}\" alt=\"\" \/>\n\t\t\t\t<\/a>\n\t\t\t<\/div>\n\t\t\t\n\t\t\t<div class=\"media-gallery__placeholder\" ng-show=\"filtered.length == 0\">\n\t\t\t\t<p>There are no images matching the bib number that you searched for.<\/p>\n\t\t\t<\/div>\n\t\t\n\t\t<\/div>\n\t\t\n\t\t<!-- Album listing -->\n\t\t<div class=\"media-gallery__grid\" ng-if=\"albums && !currentAlbum && mediaType == 'images' && !search.runner_id\">\n\t\t\t\n\t\t\t<!-- Single album -->\n\t\t\t<div class=\"media-gallery__item media-gallery__item--album album-{{ album.id }}\" ng-repeat=\"album in albums\" ng-click=\"viewAlbum(album)\">\n\t\t\t\t<img decoding=\"async\" src=\"{{ album.album_images[0].thumb_url }}\" alt=\"{{ album.name }}\" \/>\n\t\t\t\t<h4>{{ album.name }}<\/h4>\n\t\t\t\t<span>{{ album.album_count }} images<\/span>\n\t\t\t<\/div>\n\t\t\n\t\t<\/div>\n\t\t\n\t\t<!-- Album header -->\n\t\t<div class=\"media-gallery__header\" ng-if=\"currentAlbum && mediaType == 'images'\">\n\t\t\t<p>Album: {{ currentAlbum.name }}<\/p>\n\t\t\t<a class=\"close\" ng-click=\"closeAlbum()\">Close album<\/a>\n\t\t<\/div>\n\t\t\n\t\t<!-- Album images display -->\n\t\t<div class=\"single-album\" ng-if=\"currentAlbum && mediaType == 'images'\">\n\t\t\t<div class=\"media-gallery__grid\">\n\t\t\t\t\n\t\t\t\t<!-- Single thumbnail -->\n\t\t\t\t<div class=\"media-gallery__item media-gallery__item--image\" dir-paginate=\"image in currentAlbum.album_images | itemsPerPage: 21\">\n\t\t\t\t\t<a class=\"galleryModal\" href=\"{{ image.image_url }}\" rel=\"gallery{{ currentAlbum.id }}\">\n\t\t\t\t\t\t<img decoding=\"async\" src=\"{{ image.thumb_url }}\" alt=\"{{ image.name }}\" \/>\n\t\t\t\t\t<\/a>\n\t\t\t\t<\/div>\n\t\t\t\t\n\t\t\t\t<dir-pagination-controls on-page-change=\"attachFancybox()\" template-url=\"https:\/\/helsingborgmarathon.se\/wp-content\/plugins\/almbay-media-gallery\/include\/views\/pagination.html\"><\/dir-pagination-controls>\n\t\t\t\t\n\t\t\t<\/div>\n\t\t<\/div>\n\t\t\n\t\t<!-- Video listing -->\n\t\t<div class=\"media-gallery__grid\" ng-if=\"videos && mediaType == 'videos'\">\n\t\t\t\n\t\t\t<!-- Single thumbnail -->\n\t\t\t<div class=\"media-gallery__item media-gallery__item--video video-{{ video.id }}\" ng-repeat=\"video in videos\">\n\t\t\t\t<a class=\"videoModal\" href=\"{{ video.embed_url }}\" rel=\"gallery\">\n\t\t\t\t\t<img decoding=\"async\" src=\"{{ video.thumb_url }}\" alt=\"{{ video.name }}\" \/>\n\t\t\t\t<\/a>\n\t\t\t\t<h4>{{ video.video_name }}<\/h4>\n\t\t\t\t<span>YouTube<\/span>\n\t\t\t<\/div>\n\t\t\n\t\t<\/div>\n\t\n\t<\/div>\n\n<\/div>\n<\/div><\/div><\/div><\/div><\/div><div class=\"fusion-fullwidth fullwidth-box fusion-builder-row-4 fusion-flex-container has-pattern-background has-mask-background nonhundred-percent-fullwidth non-hundred-percent-height-scrolling fusion-no-small-visibility\" style=\"--awb-border-radius-top-left:0px;--awb-border-radius-top-right:0px;--awb-border-radius-bottom-right:0px;--awb-border-radius-bottom-left:0px;--awb-flex-wrap:wrap;\" ><div class=\"fusion-builder-row fusion-row fusion-flex-align-items-center fusion-flex-content-wrap\" style=\"max-width:1248px;margin-left: calc(-4% \/ 2 );margin-right: calc(-4% \/ 2 );\"><div class=\"fusion-layout-column fusion_builder_column fusion-builder-column-3 fusion_builder_column_1_1 1_1 fusion-flex-column fusion-flex-align-self-flex-start\" style=\"--awb-bg-color:#f7f5f5;--awb-bg-color-hover:#f7f5f5;--awb-bg-size:cover;--awb-width-large:100%;--awb-margin-top-large:0px;--awb-spacing-right-large:1.92%;--awb-margin-bottom-large:20px;--awb-spacing-left-large:1.92%;--awb-width-medium:100%;--awb-order-medium:0;--awb-spacing-right-medium:1.92%;--awb-spacing-left-medium:1.92%;--awb-width-small:100%;--awb-order-small:0;--awb-spacing-right-small:1.92%;--awb-spacing-left-small:1.92%;\" data-scroll-devices=\"small-visibility,medium-visibility,large-visibility\"><div class=\"fusion-column-wrapper fusion-column-has-shadow fusion-flex-justify-content-flex-start fusion-content-layout-column\"><div class=\"fusion-text fusion-text-5 fusion-text-no-margin\" style=\"--awb-margin-top:15px;--awb-margin-right:40px;--awb-margin-bottom:15px;--awb-margin-left:40px;\"><h1>Hittar du inte det du s\u00f6ker?<\/h1>\n<p>Knappa dig in p\u00e5 v\u00e5r\u00a0<span style=\"color: #35b6b4;\"><u>FAQ<\/u><\/span>\u00a0f\u00f6r att hitta de vanligaste fr\u00e5gorna och svaren.<\/p>\n<\/div><\/div><\/div><\/div><\/div><div class=\"fusion-fullwidth fullwidth-box fusion-builder-row-5 fusion-flex-container has-pattern-background has-mask-background nonhundred-percent-fullwidth non-hundred-percent-height-scrolling fusion-no-medium-visibility fusion-no-large-visibility\" style=\"--awb-border-radius-top-left:0px;--awb-border-radius-top-right:0px;--awb-border-radius-bottom-right:0px;--awb-border-radius-bottom-left:0px;--awb-flex-wrap:wrap;\" ><div class=\"fusion-builder-row fusion-row fusion-flex-align-items-center fusion-flex-content-wrap\" style=\"max-width:1248px;margin-left: calc(-4% \/ 2 );margin-right: calc(-4% \/ 2 );\"><div class=\"fusion-layout-column fusion_builder_column fusion-builder-column-4 fusion_builder_column_1_1 1_1 fusion-flex-column fusion-flex-align-self-flex-start\" style=\"--awb-bg-color:#f7f5f5;--awb-bg-color-hover:#f7f5f5;--awb-bg-size:cover;--awb-width-large:100%;--awb-margin-top-large:0px;--awb-spacing-right-large:1.92%;--awb-margin-bottom-large:20px;--awb-spacing-left-large:1.92%;--awb-width-medium:100%;--awb-order-medium:0;--awb-spacing-right-medium:1.92%;--awb-spacing-left-medium:1.92%;--awb-width-small:100%;--awb-order-small:0;--awb-spacing-right-small:1.92%;--awb-spacing-left-small:1.92%;\" data-scroll-devices=\"small-visibility,medium-visibility,large-visibility\"><div class=\"fusion-column-wrapper fusion-column-has-shadow fusion-flex-justify-content-flex-start fusion-content-layout-column\"><div class=\"fusion-text fusion-text-6 fusion-text-no-margin\" style=\"--awb-margin-top:15px;--awb-margin-right:40px;--awb-margin-bottom:15px;--awb-margin-left:40px;\"><h4>Hittar du inte det du s\u00f6ker?<\/h4>\n<p>Knappa dig in p\u00e5 v\u00e5r\u00a0<span style=\"color: #35b6b4;\"><u>FAQ<\/u><\/span>\u00a0f\u00f6r att hitta de vanligaste fr\u00e5gorna och svaren.<\/p>\n<\/div><\/div><\/div><\/div><\/div><div class=\"fusion-fullwidth fullwidth-box fusion-builder-row-6 fusion-flex-container has-pattern-background has-mask-background nonhundred-percent-fullwidth non-hundred-percent-height-scrolling\" style=\"--awb-border-radius-top-left:0px;--awb-border-radius-top-right:0px;--awb-border-radius-bottom-right:0px;--awb-border-radius-bottom-left:0px;--awb-margin-top:25px;--awb-margin-bottom:25px;--awb-flex-wrap:wrap;\" ><div class=\"fusion-builder-row fusion-row fusion-flex-align-items-center fusion-flex-content-wrap\" style=\"max-width:1248px;margin-left: calc(-4% \/ 2 );margin-right: calc(-4% \/ 2 );\"><div class=\"fusion-layout-column fusion_builder_column fusion-builder-column-5 fusion_builder_column_1_1 1_1 fusion-flex-column\" style=\"--awb-bg-size:cover;--awb-width-large:100%;--awb-margin-top-large:0px;--awb-spacing-right-large:1.92%;--awb-margin-bottom-large:20px;--awb-spacing-left-large:1.92%;--awb-width-medium:100%;--awb-order-medium:0;--awb-spacing-right-medium:1.92%;--awb-spacing-left-medium:1.92%;--awb-width-small:100%;--awb-order-small:0;--awb-spacing-right-small:1.92%;--awb-spacing-left-small:1.92%;\"><div class=\"fusion-column-wrapper fusion-column-has-shadow fusion-flex-justify-content-flex-start fusion-content-layout-column\"><\/div><\/div><\/div><\/div><\/p>\n","protected":false},"excerpt":{"rendered":"","protected":false},"author":3,"featured_media":0,"parent":0,"menu_order":0,"comment_status":"closed","ping_status":"closed","template":"100-width.php","meta":{"footnotes":""},"class_list":["post-1321","page","type-page","status-publish","hentry"],"_links":{"self":[{"href":"https:\/\/helsingborgmarathon.se\/sites\/hbgm.se\/wp-json\/wp\/v2\/pages\/1321","targetHints":{"allow":["GET"]}}],"collection":[{"href":"https:\/\/helsingborgmarathon.se\/sites\/hbgm.se\/wp-json\/wp\/v2\/pages"}],"about":[{"href":"https:\/\/helsingborgmarathon.se\/sites\/hbgm.se\/wp-json\/wp\/v2\/types\/page"}],"author":[{"embeddable":true,"href":"https:\/\/helsingborgmarathon.se\/sites\/hbgm.se\/wp-json\/wp\/v2\/users\/3"}],"replies":[{"embeddable":true,"href":"https:\/\/helsingborgmarathon.se\/sites\/hbgm.se\/wp-json\/wp\/v2\/comments?post=1321"}],"version-history":[{"count":6,"href":"https:\/\/helsingborgmarathon.se\/sites\/hbgm.se\/wp-json\/wp\/v2\/pages\/1321\/revisions"}],"predecessor-version":[{"id":3562,"href":"https:\/\/helsingborgmarathon.se\/sites\/hbgm.se\/wp-json\/wp\/v2\/pages\/1321\/revisions\/3562"}],"wp:attachment":[{"href":"https:\/\/helsingborgmarathon.se\/sites\/hbgm.se\/wp-json\/wp\/v2\/media?parent=1321"}],"curies":[{"name":"wp","href":"https:\/\/api.w.org\/{rel}","templated":true}]}}