{"id":2403,"date":"2026-01-16T09:28:50","date_gmt":"2026-01-16T09:28:50","guid":{"rendered":"https:\/\/helsingborgmarathon.se\/sites\/hbgm.se\/svenske-mesterskaber\/"},"modified":"2026-01-16T12:15:11","modified_gmt":"2026-01-16T12:15:11","slug":"svenske-mesterskaber","status":"publish","type":"page","link":"https:\/\/helsingborgmarathon.se\/sites\/hbgm.se\/svenske-mesterskaber\/?lang=da","title":{"rendered":"Svenske Mesterskaber"},"content":{"rendered":"<p><div class=\"fusion-fullwidth fullwidth-box fusion-builder-row-1 fusion-flex-container has-pattern-background has-mask-background nonhundred-percent-fullwidth non-hundred-percent-height-scrolling\" style=\"--awb-border-radius-top-left:0px;--awb-border-radius-top-right:0px;--awb-border-radius-bottom-right:0px;--awb-border-radius-bottom-left:0px;--awb-padding-top:0px;--awb-padding-right:0px;--awb-padding-bottom:0px;--awb-padding-left:0px;--awb-flex-wrap:wrap;\" ><div class=\"fusion-builder-row fusion-row fusion-flex-align-items-flex-start fusion-flex-content-wrap\" style=\"max-width:1248px;margin-left: calc(-4% \/ 2 );margin-right: calc(-4% \/ 2 );\"><div class=\"fusion-layout-column fusion_builder_column fusion-builder-column-0 fusion_builder_column_1_1 1_1 fusion-flex-column\" style=\"--awb-padding-top:0px;--awb-padding-right:0px;--awb-padding-bottom:0px;--awb-padding-left:0px;--awb-bg-size:cover;--awb-width-large:100%;--awb-margin-top-large:0px;--awb-spacing-right-large:1.92%;--awb-margin-bottom-large:0px;--awb-spacing-left-large:1.92%;--awb-width-medium:100%;--awb-order-medium:0;--awb-spacing-right-medium:1.92%;--awb-spacing-left-medium:1.92%;--awb-width-small:100%;--awb-order-small:0;--awb-spacing-right-small:1.92%;--awb-spacing-left-small:1.92%;\" data-scroll-devices=\"small-visibility,medium-visibility,large-visibility\"><div class=\"fusion-column-wrapper fusion-column-has-shadow fusion-flex-justify-content-flex-start fusion-content-layout-column\">\n\t\t\t\t<p class=\"rs-p-wp-fix\"><\/p>\n\t\t\t\t<sr7-module data-alias=\"media-1\" data-id=\"31\" id=\"SR7_31_1\" class=\"rs-ov-hidden\" data-version=\"6.7.52\">\n\t\t\t\t\t<sr7-adjuster><\/sr7-adjuster>\n\t\t\t\t\t<sr7-content>\n\t\t\t\t\t\t<sr7-slide id=\"SR7_31_1-90\" data-key=\"90\">\n\t\t\t\t\t\t\t<sr7-bg id=\"SR7_31_1-90-1\" class=\"sr7-layer\"><noscript><img decoding=\"async\" src=\"https:\/\/helsingborgmarathon.se\/sites\/hbgm.se\/wp-content\/uploads\/2025\/12\/header_raceday.jpg\" alt=\"\" title=\"header_raceday\"><\/noscript><\/sr7-bg>\n\t\t\t\t\t\t<\/sr7-slide>\n\t\t\t\t\t\t<sr7-slide id=\"SR7_31_1-91\" data-key=\"91\">\n\t\t\t\t\t\t<\/sr7-slide>\n\t\t\t\t\t\t<sr7-slide id=\"SR7_31_1-92\" data-key=\"92\">\n\t\t\t\t\t\t<\/sr7-slide>\n\t\t\t\t\t<\/sr7-content>\n\t\t\t\t\t<image_lists style=\"display:none\">\n\t\t\t\t\t\t<img data-src=\"\/\/helsingborgmarathon.se\/sites\/hbgm.se\/wp-content\/uploads\/2025\/12\/header_raceday.jpg\" data-libid=\"1390\" data-lib=\"medialibrary\" title=\"header_raceday\" width=\"0\" height=\"0\" data-dbsrc=\"Ly9oZWxzaW5nYm9yZ21hcmF0aG9uLnNlL3NpdGVzL2hiZ20uc2Uvd3AtY29udGVudC91cGxvYWRzLzIwMjUvMTIvaGVhZGVyX3JhY2VkYXkuanBn\"\/>\n\t\t\t\t\t<\/image_lists>\n\t\t\t\t<\/sr7-module>\n\t\t\t\t<script>\n\t\t\t\t\twindow.SR7 ??={};SR7.PMH ??={}; SR7.PMH[\"SR7_31_1\"] = {cn:100,state:false,fn: function() { if (window._tpt!==undefined && window._tpt.prepareModuleHeight !== undefined) {  _tpt.prepareModuleHeight({id:\"SR7_31_1\",el:[800,800,743,960,1000],type:'standard',shdw:'0',gh:[800,800,743,960,1000],gw:[1240,1240,1024,778,480],vpt:['-200px&#039;,&#039;-200px&#039;,&#039;-200px&#039;,&#039;-200px&#039;,&#039;-200px'],size:{fullWidth:true, fullHeight:false},mh:'0',onh:0,onw:0,bg:{color:'{\"orig\":\"transparent\",\"type\":\"solid\",\"string\":\"transparent\"}'}});   SR7.PMH[\"SR7_31_1\"].state=true;} else if(SR7.PMH[\"SR7_31_1\"].cn-->0)\tsetTimeout( SR7.PMH[\"SR7_31_1\"].fn,19);}};SR7.PMH[\"SR7_31_1\" ].fn();\n\t\t\t\t<\/script>\n<\/div><\/div><\/div><\/div><div class=\"fusion-fullwidth fullwidth-box fusion-builder-row-2 fusion-flex-container has-pattern-background has-mask-background nonhundred-percent-fullwidth non-hundred-percent-height-scrolling\" style=\"--awb-border-radius-top-left:0px;--awb-border-radius-top-right:0px;--awb-border-radius-bottom-right:0px;--awb-border-radius-bottom-left:0px;--awb-flex-wrap:wrap;\" ><div class=\"fusion-builder-row fusion-row fusion-flex-align-items-center fusion-flex-content-wrap\" style=\"max-width:1248px;margin-left: calc(-4% \/ 2 );margin-right: calc(-4% \/ 2 );\"><div class=\"fusion-layout-column fusion_builder_column fusion-builder-column-1 fusion_builder_column_1_1 1_1 fusion-flex-column\" style=\"--awb-bg-size:cover;--awb-width-large:100%;--awb-margin-top-large:0px;--awb-spacing-right-large:1.92%;--awb-margin-bottom-large:20px;--awb-spacing-left-large:1.92%;--awb-width-medium:100%;--awb-order-medium:0;--awb-spacing-right-medium:1.92%;--awb-spacing-left-medium:1.92%;--awb-width-small:100%;--awb-order-small:0;--awb-spacing-right-small:1.92%;--awb-spacing-left-small:1.92%;\"><div class=\"fusion-column-wrapper fusion-column-has-shadow fusion-flex-justify-content-flex-start fusion-content-layout-column\"><div class=\"fusion-text fusion-text-1\"><h1 style=\"text-align: center;\">SVENSKE MESTERSKABER I HALVMARATON 2026<\/h1>\n<\/div><div class=\"fusion-text fusion-text-2\"><p>Vi har \u00e6ren af at v\u00e6re v\u00e6rt for de svenske mesterskaber i halvmaraton i forbindelse med HOKA Helsingborg Half Marathon 2026. For at kunne deltage i de svenske mesterskaber i halvmaraton skal du repr\u00e6sentere en forening, der er medlem af det svenske atletikforbund.<\/p>\n<\/div><\/div><\/div><div class=\"fusion-layout-column fusion_builder_column fusion-builder-column-2 fusion_builder_column_1_3 1_3 fusion-flex-column fusion-flex-align-self-flex-start\" style=\"--awb-padding-top:20px;--awb-padding-right:20px;--awb-padding-bottom:20px;--awb-padding-left:20px;--awb-bg-color:#f7f5f5;--awb-bg-color-hover:#f7f5f5;--awb-bg-size:cover;--awb-width-large:33.333333333333%;--awb-margin-top-large:0px;--awb-spacing-right-large:5.76%;--awb-margin-bottom-large:20px;--awb-spacing-left-large:5.76%;--awb-width-medium:33.333333333333%;--awb-order-medium:0;--awb-spacing-right-medium:5.76%;--awb-spacing-left-medium:5.76%;--awb-width-small:100%;--awb-order-small:0;--awb-spacing-right-small:1.92%;--awb-spacing-left-small:1.92%;\" data-scroll-devices=\"small-visibility,medium-visibility,large-visibility\"><div class=\"fusion-column-wrapper fusion-column-has-shadow fusion-flex-justify-content-flex-start fusion-content-layout-column\"><div class=\"fusion-text fusion-text-3\"><h1>Startgrupper<\/h1>\n<p>Som deltager i de svenske mesterskaber i halvmaraton starter du forrest i elitefeltet kl. 09.30.<\/p>\n<\/div><\/div><\/div><div class=\"fusion-layout-column fusion_builder_column fusion-builder-column-3 fusion_builder_column_1_3 1_3 fusion-flex-column fusion-flex-align-self-flex-start\" style=\"--awb-padding-top:20px;--awb-padding-right:20px;--awb-padding-bottom:20px;--awb-padding-left:20px;--awb-bg-color:#f7f5f5;--awb-bg-color-hover:#f7f5f5;--awb-bg-size:cover;--awb-width-large:33.333333333333%;--awb-margin-top-large:0px;--awb-spacing-right-large:5.76%;--awb-margin-bottom-large:20px;--awb-spacing-left-large:5.76%;--awb-width-medium:33.333333333333%;--awb-order-medium:0;--awb-spacing-right-medium:5.76%;--awb-spacing-left-medium:5.76%;--awb-width-small:100%;--awb-order-small:0;--awb-spacing-right-small:1.92%;--awb-spacing-left-small:1.92%;\" data-scroll-devices=\"small-visibility,medium-visibility,large-visibility\"><div class=\"fusion-column-wrapper fusion-column-has-shadow fusion-flex-justify-content-flex-start fusion-content-layout-column\"><div class=\"fusion-text fusion-text-4\"><h1>Bagageopbevaring<\/h1>\n<p>Du kan aflevere din taske i eliteloungen p\u00e5 Dunkers Kulturhus, og vi transporterer den til bagageopbevaringen p\u00e5 Gr\u00f6ningen.<\/p>\n<\/div><\/div><\/div><div class=\"fusion-layout-column fusion_builder_column fusion-builder-column-4 fusion_builder_column_1_3 1_3 fusion-flex-column fusion-flex-align-self-flex-start\" style=\"--awb-padding-top:20px;--awb-padding-right:20px;--awb-padding-bottom:20px;--awb-padding-left:20px;--awb-bg-color:#f7f5f5;--awb-bg-color-hover:#f7f5f5;--awb-bg-size:cover;--awb-width-large:33.333333333333%;--awb-margin-top-large:0px;--awb-spacing-right-large:5.76%;--awb-margin-bottom-large:20px;--awb-spacing-left-large:5.76%;--awb-width-medium:33.333333333333%;--awb-order-medium:0;--awb-spacing-right-medium:5.76%;--awb-spacing-left-medium:5.76%;--awb-width-small:100%;--awb-order-small:0;--awb-spacing-right-small:1.92%;--awb-spacing-left-small:1.92%;\" data-scroll-devices=\"small-visibility,medium-visibility,large-visibility\"><div class=\"fusion-column-wrapper fusion-column-has-shadow fusion-flex-justify-content-flex-start fusion-content-layout-column\"><div class=\"fusion-text fusion-text-5\"><h1>Personlig forplejning<\/h1>\n<p>Egen forplejning er kun tilladt i forbindelse med de officielle v\u00e6ske- og energistationer.<\/p>\n<\/div><\/div><\/div><\/div><\/div><div class=\"fusion-fullwidth fullwidth-box fusion-builder-row-3 fusion-flex-container has-pattern-background has-mask-background nonhundred-percent-fullwidth non-hundred-percent-height-scrolling\" style=\"--awb-border-radius-top-left:0px;--awb-border-radius-top-right:0px;--awb-border-radius-bottom-right:0px;--awb-border-radius-bottom-left:0px;--awb-flex-wrap:wrap;\" ><div class=\"fusion-builder-row fusion-row fusion-flex-align-items-center fusion-flex-content-wrap\" style=\"max-width:1248px;margin-left: calc(-4% \/ 2 );margin-right: calc(-4% \/ 2 );\"><div class=\"fusion-layout-column fusion_builder_column fusion-builder-column-5 fusion_builder_column_1_1 1_1 fusion-flex-column\" style=\"--awb-bg-size:cover;--awb-width-large:100%;--awb-margin-top-large:0px;--awb-spacing-right-large:1.92%;--awb-margin-bottom-large:20px;--awb-spacing-left-large:1.92%;--awb-width-medium:100%;--awb-order-medium:0;--awb-spacing-right-medium:1.92%;--awb-spacing-left-medium:1.92%;--awb-width-small:100%;--awb-order-small:0;--awb-spacing-right-small:1.92%;--awb-spacing-left-small:1.92%;\"><div class=\"fusion-column-wrapper fusion-column-has-shadow fusion-flex-justify-content-flex-start fusion-content-layout-column\"><div class=\"fusion-text fusion-text-6\" style=\"--awb-text-color:var(--awb-color5);\"><h1>KONKURRENCEINFORMATION<\/h1>\n<\/div><div class=\"fusion-text fusion-text-7\"><p>Her er alt, hvad du skal have styr p\u00e5 inden de svenske mesterskaber i halvmaraton 2026.<\/p>\n<\/div><\/div><\/div><div class=\"fusion-layout-column fusion_builder_column fusion-builder-column-6 fusion_builder_column_1_1 1_1 fusion-flex-column\" style=\"--awb-bg-size:cover;--awb-width-large:100%;--awb-margin-top-large:0px;--awb-spacing-right-large:1.92%;--awb-margin-bottom-large:20px;--awb-spacing-left-large:1.92%;--awb-width-medium:100%;--awb-order-medium:0;--awb-spacing-right-medium:1.92%;--awb-spacing-left-medium:1.92%;--awb-width-small:100%;--awb-order-small:0;--awb-spacing-right-small:1.92%;--awb-spacing-left-small:1.92%;\"><div class=\"fusion-column-wrapper fusion-column-has-shadow fusion-flex-justify-content-flex-start fusion-content-layout-column\"><div class=\"fusion-text fusion-text-8\"><p><strong>Arrang\u00f8r:<\/strong> Runners Society Athletes Club Helsingborg er v\u00e6rt for de svenske mesterskaber i halvmaraton 2026. Mesterskabet afvikles i forbindelse med HOKA Helsingborg Half Marathon den 5. september 2026.<br \/>\n<strong>Dato:<\/strong> 5. september 2026<br \/>\n<strong>Starttid:<\/strong> 09:30<br \/>\n<strong>Startsted:<\/strong> <a href=\"https:\/\/goo.gl\/maps\/mBUZPSvXneLMhB3A9\" target=\"_blank\" rel=\"noopener\">Kungsgatan<\/a> ved Sundstorget uden for Dunkers Kulturhus<\/p>\n<p><strong>Ruten:<\/strong> En \u00e9nrundes rute gennem Helsingborg. <a href=\"https:\/\/helsingborgmarathon.se\/sites\/hbgm.se\/half-marathon\/?lang=da\" target=\"_blank\" rel=\"noopener\">Se kort og ruteprofil her. <\/a>Officielt opm\u00e5lt af forbundsm\u00e5ler Per M\u00e5nsson.<br \/>\n<strong>V\u00e6ske- og energistationer: <\/strong>6 stationer langs ruten med vand, sportsdrik fra Umara og frugt fra Dole. Derudover serveres Pepsi, Battery energidrik, chips og saltagurker langs ruten.<br \/>\n<strong>Personlig forplejning:<\/strong> Egen forplejning er kun tilladt i forbindelse med l\u00f8bets officielle v\u00e6ske- og energistationer \u2013 30 meter f\u00f8r eller efter stationen. Overtr\u00e6delser kan medf\u00f8re diskvalifikation.<br \/>\n<strong>Klasseinddeling:<\/strong> M\u00e6nd &amp; Kvinder<br \/>\n<strong>Tilmelding: <\/strong>Tilmeld dig HOKA Helsingborg Half Marathon <a href=\"https:\/\/helsingborgmarathon.se\/registration\/half\/?lang=swe\" target=\"_blank\" rel=\"noopener\">her<\/a>! Opfylder du kravene for deltagelse, bliver du automatisk tilmeldt de svenske mesterskaber. Almindelig tilmelding lukker den 27. august 2026 kl. 23:59.<br \/>\n<strong>Tilmelding med resultatkrav:<\/strong> Send en e-mail til <a href=\"mailto:hello@hbgm.se\" target=\"_blank\" rel=\"noopener\">hello@hbgm.se<\/a> med et link til dine resultater.<br \/>\n<strong>Startgebyr:<\/strong> 280 kr (hvis du opfylder resultatkravene, ellers 800 kr).<br \/>\nResultatkrav for reduceret startgebyr \u2013 SM M\u00e6nd: Halvmaraton: 1:12:00<br \/>10.000 m \/ 10 km: 31:30<br \/>Maraton: 2:32:00<br \/>Bruttotid = tiden fra startskuddet til passage af m\u00e5lstregen og er den tid, der registreres i al officiel statistik. Resultatet skal v\u00e6re opn\u00e5et efter den 5. september 2024.<br \/>\n<strong>Resultatkrav for reduceret startgebyr \u2013 SM Kvinder:<\/strong> Halvmaraton: 1:24:00<br \/>10.000 m \/ 10 km: 37:00<br \/>Maraton: 2:55:00Bruttotid = tiden fra startskuddet til passage af m\u00e5lstregen og er den tid, der registreres i al officiel statistik. Resultatet skal v\u00e6re opn\u00e5et efter den 5. september 2024<br \/>\n<strong>Startliste:<\/strong> Du finder startlisten <a href=\"https:\/\/helsingborgmarathon.se\/sites\/hbgm.se\/startliste\/?lang=da\" target=\"_blank\" rel=\"noopener\">her<\/a>!<br \/>\n<strong>Startbevis: <\/strong>Sendes senest en uge f\u00f8r l\u00f8bet til den e-mailadresse, du angav ved tilmelding.<br \/>\n<strong>Startnumre:<\/strong> Startnummer med startnummer, navn og chip b\u00e6res p\u00e5 brystet, og startnummer med SM b\u00e6res p\u00e5 ryggen.<br \/>\n<strong>Udlevering af startnumre: <\/strong>Startnummeret afhentes p\u00e5 Dunkers Kulturhus. \u00c5bningstiderne er torsdag den 3. september kl. 11:30\u201319:00, fredag den 4. september kl. 11:30\u201319:00 og l\u00f8rdag den 5. september kl. 07:30\u201309:00.<br \/>\n<strong>Tidtagning:<\/strong> Sker ved hj\u00e6lp af en chip, som er fastgjort til startnummeret.<br \/>\n<strong>Bagageopbevaring:<\/strong> Du kan opbevare din taske i m\u00e5lomr\u00e5det ved Gr\u00f6ningen ca. 600 meter nord for starten. Du modtager et klisterm\u00e6rke med dit startnummer i kuverten med dit startnummer, som skal fastg\u00f8res p\u00e5 tasken, inden den afleveres.<br \/>\n<strong>Medalje:<\/strong> Alle deltagere modtager en medalje efter m\u00e5lg\u00e5ng.<br \/>\n<strong>Bad &amp; koldtvandsbad:<\/strong> Der er mulighed for omkl\u00e6dning, bad, sauna og koldtvandsbad p\u00e5 Kallis, 300 meter nord for m\u00e5let. Fri adgang ved fremvisning af startnummer.<br \/>\n<strong>Pr\u00e6mieoverr\u00e6kkelse:<\/strong> Den officielle pr\u00e6mieoverr\u00e6kkelse finder sted kl. 11:15.<\/p>\n<p><strong>Konkurrenceregler:<\/strong> For at kunne deltage skal du repr\u00e6sentere en forening, der er medlem af det svenske atletikforbund.<br \/>\nDu skal konkurrere i din forenings officielle tr\u00f8je\/singlet.<br \/>\nDet er ikke tilladt at l\u00f8be med h\u00f8retelefoner.<br \/>\n<strong>Udenlandske statsborgere:<\/strong> Udenlandske statsborgere er berettigede til at deltage i de svenske mesterskaber, hvis nedenst\u00e5ende betingelser er opfyldt, og en fuldst\u00e6ndig ans\u00f8gning om konkurrencetilladelse er indsendt til det svenske atletikforbund senest den 6. august 2026.<br \/>\n\u2013 Er folkeregisteret i Sverige og har hovedsageligt opholdt sig i Sverige i mindst \u00e9t \u00e5r f\u00f8r konkurrencedatoen.<br \/>\n\u2013 Har tilladelse fra hjemlandets nationale forbund til at repr\u00e6sentere en svensk forening.<br \/>\n\u2013 Deltager ikke i et nationalt mesterskab i hjemlandet i 2026, herunder heller ikke efter SM i halvmaraton.<br \/>\nKontakt <a href=\"mailto:daniel.Bergin@friidrott.se\">Daniel Bergin<\/a> for mere information om ans\u00f8gning om konkurrencetilladelse.<br \/>\n<strong>Resultater:<\/strong> Officielle resultater pr\u00e6senteres <a href=\"https:\/\/helsingborgmarathon.se\/sites\/hbgm.se\/resultater\/?lang=da\">her<\/a>! Live-resultater og livestreaming findes p\u00e5 hbgm.se p\u00e5 konkurrencedagen.<br \/>\n<a href=\"https:\/\/www.friidrott.se\/media\/lgxnjtl2\/regelboken2022.pdf\" target=\"_blank\" rel=\"noopener\">L\u00e6s de \u00f8vrige konkurrenceregler her!<br \/><\/a><\/p>\n<\/div><\/div><\/div><\/div><\/div><div class=\"fusion-fullwidth fullwidth-box fusion-builder-row-4 fusion-flex-container has-pattern-background has-mask-background nonhundred-percent-fullwidth non-hundred-percent-height-scrolling\" style=\"--awb-border-radius-top-left:0px;--awb-border-radius-top-right:0px;--awb-border-radius-bottom-right:0px;--awb-border-radius-bottom-left:0px;--awb-flex-wrap:wrap;\" ><div class=\"fusion-builder-row fusion-row fusion-flex-align-items-center fusion-flex-content-wrap\" style=\"max-width:1248px;margin-left: calc(-4% \/ 2 );margin-right: calc(-4% \/ 2 );\"><div class=\"fusion-layout-column fusion_builder_column fusion-builder-column-7 fusion_builder_column_1_1 1_1 fusion-flex-column fusion-flex-align-self-flex-start\" style=\"--awb-bg-color:#f7f5f5;--awb-bg-color-hover:#f7f5f5;--awb-bg-size:cover;--awb-width-large:100%;--awb-margin-top-large:0px;--awb-spacing-right-large:1.92%;--awb-margin-bottom-large:20px;--awb-spacing-left-large:1.92%;--awb-width-medium:100%;--awb-order-medium:0;--awb-spacing-right-medium:1.92%;--awb-spacing-left-medium:1.92%;--awb-width-small:100%;--awb-order-small:0;--awb-spacing-right-small:1.92%;--awb-spacing-left-small:1.92%;\" data-scroll-devices=\"small-visibility,medium-visibility,large-visibility\"><div class=\"fusion-column-wrapper fusion-column-has-shadow fusion-flex-justify-content-flex-start fusion-content-layout-column\"><div class=\"fusion-text fusion-text-9\"><h1>Kan du ikke finde det, du s\u00f8ger?<\/h1>\n<p>G\u00e5 ind p\u00e5 vores <span style=\"color: #35b6b4;\"><a href=\"https:\/\/helsingborgmarathon.se\/sites\/hbgm.se\/faq\/?lang=da\">FAQ<\/a><\/span> for at finde de mest almindelige sp\u00f8rgsm\u00e5l og svar.<\/p>\n<\/div><\/div><\/div><\/div><\/div><div class=\"fusion-fullwidth fullwidth-box fusion-builder-row-5 fusion-flex-container has-pattern-background has-mask-background nonhundred-percent-fullwidth non-hundred-percent-height-scrolling\" style=\"--awb-border-radius-top-left:0px;--awb-border-radius-top-right:0px;--awb-border-radius-bottom-right:0px;--awb-border-radius-bottom-left:0px;--awb-margin-top:25px;--awb-margin-bottom:25px;--awb-flex-wrap:wrap;\" ><div class=\"fusion-builder-row fusion-row fusion-flex-align-items-center fusion-flex-content-wrap\" style=\"max-width:1248px;margin-left: calc(-4% \/ 2 );margin-right: calc(-4% \/ 2 );\"><div class=\"fusion-layout-column fusion_builder_column fusion-builder-column-8 fusion_builder_column_1_1 1_1 fusion-flex-column\" style=\"--awb-bg-size:cover;--awb-width-large:100%;--awb-margin-top-large:0px;--awb-spacing-right-large:1.92%;--awb-margin-bottom-large:20px;--awb-spacing-left-large:1.92%;--awb-width-medium:100%;--awb-order-medium:0;--awb-spacing-right-medium:1.92%;--awb-spacing-left-medium:1.92%;--awb-width-small:100%;--awb-order-small:0;--awb-spacing-right-small:1.92%;--awb-spacing-left-small:1.92%;\"><div class=\"fusion-column-wrapper fusion-column-has-shadow fusion-flex-justify-content-flex-start fusion-content-layout-column\"><\/div><\/div><\/div><\/div><\/p>\n","protected":false},"excerpt":{"rendered":"","protected":false},"author":3,"featured_media":0,"parent":0,"menu_order":0,"comment_status":"closed","ping_status":"closed","template":"100-width.php","meta":{"footnotes":""},"class_list":["post-2403","page","type-page","status-publish","hentry"],"_links":{"self":[{"href":"https:\/\/helsingborgmarathon.se\/sites\/hbgm.se\/wp-json\/wp\/v2\/pages\/2403","targetHints":{"allow":["GET"]}}],"collection":[{"href":"https:\/\/helsingborgmarathon.se\/sites\/hbgm.se\/wp-json\/wp\/v2\/pages"}],"about":[{"href":"https:\/\/helsingborgmarathon.se\/sites\/hbgm.se\/wp-json\/wp\/v2\/types\/page"}],"author":[{"embeddable":true,"href":"https:\/\/helsingborgmarathon.se\/sites\/hbgm.se\/wp-json\/wp\/v2\/users\/3"}],"replies":[{"embeddable":true,"href":"https:\/\/helsingborgmarathon.se\/sites\/hbgm.se\/wp-json\/wp\/v2\/comments?post=2403"}],"version-history":[{"count":4,"href":"https:\/\/helsingborgmarathon.se\/sites\/hbgm.se\/wp-json\/wp\/v2\/pages\/2403\/revisions"}],"predecessor-version":[{"id":2407,"href":"https:\/\/helsingborgmarathon.se\/sites\/hbgm.se\/wp-json\/wp\/v2\/pages\/2403\/revisions\/2407"}],"wp:attachment":[{"href":"https:\/\/helsingborgmarathon.se\/sites\/hbgm.se\/wp-json\/wp\/v2\/media?parent=2403"}],"curies":[{"name":"wp","href":"https:\/\/api.w.org\/{rel}","templated":true}]}}